{"id":99,"date":"2015-12-03T14:59:31","date_gmt":"2015-12-03T04:59:31","guid":{"rendered":"http:\/\/noumea.respax.com.au\/?page_id=99"},"modified":"2017-01-18T09:06:16","modified_gmt":"2017-01-17T23:06:16","slug":"terms-and-conditions","status":"publish","type":"page","link":"https:\/\/www.noumeadiscovery.com\/italian\/about-us\/terms-and-conditions\/","title":{"rendered":"Termini e condizioni"},"content":{"rendered":"<p><strong>TERMINI E CONDIZIONI DI VENDITA<\/strong><\/p>\n<p>Tutte le prenotazioni dei nostri viaggi, soggiorni o attivit\u00e0 sono definitive una volta che il preventivo \u00e8 stato firmato e datato.<\/p>\n<p>La prenotazione implica che il cliente accetta i termini e le condizioni di prenotazione.<\/p>\n<p>Se la prenotazione viene effettuata meno di 35 giorni prima della partenza, l&rsquo;intero importo dovr\u00e0 essere versato in anticipo.<\/p>\n<p>&nbsp;<\/p>\n<p><strong>1 \/ Tariffe &amp; tasse<\/strong><\/p>\n<p>Le tariffe sono espresse in franchi del Pacifico (CFP) o in Euro (\u20ac).<\/p>\n<p>Esse possono essere modificate in qualsiasi momento, con o senza preavviso, secondo i nostri fornitori (hotel, compagnie aeree, di terra o societ\u00e0 di trasporto marittimo) senza che Noum\u00e9a Discovery possa essere ritenuta responsabile.<\/p>\n<p>I nostri prezzi includono le tasse (la TSS, che attualmente \u00e8 fissata al 5% e la T.H.N. che varia in base al tipo di hotel). Queste tasse possono variare senza preavviso. Qualsiasi variazione delle tasse comporter\u00e0 un aumento immediato dei nostri prezzi, senza che Noum\u00e9a Discovery possa essere ritenuta responsabile.<\/p>\n<p>&nbsp;<\/p>\n<p><strong>2 \/ Preventivi e prenotazioni<\/strong><\/p>\n<p>Tutte le richieste di preventivi e prenotazioni devono essere inviate ai seguenti indirizzi di posta elettronica:<\/p>\n<p><a href=\"mailto:Resa@noumeadiscovery.nc\">Resa@noumeadiscovery.nc<\/a> ; <a href=\"mailto:contact@noumeadiscovery.nc\">contact@noumeadiscovery.nc<\/a><\/p>\n<p>Le richieste di prenotazione sono soggette a disponibilit\u00e0 dei servizi offerti. Noum\u00e9a Discovery non pu\u00f2 essere ritenuta responsabile per qualsiasi attivit\u00e0 o servizio non disponibile.<\/p>\n<p>Per tutti i viaggi sulle isole si consiglia vivamente di ritornare a Noumea il giorno prima del volo internazionale. N\u00e9 Noumea Discovery n\u00e9 Air Cal\u00e9donie possono essere ritenuti responsabili per cancellazioni a causa del maltempo o di eventuali cancellazioni dei voli domestici.<\/p>\n<p>&nbsp;<\/p>\n<p><strong>3 \/ Prezzi<\/strong><\/p>\n<p>Solo le attivit\u00e0 e i servizi specificamente menzionati nel preventivo e nella successiva conferma di prenotazione sono incluse nel prezzo. In particolare, e se non diversamente specificato, i seguenti servizi non sono inclusi nel prezzo:<\/p>\n<p>&nbsp;<\/p>\n<p>&#8211; Voli internazionali da e per la Nuova Caledonia<\/p>\n<p>&#8211; assicurazione<\/p>\n<p>&#8211; bagaglio in eccesso<\/p>\n<p>&#8211; bevande e pasti<\/p>\n<p>&#8211; escursioni facoltative<\/p>\n<p>&#8211; Spese personali (mance, telefono, vari depositi)<\/p>\n<p>&#8211; Spese eccezionali dovute a circostanze imprevedibili, come scioperi o cattive condizioni meteorologiche.<\/p>\n<p>&nbsp;<\/p>\n<p><strong>4 \/ Pagamenti &amp; Annullamento<br \/>\n<\/strong><\/p>\n<p>Ccontattaci per conoscere le condizioni di pagamento e annullamento<\/p>\n<p>&nbsp;<\/p>\n<p><strong>5\/ Documenti di viaggio<\/strong><\/p>\n<p>I documenti di viaggio (vouchers, itinerario, informazioni) saranno consegnati al cliente all&rsquo;arrivo all&rsquo;aeroporto internazionale di La Tontouta.<\/p>\n<p>&nbsp;<\/p>\n<p><strong>7 \/ Responsabilit\u00e0<\/strong><\/p>\n<p>Secondo la clausola L211-16 del Codice del Turismo, non possiamo essere ritenuti responsabili per qualsiasi dei seguenti motivi: ritardo o impossibilit\u00e0 di presentare documenti validi richiesti, perdita dei questi documenti, circostanze imprevedibili come scioperi, vertenze sociali, cattive condizioni atmosferiche o altri eventi di causa di forza maggiore. Ogni viaggio che viene accorciato o interrotto su scelta del partecipante, qualsiasi escursione o attivit\u00e0 non utilizzata dal cliente, non sar\u00e0 rimborsata. Questi Termini e Condizioni sono soggetti alla legge francese. Qualsiasi azione, causa o procedimento contro la societ\u00e0 e \/ o interpretazione del presente contratto sar\u00e0 portato davanti al tribunale commerciale di riferimento.<\/p>\n<p>&nbsp;<\/p>\n<p><strong>Politiche di cancellazione della Societ\u00e0 Air Caledonie <\/strong><\/p>\n<p>Spese di tutte le modifica per ogni segmento di volo e per passeggero: 9 \u20ac<\/p>\n<p>Costi di modifica o cancellazione meno di 48 ore prima del volo, per segmento di volo e per passeggero: 11 \u20ac<\/p>\n<p>&nbsp;<\/p>\n<p><strong>Politiche di cancellazione della Societ\u00e0 Air Loyaut\u00e9 <\/strong><\/p>\n<p>Spese di tutte le modifica per ogni segmento di volo e per passeggero: 9 \u20ac<\/p>\n<p>Costi di modifica o cancellazione pi\u00f9 di 48 ore prima del volo, per segmento di volo e per passeggero: 10 \u20ac<\/p>\n<p>Costi di modifica o cancellazione meno di 48 ore prima del volo, per segmento di volo e per passeggero: 10 \u20ac + 25% del prezzo del biglietto<\/p>\n<p>&nbsp;<\/p>\n<p><strong>Politiche di cancellazione\u00a0 degli alberghi :<\/strong><\/p>\n<p>&nbsp;<\/p>\n<p><strong>CHATEAU ROYAL BEACH RESORT &amp; SPA<\/strong><\/p>\n<ul>\n<li>2 settimane prima dell&rsquo;arrivo: 1 notte sar\u00e0 addebitata per un soggiorno inferiore a 5 giorni<\/li>\n<li>2 notti verranno addebitate per un soggiorno maggiore di 5 giorni<\/li>\n<li>Annullamento o modifica meno di 72 ore prima dell&rsquo;arrivo o no show: verr\u00e0 addebitato l&rsquo;importo totale della prenotazione.<\/li>\n<\/ul>\n<p><strong>STARWOOD \/ MARIOTT HOTELS (Meridien Noumea &amp; Isola dei Pini \/ Sheraton Deva Resort)<\/strong><\/p>\n<ul>\n<li>Pi\u00f9 di 7 giorni prima dell&rsquo;arrivo: nessun costo<\/li>\n<li>Meno di 7 giorni prima dell&rsquo;arrivo: sar\u00e0 addebitata 1 notte<\/li>\n<li>No show: saranno addebitate 2 notti<\/li>\n<\/ul>\n<p><strong>Durante l&rsquo;alta stagione:<\/strong><\/p>\n<ul>\n<li>Pi\u00f9 di 46 giorni prima dell&rsquo;arrivo: nessun costo<\/li>\n<li>Tra il 45\u00b0 e il 30\u00b0 giorno prima dell&rsquo;arrivo: sar\u00e0 addebitata 1 notte<\/li>\n<li>Meno di 30 giorni prima dell&rsquo;arrivo o no show: verranno addebitate l&rsquo;importo totale<\/li>\n<\/ul>\n<p><strong>LE LAGON <\/strong><\/p>\n<ul>\n<li>Cancellazione 72 ore prima dell&rsquo;arrivo : 1 notte verr\u00e0 addebitata<\/li>\n<li>Cancellazione meno di 72 ore prima dell&rsquo;arrivo e no-show : verranno addebitate i primi 3 notti<\/li>\n<\/ul>\n<p><strong>GHNC HOTELS (BEAURIVAGE, LA NEA, KONIAMBO, MALABOU, KOULNOUE, TIETI)<\/strong><\/p>\n<ul>\n<li>Entro 7 giorni prima dell&rsquo;arrivo: sar\u00e0 addebitata 1 notte<\/li>\n<li>Entro 3 giorni prima dell&rsquo;arrivo (72 ore) verranno addebitate 2 notti<\/li>\n<li>No Show: verranno addebitate 3 notti<\/li>\n<\/ul>\n<p><strong>Durante l&rsquo;alta stagione:<\/strong><\/p>\n<ul>\n<li>Cancellazione ricevuta prima del 17.12.2017: nessun costo applicato<\/li>\n<li>Cancellazione ricevuta tra il 18.12.2017e il 02.01.2018: verr\u00e0 addebitato l&rsquo;importo totale<\/li>\n<\/ul>\n<p><strong>RAMADA<\/strong><\/p>\n<ul>\n<li>Pi\u00f9 di 7 giorni prima dell&rsquo;arrivo: nessun costo<\/li>\n<li>Meno di 7 giorni prima dell&rsquo;arrivo: sar\u00e0 addebitata 1 notte<\/li>\n<li>No show: verr\u00e0 addebitato l&rsquo;importo totale della prenotazione<\/li>\n<\/ul>\n<p><strong>LE DOMAINE DE MERANKI <\/strong><\/p>\n<ul>\n<li>Cancellazione meno di 7 giorni prima dell&rsquo;arrivo : verr\u00e0 addebitato l&rsquo;importo totale della prenotazione<\/li>\n<\/ul>\n<p><strong>LODGE TERRE DE SOLEIL<\/strong><\/p>\n<ul>\n<li>Cancellazione meno di 7 giorni prima dell&rsquo;arrivo : verr\u00e0 addebitato l&rsquo;importo totale della prenotazione<\/li>\n<\/ul>\n<p><strong>EVASION <\/strong><\/p>\n<ul>\n<li>2 settimane prima dell&rsquo;arrivo: 1 notte verr\u00e0 addebitata per un soggiorno inferiore a 5 giorni<\/li>\n<li>2 notti verranno addebitate per un soggiorno di pi\u00f9 di 5 giorni<\/li>\n<li>Annullamento o modifica entro 72 ore o no show: verr\u00e0 addebitato l&rsquo;importo totale della prenotazione<\/li>\n<\/ul>\n<p><strong>POE COTE LAGON<\/strong><\/p>\n<ul>\n<li>Cancellazione meno di 7 giorni prima dell&rsquo;arrivo : verr\u00e0 addebitato l&rsquo;importo totale della prenotazione<\/li>\n<\/ul>\n<p><strong>ENTRE PLAGE ET RIVIERE<\/strong><\/p>\n<ul>\n<li>Cancellazione meno di 7 giorni prima dell&rsquo;arrivo : verr\u00e0 addebitato l&rsquo;importo totale della prenotazione<\/li>\n<\/ul>\n<p><strong>BETIKURE PARC LODGE <\/strong><\/p>\n<ul>\n<li>5 \u20ac spese di cancellazione<br \/>\n\u2022 Meno di 48 ore prima dell&rsquo;arrivo: verr\u00e0 addebitato il 50% della prenotazioni<\/li>\n<\/ul>\n<p><strong>HIBISCUS<\/strong><\/p>\n<ul>\n<li>24 ore prima dell&rsquo;arrivo: nessuna penale<\/li>\n<li>Meno di 24 ore prima dell&rsquo;arrivo: verr\u00e0 addebitato il 50% della prenotazione<\/li>\n<\/ul>\n<p><strong>REFUGE DU CERF<br \/>\n<\/strong><\/p>\n<ul>\n<li>Cancellazione tra 7 e 3 giorni prima dell&rsquo;arrivo : verr\u00e0 addebitato il 50% della prenotazioni<\/li>\n<li>Cancellazione meno di 3 giorni prima dell&rsquo;arrivo : verr\u00e0 addebitato l&rsquo;importo totale della prenotazione<\/li>\n<li>Canzellazione il giorno dell&rsquo;arrivo e no-show : verr\u00e0 addebitato l&rsquo;importo totale della prenotazione<\/li>\n<\/ul>\n<p><strong>KA WABOANA LODGE <\/strong><\/p>\n<ul>\n<li>Cancellazione meno di 24 ore prima dell&rsquo;arrivo : verr\u00e0 addebitato l&rsquo;importo totale della prenotazione<\/li>\n<\/ul>\n<p><strong>KANUA TERA<\/strong><\/p>\n<ul>\n<li>Cancellazione meno di 3 giorni prima dell&rsquo;arrivo e no-show : verr\u00e0 addebitato l&rsquo;importo di una notte.<\/li>\n<\/ul>\n<p><strong>OURE TERA BEACH RESORT <\/strong><\/p>\n<ul>\n<li>Cancellazione ricevuta entro 2 settimane dall&rsquo;arrivo :<\/li>\n<li>Penale di 1 notte per meno di 5 giorni di soggiorno<\/li>\n<li>Penale di 2 notti per pi\u00f9 di 5 giorni di soggiorno<\/li>\n<li>Annullamento o modifica di prenotazione ricevuti entro 72h e no show: sar\u00e0 addebitato il soggiorno completo<\/li>\n<\/ul>\n<p><strong>PARADIS D&rsquo;OUVEA<\/strong><\/p>\n<ul>\n<li>da 14 a 8 giorni prima dell&rsquo;arrivo: verr\u00e0 addebitato il 50% di una notte<\/li>\n<li>da 7 a 2 giorni prima dell&rsquo;arrivo: verr\u00e0 addebitata 1 notte<\/li>\n<li>Il giorno prima dell&rsquo;arrivo o no show: verr\u00e0 addebitato il 100% del totale della prenotazione<\/li>\n<\/ul>\n<p><strong>Durante l&rsquo;alta stagione:<\/strong><\/p>\n<ul>\n<li>da 30 a 15 giorni prima dell&rsquo;arrivo : verr\u00e0 addebitato il 50% di una notte<\/li>\n<li>da 14 a 8 giorni prima dell&rsquo;arrivo : verr\u00e0 addebitata 1 notte<\/li>\n<li>da 7 a 3 giorni prima dell&rsquo;arrivo : verr\u00e0 addebitato il 50% della prenotazioni<\/li>\n<li>2 giorni prima dell&rsquo;arrivo : err\u00e0 addebitato l&rsquo;importo totale della prenotazione<\/li>\n<\/ul>\n<p><strong>LE BEAUPRE<\/strong><\/p>\n<ul>\n<li>Cancellazione meno di 72 ore prima dell&rsquo;arrivo: sar\u00e0 addebitata 1 notte<\/li>\n<li>No show: saranno addebitate 2 notti<\/li>\n<\/ul>\n<p><strong>OASIS DE KIAMU <\/strong><\/p>\n<ul>\n<li>Cancellazione meno di 72 ore prima dell&rsquo;arrivo o no show: verr\u00e0 addebitata 1 notte con il prezzo al pubblico<\/li>\n<\/ul>\n<p><strong>DREHU VILLAGE <\/strong><\/p>\n<ul>\n<li>Cancellazione meno di 72 ore prima dell&rsquo;arrivo o no show: verr\u00e0 addebitata 1 notte<\/li>\n<\/ul>\n<p><strong>NENGONE VILLAGE <\/strong><\/p>\n<ul>\n<li>Cancellazione meno di 72 ore prima dell&rsquo;arrivo o no show: verr\u00e0 addebitata 1 notte<\/li>\n<\/ul>\n","protected":false},"excerpt":{"rendered":"<p>TERMINI E CONDIZIONI DI VENDITA Tutte le prenotazioni dei nostri viaggi, soggiorni o attivit\u00e0 sono definitive una volta che il preventivo \u00e8 stato firmato e datato. La prenotazione implica che il cliente accetta i termini e le condizioni di prenotazione. Se la prenotazione viene effettuata meno di 35 giorni prima della partenza, l&rsquo;intero importo dovr\u00e0 [&hellip;]\n","protected":false},"author":6,"featured_media":0,"parent":54,"menu_order":0,"comment_status":"closed","ping_status":"closed","template":"","meta":[],"_links":{"self":[{"href":"https:\/\/www.noumeadiscovery.com\/italian\/wp-json\/wp\/v2\/pages\/99"}],"collection":[{"href":"https:\/\/www.noumeadiscovery.com\/italian\/wp-json\/wp\/v2\/pages"}],"about":[{"href":"https:\/\/www.noumeadiscovery.com\/italian\/wp-json\/wp\/v2\/types\/page"}],"author":[{"embeddable":true,"href":"https:\/\/www.noumeadiscovery.com\/italian\/wp-json\/wp\/v2\/users\/6"}],"replies":[{"embeddable":true,"href":"https:\/\/www.noumeadiscovery.com\/italian\/wp-json\/wp\/v2\/comments?post=99"}],"version-history":[{"count":6,"href":"https:\/\/www.noumeadiscovery.com\/italian\/wp-json\/wp\/v2\/pages\/99\/revisions"}],"predecessor-version":[{"id":2154,"href":"https:\/\/www.noumeadiscovery.com\/italian\/wp-json\/wp\/v2\/pages\/99\/revisions\/2154"}],"up":[{"embeddable":true,"href":"https:\/\/www.noumeadiscovery.com\/italian\/wp-json\/wp\/v2\/pages\/54"}],"wp:attachment":[{"href":"https:\/\/www.noumeadiscovery.com\/italian\/wp-json\/wp\/v2\/media?parent=99"}],"curies":[{"name":"wp","href":"https:\/\/api.w.org\/{rel}","templated":true}]}}