{"id":949,"date":"2016-03-18T15:20:09","date_gmt":"2016-03-18T05:20:09","guid":{"rendered":"http:\/\/noumea.respax.com.au\/?page_id=949"},"modified":"2017-09-01T08:38:38","modified_gmt":"2017-08-31T22:38:38","slug":"yate","status":"publish","type":"page","link":"https:\/\/www.noumeadiscovery.com\/italian\/destinations\/yate\/","title":{"rendered":"Yate"},"content":{"rendered":"   <div id=\"banner_1787026588\" class=\"ux_banner dark    \"  style=\"height:150px; \" data-height=\"150px\" role=\"banner\">\n                                  <div class=\"banner-bg \"  style=\"background-image:url('https:\/\/noumeadiscovery.com\/wp-content\/uploads\/2016\/04\/yate.jpg'); \"><img src=\"https:\/\/noumeadiscovery.com\/wp-content\/uploads\/2016\/04\/yate.jpg\"  alt=\"\" style=\"visibility:hidden;\" \/><\/div>\n                             <div class=\"row\" >\n          <div class=\"inner center text-center \"  style=\"width:70%;\">\n            <div class=\"inner-wrap animated fadeIn\" style=\" \">\n              <h1>Yate<\/h1>\n            <\/div>\n          <\/div>  \n        <\/div>\n                     <\/div><!-- end .ux_banner -->\n\n<p>Yat\u00e9 si trova a sud-est della Nuova Caledonia ed \u00e8 abitata da 4 trib\u00f9. Il villaggio di Yat\u00e9 \u00e8 molto piccolo e si trova alla fine dell\u2019estuario del fiume Yat\u00e9, che possiede la pi\u00f9 grande riserva d\u2019acqua in Nuova Caledonia. Yat\u00e9 \u00e8 rinomata per il passaggio delle balene (tra Luglio e Settembre) che corrisponde alla preparazione della stagione dello yam. Il loro periodo di raccolta \u00e8 annunciato dal canto delle prime cicale.<\/p>\n<h3>Luoghi da vedere :<\/h3>\n\t<div  class=\"row container \">\n<div class=\"small-12    large-3  columns   \"  ><div class=\"column-inner\"  >\n<div class=\"imagebox\">   <div id=\"banner_1838357654\" class=\"ux_banner dark    \"  style=\"height:180px; \" data-height=\"180px\" role=\"banner\">\n      <a href=\"#blue\" >                            <div class=\"banner-bg \"  style=\"background-image:url('https:\/\/noumeadiscovery.com\/wp-content\/uploads\/2016\/04\/blue river park.jpg'); \"><img src=\"https:\/\/noumeadiscovery.com\/wp-content\/uploads\/2016\/04\/blue river park.jpg\"  alt=\"\" style=\"visibility:hidden;\" \/><\/div>\n                             <div class=\"row\" >\n          <div class=\"inner center text-center \"  style=\"width:70%;\">\n            <div class=\"inner-wrap animated fadeIn\" style=\" \">\n                          <\/div>\n          <\/div>  \n        <\/div>\n       <\/a>              <\/div><!-- end .ux_banner -->\n\n<div class=\"imagelabel\">\n<h3><a href=\"#blue\">Il Parco della Riviera blu<\/a><\/h3>\n<\/div>\n<\/div>\n<\/div><\/div>\n<div class=\"small-12    large-3  columns   \"  ><div class=\"column-inner\"  >\n<div class=\"imagebox\">   <div id=\"banner_607107873\" class=\"ux_banner dark    \"  style=\"height:180px; \" data-height=\"180px\" role=\"banner\">\n      <a href=\"#madeleine\" >                            <div class=\"banner-bg \"  style=\"background-image:url('https:\/\/noumeadiscovery.com\/wp-content\/uploads\/2016\/04\/madeleine waterfalls.jpg'); \"><img src=\"https:\/\/noumeadiscovery.com\/wp-content\/uploads\/2016\/04\/madeleine waterfalls.jpg\"  alt=\"\" style=\"visibility:hidden;\" \/><\/div>\n                             <div class=\"row\" >\n          <div class=\"inner center text-center \"  style=\"width:70%;\">\n            <div class=\"inner-wrap animated fadeIn\" style=\" \">\n                          <\/div>\n          <\/div>  \n        <\/div>\n       <\/a>              <\/div><!-- end .ux_banner -->\n\n<div class=\"imagelabel\">\n<h3><a href=\"#madeleine\">Cascate della Madeleine<\/a><\/h3>\n<\/div>\n<\/div>\n<\/div><\/div>\n<div class=\"small-12    large-3  columns   \"  ><div class=\"column-inner\"  >\n<div class=\"imagebox\">   <div id=\"banner_535845039\" class=\"ux_banner dark    \"  style=\"height:180px; \" data-height=\"180px\" role=\"banner\">\n      <a href=\"#prony\" >                            <div class=\"banner-bg \"  style=\"background-image:url('https:\/\/www.noumeadiscovery.com\/italian\/wp-content\/uploads\/2016\/03\/Great-South-Prony-Bay.2.jpg'); \"><img src=\"https:\/\/www.noumeadiscovery.com\/italian\/wp-content\/uploads\/2016\/03\/Great-South-Prony-Bay.2.jpg\"  alt=\"\" style=\"visibility:hidden;\" \/><\/div>\n                             <div class=\"row\" >\n          <div class=\"inner center text-center \"  style=\"width:70%;\">\n            <div class=\"inner-wrap animated fadeIn\" style=\" \">\n                          <\/div>\n          <\/div>  \n        <\/div>\n       <\/a>              <\/div><!-- end .ux_banner -->\n\n<div class=\"imagelabel\">\n<h3><a href=\"#prony\">Sorgenti di acqua calda a Prony<\/a><\/h3>\n<\/div>\n<\/div>\n<\/div><\/div>\n<div class=\"small-12    large-3  columns   \"  ><div class=\"column-inner\"  >\n<div class=\"imagebox\">   <div id=\"banner_286099084\" class=\"ux_banner dark    \"  style=\"height:180px; \" data-height=\"180px\" role=\"banner\">\n      <a href=\"#dam\" >                            <div class=\"banner-bg \"  style=\"background-image:url('https:\/\/noumeadiscovery.com\/wp-content\/uploads\/2016\/04\/yate dam.jpg'); \"><img src=\"https:\/\/noumeadiscovery.com\/wp-content\/uploads\/2016\/04\/yate dam.jpg\"  alt=\"\" style=\"visibility:hidden;\" \/><\/div>\n                             <div class=\"row\" >\n          <div class=\"inner center text-center \"  style=\"width:70%;\">\n            <div class=\"inner-wrap animated fadeIn\" style=\" \">\n                          <\/div>\n          <\/div>  \n        <\/div>\n       <\/a>              <\/div><!-- end .ux_banner -->\n\n<div class=\"imagelabel\">\n<h3><a href=\"#dam\">Diga di Yate<\/a><\/h3>\n<\/div>\n<\/div>\n<\/div><\/div><\/div>\n  \t<div  class=\"row container \">\n<div class=\"small-12    large-3  columns   \"  ><div class=\"column-inner\"  >\n<div class=\"imagebox\">   <div id=\"banner_967513749\" class=\"ux_banner dark    \"  style=\"height:180px; \" data-height=\"180px\" role=\"banner\">\n      <a href=\"#hiking\" >                            <div class=\"banner-bg \"  style=\"background-image:url('https:\/\/www.noumeadiscovery.com\/italian\/wp-content\/uploads\/2016\/03\/Great-South-landscape.2.jpg'); \"><img src=\"https:\/\/www.noumeadiscovery.com\/italian\/wp-content\/uploads\/2016\/03\/Great-South-landscape.2.jpg\"  alt=\"\" style=\"visibility:hidden;\" \/><\/div>\n                             <div class=\"row\" >\n          <div class=\"inner center text-center \"  style=\"width:70%;\">\n            <div class=\"inner-wrap animated fadeIn\" style=\" \">\n                          <\/div>\n          <\/div>  \n        <\/div>\n       <\/a>              <\/div><!-- end .ux_banner -->\n\n<div class=\"imagelabel\">\n<h3><a href=\"#hiking\">Sentiero GR NC1<\/a><\/h3>\n<\/div>\n<\/div>\n<\/div><\/div>\n<div class=\"small-12    large-3  columns   \"  ><div class=\"column-inner\"  >\n<div class=\"imagebox\">   <div id=\"banner_775880423\" class=\"ux_banner dark    \"  style=\"height:180px; \" data-height=\"180px\" role=\"banner\">\n      <a href=\"#forgotten\" >                            <div class=\"banner-bg \"  style=\"background-image:url('https:\/\/www.noumeadiscovery.com\/wp-content\/uploads\/2016\/03\/forgotten-coast.jpg'); \"><img src=\"https:\/\/www.noumeadiscovery.com\/wp-content\/uploads\/2016\/03\/forgotten-coast.jpg\"  alt=\"\" style=\"visibility:hidden;\" \/><\/div>\n                             <div class=\"row\" >\n          <div class=\"inner center text-center \"  style=\"width:70%;\">\n            <div class=\"inner-wrap animated fadeIn\" style=\" \">\n                          <\/div>\n          <\/div>  \n        <\/div>\n       <\/a>              <\/div><!-- end .ux_banner -->\n\n<div class=\"imagelabel\">\n<h3><a href=\"#forgotten\">La Costa dimenticata <\/a><\/h3>\n<\/div>\n<\/div>\n<\/div><\/div>\n<div class=\"small-12    large-3  columns   \"  ><div class=\"column-inner\"  >\n<div class=\"imagebox\">   <div id=\"banner_1298201725\" class=\"ux_banner dark    \"  style=\"height:180px; \" data-height=\"180px\" role=\"banner\">\n      <a href=\"#whale\" >                            <div class=\"banner-bg \"  style=\"background-image:url('https:\/\/noumeadiscovery.com\/wp-content\/uploads\/2016\/04\/whale watching.jpg'); \"><img src=\"https:\/\/noumeadiscovery.com\/wp-content\/uploads\/2016\/04\/whale watching.jpg\"  alt=\"\" style=\"visibility:hidden;\" \/><\/div>\n                             <div class=\"row\" >\n          <div class=\"inner center text-center \"  style=\"width:70%;\">\n            <div class=\"inner-wrap animated fadeIn\" style=\" \">\n                          <\/div>\n          <\/div>  \n        <\/div>\n       <\/a>              <\/div><!-- end .ux_banner -->\n\n<div class=\"imagelabel\">\n<h3><a href=\"#whale\">L&rsquo;avvistamento delle balene <\/a><\/h3>\n<\/div>\n<\/div>\n<\/div><\/div>\n<div class=\"small-12    large-3  columns   \"  ><div class=\"column-inner\"  >\n<div class=\"imagebox\"><\/div>\n<\/div><\/div><\/div>\n  \n \n\n<div id=\"blue\" class=\"mfp-hide mfp-content-inner lightbox-white\" style=\"max-width:600px;padding:20px\">\n    <h3><strong>Il Parco della Riviera Blu\u00a0<\/strong><\/h3>\n<p>(aperto tutti i giorni tranne il luned\u00ec 07h00\/17h00)<\/p>\n<p>Il Parco Regionale della Riviera Blu \u00e8 stato istituito nel 1980 e sviluppato per consentire ai turisti di scoprire le tipologie di vegetazione : foresta muschio, terra a macchia lasciata dal settore minerario, kaoris, piante carnivore e specie endemiche di animali come gli uccelli Cagou e Notou . \u00c8 possibile visitare il parco a piedi, in bicicletta e in Kayac. Aree Pinic e campeggio sono state sviluppate lungo il lato del fiume, insieme ad una pista ciclabile.<\/p>\n<p>All&rsquo;ingresso del parco c\u2019\u00e8 una piccola casa dove troverete tutte le informazioni necessarie per visitare il parco in tutta sicurezza. Un bus navetta gira intorno al parco per tutto il giorno. \u00c8 possibile noleggiare mountain bike e canoe.<\/p>\n<\/div><!-- Lightbox-blue -->\n\n<script>\njQuery(document).ready(function($) {\n\n      \n      $('a[href=\"#blue\"]').click(function(e){\n         \/\/ Close openend lightboxes\n         var delay = 0;\n         \n         if($.magnificPopup.open){\n            $.magnificPopup.close();\n            delay = 300;\n         }\n\n         \/\/ Start lightbox\n         setTimeout(function(){\n            $.magnificPopup.open({\n                  midClick: true,\n                  removalDelay: 300,\n                  items: {\n                    src: '#blue', \n                    type: 'inline'\n                  }\n            });\n          }, delay);\n\n        e.preventDefault();\n      });\n});\n<\/script>\n\n \n\n<div id=\"madeleine\" class=\"mfp-hide mfp-content-inner lightbox-white\" style=\"max-width:600px;padding:20px\">\n    <h3><strong>Cascate della Madeleine<\/strong><\/h3>\n<p>(1 ora e 1\/2 da Noum\u00e9a) (aperta 07h30\/17h00, ingresso a pagamento)<\/p>\n<p>Le Cascate della Madeleine si trovano a circa 20 km dal Parco della Riviera Blu sulla strada per la Plaine des Lacs. 95% della vegetazione del sito \u00e8 endemico. A sud della Nuova Caledonia\u00a0 sono state identificate 168 specie di piante. Questa riserva di 400 ettari, \u00e8 stata sviluppata per gli escursionisti con un sentiero naturale di 2 km che porta nel cuore della macchia Caledoniana.<\/p>\n<\/div><!-- Lightbox-madeleine -->\n\n<script>\njQuery(document).ready(function($) {\n\n      \n      $('a[href=\"#madeleine\"]').click(function(e){\n         \/\/ Close openend lightboxes\n         var delay = 0;\n         \n         if($.magnificPopup.open){\n            $.magnificPopup.close();\n            delay = 300;\n         }\n\n         \/\/ Start lightbox\n         setTimeout(function(){\n            $.magnificPopup.open({\n                  midClick: true,\n                  removalDelay: 300,\n                  items: {\n                    src: '#madeleine', \n                    type: 'inline'\n                  }\n            });\n          }, delay);\n\n        e.preventDefault();\n      });\n});\n<\/script>\n\n \n\n<div id=\"prony\" class=\"mfp-hide mfp-content-inner lightbox-white\" style=\"max-width:600px;padding:20px\">\n    <h3><strong>Sorgenti di acqua calda a Prony<\/strong><\/h3>\n<p>Nel 1854 il capitano Jean-Joseph de Brun ha trovato le sorgenti di acqua dolce, due delle quali sono state sviluppate dal personale penitenziario. 3 siti sono visibili:<br \/>\n&#8211; La sorgente Kaori (oggi c\u2019\u00e8 un ponte di legno e un tavolo da picnic)<br \/>\n&#8211; La sorgente Carenage (che si trova nel mare ed \u00e8 coperta durante l&rsquo;alta marea)<br \/>\n&#8211; La sorgente Needle (che si trova sott\u2019acqua nella Baia di Prony)<\/p>\n<\/div><!-- Lightbox-prony -->\n\n<script>\njQuery(document).ready(function($) {\n\n      \n      $('a[href=\"#prony\"]').click(function(e){\n         \/\/ Close openend lightboxes\n         var delay = 0;\n         \n         if($.magnificPopup.open){\n            $.magnificPopup.close();\n            delay = 300;\n         }\n\n         \/\/ Start lightbox\n         setTimeout(function(){\n            $.magnificPopup.open({\n                  midClick: true,\n                  removalDelay: 300,\n                  items: {\n                    src: '#prony', \n                    type: 'inline'\n                  }\n            });\n          }, delay);\n\n        e.preventDefault();\n      });\n});\n<\/script>\n\n \n\n<div id=\"dam\" class=\"mfp-hide mfp-content-inner lightbox-white\" style=\"max-width:600px;padding:20px\">\n    <h3><strong>Diga di \u00a0Yat\u00e9<\/strong><\/h3>\n<p>I lavori della diga sono iniziati nel 1912, ma fu terminata solo nel 1925 a causa delle varie guerre mondiali. Fu presto dimostrato che non era sufficientemente alta e nel 1956 la diga \u00e8 stata aumentata di altri 60 metri in altezza. La sua lunghezza \u00e8 di 641m. Oggi la diga di Yat\u00e9 fornisce acqua a sufficienza per produrre il 20% del fabbisogno di energia elettrica della Nuova Caledonia, inclusa l\u2019area della miniera di Nichel. Prendete il sentiero che parte dal villaggio per raggiungere la diga, se si vuole visitare questo luogo.<\/p>\n<\/div><!-- Lightbox-dam -->\n\n<script>\njQuery(document).ready(function($) {\n\n      \n      $('a[href=\"#dam\"]').click(function(e){\n         \/\/ Close openend lightboxes\n         var delay = 0;\n         \n         if($.magnificPopup.open){\n            $.magnificPopup.close();\n            delay = 300;\n         }\n\n         \/\/ Start lightbox\n         setTimeout(function(){\n            $.magnificPopup.open({\n                  midClick: true,\n                  removalDelay: 300,\n                  items: {\n                    src: '#dam', \n                    type: 'inline'\n                  }\n            });\n          }, delay);\n\n        e.preventDefault();\n      });\n});\n<\/script>\n\n \n\n<div id=\"hiking\" class=\"mfp-hide mfp-content-inner lightbox-white\" style=\"max-width:600px;padding:20px\">\n    <h3>Sentiero GR NC1<\/h3>\n<p>Le autorit\u00e0 locali hanno sviluppato sentieri in modo che i visitatori possano scoprire la natura e la sua biodiversit\u00e0. Ci sono 11 sezioni dove si pu\u00f2 camminare con possibilit\u00e0 di alloggio (rifugi).<\/p>\n<\/div><!-- Lightbox-hiking -->\n\n<script>\njQuery(document).ready(function($) {\n\n      \n      $('a[href=\"#hiking\"]').click(function(e){\n         \/\/ Close openend lightboxes\n         var delay = 0;\n         \n         if($.magnificPopup.open){\n            $.magnificPopup.close();\n            delay = 300;\n         }\n\n         \/\/ Start lightbox\n         setTimeout(function(){\n            $.magnificPopup.open({\n                  midClick: true,\n                  removalDelay: 300,\n                  items: {\n                    src: '#hiking', \n                    type: 'inline'\n                  }\n            });\n          }, delay);\n\n        e.preventDefault();\n      });\n});\n<\/script>\n\n \n\n<div id=\"forgotten\" class=\"mfp-hide mfp-content-inner lightbox-white\" style=\"max-width:600px;padding:20px\">\n    <h3><strong>La Costa dimenticata<\/strong><\/h3>\n<p>La &lsquo;Forgotten Coast&rsquo; si trova tra Yate e Thio. Il suo nome deriva dal fatto che si pu\u00f2 accedere solo via mare. Ci vorranno 4-5 giorni con una canoa per visitarla. Il vostro programma includer\u00e0: canoa, campeggio, le isole, i paesaggi magici e ricordi emozionanti !<\/p>\n<\/div><!-- Lightbox-forgotten -->\n\n<script>\njQuery(document).ready(function($) {\n\n      \n      $('a[href=\"#forgotten\"]').click(function(e){\n         \/\/ Close openend lightboxes\n         var delay = 0;\n         \n         if($.magnificPopup.open){\n            $.magnificPopup.close();\n            delay = 300;\n         }\n\n         \/\/ Start lightbox\n         setTimeout(function(){\n            $.magnificPopup.open({\n                  midClick: true,\n                  removalDelay: 300,\n                  items: {\n                    src: '#forgotten', \n                    type: 'inline'\n                  }\n            });\n          }, delay);\n\n        e.preventDefault();\n      });\n});\n<\/script>\n\n \n\n<div id=\"whale\" class=\"mfp-hide mfp-content-inner lightbox-white\" style=\"max-width:600px;padding:20px\">\n    <h3><strong>L\u2019avvistamento delle Balene (luglio-settembre)<\/strong><\/h3>\n<p>Dalla Baia della Somme partono nel periodo tra Luglio e Settembre delle escursioni organizzate per avvistare le balene (megattere).<\/p>\n<\/div><!-- Lightbox-whale -->\n\n<script>\njQuery(document).ready(function($) {\n\n      \n      $('a[href=\"#whale\"]').click(function(e){\n         \/\/ Close openend lightboxes\n         var delay = 0;\n         \n         if($.magnificPopup.open){\n            $.magnificPopup.close();\n            delay = 300;\n         }\n\n         \/\/ Start lightbox\n         setTimeout(function(){\n            $.magnificPopup.open({\n                  midClick: true,\n                  removalDelay: 300,\n                  items: {\n                    src: '#whale', \n                    type: 'inline'\n                  }\n            });\n          }, delay);\n\n        e.preventDefault();\n      });\n});\n<\/script>\n\n","protected":false},"excerpt":{"rendered":"<p>Yat\u00e9 si trova a sud-est della Nuova Caledonia ed \u00e8 abitata da 4 trib\u00f9. Il villaggio di Yat\u00e9 \u00e8 molto piccolo e si trova alla fine dell\u2019estuario del fiume Yat\u00e9, che possiede la pi\u00f9 grande riserva d\u2019acqua in Nuova Caledonia. Yat\u00e9 \u00e8 rinomata per il passaggio delle balene (tra Luglio e Settembre) che corrisponde alla [&hellip;]\n","protected":false},"author":6,"featured_media":0,"parent":874,"menu_order":0,"comment_status":"closed","ping_status":"closed","template":"page-blank-container.php","meta":[],"_links":{"self":[{"href":"https:\/\/www.noumeadiscovery.com\/italian\/wp-json\/wp\/v2\/pages\/949"}],"collection":[{"href":"https:\/\/www.noumeadiscovery.com\/italian\/wp-json\/wp\/v2\/pages"}],"about":[{"href":"https:\/\/www.noumeadiscovery.com\/italian\/wp-json\/wp\/v2\/types\/page"}],"author":[{"embeddable":true,"href":"https:\/\/www.noumeadiscovery.com\/italian\/wp-json\/wp\/v2\/users\/6"}],"replies":[{"embeddable":true,"href":"https:\/\/www.noumeadiscovery.com\/italian\/wp-json\/wp\/v2\/comments?post=949"}],"version-history":[{"count":18,"href":"https:\/\/www.noumeadiscovery.com\/italian\/wp-json\/wp\/v2\/pages\/949\/revisions"}],"predecessor-version":[{"id":2386,"href":"https:\/\/www.noumeadiscovery.com\/italian\/wp-json\/wp\/v2\/pages\/949\/revisions\/2386"}],"up":[{"embeddable":true,"href":"https:\/\/www.noumeadiscovery.com\/italian\/wp-json\/wp\/v2\/pages\/874"}],"wp:attachment":[{"href":"https:\/\/www.noumeadiscovery.com\/italian\/wp-json\/wp\/v2\/media?parent=949"}],"curies":[{"name":"wp","href":"https:\/\/api.w.org\/{rel}","templated":true}]}}