{"id":441,"date":"2016-02-19T12:23:10","date_gmt":"2016-02-19T02:23:10","guid":{"rendered":"http:\/\/noumea.respax.com.au\/?page_id=441"},"modified":"2016-09-28T14:59:14","modified_gmt":"2016-09-28T04:59:14","slug":"new-caledonia-accommodation","status":"publish","type":"page","link":"https:\/\/www.noumeadiscovery.com\/italian\/new-caledonia-accommodation\/","title":{"rendered":"New Caledonia Accommodation"},"content":{"rendered":"   <div id=\"banner_2005587916\" class=\"ux_banner dark    \"  style=\"height:150px; \" data-height=\"150px\" role=\"banner\">\n                                  <div class=\"banner-bg \"  style=\"background-image:url('https:\/\/noumeadiscovery.com\/wp-content\/uploads\/2016\/01\/P1040339.jpg'); \"><img src=\"https:\/\/noumeadiscovery.com\/wp-content\/uploads\/2016\/01\/P1040339.jpg\"  alt=\"\" style=\"visibility:hidden;\" \/><\/div>\n                             <div class=\"row\" >\n          <div class=\"inner center text-center \"  style=\"width:70%;\">\n            <div class=\"inner-wrap animated fadeIn\" style=\" \">\n              <h1>Nuova Caledonia Alloggi<\/h1>\n            <\/div>\n          <\/div>  \n        <\/div>\n                     <\/div><!-- end .ux_banner -->\n\n<div class=\"woocommerce columns-1 \"><div class=\"row\">\n\t<div class=\"large-12 columns\">\n\t<ul class=\"products small-block-grid-1 large-block-grid-1\">\n\n<li class=\"product-small  grid2 grid-boxed\">\n<a href=\"https:\/\/www.noumeadiscovery.com\/italian\/produit\/betikure-parc-lodge\/\" class=\"woocommerce-LoopProduct-link woocommerce-loop-product__link\"><div class=\"inner-wrap\">\n<a href=\"https:\/\/www.noumeadiscovery.com\/italian\/produit\/betikure-parc-lodge\/\">\n      <div class=\"product-image hover_fade_in_back\">\n      \t         <div class=\"front-image\"><img width=\"200\" height=\"165\" src=\"https:\/\/www.noumeadiscovery.com\/italian\/wp-content\/uploads\/2016\/09\/sejour-betikure-200x165.jpg\" class=\"attachment-shop_catalog size-shop_catalog wp-post-image\" alt=\"\" decoding=\"async\" loading=\"lazy\" \/><\/div>\n\t\t\t\t<div class=\"back-image back\"><img width=\"200\" height=\"165\" src=\"https:\/\/www.noumeadiscovery.com\/italian\/wp-content\/uploads\/2016\/09\/piscine-jour-betikure-200x165.png\" class=\"attachment-shop_catalog size-shop_catalog\" alt=\"\" decoding=\"async\" loading=\"lazy\" \/><\/div>\t\t\t\t\n\t\t \n\t   \t\t\t\n\t\t      <\/div><!-- end product-image -->\n<\/a>      \t\n\n    <div class=\"info style-grid2\">\n\n\t \n          \n\n          <a href=\"https:\/\/www.noumeadiscovery.com\/italian\/produit\/betikure-parc-lodge\/\"><p class=\"name\">Betikure Parc Lodge<\/p><\/a>\n          \n<div itemprop=\"description\" class=\"short-description\">\n\t<p>\u00ab\u00a0B\u00e9tikur\u00e9\u00a0\u00bb significa \u00ab\u00a0condividere il piatto\u00a0\u00bb nella lingua locale. Questo &lsquo;ecolodge&rsquo; di qualit\u00e0, con 6 mini ville si \u201cannida\u201d in un parco di 20 ettari formato da centinaia di palme e altre tipi di \u00a0piante e si trova nella zona di Bourail, a met\u00e0 strada tra Noumea e la punta settentrionale della Grande Terre. Ha il vantaggio di essere vicino ai migliori surf, windsurf e kitesurf spot. E\u2019 rinomato per la sua ospitalit\u00e0 e cordialit\u00e0.<\/p>\n<\/div>     \n\n     \t\t\n\t\n\t\t<\/div><!-- end info -->\t\n\n<\/div> <!-- .inner-wrap -->\n<\/a>\n<\/li><!-- li.product-small -->\n<li class=\"product-small  grid2 grid-boxed\">\n<a href=\"https:\/\/www.noumeadiscovery.com\/italian\/produit\/hibiscus\/\" class=\"woocommerce-LoopProduct-link woocommerce-loop-product__link\"><div class=\"inner-wrap\">\n<a href=\"https:\/\/www.noumeadiscovery.com\/italian\/produit\/hibiscus\/\">\n      <div class=\"product-image hover_fade_in_back\">\n      \t         <div class=\"front-image\"><img width=\"200\" height=\"165\" src=\"https:\/\/www.noumeadiscovery.com\/italian\/wp-content\/uploads\/2016\/03\/Hibiscus47043100-200x165.jpg\" class=\"attachment-shop_catalog size-shop_catalog wp-post-image\" alt=\"\" decoding=\"async\" loading=\"lazy\" \/><\/div>\n\t\t\t\t<div class=\"back-image back\"><img width=\"200\" height=\"165\" src=\"https:\/\/www.noumeadiscovery.com\/italian\/wp-content\/uploads\/2016\/03\/Hibiscus47043186-200x165.jpg\" class=\"attachment-shop_catalog size-shop_catalog\" alt=\"\" decoding=\"async\" loading=\"lazy\" \/><\/div>\t\t\t\t\n\t\t \n\t   \t\t\t\n\t\t      <\/div><!-- end product-image -->\n<\/a>      \t\n\n    <div class=\"info style-grid2\">\n\n\t \n          \n\n          <a href=\"https:\/\/www.noumeadiscovery.com\/italian\/produit\/hibiscus\/\"><p class=\"name\">Hibiscus ***<\/p><\/a>\n          \n<div itemprop=\"description\" class=\"short-description\">\n\t<p>L&rsquo;albergo Hibiscus offra camere con climatizzazione, uno giardino zen e una piscina.<\/p>\n<p>&nbsp;<\/p>\n<\/div>     \n\n     \t\t\n\t\n\t\t<\/div><!-- end info -->\t\n\n<\/div> <!-- .inner-wrap -->\n<\/a>\n<\/li><!-- li.product-small -->\n<li class=\"product-small  grid2 grid-boxed\">\n<a href=\"https:\/\/www.noumeadiscovery.com\/italian\/produit\/hotel-de-poe\/\" class=\"woocommerce-LoopProduct-link woocommerce-loop-product__link\"><div class=\"inner-wrap\">\n<a href=\"https:\/\/www.noumeadiscovery.com\/italian\/produit\/hotel-de-poe\/\">\n      <div class=\"product-image hover_fade_in_back\">\n      \t         <div class=\"front-image\"><img width=\"200\" height=\"165\" src=\"https:\/\/www.noumeadiscovery.com\/italian\/wp-content\/uploads\/2016\/09\/chalet-hotel-de-poe-200x165.jpg\" class=\"attachment-shop_catalog size-shop_catalog wp-post-image\" alt=\"\" decoding=\"async\" loading=\"lazy\" \/><\/div>\n\t\t\t\t<div class=\"back-image back\"><img width=\"200\" height=\"165\" src=\"https:\/\/www.noumeadiscovery.com\/italian\/wp-content\/uploads\/2016\/09\/survol-hotel-de-poe-200x165.jpg\" class=\"attachment-shop_catalog size-shop_catalog\" alt=\"\" decoding=\"async\" loading=\"lazy\" \/><\/div>\t\t\t\t\n\t\t \n\t   \t\t\t\n\t\t      <\/div><!-- end product-image -->\n<\/a>      \t\n\n    <div class=\"info style-grid2\">\n\n\t \n          \n\n          <a href=\"https:\/\/www.noumeadiscovery.com\/italian\/produit\/hotel-de-poe\/\"><p class=\"name\">Hotel de Poe<\/p><\/a>\n          \n<div itemprop=\"description\" class=\"short-description\">\n\t<p>L\u2019Hotel di Poe si trova a pochi mentri dalla bella spiaggia di Poe. I 14 bungalows possono ospitare da 2 a 6 persone.<\/p>\n<\/div>     \n\n     \t\t\n\t\n\t\t<\/div><!-- end info -->\t\n\n<\/div> <!-- .inner-wrap -->\n<\/a>\n<\/li><!-- li.product-small -->\n<li class=\"product-small  grid2 grid-boxed\">\n<a href=\"https:\/\/www.noumeadiscovery.com\/italian\/produit\/hotel-tieti-poindimie\/\" class=\"woocommerce-LoopProduct-link woocommerce-loop-product__link\"><div class=\"inner-wrap\">\n<a href=\"https:\/\/www.noumeadiscovery.com\/italian\/produit\/hotel-tieti-poindimie\/\">\n      <div class=\"product-image hover_fade_in_back\">\n      \t         <div class=\"front-image\"><img width=\"200\" height=\"165\" src=\"https:\/\/www.noumeadiscovery.com\/italian\/wp-content\/uploads\/2016\/09\/Hotel-Tieti-swimming-pool-BD-200x165.jpg\" class=\"attachment-shop_catalog size-shop_catalog wp-post-image\" alt=\"\" decoding=\"async\" loading=\"lazy\" \/><\/div>\n\t\t\t\t\t\t\t\t\n\t\t \n\t   \t\t\t\n\t\t      <\/div><!-- end product-image -->\n<\/a>      \t\n\n    <div class=\"info style-grid2\">\n\n\t \n          \n\n          <a href=\"https:\/\/www.noumeadiscovery.com\/italian\/produit\/hotel-tieti-poindimie\/\"><p class=\"name\">Hotel Tieti &#8211; Poindimie ***<\/p><\/a>\n          \n<div itemprop=\"description\" class=\"short-description\">\n\t<p>Il Tieti hotel \u00e8 stato creato in uno spirito di architettura Caledoniana, mescolando materiali naturali e preziosi con eleganza. L&rsquo;attenzione ai dettagli vi far\u00e0 sentire a vostro agio in un ambiente autentico che combina tradizione e modernit\u00e0.<\/p>\n<\/div>     \n\n     \t\t\n\t\n\t\t<\/div><!-- end info -->\t\n\n<\/div> <!-- .inner-wrap -->\n<\/a>\n<\/li><!-- li.product-small -->\n<li class=\"product-small  grid2 grid-boxed\">\n<a href=\"https:\/\/www.noumeadiscovery.com\/italian\/produit\/ka-waboana\/\" class=\"woocommerce-LoopProduct-link woocommerce-loop-product__link\"><div class=\"inner-wrap\">\n<a href=\"https:\/\/www.noumeadiscovery.com\/italian\/produit\/ka-waboana\/\">\n      <div class=\"product-image hover_fade_in_back\">\n      \t         <div class=\"front-image\"><img width=\"200\" height=\"165\" src=\"https:\/\/www.noumeadiscovery.com\/italian\/wp-content\/uploads\/2016\/09\/exterieur-ka-waboana-200x165.png\" class=\"attachment-shop_catalog size-shop_catalog wp-post-image\" alt=\"\" decoding=\"async\" loading=\"lazy\" \/><\/div>\n\t\t\t\t<div class=\"back-image back\"><img width=\"200\" height=\"165\" src=\"https:\/\/www.noumeadiscovery.com\/italian\/wp-content\/uploads\/2016\/09\/restaurant-ka-waboana-200x165.png\" class=\"attachment-shop_catalog size-shop_catalog\" alt=\"\" decoding=\"async\" loading=\"lazy\" \/><\/div>\t\t\t\t\n\t\t \n\t   \t\t\t\n\t\t      <\/div><!-- end product-image -->\n<\/a>      \t\n\n    <div class=\"info style-grid2\">\n\n\t \n          \n\n          <a href=\"https:\/\/www.noumeadiscovery.com\/italian\/produit\/ka-waboana\/\"><p class=\"name\">Ka Waboana<\/p><\/a>\n          \n<div itemprop=\"description\" class=\"short-description\">\n\t<p>Questo Lodge offre diversi tipi di alloggi tutti costruiti in legno, e si adatta a tutte le esigenze e budget.<\/p>\n<\/div>     \n\n     \t\t\n\t\n\t\t<\/div><!-- end info -->\t\n\n<\/div> <!-- .inner-wrap -->\n<\/a>\n<\/li><!-- li.product-small -->\n<li class=\"product-small  grid2 grid-boxed\">\n<a href=\"https:\/\/www.noumeadiscovery.com\/italian\/produit\/kanua-tera-ecolodge-yate\/\" class=\"woocommerce-LoopProduct-link woocommerce-loop-product__link\"><div class=\"inner-wrap\">\n<a href=\"https:\/\/www.noumeadiscovery.com\/italian\/produit\/kanua-tera-ecolodge-yate\/\">\n      <div class=\"product-image hover_fade_in_back\">\n      \t         <div class=\"front-image\"><img width=\"200\" height=\"165\" src=\"https:\/\/www.noumeadiscovery.com\/italian\/wp-content\/uploads\/2016\/03\/ecogalerie-kanua-tera-ecolodge_5-200x165.jpg\" class=\"attachment-shop_catalog size-shop_catalog wp-post-image\" alt=\"\" decoding=\"async\" loading=\"lazy\" \/><\/div>\n\t\t\t\t<div class=\"back-image back\"><img width=\"200\" height=\"165\" src=\"https:\/\/www.noumeadiscovery.com\/italian\/wp-content\/uploads\/2016\/03\/eco25192259-200x165.jpg\" class=\"attachment-shop_catalog size-shop_catalog\" alt=\"\" decoding=\"async\" loading=\"lazy\" \/><\/div>\t\t\t\t\n\t\t \n\t   \t\t\t\n\t\t      <\/div><!-- end product-image -->\n<\/a>      \t\n\n    <div class=\"info style-grid2\">\n\n\t \n          \n\n          <a href=\"https:\/\/www.noumeadiscovery.com\/italian\/produit\/kanua-tera-ecolodge-yate\/\"><p class=\"name\">Kanua Tera Ecolodge &#8211; Yate ***<\/p><\/a>\n          \n<div itemprop=\"description\" class=\"short-description\">\n\t<p>Il Kanua Tera Ecolodge si trova sulla Baia di Port Boise e dispone di una spiaggia. Tutti i bungalows sono dotati di set di cortesia per la preparazione di th\u00e8 \/ caff\u00e8, una TV a schermo piatto.<\/p>\n<\/div>     \n\n     \t\t\n\t\n\t\t<\/div><!-- end info -->\t\n\n<\/div> <!-- .inner-wrap -->\n<\/a>\n<\/li><!-- li.product-small -->\n<li class=\"product-small  grid2 grid-boxed\">\n<a href=\"https:\/\/www.noumeadiscovery.com\/italian\/produit\/koulnoue-village\/\" class=\"woocommerce-LoopProduct-link woocommerce-loop-product__link\"><div class=\"inner-wrap\">\n<a href=\"https:\/\/www.noumeadiscovery.com\/italian\/produit\/koulnoue-village\/\">\n      <div class=\"product-image hover_fade_in_back\">\n      \t         <div class=\"front-image\"><img width=\"200\" height=\"165\" src=\"https:\/\/www.noumeadiscovery.com\/italian\/wp-content\/uploads\/2016\/02\/BungalowSpaPrivatif-200x165.jpg\" class=\"attachment-shop_catalog size-shop_catalog wp-post-image\" alt=\"\" decoding=\"async\" loading=\"lazy\" \/><\/div>\n\t\t\t\t<div class=\"back-image back\"><img width=\"200\" height=\"165\" src=\"https:\/\/www.noumeadiscovery.com\/italian\/wp-content\/uploads\/2016\/02\/KoulnouePool-200x165.jpg\" class=\"attachment-shop_catalog size-shop_catalog\" alt=\"\" decoding=\"async\" loading=\"lazy\" \/><\/div>\t\t\t\t\n\t\t \n\t   \t\t\t\n\t\t      <\/div><!-- end product-image -->\n<\/a>      \t\n\n    <div class=\"info style-grid2\">\n\n\t \n          \n\n          <a href=\"https:\/\/www.noumeadiscovery.com\/italian\/produit\/koulnoue-village\/\"><p class=\"name\">Koulnoue Village ***<\/p><\/a>\n          \n<div itemprop=\"description\" class=\"short-description\">\n\t<p>L&rsquo;Hotel offre a partire dal secondo trimestre 2015 il suo nuovo \u00a0Premium Bungalow. In un bel quadro paesaggistico il Koulnoue Village offre ogni comfort con i suoi 50 bungalows, con una terrazza privata con vista sulla laguna e sul giardino. Si pu\u00f2 anche scegliere una delle 11 case Melanesiane costruite in modo autentico e \u00a0tradizionale (possono ospitare fino a 8 persone).<\/p>\n<\/div>     \n\n     \t\t\n\t\n\t\t<\/div><!-- end info -->\t\n\n<\/div> <!-- .inner-wrap -->\n<\/a>\n<\/li><!-- li.product-small -->\n<li class=\"product-small  grid2 grid-boxed\">\n<a href=\"https:\/\/www.noumeadiscovery.com\/italian\/produit\/lodge-terre-de-soleil\/\" class=\"woocommerce-LoopProduct-link woocommerce-loop-product__link\"><div class=\"inner-wrap\">\n<a href=\"https:\/\/www.noumeadiscovery.com\/italian\/produit\/lodge-terre-de-soleil\/\">\n      <div class=\"product-image hover_fade_in_back\">\n      \t         <div class=\"front-image\"><img width=\"200\" height=\"165\" src=\"https:\/\/www.noumeadiscovery.com\/italian\/wp-content\/uploads\/2016\/09\/jacuzzi-2-TDS-200x165.jpg\" class=\"attachment-shop_catalog size-shop_catalog wp-post-image\" alt=\"\" decoding=\"async\" loading=\"lazy\" \/><\/div>\n\t\t\t\t<div class=\"back-image back\"><img width=\"200\" height=\"165\" src=\"https:\/\/www.noumeadiscovery.com\/italian\/wp-content\/uploads\/2016\/09\/Sejour-2-TDS-200x165.jpg\" class=\"attachment-shop_catalog size-shop_catalog\" alt=\"\" decoding=\"async\" loading=\"lazy\" \/><\/div>\t\t\t\t\n\t\t \n\t   \t\t\t\n\t\t      <\/div><!-- end product-image -->\n<\/a>      \t\n\n    <div class=\"info style-grid2\">\n\n\t \n          \n\n          <a href=\"https:\/\/www.noumeadiscovery.com\/italian\/produit\/lodge-terre-de-soleil\/\"><p class=\"name\">Lodge Terre de soleil<\/p><\/a>\n          \n<div itemprop=\"description\" class=\"short-description\">\n\t<p><span id=\"result_box\" class=\"\" lang=\"it\"><span class=\"\">Il Terre de Soleil ha 4 bungalows,\u00a0 ognuno decorato con un tema diverso, che si trovano in un ambiente naturale tranquillo contornato da piante di mango e alberi di Kauri secolari. <\/span><\/span><\/p>\n<\/div>     \n\n     \t\t\n\t\n\t\t<\/div><!-- end info -->\t\n\n<\/div> <!-- .inner-wrap -->\n<\/a>\n<\/li><!-- li.product-small -->\n<li class=\"product-small  grid2 grid-boxed\">\n<a href=\"https:\/\/www.noumeadiscovery.com\/italian\/produit\/malabou-beach-hotel\/\" class=\"woocommerce-LoopProduct-link woocommerce-loop-product__link\"><div class=\"inner-wrap\">\n<a href=\"https:\/\/www.noumeadiscovery.com\/italian\/produit\/malabou-beach-hotel\/\">\n      <div class=\"product-image hover_fade_in_back\">\n      \t         <div class=\"front-image\"><img width=\"200\" height=\"165\" src=\"https:\/\/www.noumeadiscovery.com\/italian\/wp-content\/uploads\/2016\/09\/View-Aerial-Malabou-Beach-200x165.jpg\" class=\"attachment-shop_catalog size-shop_catalog wp-post-image\" alt=\"\" decoding=\"async\" loading=\"lazy\" \/><\/div>\n\t\t\t\t<div class=\"back-image back\"><img width=\"200\" height=\"165\" src=\"https:\/\/www.noumeadiscovery.com\/italian\/wp-content\/uploads\/2016\/09\/Chef-Malabou-Beach-200x165.jpg\" class=\"attachment-shop_catalog size-shop_catalog\" alt=\"\" decoding=\"async\" loading=\"lazy\" \/><\/div>\t\t\t\t\n\t\t \n\t   \t\t\t\n\t\t      <\/div><!-- end product-image -->\n<\/a>      \t\n\n    <div class=\"info style-grid2\">\n\n\t \n          \n\n          <a href=\"https:\/\/www.noumeadiscovery.com\/italian\/produit\/malabou-beach-hotel\/\"><p class=\"name\">Malabou Beach Hotel ***<\/p><\/a>\n          \n<div itemprop=\"description\" class=\"short-description\">\n\t<p>Ubicato a nord della Nuova Caledonia (Grande Terre) , il Malabou Beach Hotel \u00e8 il luogo ideale per una vacanza rilassante per una coppia, per la famiglia o per un gruppo di amici.L&rsquo;hotel \u00e8 anche meravigliosamente adattato per gruppi di piccole societ\u00e0 o per l&rsquo;organizzazione di un matrimonio indimenticabile. La spiaggia del Malabou Beach Hotel offre calma e comfort con i suoi 34 bungalow e 3 suite , tutti situati lungo una spiaggia di sabbia bianca. Il ristorante principale chiamato Pabou e pu\u00f2 ospitare fino a 150 ospiti.<\/p>\n<\/div>     \n\n     \t\t\n\t\n\t\t<\/div><!-- end info -->\t\n\n<\/div> <!-- .inner-wrap -->\n<\/a>\n<\/li><!-- li.product-small -->\n<li class=\"product-small  grid2 grid-boxed\">\n<a href=\"https:\/\/www.noumeadiscovery.com\/italian\/produit\/poe-cote-lagon\/\" class=\"woocommerce-LoopProduct-link woocommerce-loop-product__link\"><div class=\"inner-wrap\">\n<a href=\"https:\/\/www.noumeadiscovery.com\/italian\/produit\/poe-cote-lagon\/\">\n      <div class=\"product-image hover_fade_in_back\">\n      \t         <div class=\"front-image\"><img width=\"200\" height=\"165\" src=\"https:\/\/www.noumeadiscovery.com\/italian\/wp-content\/uploads\/2016\/09\/image10-200x165.jpg\" class=\"attachment-shop_catalog size-shop_catalog wp-post-image\" alt=\"\" decoding=\"async\" loading=\"lazy\" \/><\/div>\n\t\t\t\t<div class=\"back-image back\"><img width=\"200\" height=\"165\" src=\"https:\/\/www.noumeadiscovery.com\/italian\/wp-content\/uploads\/2016\/09\/image7-200x165.jpg\" class=\"attachment-shop_catalog size-shop_catalog\" alt=\"\" decoding=\"async\" loading=\"lazy\" \/><\/div>\t\t\t\t\n\t\t \n\t   \t\t\t\n\t\t      <\/div><!-- end product-image -->\n<\/a>      \t\n\n    <div class=\"info style-grid2\">\n\n\t \n          \n\n          <a href=\"https:\/\/www.noumeadiscovery.com\/italian\/produit\/poe-cote-lagon\/\"><p class=\"name\">Poe cot\u00e9 lagon<\/p><\/a>\n          \n<div itemprop=\"description\" class=\"short-description\">\n\t<p>Il Gite Poe Cote Lagon si trova sulla spiaggia di Poe. Due bungalows fronte laguna sono ben attrezzati per ospitare due persone.<\/p>\n<\/div>     \n\n     \t\t\n\t\n\t\t<\/div><!-- end info -->\t\n\n<\/div> <!-- .inner-wrap -->\n<\/a>\n<\/li><!-- li.product-small -->\n<li class=\"product-small  grid2 grid-boxed\">\n<a href=\"https:\/\/www.noumeadiscovery.com\/italian\/produit\/sheraton-deva-resort-spa\/\" class=\"woocommerce-LoopProduct-link woocommerce-loop-product__link\"><div class=\"inner-wrap\">\n<a href=\"https:\/\/www.noumeadiscovery.com\/italian\/produit\/sheraton-deva-resort-spa\/\">\n      <div class=\"product-image hover_fade_in_back\">\n      \t         <div class=\"front-image\"><img width=\"200\" height=\"165\" src=\"https:\/\/www.noumeadiscovery.com\/italian\/wp-content\/uploads\/2016\/09\/Swimming-Pool-2-200x165.jpg\" class=\"attachment-shop_catalog size-shop_catalog wp-post-image\" alt=\"\" decoding=\"async\" loading=\"lazy\" \/><\/div>\n\t\t\t\t<div class=\"back-image back\"><img width=\"200\" height=\"165\" src=\"https:\/\/www.noumeadiscovery.com\/italian\/wp-content\/uploads\/2016\/09\/Reception-200x165.jpg\" class=\"attachment-shop_catalog size-shop_catalog\" alt=\"\" decoding=\"async\" loading=\"lazy\" \/><\/div>\t\t\t\t\n\t\t \n\t   \t\t\t\n\t\t      <\/div><!-- end product-image -->\n<\/a>      \t\n\n    <div class=\"info style-grid2\">\n\n\t \n          \n\n          <a href=\"https:\/\/www.noumeadiscovery.com\/italian\/produit\/sheraton-deva-resort-spa\/\"><p class=\"name\">Sheraton Deva Resort &#038; Spa *****<\/p><\/a>\n          \n<div itemprop=\"description\" class=\"short-description\">\n\t<p>Il Resort offre una posizione unica nel Sud del Pacifico alla base del dominio di Deva, con le sue colline e valli di fronte alle acque blu trasparenti, alla sua barriera corallina e alla sua laguna, quest\u2019ultima iscritta nelle liste del patrimonio mondiale dell&rsquo;UNESCO. Ubicato a 90 minuti d\u2019auto a nord dell&rsquo;aeroporto internazionale di La Tontouta, con accesso diretto a 13 km di spiaggia di sabbia bianca, \u00e8 perfetto per gli amanti della natura e gli appassionati di sport che vogliono ricaricarsi.<\/p>\n<\/div>     \n\n     \t\t\n\t\n\t\t<\/div><!-- end info -->\t\n\n<\/div> <!-- .inner-wrap -->\n<\/a>\n<\/li><!-- li.product-small --><\/ul>\n<\/div>\n<\/div><!-- .large-12 --><\/div>\n","protected":false},"excerpt":{"rendered":"","protected":false},"author":6,"featured_media":0,"parent":0,"menu_order":0,"comment_status":"closed","ping_status":"closed","template":"page-right-sidebar-notitle.php","meta":[],"_links":{"self":[{"href":"https:\/\/www.noumeadiscovery.com\/italian\/wp-json\/wp\/v2\/pages\/441"}],"collection":[{"href":"https:\/\/www.noumeadiscovery.com\/italian\/wp-json\/wp\/v2\/pages"}],"about":[{"href":"https:\/\/www.noumeadiscovery.com\/italian\/wp-json\/wp\/v2\/types\/page"}],"author":[{"embeddable":true,"href":"https:\/\/www.noumeadiscovery.com\/italian\/wp-json\/wp\/v2\/users\/6"}],"replies":[{"embeddable":true,"href":"https:\/\/www.noumeadiscovery.com\/italian\/wp-json\/wp\/v2\/comments?post=441"}],"version-history":[{"count":3,"href":"https:\/\/www.noumeadiscovery.com\/italian\/wp-json\/wp\/v2\/pages\/441\/revisions"}],"predecessor-version":[{"id":2042,"href":"https:\/\/www.noumeadiscovery.com\/italian\/wp-json\/wp\/v2\/pages\/441\/revisions\/2042"}],"wp:attachment":[{"href":"https:\/\/www.noumeadiscovery.com\/italian\/wp-json\/wp\/v2\/media?parent=441"}],"curies":[{"name":"wp","href":"https:\/\/api.w.org\/{rel}","templated":true}]}}