{"id":439,"date":"2016-02-19T12:22:34","date_gmt":"2016-02-19T02:22:34","guid":{"rendered":"http:\/\/noumea.respax.com.au\/?page_id=439"},"modified":"2017-04-04T14:00:39","modified_gmt":"2017-04-04T04:00:39","slug":"noumea-accommodation","status":"publish","type":"page","link":"https:\/\/www.noumeadiscovery.com\/italian\/noumea-accommodation\/","title":{"rendered":"Alloggi a Noumea"},"content":{"rendered":"   <div id=\"banner_495776159\" class=\"ux_banner dark    \"  style=\"height:150px; \" data-height=\"150px\" role=\"banner\">\n                                  <div class=\"banner-bg \"  style=\"background-image:url('https:\/\/noumeadiscovery.com\/wp-content\/uploads\/2016\/01\/P1040339.jpg'); \"><img src=\"https:\/\/noumeadiscovery.com\/wp-content\/uploads\/2016\/01\/P1040339.jpg\"  alt=\"\" style=\"visibility:hidden;\" \/><\/div>\n                             <div class=\"row\" >\n          <div class=\"inner center text-center \"  style=\"width:70%;\">\n            <div class=\"inner-wrap animated fadeIn\" style=\" \">\n              <h1>Alloggi a Noumea<\/h1>\n            <\/div>\n          <\/div>  \n        <\/div>\n                     <\/div><!-- end .ux_banner -->\n\n<div class=\"woocommerce columns-1 \"><div class=\"row\">\n\t<div class=\"large-12 columns\">\n\t<ul class=\"products small-block-grid-1 large-block-grid-1\">\n\n<li class=\"product-small  grid2 grid-boxed\">\n<a href=\"https:\/\/www.noumeadiscovery.com\/italian\/produit\/casa-del-sol\/\" class=\"woocommerce-LoopProduct-link woocommerce-loop-product__link\"><div class=\"inner-wrap\">\n<a href=\"https:\/\/www.noumeadiscovery.com\/italian\/produit\/casa-del-sol\/\">\n      <div class=\"product-image hover_fade_in_back\">\n      \t         <div class=\"front-image\"><img width=\"200\" height=\"165\" src=\"https:\/\/www.noumeadiscovery.com\/italian\/wp-content\/uploads\/2016\/casa\/casa2-200x165.jpg\" class=\"attachment-shop_catalog size-shop_catalog wp-post-image\" alt=\"\" decoding=\"async\" loading=\"lazy\" \/><\/div>\n\t\t\t\t<div class=\"back-image back\"><img width=\"200\" height=\"165\" src=\"https:\/\/www.noumeadiscovery.com\/italian\/wp-content\/uploads\/2016\/casa\/casa4-200x165.jpg\" class=\"attachment-shop_catalog size-shop_catalog\" alt=\"\" decoding=\"async\" loading=\"lazy\" \/><\/div>\t\t\t\t\n\t\t \n\t   \t\t\t\n\t\t      <\/div><!-- end product-image -->\n<\/a>      \t\n\n    <div class=\"info style-grid2\">\n\n\t \n          \n\n          <a href=\"https:\/\/www.noumeadiscovery.com\/italian\/produit\/casa-del-sol\/\"><p class=\"name\">Casa Del Sole **<\/p><\/a>\n          \n<div itemprop=\"description\" class=\"short-description\">\n\t<p>La Casa del Sole dispone di 127 appartamenti con servizi alberghieri con angolo cottura e una o due camere da letto. L\u2019hotel \/ residence si trova \u00a0vicino a due delle pi\u00f9 belle spiagge di Noumea (Anse Vata \/ Baia dei Limoni) ed \u00e8 anche a pochi passi da numerosi ristoranti, bar e\u00a0 locali notturni. Tutto \u00e8 possibile infatti \u00e8 previsto di poter soggiornare una o pi\u00f9 notti o addirittura pi\u00f9 settimane, se lo si desidera. Troverete inoltre una piscina.<\/p>\n<\/div>     \n\n     \t\t\n\t\n\t\t<\/div><!-- end info -->\t\n\n<\/div> <!-- .inner-wrap -->\n<\/a>\n<\/li><!-- li.product-small -->\n<li class=\"product-small  grid2 grid-boxed\">\n<a href=\"https:\/\/www.noumeadiscovery.com\/italian\/produit\/beaurivage-hotel\/\" class=\"woocommerce-LoopProduct-link woocommerce-loop-product__link\"><div class=\"inner-wrap\">\n<a href=\"https:\/\/www.noumeadiscovery.com\/italian\/produit\/beaurivage-hotel\/\">\n      <div class=\"product-image hover_fade_in_back\">\n      \t         <div class=\"front-image\"><img width=\"200\" height=\"165\" src=\"https:\/\/www.noumeadiscovery.com\/italian\/wp-content\/uploads\/2016\/04\/STD-Balcony-200x165.jpg\" class=\"attachment-shop_catalog size-shop_catalog wp-post-image\" alt=\"\" decoding=\"async\" loading=\"lazy\" \/><\/div>\n\t\t\t\t<div class=\"back-image back\"><img width=\"200\" height=\"165\" src=\"https:\/\/www.noumeadiscovery.com\/italian\/wp-content\/uploads\/2016\/04\/Hotel-Beaurivage-200x165.jpg\" class=\"attachment-shop_catalog size-shop_catalog\" alt=\"\" decoding=\"async\" loading=\"lazy\" \/><\/div>\t\t\t\t\n\t\t \n\t   \t\t\t\n\t\t      <\/div><!-- end product-image -->\n<\/a>      \t\n\n    <div class=\"info style-grid2\">\n\n\t \n          \n\n          <a href=\"https:\/\/www.noumeadiscovery.com\/italian\/produit\/beaurivage-hotel\/\"><p class=\"name\">Beaurivage Hotel **<\/p><\/a>\n          \n<div itemprop=\"description\" class=\"short-description\">\n\t<p>L\u2019hotel Beaurivage offre il comfort di 60 nuove camere, nelle seguenti categorie: Standard, Vista Laguna, Deluxe Vista Laguna. E\u2019 disponibile una camera per persone diversamente abili. Tutte le unit\u00e0 sono equipaggiate con le pi\u00f9 recenti tecnologie, come TV a schermo piatto con accesso ai canali satellitari, mini-frigo, set di cortesia per t\u00e8 \/ caff\u00e8, divani letto singoli o matrimoniali da utilizzare come letti aggiuntivi, bagni moderni con doccia a stile pioggia e set di cortesia per il bagno.<\/p>\n<\/div>     \n\n     \t\t\n\t\n\t\t<\/div><!-- end info -->\t\n\n<\/div> <!-- .inner-wrap -->\n<\/a>\n<\/li><!-- li.product-small -->\n<li class=\"product-small  grid2 grid-boxed\">\n<a href=\"https:\/\/www.noumeadiscovery.com\/italian\/produit\/escapade-ilot-maitre\/\" class=\"woocommerce-LoopProduct-link woocommerce-loop-product__link\"><div class=\"inner-wrap\">\n<a href=\"https:\/\/www.noumeadiscovery.com\/italian\/produit\/escapade-ilot-maitre\/\">\n      <div class=\"product-image hover_fade_in_back\">\n      \t         <div class=\"front-image\"><img width=\"200\" height=\"165\" src=\"https:\/\/www.noumeadiscovery.com\/italian\/wp-content\/uploads\/2016\/03\/escapade-Overwater-bungalows-200x165.jpg\" class=\"attachment-shop_catalog size-shop_catalog wp-post-image\" alt=\"\" decoding=\"async\" loading=\"lazy\" \/><\/div>\n\t\t\t\t<div class=\"back-image back\"><img width=\"200\" height=\"165\" src=\"https:\/\/www.noumeadiscovery.com\/italian\/wp-content\/uploads\/2016\/03\/escapade2757313_21_z-200x165.jpg\" class=\"attachment-shop_catalog size-shop_catalog\" alt=\"\" decoding=\"async\" loading=\"lazy\" \/><\/div>\t\t\t\t\n\t\t \n\t   \t\t\t\n\t\t      <\/div><!-- end product-image -->\n<\/a>      \t\n\n    <div class=\"info style-grid2\">\n\n\t \n          \n\n          <a href=\"https:\/\/www.noumeadiscovery.com\/italian\/produit\/escapade-ilot-maitre\/\"><p class=\"name\">Double Tree by Hilton Noumea \u00eelot Ma\u00eetre ****<\/p><\/a>\n          \n<div itemprop=\"description\" class=\"short-description\">\n\t<p>Ubicato su di un&rsquo;isola, a 20 minuti di barca da Noumea, l\u2019 Escapade Island resort \u00e8 circondato da una riserva marina di 200 ettari ed \u00e8 un isola che promette un&rsquo;esperienza unica in prossimit\u00e0 di Noumea. L&rsquo;hotel dispone di 44 bungalows sull\u2019isola e di 25 lussuosi bungalow sull&rsquo;acqua.<\/p>\n<\/div>     \n\n     \t\t\n\t\n\t\t<\/div><!-- end info -->\t\n\n<\/div> <!-- .inner-wrap -->\n<\/a>\n<\/li><!-- li.product-small -->\n<li class=\"product-small  grid2 grid-boxed\">\n<a href=\"https:\/\/www.noumeadiscovery.com\/italian\/produit\/nouvata\/\" class=\"woocommerce-LoopProduct-link woocommerce-loop-product__link\"><div class=\"inner-wrap\">\n<a href=\"https:\/\/www.noumeadiscovery.com\/italian\/produit\/nouvata\/\">\n      <div class=\"product-image hover_fade_in_back\">\n      \t         <div class=\"front-image\"><img width=\"200\" height=\"165\" src=\"https:\/\/www.noumeadiscovery.com\/italian\/wp-content\/uploads\/2016\/03\/nouvota_AUB6856-200x165.jpg\" class=\"attachment-shop_catalog size-shop_catalog wp-post-image\" alt=\"\" decoding=\"async\" loading=\"lazy\" \/><\/div>\n\t\t\t\t<div class=\"back-image back\"><img width=\"200\" height=\"165\" src=\"https:\/\/www.noumeadiscovery.com\/italian\/wp-content\/uploads\/2016\/03\/nouvotaLe Pacifique-200x165.jpg\" class=\"attachment-shop_catalog size-shop_catalog\" alt=\"\" decoding=\"async\" loading=\"lazy\" \/><\/div>\t\t\t\t\n\t\t \n\t   \t\t\t\n\t\t      <\/div><!-- end product-image -->\n<\/a>      \t\n\n    <div class=\"info style-grid2\">\n\n\t \n          \n\n          <a href=\"https:\/\/www.noumeadiscovery.com\/italian\/produit\/nouvata\/\"><p class=\"name\">Nouvata ***<\/p><\/a>\n          \n<div itemprop=\"description\" class=\"short-description\">\n\t<p>Idealmente ubicato di fronte alla spiaggia di Anse Vata, la principale zona turistica di Noumea, il Nouvata Parc Hotel \u00e8 circondato da numerosi ristoranti, caffetterie, negozi e attivit\u00e0 acquatiche. L&rsquo;hotel dispone di oltre 300 camere che circondano una piscina e giardini tropicali. Situato in posizione centrale a tutte le attrazioni principali, l&rsquo;hotel \u00e8 la base ideale per esplorare tutto ci\u00f2 che Noumea ha da offrire.<\/p>\n<\/div>     \n\n     \t\t\n\t\n\t\t<\/div><!-- end info -->\t\n\n<\/div> <!-- .inner-wrap -->\n<\/a>\n<\/li><!-- li.product-small -->\n<li class=\"product-small  grid2 grid-boxed\">\n<a href=\"https:\/\/www.noumeadiscovery.com\/italian\/produit\/hilton\/\" class=\"woocommerce-LoopProduct-link woocommerce-loop-product__link\"><div class=\"inner-wrap\">\n<a href=\"https:\/\/www.noumeadiscovery.com\/italian\/produit\/hilton\/\">\n      <div class=\"product-image hover_fade_in_back\">\n      \t         <div class=\"front-image\"><img width=\"200\" height=\"165\" src=\"https:\/\/www.noumeadiscovery.com\/italian\/wp-content\/uploads\/2016\/03\/hiltonHILTON AERIAL VIEW-200x165.jpg\" class=\"attachment-shop_catalog size-shop_catalog wp-post-image\" alt=\"\" decoding=\"async\" loading=\"lazy\" \/><\/div>\n\t\t\t\t<div class=\"back-image back\"><img width=\"200\" height=\"165\" src=\"https:\/\/www.noumeadiscovery.com\/italian\/wp-content\/uploads\/2016\/03\/hiltonNOULPHI_rooms_full02_apartkingbed01-200x165.jpg\" class=\"attachment-shop_catalog size-shop_catalog\" alt=\"\" decoding=\"async\" loading=\"lazy\" \/><\/div>\t\t\t\t\n\t\t \n\t   \t\t\t\n\t\t      <\/div><!-- end product-image -->\n<\/a>      \t\n\n    <div class=\"info style-grid2\">\n\n\t \n          \n\n          <a href=\"https:\/\/www.noumeadiscovery.com\/italian\/produit\/hilton\/\"><p class=\"name\">Hilton La Promenade Residences ****<\/p><\/a>\n          \n<div itemprop=\"description\" class=\"short-description\">\n\t<p>Idealmente posizionato sulla Baia di Anse Vata, la principale zona turistica di Noumea, l\u2019Hilton Noumea La Promenade Residences\u00a0 si affaccia sulla laguna ed \u00e8 a pochi passi da numerosi ristoranti, bar, boutique e centri con attivit\u00e0 acquatiche. Offre spaziosi e moderni alloggi in stile appartamento ed \u00e8 la soluzione ideale per le famiglie, viaggiatori d&rsquo;affari, coppie e gruppi di amici.<\/p>\n<\/div>     \n\n     \t\t\n\t\n\t\t<\/div><!-- end info -->\t\n\n<\/div> <!-- .inner-wrap -->\n<\/a>\n<\/li><!-- li.product-small -->\n<li class=\"product-small  grid2 grid-boxed\">\n<a href=\"https:\/\/www.noumeadiscovery.com\/italian\/produit\/ramada\/\" class=\"woocommerce-LoopProduct-link woocommerce-loop-product__link\"><div class=\"inner-wrap\">\n<a href=\"https:\/\/www.noumeadiscovery.com\/italian\/produit\/ramada\/\">\n      <div class=\"product-image hover_fade_in_back\">\n      \t         <div class=\"front-image\"><img width=\"200\" height=\"165\" src=\"https:\/\/www.noumeadiscovery.com\/italian\/wp-content\/uploads\/2016\/02\/ramada-pool-200x165.jpg\" class=\"attachment-shop_catalog size-shop_catalog wp-post-image\" alt=\"\" decoding=\"async\" loading=\"lazy\" \/><\/div>\n\t\t\t\t<div class=\"back-image back\"><img width=\"200\" height=\"165\" src=\"https:\/\/www.noumeadiscovery.com\/italian\/wp-content\/uploads\/2016\/02\/ramada-bar-200x165.jpg\" class=\"attachment-shop_catalog size-shop_catalog\" alt=\"\" decoding=\"async\" loading=\"lazy\" \/><\/div>\t\t\t\t\n\t\t \n\t   \t\t\t\n\t\t      <\/div><!-- end product-image -->\n<\/a>      \t\n\n    <div class=\"info style-grid2\">\n\n\t \n          \n\n          <a href=\"https:\/\/www.noumeadiscovery.com\/italian\/produit\/ramada\/\"><p class=\"name\">Ramada ***<\/p><\/a>\n          \n<div itemprop=\"description\" class=\"short-description\">\n\t<p>Da monolocali ad appartamenti con 3 camere da letto, le camere e le suite sono moderne, spaziose, completamente arredate e dotate di cucina attrezzata.<\/p>\n<p>Rilassatevi su di un lettino sdraio a bordo piscina in mezzo al giardino tropicale, coccolatevi al Harnn Spa, tenevi attivi nella sala fitness, prendete la prima colazione o seguite il vostro sport preferito presso il Bar Sport \u00ab\u00a0Le Rendez-Vous\u00a0\u00bb oppure \u00a0gustate un pasto al ristorante panoramico rotante \u00ab\u00a0l&rsquo;entrecote au 360\u00a0\u00bb con vista mozzafiato sulle baie di Noum\u00e9a!<\/p>\n<\/div>     \n\n     \t\t\n\t\n\t\t<\/div><!-- end info -->\t\n\n<\/div> <!-- .inner-wrap -->\n<\/a>\n<\/li><!-- li.product-small -->\n<li class=\"product-small  grid2 grid-boxed\">\n<a href=\"https:\/\/www.noumeadiscovery.com\/italian\/produit\/le-lagon\/\" class=\"woocommerce-LoopProduct-link woocommerce-loop-product__link\"><div class=\"inner-wrap\">\n<a href=\"https:\/\/www.noumeadiscovery.com\/italian\/produit\/le-lagon\/\">\n      <div class=\"product-image hover_fade_in_back\">\n      \t         <div class=\"front-image\"><img width=\"200\" height=\"165\" src=\"https:\/\/www.noumeadiscovery.com\/italian\/wp-content\/uploads\/2016\/02\/espace bureau-200x165.jpg\" class=\"attachment-shop_catalog size-shop_catalog wp-post-image\" alt=\"\" decoding=\"async\" loading=\"lazy\" \/><\/div>\n\t\t\t\t<div class=\"back-image back\"><img width=\"200\" height=\"165\" src=\"https:\/\/www.noumeadiscovery.com\/italian\/wp-content\/uploads\/2016\/02\/notrepiscineetsolarium-200x165.jpg\" class=\"attachment-shop_catalog size-shop_catalog\" alt=\"\" decoding=\"async\" loading=\"lazy\" \/><\/div>\t\t\t\t\n\t\t \n\t   \t\t\t\n\t\t      <\/div><!-- end product-image -->\n<\/a>      \t\n\n    <div class=\"info style-grid2\">\n\n\t \n          \n\n          <a href=\"https:\/\/www.noumeadiscovery.com\/italian\/produit\/le-lagon\/\"><p class=\"name\">Le Lagon ***<\/p><\/a>\n          \n<div itemprop=\"description\" class=\"short-description\">\n\t<p>L\u2019Hotel Le Lagon, \u00e8 l&rsquo;unico hotel di propriet\u00e0 a Noumea. L&rsquo;hotel si trova a soli 100 metri dalla spiaggia di Ansa Vata ed \u00e8 circondato da negozi convenienti come panetterie, ristoranti, bar, caseifici. Troverete nelle vicinanze dell\u2019Hotel due fermate dell\u2019autobus.<\/p>\n<\/div>     \n\n     \t\t\n\t\n\t\t<\/div><!-- end info -->\t\n\n<\/div> <!-- .inner-wrap -->\n<\/a>\n<\/li><!-- li.product-small -->\n<li class=\"product-small  grid2 grid-boxed\">\n<a href=\"https:\/\/www.noumeadiscovery.com\/italian\/produit\/royal-tera\/\" class=\"woocommerce-LoopProduct-link woocommerce-loop-product__link\"><div class=\"inner-wrap\">\n<a href=\"https:\/\/www.noumeadiscovery.com\/italian\/produit\/royal-tera\/\">\n      <div class=\"product-image hover_fade_in_back\">\n      \t         <div class=\"front-image\"><img width=\"200\" height=\"165\" src=\"https:\/\/www.noumeadiscovery.com\/italian\/wp-content\/uploads\/2016\/02\/smHotel 6-200x165.jpg\" class=\"attachment-shop_catalog size-shop_catalog wp-post-image\" alt=\"\" decoding=\"async\" loading=\"lazy\" \/><\/div>\n\t\t\t\t<div class=\"back-image back\"><img width=\"200\" height=\"165\" src=\"https:\/\/www.noumeadiscovery.com\/italian\/wp-content\/uploads\/2016\/02\/spas-200x165.jpg\" class=\"attachment-shop_catalog size-shop_catalog\" alt=\"\" decoding=\"async\" loading=\"lazy\" \/><\/div>\t\t\t\t\n\t\t \n\t   \t\t\t\n\t\t      <\/div><!-- end product-image -->\n<\/a>      \t\n\n    <div class=\"info style-grid2\">\n\n\t \n          \n\n          <a href=\"https:\/\/www.noumeadiscovery.com\/italian\/produit\/royal-tera\/\"><p class=\"name\">Chateau Royal Beach Resort &#038; Spa ****<\/p><\/a>\n          \n<div itemprop=\"description\" class=\"short-description\">\n\t<p>Immerso nel verde delle colline di Ouen Toro e sul bordo della maestosa e famosa laguna della Nuova Caledonia il complesso Chateau Royal Beach Resort &amp; Spa ti fa sentire a casa, a proprio agio completamente rilassato. \u00a0Con un caloroso benvenuto, la spiaggia stile chic e una vista sull&rsquo;oceano, si tratta di una vera e propria \u00ab\u00a0casa \u00ab\u00a0da cui non vorresti pi\u00f9 partire.<\/p>\n<\/div>     \n\n     \t\t\n\t\n\t\t<\/div><!-- end info -->\t\n\n<\/div> <!-- .inner-wrap -->\n<\/a>\n<\/li><!-- li.product-small -->\n<li class=\"product-small  grid2 grid-boxed\">\n<a href=\"https:\/\/www.noumeadiscovery.com\/italian\/produit\/meridien\/\" class=\"woocommerce-LoopProduct-link woocommerce-loop-product__link\"><div class=\"inner-wrap\">\n<a href=\"https:\/\/www.noumeadiscovery.com\/italian\/produit\/meridien\/\">\n      <div class=\"product-image hover_fade_in_back\">\n      \t         <div class=\"front-image\"><img width=\"200\" height=\"165\" src=\"https:\/\/www.noumeadiscovery.com\/italian\/wp-content\/uploads\/2016\/02\/Swimmingpool-200x165.jpg\" class=\"attachment-shop_catalog size-shop_catalog wp-post-image\" alt=\"\" decoding=\"async\" loading=\"lazy\" \/><\/div>\n\t\t\t\t<div class=\"back-image back\"><img width=\"200\" height=\"165\" src=\"https:\/\/www.noumeadiscovery.com\/italian\/wp-content\/uploads\/2016\/02\/Classic Twin Room-200x165.jpg\" class=\"attachment-shop_catalog size-shop_catalog\" alt=\"\" decoding=\"async\" loading=\"lazy\" \/><\/div>\t\t\t\t\n\t\t \n\t   \t\t\t\n\t\t      <\/div><!-- end product-image -->\n<\/a>      \t\n\n    <div class=\"info style-grid2\">\n\n\t \n          \n\n          <a href=\"https:\/\/www.noumeadiscovery.com\/italian\/produit\/meridien\/\"><p class=\"name\">Le Meridien Noumea Resort &#038; Spa *****<\/p><\/a>\n          \n<div itemprop=\"description\" class=\"short-description\">\n\t<p>L\u2019Hotel Meridien di Noumea e una miscela unica di raffinatezza francese e calda atmosfera di un isola del Pacifico.<br \/>\nUbicato sul lungomare che si affaccia sulla Baia di Anse Vata, \u00e8 immerso nel cuore dei giardini tropicali con accesso diretto alla spiaggia, di fronte al Grand Casin\u00f2 e a soli 10 minuti dal centro della citt\u00e0, dal Centro Culturale Tjibaou (disegnato da Renzo Piano) e dal campo di Golf di Tina.<\/p>\n<\/div>     \n\n     \t\t\n\t\n\t\t<\/div><!-- end info -->\t\n\n<\/div> <!-- .inner-wrap -->\n<\/a>\n<\/li><!-- li.product-small --><\/ul>\n<\/div>\n<\/div><!-- .large-12 --><\/div>\n","protected":false},"excerpt":{"rendered":"","protected":false},"author":6,"featured_media":0,"parent":0,"menu_order":0,"comment_status":"closed","ping_status":"closed","template":"page-right-sidebar-notitle.php","meta":[],"_links":{"self":[{"href":"https:\/\/www.noumeadiscovery.com\/italian\/wp-json\/wp\/v2\/pages\/439"}],"collection":[{"href":"https:\/\/www.noumeadiscovery.com\/italian\/wp-json\/wp\/v2\/pages"}],"about":[{"href":"https:\/\/www.noumeadiscovery.com\/italian\/wp-json\/wp\/v2\/types\/page"}],"author":[{"embeddable":true,"href":"https:\/\/www.noumeadiscovery.com\/italian\/wp-json\/wp\/v2\/users\/6"}],"replies":[{"embeddable":true,"href":"https:\/\/www.noumeadiscovery.com\/italian\/wp-json\/wp\/v2\/comments?post=439"}],"version-history":[{"count":6,"href":"https:\/\/www.noumeadiscovery.com\/italian\/wp-json\/wp\/v2\/pages\/439\/revisions"}],"predecessor-version":[{"id":2232,"href":"https:\/\/www.noumeadiscovery.com\/italian\/wp-json\/wp\/v2\/pages\/439\/revisions\/2232"}],"wp:attachment":[{"href":"https:\/\/www.noumeadiscovery.com\/italian\/wp-json\/wp\/v2\/media?parent=439"}],"curies":[{"name":"wp","href":"https:\/\/api.w.org\/{rel}","templated":true}]}}