{"id":396,"date":"2016-02-18T15:47:31","date_gmt":"2016-02-18T05:47:31","guid":{"rendered":"http:\/\/noumea.respax.com.au\/?page_id=396"},"modified":"2016-09-01T14:19:16","modified_gmt":"2016-09-01T04:19:16","slug":"noumea-tours","status":"publish","type":"page","link":"https:\/\/www.noumeadiscovery.com\/italian\/noumea-tours\/","title":{"rendered":"Escursioni a Noumea"},"content":{"rendered":"   <div id=\"banner_975403848\" class=\"ux_banner dark    \"  style=\"height:150px; \" data-height=\"150px\" role=\"banner\">\n                                  <div class=\"banner-bg \"  style=\"background-image:url('https:\/\/noumeadiscovery.com\/wp-content\/uploads\/2016\/01\/P1040339.jpg'); \"><img src=\"https:\/\/noumeadiscovery.com\/wp-content\/uploads\/2016\/01\/P1040339.jpg\"  alt=\"\" style=\"visibility:hidden;\" \/><\/div>\n                             <div class=\"row\" >\n          <div class=\"inner center text-center \"  style=\"width:70%;\">\n            <div class=\"inner-wrap animated fadeIn\" style=\" \">\n              <h1><strong>Escursioni a Noumea<\/strong><\/h1>\n            <\/div>\n          <\/div>  \n        <\/div>\n                     <\/div><!-- end .ux_banner -->\n\n<div class=\"woocommerce columns-1 \"><div class=\"row\">\n\t<div class=\"large-12 columns\">\n\t<ul class=\"products small-block-grid-1 large-block-grid-1\">\n\n<li class=\"product-small  grid2 grid-boxed\">\n<a href=\"https:\/\/www.noumeadiscovery.com\/italian\/produit\/amedee-island\/\" class=\"woocommerce-LoopProduct-link woocommerce-loop-product__link\"><div class=\"inner-wrap\">\n<a href=\"https:\/\/www.noumeadiscovery.com\/italian\/produit\/amedee-island\/\">\n      <div class=\"product-image hover_fade_in_back\">\n      \t         <div class=\"front-image\"><img width=\"200\" height=\"165\" src=\"https:\/\/www.noumeadiscovery.com\/italian\/wp-content\/uploads\/2015\/12\/10376269_700665263320896_4205220790772486497_n-200x165.jpg\" class=\"attachment-shop_catalog size-shop_catalog wp-post-image\" alt=\"Amedee Island Boardwalk\" decoding=\"async\" loading=\"lazy\" \/><\/div>\n\t\t\t\t<div class=\"back-image back\"><img width=\"200\" height=\"165\" src=\"https:\/\/www.noumeadiscovery.com\/italian\/wp-content\/uploads\/2015\/12\/glass-bottom-boat-amedee-island-200x165.jpg\" class=\"attachment-shop_catalog size-shop_catalog\" alt=\"Glass Bottom Boat Amedee Island\" decoding=\"async\" loading=\"lazy\" \/><\/div>\t\t\t\t\n\t\t \n\t   \t\t\t\n\t\t      <\/div><!-- end product-image -->\n<\/a>      \t\n\n    <div class=\"info style-grid2\">\n\n\t \n          \n\n          <a href=\"https:\/\/www.noumeadiscovery.com\/italian\/produit\/amedee-island\/\"><p class=\"name\">Isola Amedee<\/p><\/a>\n          \n<div itemprop=\"description\" class=\"short-description\">\n\t<p><strong>Durata:<\/strong> circa 8 ore<br \/>\n<strong>Livello di difficolt\u00e0:<\/strong> facile<\/p>\n<\/div>     \n\n     \t\t\n\t\n\t\t<\/div><!-- end info -->\t\n\n<\/div> <!-- .inner-wrap -->\n<\/a>\n<\/li><!-- li.product-small -->\n<li class=\"product-small  grid2 grid-boxed\">\n<a href=\"https:\/\/www.noumeadiscovery.com\/italian\/produit\/tchou-tchou-train\/\" class=\"woocommerce-LoopProduct-link woocommerce-loop-product__link\"><div class=\"inner-wrap\">\n<a href=\"https:\/\/www.noumeadiscovery.com\/italian\/produit\/tchou-tchou-train\/\">\n      <div class=\"product-image hover_fade_in_back\">\n      \t         <div class=\"front-image\"><img width=\"200\" height=\"165\" src=\"https:\/\/www.noumeadiscovery.com\/italian\/wp-content\/uploads\/2015\/12\/sm17-Train-1-Wiki-Wiki-2-200x165.jpg\" class=\"attachment-shop_catalog size-shop_catalog wp-post-image\" alt=\"New Caledonia Day Trips\" decoding=\"async\" loading=\"lazy\" \/><\/div>\n\t\t\t\t<div class=\"back-image back\"><img width=\"200\" height=\"165\" src=\"https:\/\/www.noumeadiscovery.com\/italian\/wp-content\/uploads\/2015\/12\/NU-25-copie-200x165.jpg\" class=\"attachment-shop_catalog size-shop_catalog\" alt=\"Noumea City Tours\" decoding=\"async\" loading=\"lazy\" \/><\/div>\t\t\t\t\n\t\t \n\t   \t\t\t\n\t\t      <\/div><!-- end product-image -->\n<\/a>      \t\n\n    <div class=\"info style-grid2\">\n\n\t \n          \n\n          <a href=\"https:\/\/www.noumeadiscovery.com\/italian\/produit\/tchou-tchou-train\/\"><p class=\"name\">Il Treno Tchou Tchou<\/p><\/a>\n          \n<div itemprop=\"description\" class=\"short-description\">\n\t<p><strong>Durata:<\/strong> circa 2 ore<br \/>\n<strong>Livello di difficolt\u00e0:<\/strong> facile<br \/>\nSalite a bordo del treno Tchou Tchou per una visita guidata di Noumea<\/p>\n<p><em>* Tariffe applicabili per un minimo di 3 notti in Nuova Caledonia<\/em><\/p>\n<p>&nbsp;<\/p>\n<\/div>     \n\n     \t\t\n\t\n\t\t<\/div><!-- end info -->\t\n\n<\/div> <!-- .inner-wrap -->\n<\/a>\n<\/li><!-- li.product-small -->\n<li class=\"product-small  grid2 grid-boxed\">\n<a href=\"https:\/\/www.noumeadiscovery.com\/italian\/produit\/tjibaou-cultural-center\/\" class=\"woocommerce-LoopProduct-link woocommerce-loop-product__link\"><div class=\"inner-wrap\">\n<a href=\"https:\/\/www.noumeadiscovery.com\/italian\/produit\/tjibaou-cultural-center\/\">\n      <div class=\"product-image hover_fade_in_back\">\n      \t         <div class=\"front-image\"><img width=\"200\" height=\"165\" src=\"https:\/\/www.noumeadiscovery.com\/italian\/wp-content\/uploads\/2016\/07\/tijbaou_a-200x165.jpg\" class=\"attachment-shop_catalog size-shop_catalog wp-post-image\" alt=\"\" decoding=\"async\" loading=\"lazy\" \/><\/div>\n\t\t\t\t<div class=\"back-image back\"><img width=\"200\" height=\"165\" src=\"https:\/\/www.noumeadiscovery.com\/italian\/wp-content\/uploads\/2016\/07\/ADCK-200x165.jpg\" class=\"attachment-shop_catalog size-shop_catalog\" alt=\"\" decoding=\"async\" loading=\"lazy\" \/><\/div>\t\t\t\t\n\t\t \n\t   \t\t\t\n\t\t      <\/div><!-- end product-image -->\n<\/a>      \t\n\n    <div class=\"info style-grid2\">\n\n\t \n          \n\n          <a href=\"https:\/\/www.noumeadiscovery.com\/italian\/produit\/tjibaou-cultural-center\/\"><p class=\"name\">Centro Culturale Tjibaou<\/p><\/a>\n          \n<div itemprop=\"description\" class=\"short-description\">\n\t<p><strong>Durata:<\/strong> 2 ore<br \/>\n<strong>Livello:<\/strong> Facile<br \/>\n<strong>Partenza :<\/strong> Martedi &#8211; altro giorno su richiesta<\/p>\n<p>Luogo di Partenza &#8211; dall&rsquo;agenzia Mary D (Anse Vata)<\/p>\n<\/div>     \n\n     \t\t\n\t\n\t\t<\/div><!-- end info -->\t\n\n<\/div> <!-- .inner-wrap -->\n<\/a>\n<\/li><!-- li.product-small -->\n<li class=\"product-small  grid2 grid-boxed\">\n<a href=\"https:\/\/www.noumeadiscovery.com\/italian\/produit\/forest-park\/\" class=\"woocommerce-LoopProduct-link woocommerce-loop-product__link\"><div class=\"inner-wrap\">\n<a href=\"https:\/\/www.noumeadiscovery.com\/italian\/produit\/forest-park\/\">\n      <div class=\"product-image hover_fade_in_back\">\n      \t         <div class=\"front-image\"><img width=\"200\" height=\"165\" src=\"https:\/\/www.noumeadiscovery.com\/italian\/wp-content\/uploads\/2016\/07\/parc-view-lake-200x165.jpg\" class=\"attachment-shop_catalog size-shop_catalog wp-post-image\" alt=\"\" decoding=\"async\" loading=\"lazy\" \/><\/div>\n\t\t\t\t<div class=\"back-image back\"><img width=\"200\" height=\"165\" src=\"https:\/\/www.noumeadiscovery.com\/italian\/wp-content\/uploads\/2016\/07\/cagou-2-200x165.jpg\" class=\"attachment-shop_catalog size-shop_catalog\" alt=\"\" decoding=\"async\" loading=\"lazy\" srcset=\"https:\/\/www.noumeadiscovery.com\/italian\/wp-content\/uploads\/2016\/07\/cagou-2-200x165.jpg 200w, https:\/\/www.noumeadiscovery.com\/italian\/wp-content\/uploads\/2016\/07\/cagou-2-250x207.jpg 250w, https:\/\/www.noumeadiscovery.com\/italian\/wp-content\/uploads\/2016\/07\/cagou-2-550x456.jpg 550w, https:\/\/www.noumeadiscovery.com\/italian\/wp-content\/uploads\/2016\/07\/cagou-2-217x180.jpg 217w, https:\/\/www.noumeadiscovery.com\/italian\/wp-content\/uploads\/2016\/07\/cagou-2-362x300.jpg 362w, https:\/\/www.noumeadiscovery.com\/italian\/wp-content\/uploads\/2016\/07\/cagou-2-603x500.jpg 603w, https:\/\/www.noumeadiscovery.com\/italian\/wp-content\/uploads\/2016\/07\/cagou-2.jpg 700w\" sizes=\"(max-width: 200px) 100vw, 200px\" \/><\/div>\t\t\t\t\n\t\t \n\t   \t\t\t\n\t\t      <\/div><!-- end product-image -->\n<\/a>      \t\n\n    <div class=\"info style-grid2\">\n\n\t \n          \n\n          <a href=\"https:\/\/www.noumeadiscovery.com\/italian\/produit\/forest-park\/\"><p class=\"name\">Parco Forestale<\/p><\/a>\n          \n<div itemprop=\"description\" class=\"short-description\">\n\t<p><strong>Durata:<\/strong> 2 ore e mezza<br \/>\n<strong>Livello:<\/strong> Facile<br \/>\n<strong>Partenza:<\/strong> Martedi \u2013 altro giorno su richiesta.<\/p>\n<\/div>     \n\n     \t\t\n\t\n\t\t<\/div><!-- end info -->\t\n\n<\/div> <!-- .inner-wrap -->\n<\/a>\n<\/li><!-- li.product-small -->\n<li class=\"product-small  grid2 grid-boxed\">\n<a href=\"https:\/\/www.noumeadiscovery.com\/italian\/produit\/scenic-drive-with-cheese-wine\/\" class=\"woocommerce-LoopProduct-link woocommerce-loop-product__link\"><div class=\"inner-wrap\">\n<a href=\"https:\/\/www.noumeadiscovery.com\/italian\/produit\/scenic-drive-with-cheese-wine\/\">\n      <div class=\"product-image hover_fade_in_back\">\n      \t         <div class=\"front-image\"><img width=\"200\" height=\"165\" src=\"https:\/\/www.noumeadiscovery.com\/italian\/wp-content\/uploads\/2016\/01\/thumb_DSC_0054_1024-200x165.jpg\" class=\"attachment-shop_catalog size-shop_catalog wp-post-image\" alt=\"\" decoding=\"async\" loading=\"lazy\" \/><\/div>\n\t\t\t\t<div class=\"back-image back\"><img width=\"200\" height=\"165\" src=\"https:\/\/www.noumeadiscovery.com\/italian\/wp-content\/uploads\/2016\/04\/DSC_0020-200x165.jpg\" class=\"attachment-shop_catalog size-shop_catalog\" alt=\"\" decoding=\"async\" loading=\"lazy\" \/><\/div>\t\t\t\t\n\t\t \n\t   \t\t\t\n\t\t      <\/div><!-- end product-image -->\n<\/a>      \t\n\n    <div class=\"info style-grid2\">\n\n\t \n          \n\n          <a href=\"https:\/\/www.noumeadiscovery.com\/italian\/produit\/scenic-drive-with-cheese-wine\/\"><p class=\"name\">Il Tour del buon gustaio<\/p><\/a>\n          \n<div itemprop=\"description\" class=\"short-description\">\n\t<p><strong>Durata:<\/strong> circa 2 ore<br \/>\n<strong>Livello di difficolt\u00e0:<\/strong> facile<\/p>\n<p><strong>Incluso nel tour :<\/strong><\/p>\n<ul>\n<li>Minibus e autista<\/li>\n<li>Guida con spiegazione in Inglese o francese<\/li>\n<li>Degustazione commentata di vini (rosso, bianco e rosato), formaggi e gastronomia<\/li>\n<li>\u00a0Visita guidata dei siti specificati.<\/li>\n<\/ul>\n<\/div>     \n\n     \t\t\n\t\n\t\t<\/div><!-- end info -->\t\n\n<\/div> <!-- .inner-wrap -->\n<\/a>\n<\/li><!-- li.product-small -->\n<li class=\"product-small  grid2 grid-boxed\">\n<a href=\"https:\/\/www.noumeadiscovery.com\/italian\/produit\/tree-tree-climbing\/\" class=\"woocommerce-LoopProduct-link woocommerce-loop-product__link\"><div class=\"inner-wrap\">\n<a href=\"https:\/\/www.noumeadiscovery.com\/italian\/produit\/tree-tree-climbing\/\">\n      <div class=\"product-image hover_fade_in_back\">\n      \t         <div class=\"front-image\"><img width=\"200\" height=\"165\" src=\"https:\/\/www.noumeadiscovery.com\/italian\/wp-content\/uploads\/2016\/07\/Tree-to-Tree-2-200x165.jpg\" class=\"attachment-shop_catalog size-shop_catalog wp-post-image\" alt=\"\" decoding=\"async\" loading=\"lazy\" \/><\/div>\n\t\t\t\t<div class=\"back-image back\"><img width=\"200\" height=\"165\" src=\"https:\/\/www.noumeadiscovery.com\/italian\/wp-content\/uploads\/2016\/07\/Tree-to-Tree-3-200x165.jpg\" class=\"attachment-shop_catalog size-shop_catalog\" alt=\"\" decoding=\"async\" loading=\"lazy\" \/><\/div>\t\t\t\t\n\t\t \n\t   \t\t\t\n\t\t      <\/div><!-- end product-image -->\n<\/a>      \t\n\n    <div class=\"info style-grid2\">\n\n\t \n          \n\n          <a href=\"https:\/\/www.noumeadiscovery.com\/italian\/produit\/tree-tree-climbing\/\"><p class=\"name\">Arrampicandosi, Da Un Albero All\u2019altro<\/p><\/a>\n          \n<div itemprop=\"description\" class=\"short-description\">\n\t<p><strong>Durata:<\/strong> circa 30 minuti o +<br \/>\n<strong>Livello di difficolt\u00e0: <\/strong>da facile a difficile a seconda dell\u2019attivit\u00e0 scelta<br \/>\nDa 6 anni o +<br \/>\nFarete quindi un test di prova per verificare la vostra capacit\u00e0 per poter affrontare sentieri sempre pi\u00f9 avanzati. Ora l&#039;avventura \u00e8 vostra!<\/p>\n<\/div>     \n\n     \t\t\n\t\n\t\t<\/div><!-- end info -->\t\n\n<\/div> <!-- .inner-wrap -->\n<\/a>\n<\/li><!-- li.product-small -->\n<li class=\"product-small  grid2 grid-boxed\">\n<a href=\"https:\/\/www.noumeadiscovery.com\/italian\/produit\/noumea-segway-adventure\/\" class=\"woocommerce-LoopProduct-link woocommerce-loop-product__link\"><div class=\"inner-wrap\">\n<a href=\"https:\/\/www.noumeadiscovery.com\/italian\/produit\/noumea-segway-adventure\/\">\n      <div class=\"product-image hover_fade_in_back\">\n      \t         <div class=\"front-image\"><img width=\"200\" height=\"165\" src=\"https:\/\/www.noumeadiscovery.com\/italian\/wp-content\/uploads\/2016\/02\/noumea-city-tours-200x165.jpg\" class=\"attachment-shop_catalog size-shop_catalog wp-post-image\" alt=\"\" decoding=\"async\" loading=\"lazy\" \/><\/div>\n\t\t\t\t<div class=\"back-image back\"><img width=\"200\" height=\"165\" src=\"https:\/\/www.noumeadiscovery.com\/italian\/wp-content\/uploads\/2016\/02\/new-caledonia-tours-200x165.jpg\" class=\"attachment-shop_catalog size-shop_catalog\" alt=\"\" decoding=\"async\" loading=\"lazy\" \/><\/div>\t\t\t\t\n\t\t \n\t   \t\t\t\n\t\t      <\/div><!-- end product-image -->\n<\/a>      \t\n\n    <div class=\"info style-grid2\">\n\n\t \n          \n\n          <a href=\"https:\/\/www.noumeadiscovery.com\/italian\/produit\/noumea-segway-adventure\/\"><p class=\"name\">Avventura A Noumea In Segway<\/p><\/a>\n          \n<div itemprop=\"description\" class=\"short-description\">\n\t<p><strong>Durata:<\/strong> circa 1 ora<br \/>\n<strong>Livello di difficolt\u00e0:<\/strong> facile<br \/>\nPartirete per un giro lungo la Baia di Anse Vata e la Baia dei Limoni.<\/p>\n<\/div>     \n\n     \t\t\n\t\n\t\t<\/div><!-- end info -->\t\n\n<\/div> <!-- .inner-wrap -->\n<\/a>\n<\/li><!-- li.product-small -->\n<li class=\"product-small  grid2 grid-boxed\">\n<a href=\"https:\/\/www.noumeadiscovery.com\/italian\/produit\/tenia-island-daytrip\/\" class=\"woocommerce-LoopProduct-link woocommerce-loop-product__link\"><div class=\"inner-wrap\">\n<a href=\"https:\/\/www.noumeadiscovery.com\/italian\/produit\/tenia-island-daytrip\/\">\n      <div class=\"product-image hover_fade_in_back\">\n      \t         <div class=\"front-image\"><img width=\"200\" height=\"165\" src=\"https:\/\/www.noumeadiscovery.com\/italian\/wp-content\/uploads\/2016\/excursions\/Aerial Tenia (11)-200x165.jpg\" class=\"attachment-shop_catalog size-shop_catalog wp-post-image\" alt=\"\" decoding=\"async\" loading=\"lazy\" \/><\/div>\n\t\t\t\t<div class=\"back-image back\"><img width=\"200\" height=\"165\" src=\"https:\/\/www.noumeadiscovery.com\/italian\/wp-content\/uploads\/2016\/excursions\/Aerial Tenia kayak-200x165.jpg\" class=\"attachment-shop_catalog size-shop_catalog\" alt=\"\" decoding=\"async\" loading=\"lazy\" \/><\/div>\t\t\t\t\n\t\t \n\t   \t\t\t\n\t\t      <\/div><!-- end product-image -->\n<\/a>      \t\n\n    <div class=\"info style-grid2\">\n\n\t \n          \n\n          <a href=\"https:\/\/www.noumeadiscovery.com\/italian\/produit\/tenia-island-daytrip\/\"><p class=\"name\">Escursione all\u2019isola di TENIA<\/p><\/a>\n          \n<div itemprop=\"description\" class=\"short-description\">\n\t<p><strong>Durata:<\/strong> circa 8 ore<br \/>\n<strong>Grado di difficolt\u00e0:<\/strong> facile<br \/>\nL\u2019isola di Tenia \u00e8 una riserva marina protetta. E&rsquo; vietato disturbare i pesci, raccogliere la sabbia o le conchiglie, cacciare o pescare,\u00a0 lasciare rifiuti o rovinare il luogo in alcun modo.<\/p>\n<\/div>     \n\n     \t\t\n\t\n\t\t<\/div><!-- end info -->\t\n\n<\/div> <!-- .inner-wrap -->\n<\/a>\n<\/li><!-- li.product-small -->\n<li class=\"product-small  grid2 grid-boxed\">\n<a href=\"https:\/\/www.noumeadiscovery.com\/italian\/produit\/jet-skiing-flyboarding-teleskiing-tubing\/\" class=\"woocommerce-LoopProduct-link woocommerce-loop-product__link\"><div class=\"inner-wrap\">\n<a href=\"https:\/\/www.noumeadiscovery.com\/italian\/produit\/jet-skiing-flyboarding-teleskiing-tubing\/\">\n      <div class=\"product-image hover_fade_in_back\">\n      \t         <div class=\"front-image\"><img width=\"200\" height=\"165\" src=\"https:\/\/www.noumeadiscovery.com\/italian\/wp-content\/uploads\/2018\/02\/Jetski-1-200x165.jpg\" class=\"attachment-shop_catalog size-shop_catalog wp-post-image\" alt=\"\" decoding=\"async\" loading=\"lazy\" \/><\/div>\n\t\t\t\t<div class=\"back-image back\"><img width=\"200\" height=\"165\" src=\"https:\/\/www.noumeadiscovery.com\/italian\/wp-content\/uploads\/2018\/02\/858925_385936354869971_378704432_o-200x165.jpg\" class=\"attachment-shop_catalog size-shop_catalog\" alt=\"\" decoding=\"async\" loading=\"lazy\" \/><\/div>\t\t\t\t\n\t\t \n\t   \t\t\t\n\t\t      <\/div><!-- end product-image -->\n<\/a>      \t\n\n    <div class=\"info style-grid2\">\n\n\t \n          \n\n          <a href=\"https:\/\/www.noumeadiscovery.com\/italian\/produit\/jet-skiing-flyboarding-teleskiing-tubing\/\"><p class=\"name\">Jet Skiing<\/p><\/a>\n          \n<div itemprop=\"description\" class=\"short-description\">\n\t<p><strong>Jetski<\/strong><\/p>\n<p>Pronti a scoprire il lagon pi\u00f9 bello al mondo sul vostro jetski e scortati dal vostro istruttore!<\/p>\n<p>Non dimenticate gli occhiali da sole, la protezione solare, maschera e boccaglio.<\/p>\n<p>&nbsp;<\/p>\n<\/div>     \n\n     \t\t\n\t\n\t\t<\/div><!-- end info -->\t\n\n<\/div> <!-- .inner-wrap -->\n<\/a>\n<\/li><!-- li.product-small -->\n<li class=\"product-small  grid2 grid-boxed\">\n<a href=\"https:\/\/www.noumeadiscovery.com\/italian\/produit\/stand-up-paddle\/\" class=\"woocommerce-LoopProduct-link woocommerce-loop-product__link\"><div class=\"inner-wrap\">\n<a href=\"https:\/\/www.noumeadiscovery.com\/italian\/produit\/stand-up-paddle\/\">\n      <div class=\"product-image hover_fade_in_back\">\n      \t         <div class=\"front-image\"><img width=\"200\" height=\"165\" src=\"https:\/\/www.noumeadiscovery.com\/italian\/wp-content\/uploads\/2016\/01\/paddle-board-noumea-200x165.jpg\" class=\"attachment-shop_catalog size-shop_catalog wp-post-image\" alt=\"Noumea Adventures\" decoding=\"async\" loading=\"lazy\" \/><\/div>\n\t\t\t\t<div class=\"back-image back\"><img width=\"200\" height=\"165\" src=\"https:\/\/www.noumeadiscovery.com\/italian\/wp-content\/uploads\/2016\/01\/noumea-water-activities-200x165.jpg\" class=\"attachment-shop_catalog size-shop_catalog\" alt=\"Noumea Adventures\" decoding=\"async\" loading=\"lazy\" \/><\/div>\t\t\t\t\n\t\t \n\t   \t\t\t\n\t\t      <\/div><!-- end product-image -->\n<\/a>      \t\n\n    <div class=\"info style-grid2\">\n\n\t \n          \n\n          <a href=\"https:\/\/www.noumeadiscovery.com\/italian\/produit\/stand-up-paddle\/\"><p class=\"name\">Stand up Paddle<\/p><\/a>\n          \n<div itemprop=\"description\" class=\"short-description\">\n\t<p><strong>Durata:<\/strong> 2ore e 30 minuti<br \/>\n<strong>Livello di difficolt\u00e0:<\/strong> Medio<br \/>\n<strong>Partenza garantita:<\/strong><br \/>\n<strong>Numero minimo di persone:<\/strong><\/p>\n<p>La laguna di Noumea \u00e8 un sito iscritto nelle liste del patrimonio mondiale dell\u2019Unesco e\u00a0 troverete inoltre la seconda pi\u00f9 grande barriera corallina del mondo, rendendo questa escursione un&rsquo;esperienza indimenticabile.<\/p>\n<\/div>     \n\n     \t\t\n\t\n\t\t<\/div><!-- end info -->\t\n\n<\/div> <!-- .inner-wrap -->\n<\/a>\n<\/li><!-- li.product-small --><\/ul>\n<\/div>\n<\/div><!-- .large-12 --><\/div>\n","protected":false},"excerpt":{"rendered":"","protected":false},"author":6,"featured_media":0,"parent":0,"menu_order":0,"comment_status":"closed","ping_status":"closed","template":"page-right-sidebar-notitle.php","meta":[],"_links":{"self":[{"href":"https:\/\/www.noumeadiscovery.com\/italian\/wp-json\/wp\/v2\/pages\/396"}],"collection":[{"href":"https:\/\/www.noumeadiscovery.com\/italian\/wp-json\/wp\/v2\/pages"}],"about":[{"href":"https:\/\/www.noumeadiscovery.com\/italian\/wp-json\/wp\/v2\/types\/page"}],"author":[{"embeddable":true,"href":"https:\/\/www.noumeadiscovery.com\/italian\/wp-json\/wp\/v2\/users\/6"}],"replies":[{"embeddable":true,"href":"https:\/\/www.noumeadiscovery.com\/italian\/wp-json\/wp\/v2\/comments?post=396"}],"version-history":[{"count":8,"href":"https:\/\/www.noumeadiscovery.com\/italian\/wp-json\/wp\/v2\/pages\/396\/revisions"}],"predecessor-version":[{"id":1887,"href":"https:\/\/www.noumeadiscovery.com\/italian\/wp-json\/wp\/v2\/pages\/396\/revisions\/1887"}],"wp:attachment":[{"href":"https:\/\/www.noumeadiscovery.com\/italian\/wp-json\/wp\/v2\/media?parent=396"}],"curies":[{"name":"wp","href":"https:\/\/api.w.org\/{rel}","templated":true}]}}