{"id":1250,"date":"2016-04-15T10:16:05","date_gmt":"2016-04-15T00:16:05","guid":{"rendered":"http:\/\/noumea.respax.com.au\/?page_id=1250"},"modified":"2017-04-06T10:02:15","modified_gmt":"2017-04-06T00:02:15","slug":"bourail","status":"publish","type":"page","link":"https:\/\/www.noumeadiscovery.com\/italian\/destinations\/bourail\/","title":{"rendered":"Bourail"},"content":{"rendered":"   <div id=\"banner_1634666646\" class=\"ux_banner dark    \"  style=\"height:150px; \" data-height=\"150px\" role=\"banner\">\n                                  <div class=\"banner-bg \"  style=\"background-image:url('https:\/\/noumeadiscovery.com\/wp-content\/uploads\/2016\/04\/bourail.jpg'); \"><img src=\"https:\/\/noumeadiscovery.com\/wp-content\/uploads\/2016\/04\/bourail.jpg\"  alt=\"\" style=\"visibility:hidden;\" \/><\/div>\n                             <div class=\"row\" >\n          <div class=\"inner center text-center \"  style=\"width:70%;\">\n            <div class=\"inner-wrap animated fadeIn\" style=\" \">\n              <h1>Bourail<\/h1>\n            <\/div>\n          <\/div>  \n        <\/div>\n                     <\/div><!-- end .ux_banner -->\n\n<p>Bourail si trova a 160 km da Noumea ed \u00e8 un \u00ab\u00a0must\u00a0\u00bb per i turisti. E\u2019 ubicata tra la macchia di foresta secca e la splendida laguna (patrimonio Unesco). \u00a0La zona \u00a0\u00e8 soprannominata\u00a0 \u00ab\u00a0Il Far West della Nuova Caledonia\u00a0\u00bb, per le sue pianure erbose dedicate al bestiame. Ogni anno (met\u00e0 agosto) una grande fiera \u00e8 organizzata attorno a questo tema rurale. Benvenuti nel Far West Caledoniano !<\/p>\n<h3>Luoghi da vedere :<\/h3>\n\t<div  class=\"row container \">\n<div class=\"small-12    large-3  columns   \"  ><div class=\"column-inner\"  >\n<div class=\"imagebox\">   <div id=\"banner_236922348\" class=\"ux_banner dark    \"  style=\"height:180px; \" data-height=\"180px\" role=\"banner\">\n      <a href=\"#green\" >                            <div class=\"banner-bg \"  style=\"background-image:url('https:\/\/noumeadiscovery.com\/wp-content\/uploads\/2016\/04\/ile verte.JPG'); \"><img src=\"https:\/\/noumeadiscovery.com\/wp-content\/uploads\/2016\/04\/ile verte.JPG\"  alt=\"\" style=\"visibility:hidden;\" \/><\/div>\n                             <div class=\"row\" >\n          <div class=\"inner center text-center \"  style=\"width:70%;\">\n            <div class=\"inner-wrap animated fadeIn\" style=\" \">\n                          <\/div>\n          <\/div>  \n        <\/div>\n       <\/a>              <\/div><!-- end .ux_banner -->\n\n<div class=\"imagelabel\">\n<h3><a href=\"#green\">L&rsquo;isola Verde<\/a><\/h3>\n<\/div>\n<\/div>\n<\/div><\/div>\n<div class=\"small-12    large-3  columns   \"  ><div class=\"column-inner\"  >\n<div class=\"imagebox\">   <div id=\"banner_1100418560\" class=\"ux_banner dark    \"  style=\"height:180px; \" data-height=\"180px\" role=\"banner\">\n      <a href=\"#roche\" >                            <div class=\"banner-bg \"  style=\"background-image:url('https:\/\/noumeadiscovery.com\/wp-content\/uploads\/2016\/04\/la roche percee.jpg'); \"><img src=\"https:\/\/noumeadiscovery.com\/wp-content\/uploads\/2016\/04\/la roche percee.jpg\"  alt=\"\" style=\"visibility:hidden;\" \/><\/div>\n                             <div class=\"row\" >\n          <div class=\"inner center text-center \"  style=\"width:70%;\">\n            <div class=\"inner-wrap animated fadeIn\" style=\" \">\n                          <\/div>\n          <\/div>  \n        <\/div>\n       <\/a>              <\/div><!-- end .ux_banner -->\n\n<div class=\"imagelabel\">\n<h3><a href=\"#roche\">La Roche Percee<\/a><\/h3>\n<\/div>\n<\/div>\n<\/div><\/div>\n<div class=\"small-12    large-3  columns   \"  ><div class=\"column-inner\"  >\n<div class=\"imagebox\">   <div id=\"banner_1464597515\" class=\"ux_banner dark    \"  style=\"height:180px; \" data-height=\"180px\" role=\"banner\">\n      <a href=\"#turtle\" >                            <div class=\"banner-bg \"  style=\"background-image:url('https:\/\/noumeadiscovery.com\/wp-content\/uploads\/2016\/04\/turtle bay.jpg'); \"><img src=\"https:\/\/noumeadiscovery.com\/wp-content\/uploads\/2016\/04\/turtle bay.jpg\"  alt=\"\" style=\"visibility:hidden;\" \/><\/div>\n                             <div class=\"row\" >\n          <div class=\"inner center text-center \"  style=\"width:70%;\">\n            <div class=\"inner-wrap animated fadeIn\" style=\" \">\n                          <\/div>\n          <\/div>  \n        <\/div>\n       <\/a>              <\/div><!-- end .ux_banner -->\n\n<div class=\"imagelabel\">\n<h3><a href=\"#turtle\"><strong>La Baia delle Tartarughe<\/strong><\/a><\/h3>\n<\/div>\n<\/div>\n<\/div><\/div>\n<div class=\"small-12    large-3  columns   \"  ><div class=\"column-inner\"  >\n<div class=\"imagebox\">   <div id=\"banner_1428808499\" class=\"ux_banner dark    \"  style=\"height:180px; \" data-height=\"180px\" role=\"banner\">\n      <a href=\"#poe\" >                            <div class=\"banner-bg \"  style=\"background-image:url('https:\/\/noumeadiscovery.com\/wp-content\/uploads\/2016\/04\/poe beach.jpg'); \"><img src=\"https:\/\/noumeadiscovery.com\/wp-content\/uploads\/2016\/04\/poe beach.jpg\"  alt=\"\" style=\"visibility:hidden;\" \/><\/div>\n                             <div class=\"row\" >\n          <div class=\"inner center text-center \"  style=\"width:70%;\">\n            <div class=\"inner-wrap animated fadeIn\" style=\" \">\n                          <\/div>\n          <\/div>  \n        <\/div>\n       <\/a>              <\/div><!-- end .ux_banner -->\n\n<div class=\"imagelabel\">\n<h3><a href=\"#poe\">Poe<\/a><\/h3>\n<\/div>\n<\/div>\n<\/div><\/div><\/div>\n  \t<div  class=\"row container \"><div class=\"small-12    large-3  columns   \"  ><div class=\"column-inner\"  >\n<div class=\"imagebox\">   <div id=\"banner_478995759\" class=\"ux_banner dark    \"  style=\"height:180px; \" data-height=\"180px\" role=\"banner\">\n      <a href=\"#fair\" >                            <div class=\"banner-bg \"  style=\"background-image:url('https:\/\/noumeadiscovery.com\/wp-content\/uploads\/2016\/04\/foire bourail.jpg'); \"><img src=\"https:\/\/noumeadiscovery.com\/wp-content\/uploads\/2016\/04\/foire bourail.jpg\"  alt=\"\" style=\"visibility:hidden;\" \/><\/div>\n                             <div class=\"row\" >\n          <div class=\"inner center text-center \"  style=\"width:70%;\">\n            <div class=\"inner-wrap animated fadeIn\" style=\" \">\n                          <\/div>\n          <\/div>  \n        <\/div>\n       <\/a>              <\/div><!-- end .ux_banner -->\n\n<div class=\"imagelabel\">\n<h3><a href=\"#fair\">Fiera di Bourail<\/a><\/h3>\n<\/div>\n<\/div>\n<\/div><\/div><div class=\"small-12    large-3  columns   \"  ><div class=\"column-inner\"  >\n<div class=\"imagebox\">   <div id=\"banner_2081896443\" class=\"ux_banner dark    \"  style=\"height:180px; \" data-height=\"180px\" role=\"banner\">\n      <a href=\"#museum\" >                            <div class=\"banner-bg \"  style=\"background-image:url('https:\/\/noumeadiscovery.com\/wp-content\/uploads\/2016\/04\/bourail museum.jpg'); \"><img src=\"https:\/\/noumeadiscovery.com\/wp-content\/uploads\/2016\/04\/bourail museum.jpg\"  alt=\"\" style=\"visibility:hidden;\" \/><\/div>\n                             <div class=\"row\" >\n          <div class=\"inner center text-center \"  style=\"width:70%;\">\n            <div class=\"inner-wrap animated fadeIn\" style=\" \">\n                          <\/div>\n          <\/div>  \n        <\/div>\n       <\/a>              <\/div><!-- end .ux_banner -->\n\n<div class=\"imagelabel\">\n<h3><a href=\"#museum\">Museo di Bourail<\/a><\/h3>\n<\/div>\n<\/div>\n<\/div><\/div><div class=\"small-12    large-3  columns   \"  ><div class=\"column-inner\"  >\n<div class=\"imagebox\">   <div id=\"banner_2054944735\" class=\"ux_banner dark    \"  style=\"height:180px; \" data-height=\"180px\" role=\"banner\">\n      <a href=\"#gouaro\" >                            <div class=\"banner-bg \"  style=\"background-image:url('https:\/\/noumeadiscovery.com\/wp-content\/uploads\/2016\/04\/gouaro deva.jpg'); \"><img src=\"https:\/\/noumeadiscovery.com\/wp-content\/uploads\/2016\/04\/gouaro deva.jpg\"  alt=\"\" style=\"visibility:hidden;\" \/><\/div>\n                             <div class=\"row\" >\n          <div class=\"inner center text-center \"  style=\"width:70%;\">\n            <div class=\"inner-wrap animated fadeIn\" style=\" \">\n                          <\/div>\n          <\/div>  \n        <\/div>\n       <\/a>              <\/div><!-- end .ux_banner -->\n\n<div class=\"imagelabel\">\n<h3><a href=\"#gouaro\"><strong>Dominio Gouaro Deva<\/strong><\/a><\/h3>\n<\/div>\n<\/div>\n<\/div><\/div><div class=\"small-12    large-3  columns   \"  ><div class=\"column-inner\"  >\n<div class=\"imagebox\">   <div id=\"banner_765669128\" class=\"ux_banner dark    \"  style=\"height:180px; \" data-height=\"180px\" role=\"banner\">\n      <a href=\"#nz\" >                            <div class=\"banner-bg \"  style=\"background-image:url('https:\/\/noumeadiscovery.com\/wp-content\/uploads\/2016\/04\/nz cimetery.jpg'); \"><img src=\"https:\/\/noumeadiscovery.com\/wp-content\/uploads\/2016\/04\/nz cimetery.jpg\"  alt=\"\" style=\"visibility:hidden;\" \/><\/div>\n                             <div class=\"row\" >\n          <div class=\"inner center text-center \"  style=\"width:70%;\">\n            <div class=\"inner-wrap animated fadeIn\" style=\" \">\n                          <\/div>\n          <\/div>  \n        <\/div>\n       <\/a>              <\/div><!-- end .ux_banner -->\n\n<div class=\"imagelabel\">\n<h3><a href=\"#nz\"><strong>Cimitero Militare Neozelandese<\/strong><\/a><\/h3>\n<\/div>\n<\/div>\n<\/div><\/div><\/div>\n  \n \n\n<div id=\"green\" class=\"mfp-hide mfp-content-inner lightbox-white\" style=\"max-width:600px;padding:20px\">\n    <h3>L&rsquo;isola Verde<\/h3>\n<p>Quest\u2019isola \u00e8 ideale per chi ama lo snorkeling e per ammirare la vita marina della laguna. Si tratta di una zona protetta, la pesca \u00e8 vietata e viene richiesto di non raccogliere conchiglie ne disturbare l\u2019habitat degli uccelli.<\/p>\n<\/div><!-- Lightbox-green -->\n\n<script>\njQuery(document).ready(function($) {\n\n      \n      $('a[href=\"#green\"]').click(function(e){\n         \/\/ Close openend lightboxes\n         var delay = 0;\n         \n         if($.magnificPopup.open){\n            $.magnificPopup.close();\n            delay = 300;\n         }\n\n         \/\/ Start lightbox\n         setTimeout(function(){\n            $.magnificPopup.open({\n                  midClick: true,\n                  removalDelay: 300,\n                  items: {\n                    src: '#green', \n                    type: 'inline'\n                  }\n            });\n          }, delay);\n\n        e.preventDefault();\n      });\n});\n<\/script>\n\n \n\n<div id=\"roche\" class=\"mfp-hide mfp-content-inner lightbox-white\" style=\"max-width:600px;padding:20px\">\n    <h3>La Roche Percee<\/h3>\n<p>L&rsquo;oceano ha creato questo \u00ab\u00a0buco nella roccia\u00a0\u00bb. La roccia \u00e8 a forma di testa di un uomo ed \u00e8 soprannominata\u00a0 \u00ab\u00a0l\u2019uomo di Bourail\u00a0\u00bb. Leggende locali raccontano che \u00e8 il guardiano della baia. L\u2019erosione naturale ha creato paesaggi spettacolari unici che si affacciano sull&rsquo;oceano. Lunghe passeggiate vi aspettano!<\/p>\n<p>La spiaggia \u00e8 un luogo d\u2019incontro per chi ama fare surf, infatti attira appasionati da tutto il paese e \u00a0regolarmente vengono organizzate gare di surf.<\/p>\n<\/div><!-- Lightbox-roche -->\n\n<script>\njQuery(document).ready(function($) {\n\n      \n      $('a[href=\"#roche\"]').click(function(e){\n         \/\/ Close openend lightboxes\n         var delay = 0;\n         \n         if($.magnificPopup.open){\n            $.magnificPopup.close();\n            delay = 300;\n         }\n\n         \/\/ Start lightbox\n         setTimeout(function(){\n            $.magnificPopup.open({\n                  midClick: true,\n                  removalDelay: 300,\n                  items: {\n                    src: '#roche', \n                    type: 'inline'\n                  }\n            });\n          }, delay);\n\n        e.preventDefault();\n      });\n});\n<\/script>\n\n \n\n<div id=\"turtle\" class=\"mfp-hide mfp-content-inner lightbox-white\" style=\"max-width:600px;padding:20px\">\n    <h3><strong>La Baia delle Tartarughe<\/strong><\/h3>\n<p>La Baia delle Tartarughe \u00a0\u00e8 famosa perch\u00e8 le tartarughe marine vengono a deporre le uova sulla spiaggia. Un&rsquo;associazione ha il compito di proteggerle e contarle durante la stagione della deposizione delle uova. Questa baia \u00e8 circondata da pini coloniali e altri alberi endemici che rendono il luogo magico e indimenticabile per un fantastico picnic.\u00a0 Non \u00e8 consentito nuotare a causa delle forti e pericolose correnti. Il circuito delle tre Baie \u00e8 una pista di 4 km che vi condurr\u00e0 lungo la costa per ammirare \u00a0la Baia delle Tartarughe, la Baia degli Innamorati \u00a0e la Roche Perc\u00e9e.<\/p>\n<\/div><!-- Lightbox-turtle -->\n\n<script>\njQuery(document).ready(function($) {\n\n      \n      $('a[href=\"#turtle\"]').click(function(e){\n         \/\/ Close openend lightboxes\n         var delay = 0;\n         \n         if($.magnificPopup.open){\n            $.magnificPopup.close();\n            delay = 300;\n         }\n\n         \/\/ Start lightbox\n         setTimeout(function(){\n            $.magnificPopup.open({\n                  midClick: true,\n                  removalDelay: 300,\n                  items: {\n                    src: '#turtle', \n                    type: 'inline'\n                  }\n            });\n          }, delay);\n\n        e.preventDefault();\n      });\n});\n<\/script>\n\n \n\n<div id=\"poe\" class=\"mfp-hide mfp-content-inner lightbox-white\" style=\"max-width:600px;padding:20px\">\n    <h3>Poe<\/h3>\n<p>Po\u00e9 non \u00e8 solo un luogo ideale per il kite surf, ma ha anche una lunga spiaggia di sabbia bianca che si estende per oltre 17 km, i Caledoniani amano venire qui per il fine settimana. Sono disponibili differenti \u00a0tipi di alloggi,\u00a0dal campeggio ai Gite (Bed &amp; Breakfast) agli \u00a0alberghi di varie categorie (\u00e8 disponibile anche un resort 5 stelle). A disposizione una vasta scelta di sport acquatici e attivit\u00e0 come il kite surf, escursioni in mare, kayak, stand up paddle, camminate, ecc &#8230;<\/p>\n<\/div><!-- Lightbox-poe -->\n\n<script>\njQuery(document).ready(function($) {\n\n      \n      $('a[href=\"#poe\"]').click(function(e){\n         \/\/ Close openend lightboxes\n         var delay = 0;\n         \n         if($.magnificPopup.open){\n            $.magnificPopup.close();\n            delay = 300;\n         }\n\n         \/\/ Start lightbox\n         setTimeout(function(){\n            $.magnificPopup.open({\n                  midClick: true,\n                  removalDelay: 300,\n                  items: {\n                    src: '#poe', \n                    type: 'inline'\n                  }\n            });\n          }, delay);\n\n        e.preventDefault();\n      });\n});\n<\/script>\n\n \n\n<div id=\"fair\" class=\"mfp-hide mfp-content-inner lightbox-white\" style=\"max-width:600px;padding:20px\">\n    <h3>Fiera di Bourail<\/h3>\n<p>La fiera Bourail \u00e8 il grande evento dell&rsquo;anno e si svolge durante il fine settimana del 15 agosto. Oltre 20.000 persone vengono per visitare e partecipare a questa fiera tradizionale che \u00e8 molto popolare. Durante la manifestazione si possono vedere diversi rodeo, la tosatura delle pecore, l\u2019elezione di Miss Fiera di Bourail e molti altri eventi speciali. \u00c8 inoltre possibile gustare prelibatezze locali\u00a0 di selvaggina, gamberi, salsicce, verdure locali &#8230;<\/p>\n<\/div><!-- Lightbox-fair -->\n\n<script>\njQuery(document).ready(function($) {\n\n      \n      $('a[href=\"#fair\"]').click(function(e){\n         \/\/ Close openend lightboxes\n         var delay = 0;\n         \n         if($.magnificPopup.open){\n            $.magnificPopup.close();\n            delay = 300;\n         }\n\n         \/\/ Start lightbox\n         setTimeout(function(){\n            $.magnificPopup.open({\n                  midClick: true,\n                  removalDelay: 300,\n                  items: {\n                    src: '#fair', \n                    type: 'inline'\n                  }\n            });\n          }, delay);\n\n        e.preventDefault();\n      });\n});\n<\/script>\n\n \n\n<div id=\"museum\" class=\"mfp-hide mfp-content-inner lightbox-white\" style=\"max-width:600px;padding:20px\">\n    <h3>Museo di Bourail<\/h3>\n<p>Aperto tutti i giorni tranne \u00a0la domenica: 09h00 \u2013 12h00 \/ 13h00 \u2013 17h00<\/p>\n<p>Ingresso : 250 CFP (2,10 euro)<\/p>\n<p>Il museo di Bourail ripercorre la storia della citt\u00e0 e raccoglie molti oggetti appartenuti alle diverse popolazioni che hanno vissuto nella zona,\u00a0 tra cui una ghigliottina francese! \u00a0Al piano terra c\u2019\u00e8 una tipica casa Caledoniana. All&rsquo;esterno, una capanna Kanak, un antico forno e una panetteria storica che si possono visitare. Il Museo \u00e8 ospitato nel vecchio negozio centrale della citt\u00e0, costruito nel 1870 dai prigionieri.<\/p>\n<p>&nbsp;<\/p>\n<\/div><!-- Lightbox-museum -->\n\n<script>\njQuery(document).ready(function($) {\n\n      \n      $('a[href=\"#museum\"]').click(function(e){\n         \/\/ Close openend lightboxes\n         var delay = 0;\n         \n         if($.magnificPopup.open){\n            $.magnificPopup.close();\n            delay = 300;\n         }\n\n         \/\/ Start lightbox\n         setTimeout(function(){\n            $.magnificPopup.open({\n                  midClick: true,\n                  removalDelay: 300,\n                  items: {\n                    src: '#museum', \n                    type: 'inline'\n                  }\n            });\n          }, delay);\n\n        e.preventDefault();\n      });\n});\n<\/script>\n\n \n\n<div id=\"gouaro\" class=\"mfp-hide mfp-content-inner lightbox-white\" style=\"max-width:600px;padding:20px\">\n    <h3><strong>Dominio Gouaro Deva<\/strong><\/h3>\n<p>Questa area naturale incontaminata \u00e8 stata sviluppata con gusto per i turisti locali e internazionali e offre varie attivit\u00e0 all&rsquo;aria aperta, passeggiate, trekking, equitazione, mountain bike, golf, ecc &#8230;<\/p>\n<p>I percorsi di Oua Kou\u00e9 (5,5 km), di Bo\u00e9 Ar\u00e9r\u00e9di (4,5 km), il percorso dei Giganti (6,5 km) e il percorso della foresta originaria fino alla laguna &#8230; sono un modo meraviglioso per scoprire i paesaggi e le bellezze locali. Per gli appassionati di ciclismo &#8211; qualunque sia il vostro livello &#8211; \u00e8 possibile scoprire il percorso \u00ab\u00a0Boucles de Deva\u00a0\u00bb. Per chi ama l\u2019equitazione \u00e8 possibile visitare il dominio su appositi tracciati a cavallo.<\/p>\n<\/div><!-- Lightbox-gouaro -->\n\n<script>\njQuery(document).ready(function($) {\n\n      \n      $('a[href=\"#gouaro\"]').click(function(e){\n         \/\/ Close openend lightboxes\n         var delay = 0;\n         \n         if($.magnificPopup.open){\n            $.magnificPopup.close();\n            delay = 300;\n         }\n\n         \/\/ Start lightbox\n         setTimeout(function(){\n            $.magnificPopup.open({\n                  midClick: true,\n                  removalDelay: 300,\n                  items: {\n                    src: '#gouaro', \n                    type: 'inline'\n                  }\n            });\n          }, delay);\n\n        e.preventDefault();\n      });\n});\n<\/script>\n\n \n\n<div id=\"nz\" class=\"mfp-hide mfp-content-inner lightbox-white\" style=\"max-width:600px;padding:20px\">\n    <p><strong>Cimitero Militare Neozelandese<\/strong><\/p>\n<p>Qui sono seppelliti 161 soldati, 78 aviatori e 7 marinai della Nuova Zelanda, morti in azione durante la Seconda Guerra Mondiale in Nuova Caledonia.<\/p>\n<\/div><!-- Lightbox-nz -->\n\n<script>\njQuery(document).ready(function($) {\n\n      \n      $('a[href=\"#nz\"]').click(function(e){\n         \/\/ Close openend lightboxes\n         var delay = 0;\n         \n         if($.magnificPopup.open){\n            $.magnificPopup.close();\n            delay = 300;\n         }\n\n         \/\/ Start lightbox\n         setTimeout(function(){\n            $.magnificPopup.open({\n                  midClick: true,\n                  removalDelay: 300,\n                  items: {\n                    src: '#nz', \n                    type: 'inline'\n                  }\n            });\n          }, delay);\n\n        e.preventDefault();\n      });\n});\n<\/script>\n\n<p>&nbsp;<\/p>\n","protected":false},"excerpt":{"rendered":"<p>Bourail si trova a 160 km da Noumea ed \u00e8 un \u00ab\u00a0must\u00a0\u00bb per i turisti. E\u2019 ubicata tra la macchia di foresta secca e la splendida laguna (patrimonio Unesco). \u00a0La zona \u00a0\u00e8 soprannominata\u00a0 \u00ab\u00a0Il Far West della Nuova Caledonia\u00a0\u00bb, per le sue pianure erbose dedicate al bestiame. Ogni anno (met\u00e0 agosto) una grande fiera \u00e8 [&hellip;]\n","protected":false},"author":6,"featured_media":0,"parent":874,"menu_order":0,"comment_status":"closed","ping_status":"closed","template":"page-blank-container.php","meta":[],"_links":{"self":[{"href":"https:\/\/www.noumeadiscovery.com\/italian\/wp-json\/wp\/v2\/pages\/1250"}],"collection":[{"href":"https:\/\/www.noumeadiscovery.com\/italian\/wp-json\/wp\/v2\/pages"}],"about":[{"href":"https:\/\/www.noumeadiscovery.com\/italian\/wp-json\/wp\/v2\/types\/page"}],"author":[{"embeddable":true,"href":"https:\/\/www.noumeadiscovery.com\/italian\/wp-json\/wp\/v2\/users\/6"}],"replies":[{"embeddable":true,"href":"https:\/\/www.noumeadiscovery.com\/italian\/wp-json\/wp\/v2\/comments?post=1250"}],"version-history":[{"count":12,"href":"https:\/\/www.noumeadiscovery.com\/italian\/wp-json\/wp\/v2\/pages\/1250\/revisions"}],"predecessor-version":[{"id":1602,"href":"https:\/\/www.noumeadiscovery.com\/italian\/wp-json\/wp\/v2\/pages\/1250\/revisions\/1602"}],"up":[{"embeddable":true,"href":"https:\/\/www.noumeadiscovery.com\/italian\/wp-json\/wp\/v2\/pages\/874"}],"wp:attachment":[{"href":"https:\/\/www.noumeadiscovery.com\/italian\/wp-json\/wp\/v2\/media?parent=1250"}],"curies":[{"name":"wp","href":"https:\/\/api.w.org\/{rel}","templated":true}]}}