{"id":1225,"date":"2016-04-11T11:14:55","date_gmt":"2016-04-11T01:14:55","guid":{"rendered":"http:\/\/noumea.respax.com.au\/?page_id=1225"},"modified":"2017-09-07T08:30:31","modified_gmt":"2017-09-06T22:30:31","slug":"general-visitor-information","status":"publish","type":"page","link":"https:\/\/www.noumeadiscovery.com\/italian\/general-visitor-information\/","title":{"rendered":"Informazioni generali del Paese"},"content":{"rendered":"   <div id=\"banner_1884352753\" class=\"ux_banner dark    \"  style=\"height:150px; \" data-height=\"150px\" role=\"banner\">\n                                  <div class=\"banner-bg \"  style=\"background-image:url('https:\/\/www.noumeadiscovery.com\/italian\/wp-content\/uploads\/2016\/03\/noumea-new-caledonia.jpg'); \"><img src=\"https:\/\/www.noumeadiscovery.com\/italian\/wp-content\/uploads\/2016\/03\/noumea-new-caledonia.jpg\"  alt=\"\" style=\"visibility:hidden;\" \/><\/div>\n                             <div class=\"row\" >\n          <div class=\"inner center text-center \"  style=\"width:70%;\">\n            <div class=\"inner-wrap animated fadeIn\" style=\" \">\n              <h1>Informazioni generali per i turisti<\/h1>\n            <\/div>\n          <\/div>  \n        <\/div>\n                     <\/div><!-- end .ux_banner -->\n\n<h3>Geografia<\/h3>\n<p>La Nuova Caledonia \u00e8 un archipelago ed composta dall&rsquo;isola principale chiamata Grande Terre (lunga 400 Km e larga 50 km) e da diverse isole minori, tra cui le Isole della Lealt\u00e0 verso est (Mare, Lifou e Ouvea) e l&rsquo;Isola dei Pini 60 km a sud est della Grande Terre. La Nuova Caledonia si trova a 17000km da Parigi, 1950 km da Sydney, 1800km da Auckland e 7000 km da Tokyo.<\/p>\n<h3>Requisiti d&rsquo;ingresso e visto<\/h3>\n<p>Nessun visto \u00e8 richiesto per un soggiorno inferiore ai tre mesi ai cittadini dei paesi UE e a quelli di \u00a0Svizzera, Argentina, Australia, Nuova Zelanda, USA, Canada e Giappone. E\u2019 necessario avere un passaporto valido con una scadenza superiore ai 6 mesi rispetto alla data di partenza dalla Nuova Caledonia e un biglietto aereo di ritorno.<\/p>\n<h3>Valuta<\/h3>\n<p>La Nuova Caledonia utilizza il Franco del Pacifico (CPF o XPF). Le banconote sono in tagli da 10.000, 5.000, 1.000 e 500. Le monete sono in tagli da 100, 50, 20, 10, 5, 2 e 1. La Nuova Caledonia fa parte del settore monetario francese. Il Franco del Pacifico \u00e8 legato all&rsquo;euro, infatti ha un cambio fisso : 1 EURO = 119,3317 PCP. I Dollari australiani e neozelandesi sono ampiamente accettati in negozi, alberghi e ristoranti, ma si consiglia di prendere contanti locali con voi in aree remote fuori Noum\u00e9a e nelle isole.<\/p>\n<h3>Banche<\/h3>\n<p>Le banche sono aperte dal Lunedi a Venerd\u00ec, generalmente, dalle 7h30 alle 15h45. Sportelli bancomat sono disponibili in tutto il paese. Le carte di credito sono ampiamente accettate.<\/p>\n<p><strong>Nb<\/strong> La Nuova Caledonia non accetta pi\u00f9 gli \u00a0assegni turistici. \u00c8 possibile cambiare il vostro denaro in aeroporto con una commissione.<\/p>\n<h3>Fuso Orario<\/h3>\n<p>L\u2019ora locale corrisponde a \u00a0GMT + 11 ore e non cambia in estate \/ inverno. In estate, cio\u00e8 da dicembre a marzo la luce va dalle 04h30 alle 19h00 mentre in inverno (giugno-settembre) dalle \u00a006h30 alle 17h30.<\/p>\n<h3>Guida<\/h3>\n<p>In Nuova Caledonia si guida come in Francia cio\u00e8 a destra. Anche se la maggior parte delle strade sono in buone condizioni, alcune piste non vengono asfaltate e prestare la massima attenzione durante la guida nei fine settimana. Fate attenzione anche durante la notte perch\u00e9 alcune strade non sono illuminate e ci sono persone locali che a volte camminano a bordo strada con abiti scuri. Fuori Noumea fate attenzione del bestiame e animali selvatici in particolare cervi che attraversano la strada e assicurarsi di ottenere il permesso da parte del proprietario prima di attraversare qualsiasi propriet\u00e0 private.<\/p>\n<h3>Elettricita&rsquo;<\/h3>\n<p>L\u2019Elettricit\u00e0 \u00e8 di 220V ed \u00e8 disponibile in tutta la Nuova Caledonia. In alcune aree remote sono presenti generatori che sono utilizzati per la fornitura di energia elettrica in certi momenti della giornata. Le spine sono le stesse che si trovano in Francia.<\/p>\n<h3>Festivita&rsquo;<\/h3>\n<p>I Giorni Festivi sono : 1 gennaio \/ Lunedi di Pasqua \/ 1 maggio \/ 8 maggio \/ il giorno dell\u2019Ascensione \/ Lunedi di Pentecoste \/ 14 luglio \/ 15 agosto \/ 24 settembre \/ 1 novembre \/ 11 novembre \/ 25 dicembre. Le principali vacanze scolastiche estive sono da met\u00e0 dicembre a met\u00e0 febbraio.<\/p>\n<h3>Clima &amp; abbigliamento<\/h3>\n<p>La Nuova Caledonia \u00e8 soprannominata \u201cl&rsquo;isola dell&rsquo;eterna primavera\u201d, dove 2 stagioni prevalgono: l&rsquo;estate e le stagioni fredde. La stagione calda (estate) va da Ottobre \u00a0a Marzo \/ Aprile, con Gennaio &#8211; Marzo che \u00e8 la stagione delle piogge. La stagione fredda vada Maggio a Settembre, ma le temperature diurne raramente scendono sotto i 20 \u00b0 C. Vestitevi con abiti leggeri (pantaloncini, magliette) in estate mentre vestiti caldi (pantaloni, pullover, giacche nella stagione fredda). La nudit\u00e0 e il topless\u00a0 \u00e8 severamente vietato anche nelle zone turistiche.<\/p>\n<h3>Lingua<\/h3>\n<p>Il francese \u00e8 la lingua ufficiale ed parlata in tutto il paese. Vengono inoltre parlati dai Kanak (nativi) circa 30 dialetti locali. L&rsquo;inglese \u00e8 parlato anche nella maggior parte dei principali alberghi e attrazioni turistiche.<\/p>\n<h3>Salute<\/h3>\n<p>Anche se la Nuova Caledonia \u00e8 generalmente un luogo sano, \u00e8 incline a certe malattie tropicali trasmesse da zanzare e roditori, in particolare dengue e febbre chikungunya, cos\u00ec come la leptospirosi. Si dovrebbe utilizzare abbigliamento adeguato e regolarmente utilizzare repellenti per insetti soprattutto durante il periodo del caldo umido. Alcuni pesci che si nutrono su alcuni tipi di corallo possono provocare la ciguatera o la malattia della &lsquo;gratte&rsquo;. Assicurarsi di avere un&rsquo;adeguata copertura sanitaria.<\/p>\n<h3>Telefono<\/h3>\n<p>Il prefisso internazionale \u00e8 00687. La rete mobile si chiama Mobilis e sono disponibili carte telefoniche prepagate presso gli uffici postali (chiamati OPT), stazioni di servizio e giornalai. Il 3G \u00e8 ampiamente disponibile in tutta la Nuova Caledonia, memtre il 4G \u00e8 sempre pi\u00f9 diffuso. Per ulteriori informazioni chiamare il numero 1000.<\/p>\n<h3>Internet<\/h3>\n<p>L\u2019ADSL \u00e8 ampiamente disponibile e molti bar e alberghi offrono la connessione wi fi gratuita.<\/p>\n<h3>Numeri Utili<\/h3>\n<p>SAMU (le emergenze mediche): 15<\/p>\n<p>Sea Rescue (salvataggi in mare): 16<\/p>\n<p>Polizia: 17<\/p>\n<p>Pompieri (incidenti): 18<\/p>\n<p>Ospedale Gaston Bourret: 256 666<\/p>\n<h3>Le abitudini e tradizionali locali \/ tribali<\/h3>\n<p>La \u201ccoutume\u201d \u00e8 prevalente in Nuova Caledonia ed \u00e8 molto importante per i Kanak (popolazione melanesiana). Tutta la terra Kanak appartiene alle trib\u00f9\u00a0 ed \u00e8 caratterizzata da leggende, tab\u00f9, pratiche sacre. E &lsquo;quindi importante una volta che si \u00e8 lontani dalle principali zone turistiche\u00a0 mostrare rispetto per questi luoghi e costumi, offrendo un piccolo regalo come un panno speciale chiamato \u201cmanou\u201d , sigarette, \u00a0cibo,\u00a0 una banconota &#8230; e indicare \u00a0il motivo per cui si vuole andare a visitare quel luogo e non dimenticate\u00a0 un sorriso!<\/p>\n","protected":false},"excerpt":{"rendered":"<p>Geografia La Nuova Caledonia \u00e8 un archipelago ed composta dall&rsquo;isola principale chiamata Grande Terre (lunga 400 Km e larga 50 km) e da diverse isole minori, tra cui le Isole della Lealt\u00e0 verso est (Mare, Lifou e Ouvea) e l&rsquo;Isola dei Pini 60 km a sud est della Grande Terre. La Nuova Caledonia si trova [&hellip;]\n","protected":false},"author":6,"featured_media":0,"parent":0,"menu_order":0,"comment_status":"closed","ping_status":"closed","template":"page-blank-container.php","meta":[],"_links":{"self":[{"href":"https:\/\/www.noumeadiscovery.com\/italian\/wp-json\/wp\/v2\/pages\/1225"}],"collection":[{"href":"https:\/\/www.noumeadiscovery.com\/italian\/wp-json\/wp\/v2\/pages"}],"about":[{"href":"https:\/\/www.noumeadiscovery.com\/italian\/wp-json\/wp\/v2\/types\/page"}],"author":[{"embeddable":true,"href":"https:\/\/www.noumeadiscovery.com\/italian\/wp-json\/wp\/v2\/users\/6"}],"replies":[{"embeddable":true,"href":"https:\/\/www.noumeadiscovery.com\/italian\/wp-json\/wp\/v2\/comments?post=1225"}],"version-history":[{"count":12,"href":"https:\/\/www.noumeadiscovery.com\/italian\/wp-json\/wp\/v2\/pages\/1225\/revisions"}],"predecessor-version":[{"id":2387,"href":"https:\/\/www.noumeadiscovery.com\/italian\/wp-json\/wp\/v2\/pages\/1225\/revisions\/2387"}],"wp:attachment":[{"href":"https:\/\/www.noumeadiscovery.com\/italian\/wp-json\/wp\/v2\/media?parent=1225"}],"curies":[{"name":"wp","href":"https:\/\/api.w.org\/{rel}","templated":true}]}}