{"id":1198,"date":"2016-04-08T09:17:07","date_gmt":"2016-04-07T23:17:07","guid":{"rendered":"http:\/\/noumea.respax.com.au\/?page_id=1198"},"modified":"2017-04-06T09:59:30","modified_gmt":"2017-04-05T23:59:30","slug":"kone","status":"publish","type":"page","link":"https:\/\/www.noumeadiscovery.com\/italian\/destinations\/kone\/","title":{"rendered":"Kone"},"content":{"rendered":"   <div id=\"banner_1716963065\" class=\"ux_banner dark    \"  style=\"height:150px; \" data-height=\"150px\" role=\"banner\">\n                                  <div class=\"banner-bg \"  style=\"background-image:url('https:\/\/#'); \"><img src=\"https:\/\/#\"  alt=\"\" style=\"visibility:hidden;\" \/><\/div>\n                             <div class=\"row\" >\n          <div class=\"inner center text-center \"  style=\"width:70%;\">\n            <div class=\"inner-wrap animated fadeIn\" style=\" \">\n              <h1>Kone<\/h1>\n            <\/div>\n          <\/div>  \n        <\/div>\n                     <\/div><!-- end .ux_banner -->\n\n<p>Kone \u00e8 la citt\u00e0 principale della provincia Nord della Grande Terre e ha 7500 abitanti. Con la creazione del sito minerario nell&rsquo;area di Vavouto, la citt\u00e0 ha avuto una nuova \u00ab\u00a0ondata\u00a0\u00bb di vita.<\/p>\n<h3>Luoghi da vedere :<\/h3>\n\t<div  class=\"row container \">\n<div class=\"small-12    large-3  columns   \"  ><div class=\"column-inner\"  >\n<div class=\"imagebox\">   <div id=\"banner_1646647985\" class=\"ux_banner dark    \"  style=\"height:180px; \" data-height=\"180px\" role=\"banner\">\n      <a href=\"#caujolle\" >                            <div class=\"banner-bg \"  style=\"background-image:url('https:\/\/noumeadiscovery.com\/wp-content\/uploads\/2016\/04\/maison caujolle.jpg'); \"><img src=\"https:\/\/noumeadiscovery.com\/wp-content\/uploads\/2016\/04\/maison caujolle.jpg\"  alt=\"\" style=\"visibility:hidden;\" \/><\/div>\n                             <div class=\"row\" >\n          <div class=\"inner center text-center \"  style=\"width:70%;\">\n            <div class=\"inner-wrap animated fadeIn\" style=\" \">\n                          <\/div>\n          <\/div>  \n        <\/div>\n       <\/a>              <\/div><!-- end .ux_banner -->\n\n<div class=\"imagelabel\">\n<h3><a href=\"#caujolle\">La casa Caujolle<\/a><\/h3>\n<\/div>\n<\/div>\n<\/div><\/div>\n<div class=\"small-12    large-3  columns   \"  ><div class=\"column-inner\"  >\n<div class=\"imagebox\">   <div id=\"banner_36207422\" class=\"ux_banner dark    \"  style=\"height:180px; \" data-height=\"180px\" role=\"banner\">\n      <a href=\"#tiwaka\" >                            <div class=\"banner-bg \"  style=\"background-image:url('https:\/\/noumeadiscovery.com\/wp-content\/uploads\/2016\/04\/kone-tiwaka.jpg'); \"><img src=\"https:\/\/noumeadiscovery.com\/wp-content\/uploads\/2016\/04\/kone-tiwaka.jpg\"  alt=\"\" style=\"visibility:hidden;\" \/><\/div>\n                             <div class=\"row\" >\n          <div class=\"inner center text-center \"  style=\"width:70%;\">\n            <div class=\"inner-wrap animated fadeIn\" style=\" \">\n                          <\/div>\n          <\/div>  \n        <\/div>\n       <\/a>              <\/div><!-- end .ux_banner -->\n\n<div class=\"imagelabel\">\n<h3><a href=\"#tiwaka\">La strada Kone-tiwaka<\/a><\/h3>\n<\/div>\n<\/div>\n<\/div><\/div>\n<div class=\"small-12    large-3  columns   \"  ><div class=\"column-inner\"  >\n<div class=\"imagebox\">   <div id=\"banner_952788266\" class=\"ux_banner dark    \"  style=\"height:180px; \" data-height=\"180px\" role=\"banner\">\n      <a href=\"#heart\" >                            <div class=\"banner-bg \"  style=\"background-image:url('https:\/\/noumeadiscovery.com\/wp-content\/uploads\/2016\/04\/coeur de voh.jpg'); \"><img src=\"https:\/\/noumeadiscovery.com\/wp-content\/uploads\/2016\/04\/coeur de voh.jpg\"  alt=\"\" style=\"visibility:hidden;\" \/><\/div>\n                             <div class=\"row\" >\n          <div class=\"inner center text-center \"  style=\"width:70%;\">\n            <div class=\"inner-wrap animated fadeIn\" style=\" \">\n                          <\/div>\n          <\/div>  \n        <\/div>\n       <\/a>              <\/div><!-- end .ux_banner -->\n\n<div class=\"imagelabel\">\n<h3><a href=\"#heart\">Cuore di Voh<\/a><\/h3>\n<\/div>\n<\/div>\n<\/div><\/div>\n<div class=\"small-12    large-3  columns   \"  ><div class=\"column-inner\"  >\n<\/div><\/div><\/div>\n  \n \n\n<div id=\"heart\" class=\"mfp-hide mfp-content-inner lightbox-white\" style=\"max-width:600px;padding:20px\">\n    <h3>Cuore di Voh<\/h3>\n<p>Questo paesaggio naturale (mangrovie) a forma di cuore \u00e8 stato reso famoso dal fotografo Yann Arthus-Bertrand ed \u00e8 visibile dal belvedere del Monte Kath\u00e9pa\u00efk: prendere il sentiero a sinistra della stazione dei pompieri come si lascia il paese. La camminata in salita (molto impegnativa) avr\u00e0 subito inizio al termine del sentiero. \u00c8 inoltre possibile ammirare il cuore dal cielo tramite ULM (partenza dall\u2019aeroporto di Kone) o via terra in 4&#215;4 con una guida locale. (naturalmente le visuali del cuore sono differenti a seconda del tipo d\u2019escursione scelta)<\/p>\n<\/div><!-- Lightbox-heart -->\n\n<script>\njQuery(document).ready(function($) {\n\n      \n      $('a[href=\"#heart\"]').click(function(e){\n         \/\/ Close openend lightboxes\n         var delay = 0;\n         \n         if($.magnificPopup.open){\n            $.magnificPopup.close();\n            delay = 300;\n         }\n\n         \/\/ Start lightbox\n         setTimeout(function(){\n            $.magnificPopup.open({\n                  midClick: true,\n                  removalDelay: 300,\n                  items: {\n                    src: '#heart', \n                    type: 'inline'\n                  }\n            });\n          }, delay);\n\n        e.preventDefault();\n      });\n});\n<\/script>\n\n \n\n<div id=\"tiwaka\" class=\"mfp-hide mfp-content-inner lightbox-white\" style=\"max-width:600px;padding:20px\">\n    <h3>La strada Kone-Tiwaka<\/h3>\n<p>Questa strada attraversa la Grande Terre a partire da Kone fino alla costa orientale. Si tratta di una delle pi\u00f9 belle strade che si snoda tra le montagne e fiumi. Sono presenti diversi punti di sosta panoramici dove poter ammirare i magnifici paesaggi.<\/p>\n<\/div><!-- Lightbox-tiwaka -->\n\n<script>\njQuery(document).ready(function($) {\n\n      \n      $('a[href=\"#tiwaka\"]').click(function(e){\n         \/\/ Close openend lightboxes\n         var delay = 0;\n         \n         if($.magnificPopup.open){\n            $.magnificPopup.close();\n            delay = 300;\n         }\n\n         \/\/ Start lightbox\n         setTimeout(function(){\n            $.magnificPopup.open({\n                  midClick: true,\n                  removalDelay: 300,\n                  items: {\n                    src: '#tiwaka', \n                    type: 'inline'\n                  }\n            });\n          }, delay);\n\n        e.preventDefault();\n      });\n});\n<\/script>\n\n \n\n<div id=\"caujolle\" class=\"mfp-hide mfp-content-inner lightbox-white\" style=\"max-width:600px;padding:20px\">\n    <h3>La Casa Caujolle<\/h3>\n<p>La casa Caujolle prende il nome dal Geometra, il Sig Caujolle, che \u00e8 arrivato in Nuova Caledonia a bordo della nave &lsquo;Sybille&rsquo; il 3 febbraio 1873. Durante il suo soggiorno in Nuova Caledonia ha acquistato diverse propriet\u00e0, tra cui la tenuta &lsquo;Pom\u00e9nie&rsquo;. I prigionieri sono stati utilizzati per costruire questa casa. Nel 1927, la dimora divenne propriet\u00e0 di Henri Martin ed \u00e8 stata convertita in un impianto di produzione del caff\u00e8. E&rsquo; passata attraverso diverse \u201caltre mani\u201d prima di essere acquistata dalla Provincia del Nord nel 2001, quando \u00e8 stata classificata come un \u201cmonumento storico\u201d. \u00a0Oggi questo centro culturale ospita vari eventi artistici, culturali.<\/p>\n<\/div><!-- Lightbox-caujolle -->\n\n<script>\njQuery(document).ready(function($) {\n\n      \n      $('a[href=\"#caujolle\"]').click(function(e){\n         \/\/ Close openend lightboxes\n         var delay = 0;\n         \n         if($.magnificPopup.open){\n            $.magnificPopup.close();\n            delay = 300;\n         }\n\n         \/\/ Start lightbox\n         setTimeout(function(){\n            $.magnificPopup.open({\n                  midClick: true,\n                  removalDelay: 300,\n                  items: {\n                    src: '#caujolle', \n                    type: 'inline'\n                  }\n            });\n          }, delay);\n\n        e.preventDefault();\n      });\n});\n<\/script>\n\n","protected":false},"excerpt":{"rendered":"<p>Kone \u00e8 la citt\u00e0 principale della provincia Nord della Grande Terre e ha 7500 abitanti. Con la creazione del sito minerario nell&rsquo;area di Vavouto, la citt\u00e0 ha avuto una nuova \u00ab\u00a0ondata\u00a0\u00bb di vita. Luoghi da vedere :<\/p>\n","protected":false},"author":6,"featured_media":0,"parent":874,"menu_order":0,"comment_status":"closed","ping_status":"closed","template":"page-blank-container.php","meta":[],"_links":{"self":[{"href":"https:\/\/www.noumeadiscovery.com\/italian\/wp-json\/wp\/v2\/pages\/1198"}],"collection":[{"href":"https:\/\/www.noumeadiscovery.com\/italian\/wp-json\/wp\/v2\/pages"}],"about":[{"href":"https:\/\/www.noumeadiscovery.com\/italian\/wp-json\/wp\/v2\/types\/page"}],"author":[{"embeddable":true,"href":"https:\/\/www.noumeadiscovery.com\/italian\/wp-json\/wp\/v2\/users\/6"}],"replies":[{"embeddable":true,"href":"https:\/\/www.noumeadiscovery.com\/italian\/wp-json\/wp\/v2\/comments?post=1198"}],"version-history":[{"count":18,"href":"https:\/\/www.noumeadiscovery.com\/italian\/wp-json\/wp\/v2\/pages\/1198\/revisions"}],"predecessor-version":[{"id":2279,"href":"https:\/\/www.noumeadiscovery.com\/italian\/wp-json\/wp\/v2\/pages\/1198\/revisions\/2279"}],"up":[{"embeddable":true,"href":"https:\/\/www.noumeadiscovery.com\/italian\/wp-json\/wp\/v2\/pages\/874"}],"wp:attachment":[{"href":"https:\/\/www.noumeadiscovery.com\/italian\/wp-json\/wp\/v2\/media?parent=1198"}],"curies":[{"name":"wp","href":"https:\/\/api.w.org\/{rel}","templated":true}]}}