{"id":1171,"date":"2016-04-07T14:10:58","date_gmt":"2016-04-07T04:10:58","guid":{"rendered":"http:\/\/noumea.respax.com.au\/?page_id=1171"},"modified":"2017-04-06T09:59:27","modified_gmt":"2017-04-05T23:59:27","slug":"la-foa","status":"publish","type":"page","link":"https:\/\/www.noumeadiscovery.com\/italian\/destinations\/la-foa\/","title":{"rendered":"La Foa"},"content":{"rendered":"   <div id=\"banner_1663066822\" class=\"ux_banner dark    \"  style=\"height:150px; \" data-height=\"150px\" role=\"banner\">\n                                  <div class=\"banner-bg \"  style=\"background-image:url('https:\/\/noumeadiscovery.com\/wp-content\/uploads\/2016\/04\/LaFoa.jpg'); \"><img src=\"https:\/\/noumeadiscovery.com\/wp-content\/uploads\/2016\/04\/LaFoa.jpg\"  alt=\"\" style=\"visibility:hidden;\" \/><\/div>\n                             <div class=\"row\" >\n          <div class=\"inner center text-center \"  style=\"width:70%;\">\n            <div class=\"inner-wrap animated fadeIn\" style=\" \">\n              <h1>La Foa<\/h1>\n            <\/div>\n          <\/div>  \n        <\/div>\n                     <\/div><!-- end .ux_banner -->\n\n<p>La Foa e la sua regione, che comprende Farino, Moindou e Sarram\u00e9a \u00e8 rinomata per il suo eco-turismo. I suoi vasti spazi naturali aperti con la loro flora e fauna endemica danno un grande piacere ai turisti. Il suo immenso Parco delle Felci, le sue mangrovie ben conservate e la sua laguna che \u00e8 iscritta nelle liste del patrimonio mondiale dell&rsquo;UNESCO sono esempi di una ricca biodiversit\u00e0 di questa zona.<\/p>\n<p>La sua storia, che \u00e8 strettamente legata alle colonie penali, \u00e8 molto ricca e variegata : Fort Teremba d\u00e0 una buona panoramica della storia della Nuova Caledonia.<br \/>\nIl turismo \u00e8 un aspetto importante dell&rsquo;economia locale e la popolazione \u00e8 riuscita a creare una variegata offerta di attivit\u00e0, di alloggi, di ristoranti ed escursioni per il tempo libero. Quindi, se si desidera visitare la zona per via aerea, marittima o terrestre troverete \u00a0sicuramente quello che cercate!<\/p>\n<h3>Luoghi da vedere :<\/h3>\n\t<div  class=\"row container \">\n<div class=\"small-12    large-3  columns   \"  ><div class=\"column-inner\"  >\n<div class=\"imagebox\">   <div id=\"banner_531908114\" class=\"ux_banner dark    \"  style=\"height:180px; \" data-height=\"180px\" role=\"banner\">\n      <a href=\"#ouano\" >                            <div class=\"banner-bg \"  style=\"background-image:url('https:\/\/noumeadiscovery.com\/wp-content\/uploads\/2016\/04\/ouano beach.jpg'); \"><img src=\"https:\/\/noumeadiscovery.com\/wp-content\/uploads\/2016\/04\/ouano beach.jpg\"  alt=\"\" style=\"visibility:hidden;\" \/><\/div>\n                             <div class=\"row\" >\n          <div class=\"inner center text-center \"  style=\"width:70%;\">\n            <div class=\"inner-wrap animated fadeIn\" style=\" \">\n                          <\/div>\n          <\/div>  \n        <\/div>\n       <\/a>              <\/div><!-- end .ux_banner -->\n\n<div class=\"imagelabel\">\n<h3><a href=\"#ouano\">La spiaggia di Ouano<\/a><\/h3>\n<\/div>\n<\/div>\n<\/div><\/div>\n<div class=\"small-12    large-3  columns   \"  ><div class=\"column-inner\"  >\n<div class=\"imagebox\">   <div id=\"banner_830145697\" class=\"ux_banner dark    \"  style=\"height:180px; \" data-height=\"180px\" role=\"banner\">\n      <a href=\"#ferns\" >                            <div class=\"banner-bg \"  style=\"background-image:url('https:\/\/www.noumeadiscovery.com\/wp-content\/uploads\/2016\/04\/fern-park.jpg'); \"><img src=\"https:\/\/www.noumeadiscovery.com\/wp-content\/uploads\/2016\/04\/fern-park.jpg\"  alt=\"\" style=\"visibility:hidden;\" \/><\/div>\n                             <div class=\"row\" >\n          <div class=\"inner center text-center \"  style=\"width:70%;\">\n            <div class=\"inner-wrap animated fadeIn\" style=\" \">\n                          <\/div>\n          <\/div>  \n        <\/div>\n       <\/a>              <\/div><!-- end .ux_banner -->\n\n<div class=\"imagelabel\">\n<h3><a href=\"#ferns\">Il grande parco delle Feici <\/a><\/h3>\n<\/div>\n<\/div>\n<\/div><\/div>\n<div class=\"small-12    large-3  columns   \"  ><div class=\"column-inner\"  >\n<div class=\"imagebox\">   <div id=\"banner_210028271\" class=\"ux_banner dark    \"  style=\"height:180px; \" data-height=\"180px\" role=\"banner\">\n      <a href=\"#worms\" >                            <div class=\"banner-bg \"  style=\"background-image:url('https:\/\/noumeadiscovery.com\/wp-content\/uploads\/2016\/04\/verbancoule.jpg'); \"><img src=\"https:\/\/noumeadiscovery.com\/wp-content\/uploads\/2016\/04\/verbancoule.jpg\"  alt=\"\" style=\"visibility:hidden;\" \/><\/div>\n                             <div class=\"row\" >\n          <div class=\"inner center text-center \"  style=\"width:70%;\">\n            <div class=\"inner-wrap animated fadeIn\" style=\" \">\n                          <\/div>\n          <\/div>  \n        <\/div>\n       <\/a>              <\/div><!-- end .ux_banner -->\n\n<div class=\"imagelabel\">\n<h3><a href=\"#worms\">Degustazione del verme dell&rsquo;albero Candelnut<\/a><\/h3>\n<\/div>\n<\/div>\n<\/div><\/div>\n<div class=\"small-12    large-3  columns   \"  ><div class=\"column-inner\"  >\n<div class=\"imagebox\">   <div id=\"banner_376037480\" class=\"ux_banner dark    \"  style=\"height:180px; \" data-height=\"180px\" role=\"banner\">\n      <a href=\"#markets\" >                            <div class=\"banner-bg \"  style=\"background-image:url('https:\/\/noumeadiscovery.com\/wp-content\/uploads\/2016\/04\/market farino.jpg'); \"><img src=\"https:\/\/noumeadiscovery.com\/wp-content\/uploads\/2016\/04\/market farino.jpg\"  alt=\"\" style=\"visibility:hidden;\" \/><\/div>\n                             <div class=\"row\" >\n          <div class=\"inner center text-center \"  style=\"width:70%;\">\n            <div class=\"inner-wrap animated fadeIn\" style=\" \">\n                          <\/div>\n          <\/div>  \n        <\/div>\n       <\/a>              <\/div><!-- end .ux_banner -->\n\n<div class=\"imagelabel\">\n<h3><a href=\"#markets\">Mercato di Farino <\/a><\/h3>\n<\/div>\n<\/div>\n<\/div><\/div><\/div>\n  \t<div  class=\"row container \">\n<div class=\"small-12    large-3  columns   \"  ><div class=\"column-inner\"  >\n<div class=\"imagebox\">   <div id=\"banner_712193929\" class=\"ux_banner dark    \"  style=\"height:180px; \" data-height=\"180px\" role=\"banner\">\n      <a href=\"#plateau\" >                            <div class=\"banner-bg \"  style=\"background-image:url('https:\/\/noumeadiscovery.com\/wp-content\/uploads\/2016\/04\/Embouchure LaFoa.jpg'); \"><img src=\"https:\/\/noumeadiscovery.com\/wp-content\/uploads\/2016\/04\/Embouchure LaFoa.jpg\"  alt=\"\" style=\"visibility:hidden;\" \/><\/div>\n                             <div class=\"row\" >\n          <div class=\"inner center text-center \"  style=\"width:70%;\">\n            <div class=\"inner-wrap animated fadeIn\" style=\" \">\n                          <\/div>\n          <\/div>  \n        <\/div>\n       <\/a>              <\/div><!-- end .ux_banner -->\n\n<div class=\"imagelabel\">\n<h3><a href=\"#plateau\">L&rsquo;altopiano Dogny <\/a><\/h3>\n<\/div>\n<\/div>\n<\/div><\/div>\n<div class=\"small-12    large-3  columns   \"  ><div class=\"column-inner\"  >\n<div class=\"imagebox\">   <div id=\"banner_1465990441\" class=\"ux_banner dark    \"  style=\"height:180px; \" data-height=\"180px\" role=\"banner\">\n      <a href=\"#hole\" >                            <div class=\"banner-bg \"  style=\"background-image:url('https:\/\/www.noumeadiscovery.com\/wp-content\/uploads\/2016\/packages\/21.jpg'); \"><img src=\"https:\/\/www.noumeadiscovery.com\/wp-content\/uploads\/2016\/packages\/21.jpg\"  alt=\"\" style=\"visibility:hidden;\" \/><\/div>\n                             <div class=\"row\" >\n          <div class=\"inner center text-center \"  style=\"width:70%;\">\n            <div class=\"inner-wrap animated fadeIn\" style=\" \">\n                          <\/div>\n          <\/div>  \n        <\/div>\n       <\/a>              <\/div><!-- end .ux_banner -->\n\n<div class=\"imagelabel\">\n<h3><a href=\"#hole\">Il buco Feuillet<\/a><\/h3>\n<\/div>\n<\/div>\n<\/div><\/div>\n<div class=\"small-12    large-3  columns   \"  ><div class=\"column-inner\"  >\n<div class=\"imagebox\">   <div id=\"banner_1134018659\" class=\"ux_banner dark    \"  style=\"height:180px; \" data-height=\"180px\" role=\"banner\">\n      <a href=\"#fort\" >                            <div class=\"banner-bg \"  style=\"background-image:url('https:\/\/www.noumeadiscovery.com\/wp-content\/uploads\/2016\/06\/Fort-Teremba@fort-teremba.jpg'); \"><img src=\"https:\/\/www.noumeadiscovery.com\/wp-content\/uploads\/2016\/06\/Fort-Teremba@fort-teremba.jpg\"  alt=\"\" style=\"visibility:hidden;\" \/><\/div>\n                             <div class=\"row\" >\n          <div class=\"inner center text-center \"  style=\"width:70%;\">\n            <div class=\"inner-wrap animated fadeIn\" style=\" \">\n                          <\/div>\n          <\/div>  \n        <\/div>\n       <\/a>              <\/div><!-- end .ux_banner -->\n\n<div class=\"imagelabel\">\n<h3><a href=\"#fort\">Il Forte di Teremba<\/a><\/h3>\n<\/div>\n<\/div>\n<\/div><\/div>\n<div class=\"small-12    large-3  columns   \"  ><div class=\"column-inner\"  >\n<div class=\"imagebox\">   <div id=\"banner_276349063\" class=\"ux_banner dark    \"  style=\"height:180px; \" data-height=\"180px\" role=\"banner\">\n      <a href=\"#bridge\" >                            <div class=\"banner-bg \"  style=\"background-image:url('https:\/\/www.noumeadiscovery.com\/wp-content\/uploads\/2016\/04\/bridge.jpg'); \"><img src=\"https:\/\/www.noumeadiscovery.com\/wp-content\/uploads\/2016\/04\/bridge.jpg\"  alt=\"\" style=\"visibility:hidden;\" \/><\/div>\n                             <div class=\"row\" >\n          <div class=\"inner center text-center \"  style=\"width:70%;\">\n            <div class=\"inner-wrap animated fadeIn\" style=\" \">\n                          <\/div>\n          <\/div>  \n        <\/div>\n       <\/a>              <\/div><!-- end .ux_banner -->\n\n<div class=\"imagelabel\">\n<h3><a href=\"#bridge\">Il ponte Marguerite <\/a><\/h3>\n<\/div>\n<\/div>\n<\/div><\/div>\n<\/div>\n  \n \n\n<div id=\"ouano\" class=\"mfp-hide mfp-content-inner lightbox-white\" style=\"max-width:600px;padding:20px\">\n    <h3>La spiaggia di Ouano<\/h3>\n<p>Questa spiaggia \u00e8 molto popolare tra i surfisti e tra gli appassionati di simili sport acquatici. Ha libero accesso, ma se si desidera utilizzare le attrezzature da Surf \u00e8 necessario contattare il campo Surf di Ouano.<\/p>\n<\/div><!-- Lightbox-ouano -->\n\n<script>\njQuery(document).ready(function($) {\n\n      \n      $('a[href=\"#ouano\"]').click(function(e){\n         \/\/ Close openend lightboxes\n         var delay = 0;\n         \n         if($.magnificPopup.open){\n            $.magnificPopup.close();\n            delay = 300;\n         }\n\n         \/\/ Start lightbox\n         setTimeout(function(){\n            $.magnificPopup.open({\n                  midClick: true,\n                  removalDelay: 300,\n                  items: {\n                    src: '#ouano', \n                    type: 'inline'\n                  }\n            });\n          }, delay);\n\n        e.preventDefault();\n      });\n});\n<\/script>\n\n \n\n<div id=\"bridge\" class=\"mfp-hide mfp-content-inner lightbox-white\" style=\"max-width:600px;padding:20px\">\n    <h3>Il ponte Marguerite<\/h3>\n<p>Il primo ponte per attraversare il fiume Foa \u00e8 stato costruito dai prigionieri. Nel 1909 un secondo ponte lungo 48m e largo 3 metri,\u00a0 quindi pi\u00f9 imponente, ha sostituito la costruzione iniziale. \u00c8 stato chiamato il Ponte Marguerite dopo che la moglie del governatore della Nuova Caledonia\u00a0 ha tagliato il nastro d\u2019inaugurazione. Oggi \u00e8 accessibile solo a piedi ed \u00e8 classificato come monumento storico.<\/p>\n<\/div><!-- Lightbox-bridge -->\n\n<script>\njQuery(document).ready(function($) {\n\n      \n      $('a[href=\"#bridge\"]').click(function(e){\n         \/\/ Close openend lightboxes\n         var delay = 0;\n         \n         if($.magnificPopup.open){\n            $.magnificPopup.close();\n            delay = 300;\n         }\n\n         \/\/ Start lightbox\n         setTimeout(function(){\n            $.magnificPopup.open({\n                  midClick: true,\n                  removalDelay: 300,\n                  items: {\n                    src: '#bridge', \n                    type: 'inline'\n                  }\n            });\n          }, delay);\n\n        e.preventDefault();\n      });\n});\n<\/script>\n\n \n\n<div id=\"markets\" class=\"mfp-hide mfp-content-inner lightbox-white\" style=\"max-width:600px;padding:20px\">\n    <h3>Mercato di Farino<\/h3>\n<p>Annotare la seconda Domenica di ogni mese in agenda per la visita di questo affascinante mercato con vari prodotti locali. Offre anche la possibilit\u00e0 di prendere parte a vari eventi, giochi e concorsi. I piatti locali sono disponibili sulle bancarelle di cibo.<\/p>\n<\/div><!-- Lightbox-markets -->\n\n<script>\njQuery(document).ready(function($) {\n\n      \n      $('a[href=\"#markets\"]').click(function(e){\n         \/\/ Close openend lightboxes\n         var delay = 0;\n         \n         if($.magnificPopup.open){\n            $.magnificPopup.close();\n            delay = 300;\n         }\n\n         \/\/ Start lightbox\n         setTimeout(function(){\n            $.magnificPopup.open({\n                  midClick: true,\n                  removalDelay: 300,\n                  items: {\n                    src: '#markets', \n                    type: 'inline'\n                  }\n            });\n          }, delay);\n\n        e.preventDefault();\n      });\n});\n<\/script>\n\n \n\n<div id=\"worms\" class=\"mfp-hide mfp-content-inner lightbox-white\" style=\"max-width:600px;padding:20px\">\n    <h3><strong>Degustazione del verme dell\u2019albero Candlenut\u00a0 <\/strong><\/h3>\n<p>Questo grande verme bianco fa parte della famiglia Cerambyciedae e pu\u00f2 misurare fino a 8cm! Si nutre del legno dell\u2019albero Candlenut. Ogni anno si organizza una \u00a0festa in cui lo si pu\u00f2 gustare in tutti i tipi di modi : crudo, flamb\u00e9, al pastis,\u00a0 al burro, alla griglia ecc&#8230;<\/p>\n<\/div><!-- Lightbox-worms -->\n\n<script>\njQuery(document).ready(function($) {\n\n      \n      $('a[href=\"#worms\"]').click(function(e){\n         \/\/ Close openend lightboxes\n         var delay = 0;\n         \n         if($.magnificPopup.open){\n            $.magnificPopup.close();\n            delay = 300;\n         }\n\n         \/\/ Start lightbox\n         setTimeout(function(){\n            $.magnificPopup.open({\n                  midClick: true,\n                  removalDelay: 300,\n                  items: {\n                    src: '#worms', \n                    type: 'inline'\n                  }\n            });\n          }, delay);\n\n        e.preventDefault();\n      });\n});\n<\/script>\n\n \n\n<div id=\"ferns\" class=\"mfp-hide mfp-content-inner lightbox-white\" style=\"max-width:600px;padding:20px\">\n    <h3><strong>Il Grande Parco delle Felci (chiuso il marted\u00ec)<\/strong><\/h3>\n<p>Questo interessante parco naturale si distende su tre distretti : Sarram\u00e9a, Moindou e Farino. Si pu\u00f2 visitare a piedi o in bicicletta, alla scoperta di molte specie di piante endemiche. Vi sar\u00e0 data una mappa all&rsquo;ingresso. Biglietto d\u2019entrata a pagamento.<\/p>\n<\/div><!-- Lightbox-ferns -->\n\n<script>\njQuery(document).ready(function($) {\n\n      \n      $('a[href=\"#ferns\"]').click(function(e){\n         \/\/ Close openend lightboxes\n         var delay = 0;\n         \n         if($.magnificPopup.open){\n            $.magnificPopup.close();\n            delay = 300;\n         }\n\n         \/\/ Start lightbox\n         setTimeout(function(){\n            $.magnificPopup.open({\n                  midClick: true,\n                  removalDelay: 300,\n                  items: {\n                    src: '#ferns', \n                    type: 'inline'\n                  }\n            });\n          }, delay);\n\n        e.preventDefault();\n      });\n});\n<\/script>\n\n \n\n<div id=\"plateau\" class=\"mfp-hide mfp-content-inner lightbox-white\" style=\"max-width:600px;padding:20px\">\n    <h3><strong>L\u2019altopiano Dogny <\/strong><\/h3>\n<p>Questo altopiano \u00e8 stato creato il 1 \u00b0 gennaio 1958 per celebrare una messa che riuniva le trib\u00f9 delle coste est e ovest. Il percorso si snoda su per la collina attraverso gli splendidi paesaggi locali con la loro caratteristica flora e fauna. Quando si raggiunge la cima sarete accolti da una superba vista. Il percorso parte dalla struttura dell\u2019Hotel Evasion. Si pu\u00f2 fare l&rsquo;escursione a piedi (circa \u00a05 ore di durata) o una versione ridotta a cavallo.<\/p>\n<\/div><!-- Lightbox-plateau -->\n\n<script>\njQuery(document).ready(function($) {\n\n      \n      $('a[href=\"#plateau\"]').click(function(e){\n         \/\/ Close openend lightboxes\n         var delay = 0;\n         \n         if($.magnificPopup.open){\n            $.magnificPopup.close();\n            delay = 300;\n         }\n\n         \/\/ Start lightbox\n         setTimeout(function(){\n            $.magnificPopup.open({\n                  midClick: true,\n                  removalDelay: 300,\n                  items: {\n                    src: '#plateau', \n                    type: 'inline'\n                  }\n            });\n          }, delay);\n\n        e.preventDefault();\n      });\n});\n<\/script>\n\n \n\n<div id=\"fort\" class=\"mfp-hide mfp-content-inner lightbox-white\" style=\"max-width:600px;padding:20px\">\n    <h3><strong>Il Forte di T\u00e9remba<\/strong><\/h3>\n<p>Il Forte di T\u00e9remba \u00e8 aperto tutti i giorni dalle 09h00 alle 16h00. Offre l\u2019opportunit\u00e0 d\u2019imparare tutto ci\u00f2 che c\u2019\u00e8 da sapere sulla storia dei prigionieri della Nuova Caledonia ed in particular modo l\u2019evento della loro rivolta avvenuto nel 1878. La visita \u00e8 una esperienza unica dove si possono tra l\u2019altro vedere anche le loro condizioni di detenzione e cosa facevano durante \u00a0loro vita quotidiana durante la prigionia.<\/p>\n<\/div><!-- Lightbox-fort -->\n\n<script>\njQuery(document).ready(function($) {\n\n      \n      $('a[href=\"#fort\"]').click(function(e){\n         \/\/ Close openend lightboxes\n         var delay = 0;\n         \n         if($.magnificPopup.open){\n            $.magnificPopup.close();\n            delay = 300;\n         }\n\n         \/\/ Start lightbox\n         setTimeout(function(){\n            $.magnificPopup.open({\n                  midClick: true,\n                  removalDelay: 300,\n                  items: {\n                    src: '#fort', \n                    type: 'inline'\n                  }\n            });\n          }, delay);\n\n        e.preventDefault();\n      });\n});\n<\/script>\n\n \n\n<div id=\"hole\" class=\"mfp-hide mfp-content-inner lightbox-white\" style=\"max-width:600px;padding:20px\">\n    <h3>Il buco Feuillet<\/h3>\n<p>Il buco Feuillet \u00e8 un luogo ideale per fare un bel tuffo. Quando la Nuova Caledonia \u00e8 stata sotto il dominio coloniale francese un governatore chiamato Feuillet amava nuotare in questo luogo. Questo sito \u00e8 stato chiamato in questo modo in suo onore. Per arrivarci prendere la strada di fronte all&rsquo;hotel Evasion e camminare per circa 300 m.<\/p>\n<\/div><!-- Lightbox-hole -->\n\n<script>\njQuery(document).ready(function($) {\n\n      \n      $('a[href=\"#hole\"]').click(function(e){\n         \/\/ Close openend lightboxes\n         var delay = 0;\n         \n         if($.magnificPopup.open){\n            $.magnificPopup.close();\n            delay = 300;\n         }\n\n         \/\/ Start lightbox\n         setTimeout(function(){\n            $.magnificPopup.open({\n                  midClick: true,\n                  removalDelay: 300,\n                  items: {\n                    src: '#hole', \n                    type: 'inline'\n                  }\n            });\n          }, delay);\n\n        e.preventDefault();\n      });\n});\n<\/script>\n\n","protected":false},"excerpt":{"rendered":"<p>La Foa e la sua regione, che comprende Farino, Moindou e Sarram\u00e9a \u00e8 rinomata per il suo eco-turismo. I suoi vasti spazi naturali aperti con la loro flora e fauna endemica danno un grande piacere ai turisti. Il suo immenso Parco delle Felci, le sue mangrovie ben conservate e la sua laguna che \u00e8 iscritta [&hellip;]\n","protected":false},"author":6,"featured_media":0,"parent":874,"menu_order":0,"comment_status":"closed","ping_status":"closed","template":"page-blank-container.php","meta":[],"_links":{"self":[{"href":"https:\/\/www.noumeadiscovery.com\/italian\/wp-json\/wp\/v2\/pages\/1171"}],"collection":[{"href":"https:\/\/www.noumeadiscovery.com\/italian\/wp-json\/wp\/v2\/pages"}],"about":[{"href":"https:\/\/www.noumeadiscovery.com\/italian\/wp-json\/wp\/v2\/types\/page"}],"author":[{"embeddable":true,"href":"https:\/\/www.noumeadiscovery.com\/italian\/wp-json\/wp\/v2\/users\/6"}],"replies":[{"embeddable":true,"href":"https:\/\/www.noumeadiscovery.com\/italian\/wp-json\/wp\/v2\/comments?post=1171"}],"version-history":[{"count":19,"href":"https:\/\/www.noumeadiscovery.com\/italian\/wp-json\/wp\/v2\/pages\/1171\/revisions"}],"predecessor-version":[{"id":2278,"href":"https:\/\/www.noumeadiscovery.com\/italian\/wp-json\/wp\/v2\/pages\/1171\/revisions\/2278"}],"up":[{"embeddable":true,"href":"https:\/\/www.noumeadiscovery.com\/italian\/wp-json\/wp\/v2\/pages\/874"}],"wp:attachment":[{"href":"https:\/\/www.noumeadiscovery.com\/italian\/wp-json\/wp\/v2\/media?parent=1171"}],"curies":[{"name":"wp","href":"https:\/\/api.w.org\/{rel}","templated":true}]}}