{"id":1002,"date":"2016-03-31T11:08:20","date_gmt":"2016-03-31T01:08:20","guid":{"rendered":"http:\/\/noumea.respax.com.au\/?page_id=1002"},"modified":"2017-07-26T14:11:42","modified_gmt":"2017-07-26T04:11:42","slug":"pondimie","status":"publish","type":"page","link":"https:\/\/www.noumeadiscovery.com\/italian\/destinations\/pondimie\/","title":{"rendered":"Poindimie"},"content":{"rendered":"   <div id=\"banner_440037925\" class=\"ux_banner dark    \"  style=\"height:150px; \" data-height=\"150px\" role=\"banner\">\n                                  <div class=\"banner-bg \"  style=\"background-image:url('https:\/\/#'); \"><img src=\"https:\/\/#\"  alt=\"\" style=\"visibility:hidden;\" \/><\/div>\n                             <div class=\"row\" >\n          <div class=\"inner center text-center \"  style=\"width:70%;\">\n            <div class=\"inner-wrap animated fadeIn\" style=\" \">\n              <h1>Poindimie<\/h1>\n            <\/div>\n          <\/div>  \n        <\/div>\n                     <\/div><!-- end .ux_banner -->\n\n<p>Poindimi\u00e9, \u00e8 la principale citt\u00e0 sulla costa orientale ed \u00e8 rinomata per le sue valli lussureggianti e le sue isole pittoresche.<\/p>\n<p>Questa citt\u00e0, che dista 309 km da Noumea, ha una popolazione di circa 6200 abitanti e appartiene ad un&rsquo;area \u201c<a href=\"https:\/\/fr.wikipedia.org\/wiki\/Aires_coutumi%C3%A8res_de_Nouvelle-Cal%C3%A9donie\">coutumi\u00e8re<\/a>\u201d chiamata Paici &#8211; Camuki. Se vi piace camminare, fare immersioni, \u00a0prendere parte ad escursioni sul territorio o semplicemente rilassarvi, Poindimi\u00e9 ha tutto quello che fa per voi!<\/p>\n<h3>Luoghi da vedere :<\/h3>\n\t<div  class=\"row container \">\n<div class=\"small-12    large-3  columns   \"  ><div class=\"column-inner\"  >\n<div class=\"imagebox\">   <div id=\"banner_1983779876\" class=\"ux_banner dark    \"  style=\"height:180px; \" data-height=\"180px\" role=\"banner\">\n      <a href=\"#tibarama\" >                            <div class=\"banner-bg \"  style=\"background-image:url('https:\/\/noumeadiscovery.com\/wp-content\/uploads\/2016\/04\/tibarama.jpg'); \"><img src=\"https:\/\/noumeadiscovery.com\/wp-content\/uploads\/2016\/04\/tibarama.jpg\"  alt=\"\" style=\"visibility:hidden;\" \/><\/div>\n                             <div class=\"row\" >\n          <div class=\"inner center text-center \"  style=\"width:70%;\">\n            <div class=\"inner-wrap animated fadeIn\" style=\" \">\n                          <\/div>\n          <\/div>  \n        <\/div>\n       <\/a>              <\/div><!-- end .ux_banner -->\n\n<div class=\"imagelabel\">\n<h3><a href=\"#tibarama\">L&rsquo;isola Tibarama<\/a><\/h3>\n<\/div>\n<\/div>\n<\/div><\/div>\n<div class=\"small-12    large-3  columns   \"  ><div class=\"column-inner\"  >\n<div class=\"imagebox\">   <div id=\"banner_404439134\" class=\"ux_banner dark    \"  style=\"height:180px; \" data-height=\"180px\" role=\"banner\">\n      <a href=\"#hiking\" >                            <div class=\"banner-bg \"  style=\"background-image:url('https:\/\/noumeadiscovery.com\/wp-content\/uploads\/2016\/04\/hiking poindimie.jpg'); \"><img src=\"https:\/\/noumeadiscovery.com\/wp-content\/uploads\/2016\/04\/hiking poindimie.jpg\"  alt=\"\" style=\"visibility:hidden;\" \/><\/div>\n                             <div class=\"row\" >\n          <div class=\"inner center text-center \"  style=\"width:70%;\">\n            <div class=\"inner-wrap animated fadeIn\" style=\" \">\n                          <\/div>\n          <\/div>  \n        <\/div>\n       <\/a>              <\/div><!-- end .ux_banner -->\n\n<div class=\"imagelabel\">\n<h3><a href=\"#hiking\">Hiking nelle valli<\/a><\/h3>\n<\/div>\n<\/div>\n<\/div><\/div>\n<div class=\"small-12    large-3  columns   \"  ><div class=\"column-inner\"  >\n<div class=\"imagebox\">   <div id=\"banner_799264429\" class=\"ux_banner dark    \"  style=\"height:180px; \" data-height=\"180px\" role=\"banner\">\n      <a href=\"#church\" >                            <div class=\"banner-bg \"  style=\"background-image:url('https:\/\/www.noumeadiscovery.com\/wp-content\/uploads\/2016\/03\/tye-church.jpg'); \"><img src=\"https:\/\/www.noumeadiscovery.com\/wp-content\/uploads\/2016\/03\/tye-church.jpg\"  alt=\"\" style=\"visibility:hidden;\" \/><\/div>\n                             <div class=\"row\" >\n          <div class=\"inner center text-center \"  style=\"width:70%;\">\n            <div class=\"inner-wrap animated fadeIn\" style=\" \">\n                          <\/div>\n          <\/div>  \n        <\/div>\n       <\/a>              <\/div><!-- end .ux_banner -->\n\n<div class=\"imagelabel\">\n<h3><a href=\"#church\">La chiesa di Tye<\/a><\/h3>\n<\/div>\n<\/div>\n<\/div><\/div>\n<div class=\"small-12    large-3  columns   \"  ><div class=\"column-inner\"  >\n<div class=\"imagebox\">   <div id=\"banner_1087081528\" class=\"ux_banner dark    \"  style=\"height:180px; \" data-height=\"180px\" role=\"banner\">\n      <a href=\"#saint\" >                            <div class=\"banner-bg \"  style=\"background-image:url('https:\/\/noumeadiscovery.com\/wp-content\/uploads\/2016\/04\/saint paul.jpg'); \"><img src=\"https:\/\/noumeadiscovery.com\/wp-content\/uploads\/2016\/04\/saint paul.jpg\"  alt=\"\" style=\"visibility:hidden;\" \/><\/div>\n                             <div class=\"row\" >\n          <div class=\"inner center text-center \"  style=\"width:70%;\">\n            <div class=\"inner-wrap animated fadeIn\" style=\" \">\n                          <\/div>\n          <\/div>  \n        <\/div>\n       <\/a>              <\/div><!-- end .ux_banner -->\n\n<div class=\"imagelabel\">\n<h3><a href=\"#saint\">La chiesa di Saint Paul<\/a><\/h3>\n<\/div>\n<\/div>\n<\/div><\/div><\/div>\n  \t<div  class=\"row container \">\n<div class=\"small-12    large-3  columns   \"  ><div class=\"column-inner\"  >\n<div class=\"imagebox\">   <div id=\"banner_1744997583\" class=\"ux_banner dark    \"  style=\"height:180px; \" data-height=\"180px\" role=\"banner\">\n      <a href=\"#path\" >                            <div class=\"banner-bg \"  style=\"background-image:url('https:\/\/noumeadiscovery.com\/wp-content\/uploads\/2016\/04\/koyaboa.jpg'); \"><img src=\"https:\/\/noumeadiscovery.com\/wp-content\/uploads\/2016\/04\/koyaboa.jpg\"  alt=\"\" style=\"visibility:hidden;\" \/><\/div>\n                             <div class=\"row\" >\n          <div class=\"inner center text-center \"  style=\"width:70%;\">\n            <div class=\"inner-wrap animated fadeIn\" style=\" \">\n                          <\/div>\n          <\/div>  \n        <\/div>\n       <\/a>              <\/div><!-- end .ux_banner -->\n\n<div class=\"imagelabel\">\n<h3><a href=\"#path\">Sentiero Koyaboa<\/a><\/h3>\n<\/div>\n<\/div>\n<\/div><\/div>\n<div class=\"small-12    large-3  columns   \"  ><div class=\"column-inner\"  >\n<div class=\"imagebox\">   <div id=\"banner_1797505272\" class=\"ux_banner dark    \"  style=\"height:180px; \" data-height=\"180px\" role=\"banner\">\n      <a href=\"#beach\" >                            <div class=\"banner-bg \"  style=\"background-image:url('https:\/\/www.noumeadiscovery.com\/french\/wp-content\/uploads\/2016\/03\/poindimie-la-plage-devant-lhotel-tieti.jpg'); \"><img src=\"https:\/\/www.noumeadiscovery.com\/french\/wp-content\/uploads\/2016\/03\/poindimie-la-plage-devant-lhotel-tieti.jpg\"  alt=\"\" style=\"visibility:hidden;\" \/><\/div>\n                             <div class=\"row\" >\n          <div class=\"inner center text-center \"  style=\"width:70%;\">\n            <div class=\"inner-wrap animated fadeIn\" style=\" \">\n                          <\/div>\n          <\/div>  \n        <\/div>\n       <\/a>              <\/div><!-- end .ux_banner -->\n\n<div class=\"imagelabel\">\n<h3><a href=\"#beach\">La spiaggia di Tieti<\/a><\/h3>\n<\/div>\n<\/div><\/div>\n<\/div>\n  \n \n\n<div id=\"tibarama\" class=\"mfp-hide mfp-content-inner lightbox-white\" style=\"max-width:600px;padding:20px\">\n    <h3>L&rsquo;isola Tibarama<\/h3>\n<p>L&rsquo;isola \u00e8 considerata la pi\u00f9 bella tra quelle della Grande Terre. Si trova proprio di fronte a Poindimi\u00e9 e ci si pu\u00f2 arrivare facilmente in barca o in kayak per una giornata di relax in spiaggia o per osservare la sua ricca vita marina.<\/p>\n<\/div><!-- Lightbox-tibarama -->\n\n<script>\njQuery(document).ready(function($) {\n\n      \n      $('a[href=\"#tibarama\"]').click(function(e){\n         \/\/ Close openend lightboxes\n         var delay = 0;\n         \n         if($.magnificPopup.open){\n            $.magnificPopup.close();\n            delay = 300;\n         }\n\n         \/\/ Start lightbox\n         setTimeout(function(){\n            $.magnificPopup.open({\n                  midClick: true,\n                  removalDelay: 300,\n                  items: {\n                    src: '#tibarama', \n                    type: 'inline'\n                  }\n            });\n          }, delay);\n\n        e.preventDefault();\n      });\n});\n<\/script>\n\n \n\n<div id=\"hiking\" class=\"mfp-hide mfp-content-inner lightbox-white\" style=\"max-width:600px;padding:20px\">\n    <h3>Hiking in nelle valli<\/h3>\n<ul>\n<li>Valle di Tchamba: dopo il ponte sul fiume Tchamba, seguire il sentiero sulla destra vicino alla fermata dell&rsquo;autobus.<\/li>\n<li>Valle di Napo\u00e9mien : svoltare a destra dopo la banca (nel centro del paese) e di nuovo a destra.<\/li>\n<li>Valle d\u2019Ina: seguire il percorso proprio di fronte al ponte che porta fuori dalla citt\u00e0.<\/li>\n<li>Valle N\u00e9vaho : prendere la strada proprio di fronte al ponte sul fiume Eewe e proseguire lungo la strada sassosa.<\/li>\n<\/ul>\n<\/div><!-- Lightbox-hiking -->\n\n<script>\njQuery(document).ready(function($) {\n\n      \n      $('a[href=\"#hiking\"]').click(function(e){\n         \/\/ Close openend lightboxes\n         var delay = 0;\n         \n         if($.magnificPopup.open){\n            $.magnificPopup.close();\n            delay = 300;\n         }\n\n         \/\/ Start lightbox\n         setTimeout(function(){\n            $.magnificPopup.open({\n                  midClick: true,\n                  removalDelay: 300,\n                  items: {\n                    src: '#hiking', \n                    type: 'inline'\n                  }\n            });\n          }, delay);\n\n        e.preventDefault();\n      });\n});\n<\/script>\n\n \n\n<div id=\"church\" class=\"mfp-hide mfp-content-inner lightbox-white\" style=\"max-width:600px;padding:20px\">\n    <h3>La chiesa di Tye<\/h3>\n<p>Questa chiesa, che si trova a nord della citt\u00e0, \u00e8 stata costruita nel 1865 ed \u00e8 classificata come monumento storico.<\/p>\n<\/div><!-- Lightbox-church -->\n\n<script>\njQuery(document).ready(function($) {\n\n      \n      $('a[href=\"#church\"]').click(function(e){\n         \/\/ Close openend lightboxes\n         var delay = 0;\n         \n         if($.magnificPopup.open){\n            $.magnificPopup.close();\n            delay = 300;\n         }\n\n         \/\/ Start lightbox\n         setTimeout(function(){\n            $.magnificPopup.open({\n                  midClick: true,\n                  removalDelay: 300,\n                  items: {\n                    src: '#church', \n                    type: 'inline'\n                  }\n            });\n          }, delay);\n\n        e.preventDefault();\n      });\n});\n<\/script>\n\n \n\n<div id=\"saint\" class=\"mfp-hide mfp-content-inner lightbox-white\" style=\"max-width:600px;padding:20px\">\n    <h3>La chiesa di Saint-Paul<\/h3>\n<p>Questa chiesa, che si trova nella trib\u00f9 di Pambou, \u00e8 costruita dal ciottoli bloccati insieme con il calcare.<\/p>\n<\/div><!-- Lightbox-saint -->\n\n<script>\njQuery(document).ready(function($) {\n\n      \n      $('a[href=\"#saint\"]').click(function(e){\n         \/\/ Close openend lightboxes\n         var delay = 0;\n         \n         if($.magnificPopup.open){\n            $.magnificPopup.close();\n            delay = 300;\n         }\n\n         \/\/ Start lightbox\n         setTimeout(function(){\n            $.magnificPopup.open({\n                  midClick: true,\n                  removalDelay: 300,\n                  items: {\n                    src: '#saint', \n                    type: 'inline'\n                  }\n            });\n          }, delay);\n\n        e.preventDefault();\n      });\n});\n<\/script>\n\n \n\n<div id=\"path\" class=\"mfp-hide mfp-content-inner lightbox-white\" style=\"max-width:600px;padding:20px\">\n    <h3>Sentiero Koyaboa<\/h3>\n<p>Numerosi sentieri sono segnalati tra cui il percorso Koyaboa che porta ad un magnifico punto di belvedere con una vista di Poindimi\u00e9 e le sue isole circostanti.<\/p>\n<\/div><!-- Lightbox-path -->\n\n<script>\njQuery(document).ready(function($) {\n\n      \n      $('a[href=\"#path\"]').click(function(e){\n         \/\/ Close openend lightboxes\n         var delay = 0;\n         \n         if($.magnificPopup.open){\n            $.magnificPopup.close();\n            delay = 300;\n         }\n\n         \/\/ Start lightbox\n         setTimeout(function(){\n            $.magnificPopup.open({\n                  midClick: true,\n                  removalDelay: 300,\n                  items: {\n                    src: '#path', \n                    type: 'inline'\n                  }\n            });\n          }, delay);\n\n        e.preventDefault();\n      });\n});\n<\/script>\n\n \n\n<div id=\"beach\" class=\"mfp-hide mfp-content-inner lightbox-white\" style=\"max-width:600px;padding:20px\">\n    <h3 id=\"tw-target-text\" class=\"tw-data-text tw-ta tw-text-large\" dir=\"ltr\" data-placeholder=\"Traduction\"><span lang=\"it\">La spiaggia<\/span> di Tieti<\/h3>\n<p><span lang=\"IT\">Considerata come una delle pi\u00f9 belle spiagge della costa Est, \u00e8 il luogo ideale per un pic nic. E\u2019 situata accanto all\u2019hotel Tieti.<\/span><\/p>\n<\/div><!-- Lightbox-beach -->\n\n<script>\njQuery(document).ready(function($) {\n\n      \n      $('a[href=\"#beach\"]').click(function(e){\n         \/\/ Close openend lightboxes\n         var delay = 0;\n         \n         if($.magnificPopup.open){\n            $.magnificPopup.close();\n            delay = 300;\n         }\n\n         \/\/ Start lightbox\n         setTimeout(function(){\n            $.magnificPopup.open({\n                  midClick: true,\n                  removalDelay: 300,\n                  items: {\n                    src: '#beach', \n                    type: 'inline'\n                  }\n            });\n          }, delay);\n\n        e.preventDefault();\n      });\n});\n<\/script>\n\n<p>&nbsp;<\/p>\n<p>&nbsp;<\/p>\n<\/div>\n","protected":false},"excerpt":{"rendered":"<p>Poindimi\u00e9, \u00e8 la principale citt\u00e0 sulla costa orientale ed \u00e8 rinomata per le sue valli lussureggianti e le sue isole pittoresche. Questa citt\u00e0, che dista 309 km da Noumea, ha una popolazione di circa 6200 abitanti e appartiene ad un&rsquo;area \u201ccoutumi\u00e8re\u201d chiamata Paici &#8211; Camuki. Se vi piace camminare, fare immersioni, \u00a0prendere parte ad escursioni [&hellip;]\n","protected":false},"author":6,"featured_media":0,"parent":874,"menu_order":0,"comment_status":"closed","ping_status":"closed","template":"page-blank-container.php","meta":[],"_links":{"self":[{"href":"https:\/\/www.noumeadiscovery.com\/italian\/wp-json\/wp\/v2\/pages\/1002"}],"collection":[{"href":"https:\/\/www.noumeadiscovery.com\/italian\/wp-json\/wp\/v2\/pages"}],"about":[{"href":"https:\/\/www.noumeadiscovery.com\/italian\/wp-json\/wp\/v2\/types\/page"}],"author":[{"embeddable":true,"href":"https:\/\/www.noumeadiscovery.com\/italian\/wp-json\/wp\/v2\/users\/6"}],"replies":[{"embeddable":true,"href":"https:\/\/www.noumeadiscovery.com\/italian\/wp-json\/wp\/v2\/comments?post=1002"}],"version-history":[{"count":18,"href":"https:\/\/www.noumeadiscovery.com\/italian\/wp-json\/wp\/v2\/pages\/1002\/revisions"}],"predecessor-version":[{"id":2375,"href":"https:\/\/www.noumeadiscovery.com\/italian\/wp-json\/wp\/v2\/pages\/1002\/revisions\/2375"}],"up":[{"embeddable":true,"href":"https:\/\/www.noumeadiscovery.com\/italian\/wp-json\/wp\/v2\/pages\/874"}],"wp:attachment":[{"href":"https:\/\/www.noumeadiscovery.com\/italian\/wp-json\/wp\/v2\/media?parent=1002"}],"curies":[{"name":"wp","href":"https:\/\/api.w.org\/{rel}","templated":true}]}}