{"id":999,"date":"2016-03-31T10:58:16","date_gmt":"2016-03-31T00:58:16","guid":{"rendered":"http:\/\/noumea.respax.com.au\/?page_id=999"},"modified":"2016-11-08T13:24:37","modified_gmt":"2016-11-08T03:24:37","slug":"hienghene","status":"publish","type":"page","link":"https:\/\/www.noumeadiscovery.com\/french\/destinations\/hienghene\/","title":{"rendered":"Hiengh\u00e8ne"},"content":{"rendered":"   <div id=\"banner_1772205234\" class=\"ux_banner dark    \"  style=\"height:150px; \" data-height=\"150px\" role=\"banner\">\n                                  <div class=\"banner-bg \"  style=\"background-image:url('https:\/\/noumeadiscovery.com\/wp-content\/uploads\/2016\/04\/hienghene.jpg'); \"><img src=\"https:\/\/noumeadiscovery.com\/wp-content\/uploads\/2016\/04\/hienghene.jpg\"  alt=\"\" style=\"visibility:hidden;\" \/><\/div>\n                             <div class=\"row\" >\n          <div class=\"inner center text-center \"  style=\"width:70%;\">\n            <div class=\"inner-wrap animated fadeIn\" style=\" \">\n              <h1>Hiengh\u00e8ne<\/h1>\n            <\/div>\n          <\/div>  \n        <\/div>\n                     <\/div><!-- end .ux_banner -->\n\n<p>Situ\u00e9e sur la c\u00f4te Est, Hiengh\u00e8ne est l\u2019une des villes principales du Nord de la Cal\u00e9donie. Son histoire a \u00e9t\u00e9 marqu\u00e9e par l\u2019ordre colonial.<\/p>\n<p>R\u00e9put\u00e9e pour ses paysages uniques, Hiengh\u00e8ne est un formidable endroit pour les randonneurs et les plongeurs. Aujourd\u2019hui, la r\u00e9gion s\u2019est tourn\u00e9e vers l\u2019accueil des visiteurs\u00a0: les guides sont form\u00e9s et l&rsquo;accueil en tribus est courant.<\/p>\n<h3>Les incontournables :<\/h3>\n\t<div  class=\"row container \">\n<div class=\"small-12    large-3  columns   \"  ><div class=\"column-inner\"  >\n<div class=\"imagebox\">   <div id=\"banner_1785451973\" class=\"ux_banner dark    \"  style=\"height:180px; \" data-height=\"180px\" role=\"banner\">\n      <a href=\"#ferry\" >                            <div class=\"banner-bg \"  style=\"background-image:url('https:\/\/noumeadiscovery.com\/wp-content\/uploads\/2016\/04\/bac ouaieme.jpg'); \"><img src=\"https:\/\/noumeadiscovery.com\/wp-content\/uploads\/2016\/04\/bac ouaieme.jpg\"  alt=\"\" style=\"visibility:hidden;\" \/><\/div>\n                             <div class=\"row\" >\n          <div class=\"inner center text-center \"  style=\"width:70%;\">\n            <div class=\"inner-wrap animated fadeIn\" style=\" \">\n                          <\/div>\n          <\/div>  \n        <\/div>\n       <\/a>              <\/div><!-- end .ux_banner -->\n\n<div class=\"imagelabel\">\n<h3><a href=\"#ferry\">Le Bac de la Oui\u00e8me <\/a><\/h3>\n<\/div>\n<\/div>\n<\/div><\/div>\n<div class=\"small-12    large-3  columns   \"  ><div class=\"column-inner\"  >\n<div class=\"imagebox\">   <div id=\"banner_1633321470\" class=\"ux_banner dark    \"  style=\"height:180px; \" data-height=\"180px\" role=\"banner\">\n      <a href=\"#waterfall\" >                            <div class=\"banner-bg \"  style=\"background-image:url('https:\/\/noumeadiscovery.com\/wp-content\/uploads\/2016\/04\/tao waterfall.jpg'); \"><img src=\"https:\/\/noumeadiscovery.com\/wp-content\/uploads\/2016\/04\/tao waterfall.jpg\"  alt=\"\" style=\"visibility:hidden;\" \/><\/div>\n                             <div class=\"row\" >\n          <div class=\"inner center text-center \"  style=\"width:70%;\">\n            <div class=\"inner-wrap animated fadeIn\" style=\" \">\n                          <\/div>\n          <\/div>  \n        <\/div>\n       <\/a>              <\/div><!-- end .ux_banner -->\n\n<div class=\"imagelabel\">\n<h3><a href=\"#waterfall\">La Cascade de Tao<\/a><\/h3>\n<\/div>\n<\/div>\n<\/div><\/div>\n<div class=\"small-12    large-3  columns   \"  ><div class=\"column-inner\"  >\n<div class=\"imagebox\">   <div id=\"banner_510956710\" class=\"ux_banner dark    \"  style=\"height:180px; \" data-height=\"180px\" role=\"banner\">\n      <a href=\"#lookout\" >                            <div class=\"banner-bg \"  style=\"background-image:url('https:\/\/noumeadiscovery.com\/wp-content\/uploads\/2016\/04\/hen sphinx.jpg'); \"><img src=\"https:\/\/noumeadiscovery.com\/wp-content\/uploads\/2016\/04\/hen sphinx.jpg\"  alt=\"\" style=\"visibility:hidden;\" \/><\/div>\n                             <div class=\"row\" >\n          <div class=\"inner center text-center \"  style=\"width:70%;\">\n            <div class=\"inner-wrap animated fadeIn\" style=\" \">\n                          <\/div>\n          <\/div>  \n        <\/div>\n       <\/a>              <\/div><!-- end .ux_banner -->\n\n<div class=\"imagelabel\">\n<h3><a href=\"#lookout\">La \u00ab\u00a0Poule\u00a0\u00bb et le \u00ab\u00a0Sphinx\u00a0\u00bb<\/a><\/h3>\n<\/div>\n<\/div>\n<\/div><\/div>\n<div class=\"small-12    large-3  columns   \"  ><div class=\"column-inner\"  >\n<div class=\"imagebox\">   <div id=\"banner_1167733796\" class=\"ux_banner dark    \"  style=\"height:180px; \" data-height=\"180px\" role=\"banner\">\n      <a href=\"#sculptors\" >                            <div class=\"banner-bg \"  style=\"background-image:url('https:\/\/noumeadiscovery.com\/wp-content\/uploads\/2016\/04\/sculptors.jpg'); \"><img src=\"https:\/\/noumeadiscovery.com\/wp-content\/uploads\/2016\/04\/sculptors.jpg\"  alt=\"\" style=\"visibility:hidden;\" \/><\/div>\n                             <div class=\"row\" >\n          <div class=\"inner center text-center \"  style=\"width:70%;\">\n            <div class=\"inner-wrap animated fadeIn\" style=\" \">\n                          <\/div>\n          <\/div>  \n        <\/div>\n       <\/a>              <\/div><!-- end .ux_banner -->\n\n<div class=\"imagelabel\">\n<h3><a href=\"#lookout\">Sculptures<\/a><\/h3>\n<\/div><\/div>\n<\/div>\n<\/div>\n<div class=\"small-12    large-3  columns   \"  ><div class=\"column-inner\"  >\n<div class=\"imagebox\">   <div id=\"banner_263688564\" class=\"ux_banner dark    \"  style=\"height:180px; \" data-height=\"180px\" role=\"banner\">\n      <a href=\"#hiking\" >                            <div class=\"banner-bg \"  style=\"background-image:url('https:\/\/noumeadiscovery.com\/wp-content\/uploads\/2016\/04\/hiking.jpg'); \"><img src=\"https:\/\/noumeadiscovery.com\/wp-content\/uploads\/2016\/04\/hiking.jpg\"  alt=\"\" style=\"visibility:hidden;\" \/><\/div>\n                             <div class=\"row\" >\n          <div class=\"inner center text-center \"  style=\"width:70%;\">\n            <div class=\"inner-wrap animated fadeIn\" style=\" \">\n                          <\/div>\n          <\/div>  \n        <\/div>\n       <\/a>              <\/div><!-- end .ux_banner -->\n\n<div class=\"imagelabel\">\n<h3><a href=\"#hiking\">Randonn\u00e9es <\/a><\/h3>\n<\/div>\n<\/div>\n<\/div><\/div>\n<div class=\"small-12    large-3  columns   \"  ><div class=\"column-inner\"  >\n<div class=\"imagebox\">   <div id=\"banner_1531000152\" class=\"ux_banner dark    \"  style=\"height:180px; \" data-height=\"180px\" role=\"banner\">\n      <a href=\"#diving\" >                            <div class=\"banner-bg \"  style=\"background-image:url('https:\/\/noumeadiscovery.com\/wp-content\/uploads\/2016\/04\/diving.jpg'); \"><img src=\"https:\/\/noumeadiscovery.com\/wp-content\/uploads\/2016\/04\/diving.jpg\"  alt=\"\" style=\"visibility:hidden;\" \/><\/div>\n                             <div class=\"row\" >\n          <div class=\"inner center text-center \"  style=\"width:70%;\">\n            <div class=\"inner-wrap animated fadeIn\" style=\" \">\n                          <\/div>\n          <\/div>  \n        <\/div>\n       <\/a>              <\/div><!-- end .ux_banner -->\n\n<div class=\"imagelabel\">\n<h3><a href=\"#diving\">Plong\u00e9e<\/a><\/h3>\n<\/div>\n<\/div>\n<\/div><\/div>\n<div class=\"small-12    large-3  columns   \"  ><div class=\"column-inner\"  >\n<\/div><\/div>\n<div class=\"small-12    large-3  columns   \"  ><div class=\"column-inner\"  >\n<\/div><\/div>\n<\/div>\n  \n \n\n<div id=\"ferry\" class=\"mfp-hide mfp-content-inner lightbox-white\" style=\"max-width:600px;padding:20px\">\n    <h3>Le Bac de la Oui\u00e8me<\/h3>\n<p>C\u2018est le dernier du genre sur le territoire et fonctionne jour et nuit gratuitement. Des tabous emp\u00eachent toute construction pour traverser la rivi\u00e8re.<\/p>\n<\/div><!-- Lightbox-ferry -->\n\n<script>\njQuery(document).ready(function($) {\n\n      \n      $('a[href=\"#ferry\"]').click(function(e){\n         \/\/ Close openend lightboxes\n         var delay = 0;\n         \n         if($.magnificPopup.open){\n            $.magnificPopup.close();\n            delay = 300;\n         }\n\n         \/\/ Start lightbox\n         setTimeout(function(){\n            $.magnificPopup.open({\n                  midClick: true,\n                  removalDelay: 300,\n                  items: {\n                    src: '#ferry', \n                    type: 'inline'\n                  }\n            });\n          }, delay);\n\n        e.preventDefault();\n      });\n});\n<\/script>\n\n \n\n<div id=\"waterfall\" class=\"mfp-hide mfp-content-inner lightbox-white\" style=\"max-width:600px;padding:20px\">\n    <h3>La Cascade de Tao<\/h3>\n<p>Un panneau vous indiquera la cascade. Vous pourrez vous baigner dans le bassin accessible \u00e0 quelques pas. Vous pourrez \u00e9galement emprunter un chemin fl\u00e9ch\u00e9 pour atteindre la cascade. Soyez prudents &#8211; les rochers sont glissants.<\/p>\n<\/div><!-- Lightbox-waterfall -->\n\n<script>\njQuery(document).ready(function($) {\n\n      \n      $('a[href=\"#waterfall\"]').click(function(e){\n         \/\/ Close openend lightboxes\n         var delay = 0;\n         \n         if($.magnificPopup.open){\n            $.magnificPopup.close();\n            delay = 300;\n         }\n\n         \/\/ Start lightbox\n         setTimeout(function(){\n            $.magnificPopup.open({\n                  midClick: true,\n                  removalDelay: 300,\n                  items: {\n                    src: '#waterfall', \n                    type: 'inline'\n                  }\n            });\n          }, delay);\n\n        e.preventDefault();\n      });\n});\n<\/script>\n\n \n\n<div id=\"lookout\" class=\"mfp-hide mfp-content-inner lightbox-white\" style=\"max-width:600px;padding:20px\">\n    <h3>Le Point de Vue : la Poule et le Sphinx<\/h3>\n<p>Admirez la vue panoramique de ce belv\u00e9d\u00e8re. C\u2019est toute la baie de Hiengh\u00e8ne qui s\u2019offre \u00e0 vous\u00a0: les roches noires de Lind\u00e9ralique, la Poule et le Sphinx.<\/p>\n<\/div><!-- Lightbox-lookout -->\n\n<script>\njQuery(document).ready(function($) {\n\n      \n      $('a[href=\"#lookout\"]').click(function(e){\n         \/\/ Close openend lightboxes\n         var delay = 0;\n         \n         if($.magnificPopup.open){\n            $.magnificPopup.close();\n            delay = 300;\n         }\n\n         \/\/ Start lightbox\n         setTimeout(function(){\n            $.magnificPopup.open({\n                  midClick: true,\n                  removalDelay: 300,\n                  items: {\n                    src: '#lookout', \n                    type: 'inline'\n                  }\n            });\n          }, delay);\n\n        e.preventDefault();\n      });\n});\n<\/script>\n\n \n\n<div id=\"sculptors\" class=\"mfp-hide mfp-content-inner lightbox-white\" style=\"max-width:600px;padding:20px\">\n    <h3>Sculptures<\/h3>\n<p>Les tribus de Tao, Tendo, Pindache et Tangh\u00e8ne vous proposent d\u2019aller \u00e0 la rencontre de leurs sculpteurs. Possibilit\u00e9 d\u2019acheter sur place une de leurs r\u00e9alisations. Vous d\u00e9couvrirez que chaque pi\u00e8ce comporte une signification culturelle importante.<\/p>\n<\/div><!-- Lightbox-sculptors -->\n\n<script>\njQuery(document).ready(function($) {\n\n      \n      $('a[href=\"#sculptors\"]').click(function(e){\n         \/\/ Close openend lightboxes\n         var delay = 0;\n         \n         if($.magnificPopup.open){\n            $.magnificPopup.close();\n            delay = 300;\n         }\n\n         \/\/ Start lightbox\n         setTimeout(function(){\n            $.magnificPopup.open({\n                  midClick: true,\n                  removalDelay: 300,\n                  items: {\n                    src: '#sculptors', \n                    type: 'inline'\n                  }\n            });\n          }, delay);\n\n        e.preventDefault();\n      });\n});\n<\/script>\n\n \n\n<div id=\"hiking\" class=\"mfp-hide mfp-content-inner lightbox-white\" style=\"max-width:600px;padding:20px\">\n    <h3>Randonn\u00e9es<\/h3>\n<ul>\n<li>Au d\u00e9part du Belv\u00e9d\u00e8re, pr\u00e9voir 1h30 et atteignez le bord de mer.<\/li>\n<li>Marche jusqu\u2019au sommet de Ga Wivaek &#8211; pr\u00e9voir 2 heures.<\/li>\n<li>Boucle de Tao &#8211; pr\u00e9voir 3 heures. Il est n\u00e9cessaire de demander l\u2019autorisation du propri\u00e9taire de la maison au pied de la cascade pour traverser son jardin.<\/li>\n<\/ul>\n<\/div><!-- Lightbox-hiking -->\n\n<script>\njQuery(document).ready(function($) {\n\n      \n      $('a[href=\"#hiking\"]').click(function(e){\n         \/\/ Close openend lightboxes\n         var delay = 0;\n         \n         if($.magnificPopup.open){\n            $.magnificPopup.close();\n            delay = 300;\n         }\n\n         \/\/ Start lightbox\n         setTimeout(function(){\n            $.magnificPopup.open({\n                  midClick: true,\n                  removalDelay: 300,\n                  items: {\n                    src: '#hiking', \n                    type: 'inline'\n                  }\n            });\n          }, delay);\n\n        e.preventDefault();\n      });\n});\n<\/script>\n\n \n\n<div id=\"diving\" class=\"mfp-hide mfp-content-inner lightbox-white\" style=\"max-width:600px;padding:20px\">\n    <h3>Plong\u00e9e<\/h3>\n<p>Hiengh\u00e8ne est r\u00e9put\u00e9e pour offrir de beaux sites de plong\u00e9e\u00a0:<\/p>\n<ul>\n<li>R\u00e9cif Do\u00efman\u00a0: Cath\u00e9drale \/ Pointe aux Cachalots<\/li>\n<li>Passe de Hiengh\u00e8ne\u00a0: Anse aux Baleines \/ Tidwan<\/li>\n<li>Passe de Hiengu<\/li>\n<li>Donga Hienga<\/li>\n<li>Fonti Reef<\/li>\n<\/ul>\n<\/div><!-- Lightbox-diving -->\n\n<script>\njQuery(document).ready(function($) {\n\n      \n      $('a[href=\"#diving\"]').click(function(e){\n         \/\/ Close openend lightboxes\n         var delay = 0;\n         \n         if($.magnificPopup.open){\n            $.magnificPopup.close();\n            delay = 300;\n         }\n\n         \/\/ Start lightbox\n         setTimeout(function(){\n            $.magnificPopup.open({\n                  midClick: true,\n                  removalDelay: 300,\n                  items: {\n                    src: '#diving', \n                    type: 'inline'\n                  }\n            });\n          }, delay);\n\n        e.preventDefault();\n      });\n});\n<\/script>\n\n","protected":false},"excerpt":{"rendered":"<p>Situ\u00e9e sur la c\u00f4te Est, Hiengh\u00e8ne est l\u2019une des villes principales du Nord de la Cal\u00e9donie. Son histoire a \u00e9t\u00e9 marqu\u00e9e par l\u2019ordre colonial. R\u00e9put\u00e9e pour ses paysages uniques, Hiengh\u00e8ne est un formidable endroit pour les randonneurs et les plongeurs. Aujourd\u2019hui, la r\u00e9gion s\u2019est tourn\u00e9e vers l\u2019accueil des visiteurs\u00a0: les guides sont form\u00e9s et l&rsquo;accueil [&hellip;]\n","protected":false},"author":6,"featured_media":0,"parent":874,"menu_order":0,"comment_status":"closed","ping_status":"closed","template":"page-blank-container.php","meta":[],"_links":{"self":[{"href":"https:\/\/www.noumeadiscovery.com\/french\/wp-json\/wp\/v2\/pages\/999"}],"collection":[{"href":"https:\/\/www.noumeadiscovery.com\/french\/wp-json\/wp\/v2\/pages"}],"about":[{"href":"https:\/\/www.noumeadiscovery.com\/french\/wp-json\/wp\/v2\/types\/page"}],"author":[{"embeddable":true,"href":"https:\/\/www.noumeadiscovery.com\/french\/wp-json\/wp\/v2\/users\/6"}],"replies":[{"embeddable":true,"href":"https:\/\/www.noumeadiscovery.com\/french\/wp-json\/wp\/v2\/comments?post=999"}],"version-history":[{"count":14,"href":"https:\/\/www.noumeadiscovery.com\/french\/wp-json\/wp\/v2\/pages\/999\/revisions"}],"predecessor-version":[{"id":2246,"href":"https:\/\/www.noumeadiscovery.com\/french\/wp-json\/wp\/v2\/pages\/999\/revisions\/2246"}],"up":[{"embeddable":true,"href":"https:\/\/www.noumeadiscovery.com\/french\/wp-json\/wp\/v2\/pages\/874"}],"wp:attachment":[{"href":"https:\/\/www.noumeadiscovery.com\/french\/wp-json\/wp\/v2\/media?parent=999"}],"curies":[{"name":"wp","href":"https:\/\/api.w.org\/{rel}","templated":true}]}}