{"id":993,"date":"2016-03-31T10:50:45","date_gmt":"2016-03-31T00:50:45","guid":{"rendered":"http:\/\/noumea.respax.com.au\/?page_id=993"},"modified":"2016-11-08T10:55:24","modified_gmt":"2016-11-08T00:55:24","slug":"koumac","status":"publish","type":"page","link":"https:\/\/www.noumeadiscovery.com\/french\/destinations\/koumac\/","title":{"rendered":"Koumac"},"content":{"rendered":"   <div id=\"banner_753731131\" class=\"ux_banner dark    \"  style=\"height:150px; \" data-height=\"150px\" role=\"banner\">\n                                  <div class=\"banner-bg \"  style=\"background-image:url('https:\/\/noumeadiscovery.com\/wp-content\/uploads\/2016\/04\/koumac.jpg'); \"><img src=\"https:\/\/noumeadiscovery.com\/wp-content\/uploads\/2016\/04\/koumac.jpg\"  alt=\"\" style=\"visibility:hidden;\" \/><\/div>\n                             <div class=\"row\" >\n          <div class=\"inner center text-center \"  style=\"width:70%;\">\n            <div class=\"inner-wrap animated fadeIn\" style=\" \">\n              <h1>Koumac<\/h1>\n            <\/div>\n          <\/div>  \n        <\/div>\n                     <\/div><!-- end .ux_banner -->\n\n<p>Situ\u00e9e \u00e0 362 kilom\u00e8tres de Noum\u00e9a, Koumac est juste \u00e0 l\u2019embranchement de la c\u00f4te Est et du Grand Nord. Cette ville du Nord est avant tout mini\u00e8re et agricole, mais a d\u00e9velopp\u00e9 son potentiel touristique ces derni\u00e8res ann\u00e9es. Ses 4252 habitants en font une ville cosmopolite o\u00f9 se m\u00e9langent toutes les cultures du pays. Rendez-vous \u00e0 l\u2019occasion de la foire de Koumac pour partir \u00e0 leur rencontre.<\/p>\n<h3>Les incontournables :<\/h3>\n\t<div  class=\"row container \">\n<div class=\"small-12    large-3  columns   \"  ><div class=\"column-inner\"  >\n<div class=\"imagebox\">   <div id=\"banner_1572339315\" class=\"ux_banner dark    \"  style=\"height:180px; \" data-height=\"180px\" role=\"banner\">\n      <a href=\"#caves\" >                            <div class=\"banner-bg \"  style=\"background-image:url('https:\/\/noumeadiscovery.com\/wp-content\/uploads\/2016\/04\/koumac caves.jpg'); \"><img src=\"https:\/\/noumeadiscovery.com\/wp-content\/uploads\/2016\/04\/koumac caves.jpg\"  alt=\"\" style=\"visibility:hidden;\" \/><\/div>\n                             <div class=\"row\" >\n          <div class=\"inner center text-center \"  style=\"width:70%;\">\n            <div class=\"inner-wrap animated fadeIn\" style=\" \">\n                          <\/div>\n          <\/div>  \n        <\/div>\n       <\/a>              <\/div><!-- end .ux_banner -->\n\n<div class=\"imagelabel\">\n<h3><a href=\"#caves\">Les Grottes de Koumac <\/a><\/h3>\n<\/div>\n<\/div>\n<\/div><\/div>\n<div class=\"small-12    large-3  columns   \"  ><div class=\"column-inner\"  >\n<div class=\"imagebox\">   <div id=\"banner_323778569\" class=\"ux_banner dark    \"  style=\"height:180px; \" data-height=\"180px\" role=\"banner\">\n      <a href=\"#tiebaghi\" >                            <div class=\"banner-bg \"  style=\"background-image:url('https:\/\/noumeadiscovery.com\/wp-content\/uploads\/2016\/04\/tiebaghi.jpg'); \"><img src=\"https:\/\/noumeadiscovery.com\/wp-content\/uploads\/2016\/04\/tiebaghi.jpg\"  alt=\"\" style=\"visibility:hidden;\" \/><\/div>\n                             <div class=\"row\" >\n          <div class=\"inner center text-center \"  style=\"width:70%;\">\n            <div class=\"inner-wrap animated fadeIn\" style=\" \">\n                          <\/div>\n          <\/div>  \n        <\/div>\n       <\/a>              <\/div><!-- end .ux_banner -->\n\n<div class=\"imagelabel\">\n<h3><a href=\"#tiebaghi\">Ancien Village de Ti\u00e9baghi<\/a><\/h3>\n<\/div>\n<\/div>\n<\/div><\/div>\n<div class=\"small-12    large-3  columns   \"  ><div class=\"column-inner\"  >\n<div class=\"imagebox\">   <div id=\"banner_1129926584\" class=\"ux_banner dark    \"  style=\"height:180px; \" data-height=\"180px\" role=\"banner\">\n      <a href=\"#fair\" >                            <div class=\"banner-bg \"  style=\"background-image:url('https:\/\/noumeadiscovery.com\/wp-content\/uploads\/2016\/04\/koumac fair.jpg'); \"><img src=\"https:\/\/noumeadiscovery.com\/wp-content\/uploads\/2016\/04\/koumac fair.jpg\"  alt=\"\" style=\"visibility:hidden;\" \/><\/div>\n                             <div class=\"row\" >\n          <div class=\"inner center text-center \"  style=\"width:70%;\">\n            <div class=\"inner-wrap animated fadeIn\" style=\" \">\n                          <\/div>\n          <\/div>  \n        <\/div>\n       <\/a>              <\/div><!-- end .ux_banner -->\n\n<div class=\"imagelabel\">\n<h3><a href=\"#fair\">La Foire de Koumac <\/a><\/h3>\n<\/div>\n<\/div>\n<\/div><\/div>\n<div class=\"small-12    large-3  columns   \"  ><div class=\"column-inner\"  >\n<div class=\"imagebox\">   <div id=\"banner_344151360\" class=\"ux_banner dark    \"  style=\"height:180px; \" data-height=\"180px\" role=\"banner\">\n      <a href=\"#pandop\" >                            <div class=\"banner-bg \"  style=\"background-image:url('https:\/\/noumeadiscovery.com\/wp-content\/uploads\/2016\/04\/pandop.jpg'); \"><img src=\"https:\/\/noumeadiscovery.com\/wp-content\/uploads\/2016\/04\/pandop.jpg\"  alt=\"\" style=\"visibility:hidden;\" \/><\/div>\n                             <div class=\"row\" >\n          <div class=\"inner center text-center \"  style=\"width:70%;\">\n            <div class=\"inner-wrap animated fadeIn\" style=\" \">\n                          <\/div>\n          <\/div>  \n        <\/div>\n       <\/a>              <\/div><!-- end .ux_banner -->\n\n<div class=\"imagelabel\">\n<h3><a href=\"#pandop\">La Plage de Pandop<\/a><\/h3>\n<\/div>\n<\/div>\n<\/div><\/div>\n<\/div>\n  \n \n\n<div id=\"caves\" class=\"mfp-hide mfp-content-inner lightbox-white\" style=\"max-width:600px;padding:20px\">\n    <h3>Les Grottes de Koumac<\/h3>\n<p>A quelques minutes du village, se trouvent les grottes de Koumac. Le lieu est am\u00e9nag\u00e9 pour les visites, et une petite contribution pourra vous \u00eatre demand\u00e9e. La petite grotte, dite \u00ab\u00a0grotte des vents\u00a0\u00bb est en acc\u00e8s libre et se visite facilement. Munissez-vous d\u2019une lampe, et \u00e9quipez-vous de chaussures ferm\u00e9es. (Pr\u00e9voir 30min)<\/p>\n<p>La grande grotte et ses 360 m\u00e8tres de galerie sont \u00e9galement accessibles librement. Pour des raisons de s\u00e9curit\u00e9, il vous sera n\u00e9cessaire d\u2019indiquer sur le registre \u00e0 l\u2019entr\u00e9e votre heure d\u2019entr\u00e9e et de sortie. (Pr\u00e9voir 45min).<\/p>\n<p>Pour s\u2019aventurer dans l\u2019ensemble des galeries, il est n\u00e9cessaire de faire appel \u00e0 un guide. (Pr\u00e9voir 5-6 heures).<\/p>\n<\/div><!-- Lightbox-caves -->\n\n<script>\njQuery(document).ready(function($) {\n\n      \n      $('a[href=\"#caves\"]').click(function(e){\n         \/\/ Close openend lightboxes\n         var delay = 0;\n         \n         if($.magnificPopup.open){\n            $.magnificPopup.close();\n            delay = 300;\n         }\n\n         \/\/ Start lightbox\n         setTimeout(function(){\n            $.magnificPopup.open({\n                  midClick: true,\n                  removalDelay: 300,\n                  items: {\n                    src: '#caves', \n                    type: 'inline'\n                  }\n            });\n          }, delay);\n\n        e.preventDefault();\n      });\n});\n<\/script>\n\n \n\n<div id=\"tiebaghi\" class=\"mfp-hide mfp-content-inner lightbox-white\" style=\"max-width:600px;padding:20px\">\n    <h3>L&rsquo;Ancien village de Ti\u00e9baghi<\/h3>\n<p>L\u2019association pour la sauvegarde du patrimoine minier et historique du Nord Cal\u00e9donien organise des visites guid\u00e9es du vieux village. C\u2019est pr\u00e8s de 1500 personnes qui habitaient ce village \u00e0 l\u2019\u00e9poque prosp\u00e8re, de 1929 \u00e0 1964.<\/p>\n<p>\u00c9cole, h\u00f4pital, \u00e9glise, commerce\u2026 et installation industrielle sauront vous replonger quelques ann\u00e9es en arri\u00e8re. La mine a \u00e9t\u00e9 ferm\u00e9e le 20 mai 1964, en raison du manque de comp\u00e9titivit\u00e9 du chrome cal\u00e9donien et des co\u00fbts de production trop on\u00e9reux. Visite de 4h, en pr\u00e9sence d\u2019un guide (obligatoire).<\/p>\n<\/div><!-- Lightbox-tiebaghi -->\n\n<script>\njQuery(document).ready(function($) {\n\n      \n      $('a[href=\"#tiebaghi\"]').click(function(e){\n         \/\/ Close openend lightboxes\n         var delay = 0;\n         \n         if($.magnificPopup.open){\n            $.magnificPopup.close();\n            delay = 300;\n         }\n\n         \/\/ Start lightbox\n         setTimeout(function(){\n            $.magnificPopup.open({\n                  midClick: true,\n                  removalDelay: 300,\n                  items: {\n                    src: '#tiebaghi', \n                    type: 'inline'\n                  }\n            });\n          }, delay);\n\n        e.preventDefault();\n      });\n});\n<\/script>\n\n \n\n<div id=\"fair\" class=\"mfp-hide mfp-content-inner lightbox-white\" style=\"max-width:600px;padding:20px\">\n    <h3>La Foire de Koumac<\/h3>\n<p>C\u2019est le rendez-vous annuel des broussards du Nord\u00a0! Elle a lieu en septembre. Plusieurs animations sont au programme\u00a0: rod\u00e9os, courses hippiques, horse ball, \u00e9lection Miss Foire de Koumac, d\u00e9gustation de produits locaux, exposition et vente d\u2019artisanat (sculptures, textile\u2026).<\/p>\n<p>Nombreux s\u2019y rendent \u00e9galement pour exposer leur b\u00e9tail et pour proc\u00e9der \u00e0 de nouvelles acquisitions. Cet \u00e9v\u00e9nement populaire a beaucoup de succ\u00e8s et attire les visiteurs de toute la Cal\u00e9donie.<\/p>\n<\/div><!-- Lightbox-fair -->\n\n<script>\njQuery(document).ready(function($) {\n\n      \n      $('a[href=\"#fair\"]').click(function(e){\n         \/\/ Close openend lightboxes\n         var delay = 0;\n         \n         if($.magnificPopup.open){\n            $.magnificPopup.close();\n            delay = 300;\n         }\n\n         \/\/ Start lightbox\n         setTimeout(function(){\n            $.magnificPopup.open({\n                  midClick: true,\n                  removalDelay: 300,\n                  items: {\n                    src: '#fair', \n                    type: 'inline'\n                  }\n            });\n          }, delay);\n\n        e.preventDefault();\n      });\n});\n<\/script>\n\n \n\n<div id=\"pandop\" class=\"mfp-hide mfp-content-inner lightbox-white\" style=\"max-width:600px;padding:20px\">\n    <h3>La Plage de Pandop<\/h3>\n<p>La plage de Pandop, situ\u00e9e juste \u00e0 c\u00f4t\u00e9 de la Marina, est l\u2019endroit id\u00e9al pour un pique-nique en bord de mer.<\/p>\n<\/div><!-- Lightbox-pandop -->\n\n<script>\njQuery(document).ready(function($) {\n\n      \n      $('a[href=\"#pandop\"]').click(function(e){\n         \/\/ Close openend lightboxes\n         var delay = 0;\n         \n         if($.magnificPopup.open){\n            $.magnificPopup.close();\n            delay = 300;\n         }\n\n         \/\/ Start lightbox\n         setTimeout(function(){\n            $.magnificPopup.open({\n                  midClick: true,\n                  removalDelay: 300,\n                  items: {\n                    src: '#pandop', \n                    type: 'inline'\n                  }\n            });\n          }, delay);\n\n        e.preventDefault();\n      });\n});\n<\/script>\n\n","protected":false},"excerpt":{"rendered":"<p>Situ\u00e9e \u00e0 362 kilom\u00e8tres de Noum\u00e9a, Koumac est juste \u00e0 l\u2019embranchement de la c\u00f4te Est et du Grand Nord. Cette ville du Nord est avant tout mini\u00e8re et agricole, mais a d\u00e9velopp\u00e9 son potentiel touristique ces derni\u00e8res ann\u00e9es. Ses 4252 habitants en font une ville cosmopolite o\u00f9 se m\u00e9langent toutes les cultures du pays. Rendez-vous [&hellip;]\n","protected":false},"author":6,"featured_media":0,"parent":874,"menu_order":0,"comment_status":"closed","ping_status":"closed","template":"page-blank-container.php","meta":[],"_links":{"self":[{"href":"https:\/\/www.noumeadiscovery.com\/french\/wp-json\/wp\/v2\/pages\/993"}],"collection":[{"href":"https:\/\/www.noumeadiscovery.com\/french\/wp-json\/wp\/v2\/pages"}],"about":[{"href":"https:\/\/www.noumeadiscovery.com\/french\/wp-json\/wp\/v2\/types\/page"}],"author":[{"embeddable":true,"href":"https:\/\/www.noumeadiscovery.com\/french\/wp-json\/wp\/v2\/users\/6"}],"replies":[{"embeddable":true,"href":"https:\/\/www.noumeadiscovery.com\/french\/wp-json\/wp\/v2\/comments?post=993"}],"version-history":[{"count":12,"href":"https:\/\/www.noumeadiscovery.com\/french\/wp-json\/wp\/v2\/pages\/993\/revisions"}],"predecessor-version":[{"id":2237,"href":"https:\/\/www.noumeadiscovery.com\/french\/wp-json\/wp\/v2\/pages\/993\/revisions\/2237"}],"up":[{"embeddable":true,"href":"https:\/\/www.noumeadiscovery.com\/french\/wp-json\/wp\/v2\/pages\/874"}],"wp:attachment":[{"href":"https:\/\/www.noumeadiscovery.com\/french\/wp-json\/wp\/v2\/media?parent=993"}],"curies":[{"name":"wp","href":"https:\/\/api.w.org\/{rel}","templated":true}]}}