{"id":976,"date":"2016-03-31T10:06:02","date_gmt":"2016-03-31T00:06:02","guid":{"rendered":"http:\/\/noumea.respax.com.au\/?page_id=976"},"modified":"2017-07-27T14:53:52","modified_gmt":"2017-07-27T04:53:52","slug":"thio","status":"publish","type":"page","link":"https:\/\/www.noumeadiscovery.com\/french\/destinations\/thio\/","title":{"rendered":"Thio"},"content":{"rendered":"   <div id=\"banner_511898212\" class=\"ux_banner dark    \"  style=\"height:150px; \" data-height=\"150px\" role=\"banner\">\n                                  <div class=\"banner-bg \"  style=\"background-image:url('https:\/\/www.noumeadiscovery.com\/french\/wp-content\/uploads\/2016\/03\/ouroue.jpg'); \"><img src=\"https:\/\/www.noumeadiscovery.com\/french\/wp-content\/uploads\/2016\/03\/ouroue.jpg\"  alt=\"\" style=\"visibility:hidden;\" \/><\/div>\n                             <div class=\"row\" >\n          <div class=\"inner center text-center \"  style=\"width:70%;\">\n            <div class=\"inner-wrap animated fadeIn\" style=\" \">\n              <h1>Thio<\/h1>\n            <\/div>\n          <\/div>  \n        <\/div>\n                     <\/div><!-- end .ux_banner -->\n\n<p>Thio est la plus grande commune de Nouvelle-Cal\u00e9donie. Le fleuve \u00ab\u00a0Thio\u00a0\u00bb, s\u00e9pare les deux parties principales du village\u00a0: Thio Village et Thio Mission. La population est \u00e9galement r\u00e9partie parmi les 13 tribus \u00e9tablies le long de la rivi\u00e8re et de la c\u00f4te, appartenant \u00e0 l\u2019aire coutumi\u00e8re Xaracuu.<\/p>\n<p>Thio-Village est le c\u0153ur administratif et \u00e9conomique de la ville, on y trouve les principaux commerces, les \u00e9coles et les b\u00e2timents administratifs. Thio-Mission quant \u00e0 elle rassemble la mission catholique, l\u2019aire d\u2019entrep\u00f4t du nickel et les installations portuaires anciennes et nouvelles.<\/p>\n<h3>Les incontournables :<\/h3>\n\t<div  class=\"row container \">\n<div class=\"small-12    large-3  columns   \"  ><div class=\"column-inner\"  >\n<div class=\"imagebox\">   <div id=\"banner_932404792\" class=\"ux_banner dark    \"  style=\"height:180px; \" data-height=\"180px\" role=\"banner\">\n      <a href=\"#mining\" >                            <div class=\"banner-bg \"  style=\"background-image:url('https:\/\/noumeadiscovery.com\/wp-content\/uploads\/2016\/04\/mining museum.jpg'); \"><img src=\"https:\/\/noumeadiscovery.com\/wp-content\/uploads\/2016\/04\/mining museum.jpg\"  alt=\"\" style=\"visibility:hidden;\" \/><\/div>\n                             <div class=\"row\" >\n          <div class=\"inner center text-center \"  style=\"width:70%;\">\n            <div class=\"inner-wrap animated fadeIn\" style=\" \">\n                          <\/div>\n          <\/div>  \n        <\/div>\n       <\/a>              <\/div><!-- end .ux_banner -->\n\n<div class=\"imagelabel\">\n<h3><a href=\"#mining\">Le Mus\u00e9e de la Mine <\/a><\/h3>\n<\/div>\n<\/div>\n<\/div><\/div>\n<div class=\"small-12    large-3  columns   \"  ><div class=\"column-inner\"  >\n<div class=\"imagebox\">   <div id=\"banner_459631485\" class=\"ux_banner dark    \"  style=\"height:180px; \" data-height=\"180px\" role=\"banner\">\n      <a href=\"#moara\" >                            <div class=\"banner-bg \"  style=\"background-image:url('https:\/\/noumeadiscovery.com\/wp-content\/uploads\/2016\/04\/moara.jpg'); \"><img src=\"https:\/\/noumeadiscovery.com\/wp-content\/uploads\/2016\/04\/moara.jpg\"  alt=\"\" style=\"visibility:hidden;\" \/><\/div>\n                             <div class=\"row\" >\n          <div class=\"inner center text-center \"  style=\"width:70%;\">\n            <div class=\"inner-wrap animated fadeIn\" style=\" \">\n                          <\/div>\n          <\/div>  \n        <\/div>\n       <\/a>              <\/div><!-- end .ux_banner -->\n\n<div class=\"imagelabel\">\n<h3><a href=\"#moara\">La Plage de Moara<\/a><\/h3>\n<\/div>\n<\/div>\n<\/div><\/div>\n<div class=\"small-12    large-3  columns   \"  ><div class=\"column-inner\"  >\n<div class=\"imagebox\">   <div id=\"banner_1040196375\" class=\"ux_banner dark    \"  style=\"height:180px; \" data-height=\"180px\" role=\"banner\">\n      <a href=\"#Ourou\u00e9\" >                            <div class=\"banner-bg \"  style=\"background-image:url('https:\/\/noumeadiscovery.com\/wp-content\/uploads\/2016\/04\/ouroue beach.jpg'); \"><img src=\"https:\/\/noumeadiscovery.com\/wp-content\/uploads\/2016\/04\/ouroue beach.jpg\"  alt=\"\" style=\"visibility:hidden;\" \/><\/div>\n                             <div class=\"row\" >\n          <div class=\"inner center text-center \"  style=\"width:70%;\">\n            <div class=\"inner-wrap animated fadeIn\" style=\" \">\n                          <\/div>\n          <\/div>  \n        <\/div>\n       <\/a>              <\/div><!-- end .ux_banner -->\n\n<div class=\"imagelabel\">\n<h3><a href=\"#Ourou\u00e9\">La Plage d&rsquo;Ourou\u00e9<\/a><\/h3>\n<\/div>\n<\/div>\n<\/div><\/div>\n<div class=\"small-12    large-3  columns   \"  ><div class=\"column-inner\"  >\n<div class=\"imagebox\">   <div id=\"banner_1909647263\" class=\"ux_banner dark    \"  style=\"height:180px; \" data-height=\"180px\" role=\"banner\">\n      <a href=\"#timetabled\" >                            <div class=\"banner-bg \"  style=\"background-image:url('https:\/\/noumeadiscovery.com\/wp-content\/uploads\/2016\/04\/timetabled road.jpg'); \"><img src=\"https:\/\/noumeadiscovery.com\/wp-content\/uploads\/2016\/04\/timetabled road.jpg\"  alt=\"\" style=\"visibility:hidden;\" \/><\/div>\n                             <div class=\"row\" >\n          <div class=\"inner center text-center \"  style=\"width:70%;\">\n            <div class=\"inner-wrap animated fadeIn\" style=\" \">\n                          <\/div>\n          <\/div>  \n        <\/div>\n       <\/a>              <\/div><!-- end .ux_banner -->\n\n<div class=\"imagelabel\">\n<h3><a href=\"#timetabled\">La Route \u00e0 Horaires <\/a><\/h3>\n<\/div>\n<\/div>\n<\/div><\/div><\/div>\n  \t<div  class=\"row container \">\n<div class=\"small-12    large-3  columns   \"  ><div class=\"column-inner\"  >\n<div class=\"imagebox\">   <div id=\"banner_1002652399\" class=\"ux_banner dark    \"  style=\"height:180px; \" data-height=\"180px\" role=\"banner\">\n      <a href=\"#mission\" >                            <div class=\"banner-bg \"  style=\"background-image:url('https:\/\/noumeadiscovery.com\/wp-content\/uploads\/2016\/04\/mission church.jpg'); \"><img src=\"https:\/\/noumeadiscovery.com\/wp-content\/uploads\/2016\/04\/mission church.jpg\"  alt=\"\" style=\"visibility:hidden;\" \/><\/div>\n                             <div class=\"row\" >\n          <div class=\"inner center text-center \"  style=\"width:70%;\">\n            <div class=\"inner-wrap animated fadeIn\" style=\" \">\n                          <\/div>\n          <\/div>  \n        <\/div>\n       <\/a>              <\/div><!-- end .ux_banner -->\n\n<div class=\"imagelabel\">\n<h3><a href=\"#mission\">L&rsquo;Eglise de la mission<\/a><\/h3>\n<\/div>\n<\/div>\n<\/div><\/div>\n<div class=\"small-12    large-3  columns   \"  ><div class=\"column-inner\"  >\n<div class=\"imagebox\">   <div id=\"banner_1929096353\" class=\"ux_banner dark    \"  style=\"height:180px; \" data-height=\"180px\" role=\"banner\">\n      <a href=\"#market\" >                            <div class=\"banner-bg \"  style=\"background-image:url('https:\/\/noumeadiscovery.com\/wp-content\/uploads\/2016\/04\/thio market.jpg'); \"><img src=\"https:\/\/noumeadiscovery.com\/wp-content\/uploads\/2016\/04\/thio market.jpg\"  alt=\"\" style=\"visibility:hidden;\" \/><\/div>\n                             <div class=\"row\" >\n          <div class=\"inner center text-center \"  style=\"width:70%;\">\n            <div class=\"inner-wrap animated fadeIn\" style=\" \">\n                          <\/div>\n          <\/div>  \n        <\/div>\n       <\/a>              <\/div><!-- end .ux_banner -->\n\n<div class=\"imagelabel\">\n<h3><a href=\"#market\">Le March\u00e9 de Thio<\/a><\/h3>\n<\/div>\n<\/div>\n<\/div><\/div>\n<div class=\"small-12    large-3  columns   \"  ><div class=\"column-inner\"  >\n<div class=\"imagebox\">   <div id=\"banner_1039864175\" class=\"ux_banner dark    \"  style=\"height:180px; \" data-height=\"180px\" role=\"banner\">\n      <a href=\"#petro\" >                            <div class=\"banner-bg \"  style=\"background-image:url('https:\/\/noumeadiscovery.com\/wp-content\/uploads\/2016\/04\/petroghyphs.jpg'); \"><img src=\"https:\/\/noumeadiscovery.com\/wp-content\/uploads\/2016\/04\/petroghyphs.jpg\"  alt=\"\" style=\"visibility:hidden;\" \/><\/div>\n                             <div class=\"row\" >\n          <div class=\"inner center text-center \"  style=\"width:70%;\">\n            <div class=\"inner-wrap animated fadeIn\" style=\" \">\n                          <\/div>\n          <\/div>  \n        <\/div>\n       <\/a>              <\/div><!-- end .ux_banner -->\n\n<div class=\"imagelabel\">\n<h3><a href=\"#petro\">Les P\u00e9troglyphes<\/a><\/h3>\n<\/div>\n<\/div>\n<\/div><\/div><div class=\"small-12    large-3  columns   \"  ><div class=\"column-inner\"  >\n<div class=\"imagebox\">   <div id=\"banner_1930413491\" class=\"ux_banner dark    \"  style=\"height:180px; \" data-height=\"180px\" role=\"banner\">\n      <a href=\"#cemetery\" >                            <div class=\"banner-bg \"  style=\"background-image:url('https:\/\/noumeadiscovery.com\/wp-content\/uploads\/2016\/04\/japanese cimetery.jpg'); \"><img src=\"https:\/\/noumeadiscovery.com\/wp-content\/uploads\/2016\/04\/japanese cimetery.jpg\"  alt=\"\" style=\"visibility:hidden;\" \/><\/div>\n                             <div class=\"row\" >\n          <div class=\"inner center text-center \"  style=\"width:70%;\">\n            <div class=\"inner-wrap animated fadeIn\" style=\" \">\n                          <\/div>\n          <\/div>  \n        <\/div>\n       <\/a>              <\/div><!-- end .ux_banner -->\n\n<div class=\"imagelabel\">\n<h3><a href=\"#cemetery\">Le Cimeti\u00e8re Japonais<\/a><\/h3>\n<\/div>\n<\/div>\n<\/div><\/div><\/div>\n  \t<div  class=\"row container \">\n<div class=\"small-12    large-3  columns   \"  ><div class=\"column-inner\"  >\n<div class=\"imagebox\">   <div id=\"banner_333751089\" class=\"ux_banner dark    \"  style=\"height:180px; \" data-height=\"180px\" role=\"banner\">\n      <a href=\"#shipwreck\" >                            <div class=\"banner-bg \"  style=\"background-image:url('https:\/\/noumeadiscovery.com\/wp-content\/uploads\/2016\/04\/joliette.jpg'); \"><img src=\"https:\/\/noumeadiscovery.com\/wp-content\/uploads\/2016\/04\/joliette.jpg\"  alt=\"\" style=\"visibility:hidden;\" \/><\/div>\n                             <div class=\"row\" >\n          <div class=\"inner center text-center \"  style=\"width:70%;\">\n            <div class=\"inner-wrap animated fadeIn\" style=\" \">\n                          <\/div>\n          <\/div>  \n        <\/div>\n       <\/a>              <\/div><!-- end .ux_banner -->\n\n<div class=\"imagelabel\">\n<h3><a href=\"#shipwreck\">L&rsquo;Epave de la Joliette<\/a><\/h3>\n<\/div>\n<\/div>\n<\/div><\/div>\n<div class=\"small-12    large-3  columns   \"  ><div class=\"column-inner\"  >\n<div class=\"imagebox\">   <div id=\"banner_561969945\" class=\"ux_banner dark    \"  style=\"height:180px; \" data-height=\"180px\" role=\"banner\">\n      <a href=\"#port\" >                            <div class=\"banner-bg \"  style=\"background-image:url('https:\/\/noumeadiscovery.com\/wp-content\/uploads\/2016\/04\/port bouquet.jpg'); \"><img src=\"https:\/\/noumeadiscovery.com\/wp-content\/uploads\/2016\/04\/port bouquet.jpg\"  alt=\"\" style=\"visibility:hidden;\" \/><\/div>\n                             <div class=\"row\" >\n          <div class=\"inner center text-center \"  style=\"width:70%;\">\n            <div class=\"inner-wrap animated fadeIn\" style=\" \">\n                          <\/div>\n          <\/div>  \n        <\/div>\n       <\/a>              <\/div><!-- end .ux_banner -->\n\n<div class=\"imagelabel\">\n<h3><a href=\"#port\">La Baie de Port Bouquet <\/a><\/h3>\n<\/div>\n<\/div>\n<\/div><\/div><div class=\"small-12    large-3  columns   \"  ><div class=\"column-inner\"  >\n<\/div><\/div>\n<div class=\"small-12    large-3  columns   \"  ><div class=\"column-inner\"  >\n<\/div><\/div><\/div>\n  \n \n\n<div id=\"mining\" class=\"mfp-hide mfp-content-inner lightbox-white\" style=\"max-width:600px;padding:20px\">\n    <h3>Le Mus\u00e9e de la Mine<\/h3>\n<p>(Ouvert du lundi au vendredi de 8h \u00e0 16h30, et le samedi de 8h30 \u00e0 14h) \u2013 Entr\u00e9e payante<\/p>\n<p>Le mus\u00e9e de la mine est abrit\u00e9 dans l\u2019ancienne Direction du Centre Minier des ann\u00e9es 80. A l\u2019entr\u00e9e, vous trouverez les vestiges d\u2019une locomotive \u00e0 vapeur. Le mus\u00e9e retrace l\u2019histoire de la ville de Thio et rassemble une collection d\u2019outils miniers anciens et modernes. Le mus\u00e9e a \u00e9t\u00e9 enti\u00e8rement r\u00e9nov\u00e9 en 2015.<\/p>\n<p>L\u2019Office de tourisme de Thio organise une fois par mois une visite de la mine de Thio, comment\u00e9e par Maurice Fels, historien local, ainsi qu\u2019un exploitant du site. La visite se poursuit avec un repas traditionnel en tribu.<\/p>\n<\/div><!-- Lightbox-mining -->\n\n<script>\njQuery(document).ready(function($) {\n\n      \n      $('a[href=\"#mining\"]').click(function(e){\n         \/\/ Close openend lightboxes\n         var delay = 0;\n         \n         if($.magnificPopup.open){\n            $.magnificPopup.close();\n            delay = 300;\n         }\n\n         \/\/ Start lightbox\n         setTimeout(function(){\n            $.magnificPopup.open({\n                  midClick: true,\n                  removalDelay: 300,\n                  items: {\n                    src: '#mining', \n                    type: 'inline'\n                  }\n            });\n          }, delay);\n\n        e.preventDefault();\n      });\n});\n<\/script>\n\n \n\n<div id=\"moara\" class=\"mfp-hide mfp-content-inner lightbox-white\" style=\"max-width:600px;padding:20px\">\n    <h3>La Plage de sable blanc de Moara<\/h3>\n<p>Cette belle plage de sable blanc se situe apr\u00e8s le Wharf de la SLN. Des aires de pique-nique sont pr\u00e9vues. Baignade et repos seront au rendez-vous.<\/p>\n<\/div><!-- Lightbox-moara -->\n\n<script>\njQuery(document).ready(function($) {\n\n      \n      $('a[href=\"#moara\"]').click(function(e){\n         \/\/ Close openend lightboxes\n         var delay = 0;\n         \n         if($.magnificPopup.open){\n            $.magnificPopup.close();\n            delay = 300;\n         }\n\n         \/\/ Start lightbox\n         setTimeout(function(){\n            $.magnificPopup.open({\n                  midClick: true,\n                  removalDelay: 300,\n                  items: {\n                    src: '#moara', \n                    type: 'inline'\n                  }\n            });\n          }, delay);\n\n        e.preventDefault();\n      });\n});\n<\/script>\n\n \n\n<div id=\"Ourou\u00e9\" class=\"mfp-hide mfp-content-inner lightbox-white\" style=\"max-width:600px;padding:20px\">\n    <h3>La Plage de sable noire d&rsquo;Ourou\u00e9<\/h3>\n<p>C\u2019est au nord du village que vous trouverez la plage de sable noir d\u2019Ourou\u00e9. Le paysage est fantastique.<\/p>\n<\/div><!-- Lightbox-Ourou\u00e9 -->\n\n<script>\njQuery(document).ready(function($) {\n\n      \n      $('a[href=\"#Ourou\u00e9\"]').click(function(e){\n         \/\/ Close openend lightboxes\n         var delay = 0;\n         \n         if($.magnificPopup.open){\n            $.magnificPopup.close();\n            delay = 300;\n         }\n\n         \/\/ Start lightbox\n         setTimeout(function(){\n            $.magnificPopup.open({\n                  midClick: true,\n                  removalDelay: 300,\n                  items: {\n                    src: '#Ourou\u00e9', \n                    type: 'inline'\n                  }\n            });\n          }, delay);\n\n        e.preventDefault();\n      });\n});\n<\/script>\n\n \n\n<div id=\"timetabled\" class=\"mfp-hide mfp-content-inner lightbox-white\" style=\"max-width:600px;padding:20px\">\n    <h3>La Route \u00e0 Horaires<\/h3>\n<p>La route \u00e0 horaires d\u2019une distance de 13km porte son nom en raison de son \u00e9troitesse. Dans le sens Nak\u00e9ty\/Thio, vous circulerez pendant les heures paires, et vous emprunterez l\u2019autre sens pendant les heures impaires.<\/p>\n<\/div><!-- Lightbox-timetabled -->\n\n<script>\njQuery(document).ready(function($) {\n\n      \n      $('a[href=\"#timetabled\"]').click(function(e){\n         \/\/ Close openend lightboxes\n         var delay = 0;\n         \n         if($.magnificPopup.open){\n            $.magnificPopup.close();\n            delay = 300;\n         }\n\n         \/\/ Start lightbox\n         setTimeout(function(){\n            $.magnificPopup.open({\n                  midClick: true,\n                  removalDelay: 300,\n                  items: {\n                    src: '#timetabled', \n                    type: 'inline'\n                  }\n            });\n          }, delay);\n\n        e.preventDefault();\n      });\n});\n<\/script>\n\n \n\n<div id=\"mission\" class=\"mfp-hide mfp-content-inner lightbox-white\" style=\"max-width:600px;padding:20px\">\n    <h3>L&rsquo;Eglise de la Mission<\/h3>\n<p>Construite en 1880 par le P\u00e8re Simonin, l\u2019\u00e9glise de la Mission est l\u2019une des plus anciennes du territoire.<\/p>\n<\/div><!-- Lightbox-mission -->\n\n<script>\njQuery(document).ready(function($) {\n\n      \n      $('a[href=\"#mission\"]').click(function(e){\n         \/\/ Close openend lightboxes\n         var delay = 0;\n         \n         if($.magnificPopup.open){\n            $.magnificPopup.close();\n            delay = 300;\n         }\n\n         \/\/ Start lightbox\n         setTimeout(function(){\n            $.magnificPopup.open({\n                  midClick: true,\n                  removalDelay: 300,\n                  items: {\n                    src: '#mission', \n                    type: 'inline'\n                  }\n            });\n          }, delay);\n\n        e.preventDefault();\n      });\n});\n<\/script>\n\n \n\n<div id=\"market\" class=\"mfp-hide mfp-content-inner lightbox-white\" style=\"max-width:600px;padding:20px\">\n    <h3>Le March\u00e9 de Thio<\/h3>\n<p>Rendez-vous tous les jours de la semaine (except\u00e9 le dimanche) au march\u00e9 de Thio pour acheter les fruits et l\u00e9gumes du jour.<\/p>\n<\/div><!-- Lightbox-market -->\n\n<script>\njQuery(document).ready(function($) {\n\n      \n      $('a[href=\"#market\"]').click(function(e){\n         \/\/ Close openend lightboxes\n         var delay = 0;\n         \n         if($.magnificPopup.open){\n            $.magnificPopup.close();\n            delay = 300;\n         }\n\n         \/\/ Start lightbox\n         setTimeout(function(){\n            $.magnificPopup.open({\n                  midClick: true,\n                  removalDelay: 300,\n                  items: {\n                    src: '#market', \n                    type: 'inline'\n                  }\n            });\n          }, delay);\n\n        e.preventDefault();\n      });\n});\n<\/script>\n\n \n\n<div id=\"petro\" class=\"mfp-hide mfp-content-inner lightbox-white\" style=\"max-width:600px;padding:20px\">\n    <h3>Les P\u00e9troglyphes<\/h3>\n<p>Les p\u00e9troglyphes sont des dessins grav\u00e9s dans la pierre, avec une signification culturelle et religieuse. Ces gravures datent de l\u2019\u00e9poque Lapita, vers l\u2019an 1000 AV JC. Vous trouverez des p\u00e9troglyphes \u00e0 la tribu de Koua, \u00e0 la tribu de Ouindo, sur la plage de Tamanou ainsi qu\u2019\u00e0 Ourou\u00e9. Ouvrez l\u2019\u0153il en chemin, vous croiserez alors un rocher dont la majeure partie de la surface a \u00e9t\u00e9 grav\u00e9e de p\u00e9troglyphes.<\/p>\n<\/div><!-- Lightbox-petro -->\n\n<script>\njQuery(document).ready(function($) {\n\n      \n      $('a[href=\"#petro\"]').click(function(e){\n         \/\/ Close openend lightboxes\n         var delay = 0;\n         \n         if($.magnificPopup.open){\n            $.magnificPopup.close();\n            delay = 300;\n         }\n\n         \/\/ Start lightbox\n         setTimeout(function(){\n            $.magnificPopup.open({\n                  midClick: true,\n                  removalDelay: 300,\n                  items: {\n                    src: '#petro', \n                    type: 'inline'\n                  }\n            });\n          }, delay);\n\n        e.preventDefault();\n      });\n});\n<\/script>\n\n \n\n<div id=\"cemetery\" class=\"mfp-hide mfp-content-inner lightbox-white\" style=\"max-width:600px;padding:20px\">\n    <h3>Le Cimeti\u00e8re des Japonais<\/h3>\n<p>Avec la d\u00e9couverte du Nickel en 1864 et l\u2019exploitation des mines, beaucoup d\u2019ouvriers japonais ont \u00e9t\u00e9 embauch\u00e9s. Le navire Hiroshima Maru a d\u00e9barqu\u00e9 \u00e0 Thio le 25 janvier 1892 avec \u00e0 son bord 599 travailleurs japonais. Au total, ce seront pr\u00e8s de 5575 japonais qui seront embauch\u00e9s sur toute la Nouvelle Cal\u00e9donie jusqu\u2019au dernier convoi en 1919. Beaucoup d\u2019entre eux s\u2019\u00e9tablissent en Cal\u00e9donie, alors que d\u2019autres repartent une fois leur contrat termin\u00e9. En 1941, \u00e0 la suite de l\u2019attaque de la base navale am\u00e9ricaine \u00e0 Pearl Harbour, les Japonais seront soup\u00e7onn\u00e9s d\u2019espionnage, et emprisonn\u00e9s. Ils seront transf\u00e9r\u00e9s en Australie, avant de rentrer au Japon.\u00a0 Le cimeti\u00e8re des Japonais comporte 150 pierres tombales o\u00f9 sont enterr\u00e9s les Japonais qui ont travaill\u00e9 \u00e0 la mine de 1892 \u00e0 1941. Les pierres tombales proviennent des sites o\u00f9 les mineurs ont travaill\u00e9. Un m\u00e9morial a \u00e9t\u00e9 \u00e9difi\u00e9 en 2012 \u00e0 l\u2019occasion du 120<sup>\u00e8me<\/sup> anniversaire de la pr\u00e9sence japonaise sur le territoire.<\/p>\n<\/div><!-- Lightbox-cemetery -->\n\n<script>\njQuery(document).ready(function($) {\n\n      \n      $('a[href=\"#cemetery\"]').click(function(e){\n         \/\/ Close openend lightboxes\n         var delay = 0;\n         \n         if($.magnificPopup.open){\n            $.magnificPopup.close();\n            delay = 300;\n         }\n\n         \/\/ Start lightbox\n         setTimeout(function(){\n            $.magnificPopup.open({\n                  midClick: true,\n                  removalDelay: 300,\n                  items: {\n                    src: '#cemetery', \n                    type: 'inline'\n                  }\n            });\n          }, delay);\n\n        e.preventDefault();\n      });\n});\n<\/script>\n\n \n\n<div id=\"shipwreck\" class=\"mfp-hide mfp-content-inner lightbox-white\" style=\"max-width:600px;padding:20px\">\n    <h3>L&rsquo;Epave de la Joliette<\/h3>\n<p>La Joliette, un trois-m\u00e2ts min\u00e9ralier, utilis\u00e9 \u00e0 l\u2019\u00e9poque pour transporter du nickel de Thio \u00e0 Noum\u00e9a a coul\u00e9 en 1909 pendant un cyclone. Son \u00e9pave, situ\u00e9e \u00e0 une cinquantaine de m\u00e8tre du wharf, \u00e0 12 m de profondeur est aujourd\u2019hui un site de plong\u00e9e pour les amateurs de plong\u00e9e, ou d\u2019apn\u00e9e.<\/p>\n<\/div><!-- Lightbox-shipwreck -->\n\n<script>\njQuery(document).ready(function($) {\n\n      \n      $('a[href=\"#shipwreck\"]').click(function(e){\n         \/\/ Close openend lightboxes\n         var delay = 0;\n         \n         if($.magnificPopup.open){\n            $.magnificPopup.close();\n            delay = 300;\n         }\n\n         \/\/ Start lightbox\n         setTimeout(function(){\n            $.magnificPopup.open({\n                  midClick: true,\n                  removalDelay: 300,\n                  items: {\n                    src: '#shipwreck', \n                    type: 'inline'\n                  }\n            });\n          }, delay);\n\n        e.preventDefault();\n      });\n});\n<\/script>\n\n \n\n<div id=\"port\" class=\"mfp-hide mfp-content-inner lightbox-white\" style=\"max-width:600px;padding:20px\">\n    <h3>La Baie de Port Bouquet<\/h3>\n<p>La Baie de Port Bouquet abrit\u00e9e par les \u00eelots N\u00e9mou et Toup\u00e9ti est un point d\u2019ancrage \u00e9pargn\u00e9 du vent.<\/p>\n<\/div><!-- Lightbox-port -->\n\n<script>\njQuery(document).ready(function($) {\n\n      \n      $('a[href=\"#port\"]').click(function(e){\n         \/\/ Close openend lightboxes\n         var delay = 0;\n         \n         if($.magnificPopup.open){\n            $.magnificPopup.close();\n            delay = 300;\n         }\n\n         \/\/ Start lightbox\n         setTimeout(function(){\n            $.magnificPopup.open({\n                  midClick: true,\n                  removalDelay: 300,\n                  items: {\n                    src: '#port', \n                    type: 'inline'\n                  }\n            });\n          }, delay);\n\n        e.preventDefault();\n      });\n});\n<\/script>\n\n","protected":false},"excerpt":{"rendered":"<p>Thio est la plus grande commune de Nouvelle-Cal\u00e9donie. Le fleuve \u00ab\u00a0Thio\u00a0\u00bb, s\u00e9pare les deux parties principales du village\u00a0: Thio Village et Thio Mission. La population est \u00e9galement r\u00e9partie parmi les 13 tribus \u00e9tablies le long de la rivi\u00e8re et de la c\u00f4te, appartenant \u00e0 l\u2019aire coutumi\u00e8re Xaracuu. Thio-Village est le c\u0153ur administratif et \u00e9conomique de [&hellip;]\n","protected":false},"author":6,"featured_media":0,"parent":874,"menu_order":0,"comment_status":"closed","ping_status":"closed","template":"page-blank-container.php","meta":[],"_links":{"self":[{"href":"https:\/\/www.noumeadiscovery.com\/french\/wp-json\/wp\/v2\/pages\/976"}],"collection":[{"href":"https:\/\/www.noumeadiscovery.com\/french\/wp-json\/wp\/v2\/pages"}],"about":[{"href":"https:\/\/www.noumeadiscovery.com\/french\/wp-json\/wp\/v2\/types\/page"}],"author":[{"embeddable":true,"href":"https:\/\/www.noumeadiscovery.com\/french\/wp-json\/wp\/v2\/users\/6"}],"replies":[{"embeddable":true,"href":"https:\/\/www.noumeadiscovery.com\/french\/wp-json\/wp\/v2\/comments?post=976"}],"version-history":[{"count":28,"href":"https:\/\/www.noumeadiscovery.com\/french\/wp-json\/wp\/v2\/pages\/976\/revisions"}],"predecessor-version":[{"id":2648,"href":"https:\/\/www.noumeadiscovery.com\/french\/wp-json\/wp\/v2\/pages\/976\/revisions\/2648"}],"up":[{"embeddable":true,"href":"https:\/\/www.noumeadiscovery.com\/french\/wp-json\/wp\/v2\/pages\/874"}],"wp:attachment":[{"href":"https:\/\/www.noumeadiscovery.com\/french\/wp-json\/wp\/v2\/media?parent=976"}],"curies":[{"name":"wp","href":"https:\/\/api.w.org\/{rel}","templated":true}]}}