{"id":949,"date":"2016-03-18T15:20:09","date_gmt":"2016-03-18T05:20:09","guid":{"rendered":"http:\/\/noumea.respax.com.au\/?page_id=949"},"modified":"2017-09-01T08:34:47","modified_gmt":"2017-08-31T22:34:47","slug":"yate","status":"publish","type":"page","link":"https:\/\/www.noumeadiscovery.com\/french\/destinations\/yate\/","title":{"rendered":"Yat\u00e9"},"content":{"rendered":"   <div id=\"banner_957501467\" class=\"ux_banner dark    \"  style=\"height:150px; \" data-height=\"150px\" role=\"banner\">\n                                  <div class=\"banner-bg \"  style=\"background-image:url('https:\/\/noumeadiscovery.com\/wp-content\/uploads\/2016\/04\/yate.jpg'); \"><img src=\"https:\/\/noumeadiscovery.com\/wp-content\/uploads\/2016\/04\/yate.jpg\"  alt=\"\" style=\"visibility:hidden;\" \/><\/div>\n                             <div class=\"row\" >\n          <div class=\"inner center text-center \"  style=\"width:70%;\">\n            <div class=\"inner-wrap animated fadeIn\" style=\" \">\n              <h1>Yat\u00e9<\/h1>\n            <\/div>\n          <\/div>  \n        <\/div>\n                     <\/div><!-- end .ux_banner -->\n\n<p>Yat\u00e9 tient son nom de la rivi\u00e8re du m\u00eame nom, et se situe tout au sud de la Nouvelle Cal\u00e9donie. Sa population est r\u00e9partie en 4 tribus\u00a0: Unia, Touaourou, Waho et Goro. La r\u00e9gion du Sud est tr\u00e8s populaire de juillet \u00e0 septembre en raison du passage des baleines. Les amoureux de la nature seront servis tant les sites \u00e0 d\u00e9couvrir sont nombreux. A pied, en v\u00e9lo ou en 4X4, partez \u00e0 la d\u00e9couverte du grand Sud\u00a0!<\/p>\n<h3>Les incontournables :<\/h3>\n\t<div  class=\"row container \">\n<div class=\"small-12    large-3  columns   \"  ><div class=\"column-inner\"  >\n<div class=\"imagebox\">   <div id=\"banner_1578667627\" class=\"ux_banner dark    \"  style=\"height:180px; \" data-height=\"180px\" role=\"banner\">\n      <a href=\"#blue\" >                            <div class=\"banner-bg \"  style=\"background-image:url('https:\/\/noumeadiscovery.com\/wp-content\/uploads\/2016\/04\/blue river park.jpg'); \"><img src=\"https:\/\/noumeadiscovery.com\/wp-content\/uploads\/2016\/04\/blue river park.jpg\"  alt=\"\" style=\"visibility:hidden;\" \/><\/div>\n                             <div class=\"row\" >\n          <div class=\"inner center text-center \"  style=\"width:70%;\">\n            <div class=\"inner-wrap animated fadeIn\" style=\" \">\n                          <\/div>\n          <\/div>  \n        <\/div>\n       <\/a>              <\/div><!-- end .ux_banner -->\n\n<div class=\"imagelabel\">\n<h3><a href=\"#blue\">Le Parc de la Rivi\u00e8re Bleue<\/a><\/h3>\n<\/div>\n<\/div>\n<\/div><\/div>\n<div class=\"small-12    large-3  columns   \"  ><div class=\"column-inner\"  >\n<div class=\"imagebox\">   <div id=\"banner_206510758\" class=\"ux_banner dark    \"  style=\"height:180px; \" data-height=\"180px\" role=\"banner\">\n      <a href=\"#madeleine\" >                            <div class=\"banner-bg \"  style=\"background-image:url('https:\/\/noumeadiscovery.com\/wp-content\/uploads\/2016\/04\/madeleine waterfalls.jpg'); \"><img src=\"https:\/\/noumeadiscovery.com\/wp-content\/uploads\/2016\/04\/madeleine waterfalls.jpg\"  alt=\"\" style=\"visibility:hidden;\" \/><\/div>\n                             <div class=\"row\" >\n          <div class=\"inner center text-center \"  style=\"width:70%;\">\n            <div class=\"inner-wrap animated fadeIn\" style=\" \">\n                          <\/div>\n          <\/div>  \n        <\/div>\n       <\/a>              <\/div><!-- end .ux_banner -->\n\n<div class=\"imagelabel\">\n<h3><a href=\"#madeleine\">Les Chutes de la Madeleine<\/a><\/h3>\n<\/div>\n<\/div>\n<\/div><\/div>\n<div class=\"small-12    large-3  columns   \"  ><div class=\"column-inner\"  >\n<div class=\"imagebox\">   <div id=\"banner_930501477\" class=\"ux_banner dark    \"  style=\"height:180px; \" data-height=\"180px\" role=\"banner\">\n      <a href=\"#prony\" >                            <div class=\"banner-bg \"  style=\"background-image:url('https:\/\/www.noumeadiscovery.com\/french\/wp-content\/uploads\/2017\/08\/Great-South-Prony-Bay.jpg'); \"><img src=\"https:\/\/www.noumeadiscovery.com\/french\/wp-content\/uploads\/2017\/08\/Great-South-Prony-Bay.jpg\"  alt=\"\" style=\"visibility:hidden;\" \/><\/div>\n                             <div class=\"row\" >\n          <div class=\"inner center text-center \"  style=\"width:70%;\">\n            <div class=\"inner-wrap animated fadeIn\" style=\" \">\n                          <\/div>\n          <\/div>  \n        <\/div>\n       <\/a>              <\/div><!-- end .ux_banner -->\n\n<div class=\"imagelabel\">\n<h3><a href=\"#prony\">Les Sources Thermales de Prony<\/a><\/h3>\n<\/div>\n<\/div>\n<\/div><\/div>\n<div class=\"small-12    large-3  columns   \"  ><div class=\"column-inner\"  >\n<div class=\"imagebox\">   <div id=\"banner_2130076378\" class=\"ux_banner dark    \"  style=\"height:180px; \" data-height=\"180px\" role=\"banner\">\n      <a href=\"#dam\" >                            <div class=\"banner-bg \"  style=\"background-image:url('https:\/\/noumeadiscovery.com\/wp-content\/uploads\/2016\/04\/yate dam.jpg'); \"><img src=\"https:\/\/noumeadiscovery.com\/wp-content\/uploads\/2016\/04\/yate dam.jpg\"  alt=\"\" style=\"visibility:hidden;\" \/><\/div>\n                             <div class=\"row\" >\n          <div class=\"inner center text-center \"  style=\"width:70%;\">\n            <div class=\"inner-wrap animated fadeIn\" style=\" \">\n                          <\/div>\n          <\/div>  \n        <\/div>\n       <\/a>              <\/div><!-- end .ux_banner -->\n\n<div class=\"imagelabel\">\n<h3><a href=\"#dam\">Le Barrage de Yat\u00e9<\/a><\/h3>\n<\/div>\n<\/div>\n<\/div><\/div><\/div>\n  \t<div  class=\"row container \">\n<div class=\"small-12    large-3  columns   \"  ><div class=\"column-inner\"  >\n<div class=\"imagebox\">   <div id=\"banner_1942386622\" class=\"ux_banner dark    \"  style=\"height:180px; \" data-height=\"180px\" role=\"banner\">\n      <a href=\"#hiking\" >                            <div class=\"banner-bg \"  style=\"background-image:url('https:\/\/www.noumeadiscovery.com\/french\/wp-content\/uploads\/2016\/03\/Great-South-landscape.2.jpg'); \"><img src=\"https:\/\/www.noumeadiscovery.com\/french\/wp-content\/uploads\/2016\/03\/Great-South-landscape.2.jpg\"  alt=\"\" style=\"visibility:hidden;\" \/><\/div>\n                             <div class=\"row\" >\n          <div class=\"inner center text-center \"  style=\"width:70%;\">\n            <div class=\"inner-wrap animated fadeIn\" style=\" \">\n                          <\/div>\n          <\/div>  \n        <\/div>\n       <\/a>              <\/div><!-- end .ux_banner -->\n\n<div class=\"imagelabel\">\n<h3><a href=\"#hiking\">Sentier GR NC1<\/a><\/h3>\n<\/div>\n<\/div>\n<\/div><\/div>\n<div class=\"small-12    large-3  columns   \"  ><div class=\"column-inner\"  >\n<div class=\"imagebox\">   <div id=\"banner_1782063678\" class=\"ux_banner dark    \"  style=\"height:180px; \" data-height=\"180px\" role=\"banner\">\n      <a href=\"#forgotten\" >                            <div class=\"banner-bg \"  style=\"background-image:url('https:\/\/www.noumeadiscovery.com\/wp-content\/uploads\/2016\/03\/forgotten-coast.jpg'); \"><img src=\"https:\/\/www.noumeadiscovery.com\/wp-content\/uploads\/2016\/03\/forgotten-coast.jpg\"  alt=\"\" style=\"visibility:hidden;\" \/><\/div>\n                             <div class=\"row\" >\n          <div class=\"inner center text-center \"  style=\"width:70%;\">\n            <div class=\"inner-wrap animated fadeIn\" style=\" \">\n                          <\/div>\n          <\/div>  \n        <\/div>\n       <\/a>              <\/div><!-- end .ux_banner -->\n\n<div class=\"imagelabel\">\n<h3><a href=\"#forgotten\">La C\u00f4t\u00e9 Oubli\u00e9e<\/a><\/h3>\n<\/div>\n<\/div>\n<\/div><\/div>\n<div class=\"small-12    large-3  columns   \"  ><div class=\"column-inner\"  >\n<div class=\"imagebox\">   <div id=\"banner_785989746\" class=\"ux_banner dark    \"  style=\"height:180px; \" data-height=\"180px\" role=\"banner\">\n      <a href=\"#whale\" >                            <div class=\"banner-bg \"  style=\"background-image:url('https:\/\/noumeadiscovery.com\/wp-content\/uploads\/2016\/04\/whale watching.jpg'); \"><img src=\"https:\/\/noumeadiscovery.com\/wp-content\/uploads\/2016\/04\/whale watching.jpg\"  alt=\"\" style=\"visibility:hidden;\" \/><\/div>\n                             <div class=\"row\" >\n          <div class=\"inner center text-center \"  style=\"width:70%;\">\n            <div class=\"inner-wrap animated fadeIn\" style=\" \">\n                          <\/div>\n          <\/div>  \n        <\/div>\n       <\/a>              <\/div><!-- end .ux_banner -->\n\n<div class=\"imagelabel\">\n<h3><a href=\"#whale\">Observation des Baleines <\/a><\/h3>\n<\/div>\n<\/div>\n<\/div><\/div>\n<div class=\"small-12    large-3  columns   \"  ><div class=\"column-inner\"  >\n<div class=\"imagebox\"><\/div>\n<\/div><\/div><\/div>\n  \n \n\n<div id=\"blue\" class=\"mfp-hide mfp-content-inner lightbox-white\" style=\"max-width:600px;padding:20px\">\n    <h3>Le Parc de la Rivi\u00e8re Bleue<\/h3>\n<p>(Ouvert du mardi au dimanche, de 7h \u00e0 17h)<\/p>\n<p>Le Parc Provincial de la Rivi\u00e8re Bleue a \u00e9t\u00e9 cr\u00e9e en 1980 et am\u00e9nag\u00e9 afin de favoriser la d\u00e9couverte de sa v\u00e9g\u00e9tation (for\u00eat de mousse, maquis minier, kaoris, plantes carnivores), et de ses esp\u00e8ces end\u00e9miques, tel que le Cagou ou le Notou.\u00a0 La ballade peut se faire \u00e0 pied ou en v\u00e9lo. \u00a0Des aires de pique nique et de camping ont \u00e9t\u00e9 am\u00e9nag\u00e9es tout au long du cours d\u2019eau, ainsi qu\u2019une piste p\u00e9destre et cyclable.<\/p>\n<p>Rendez-vous \u00e0 votre arriv\u00e9e \u00e0 l\u2019entr\u00e9e du parc \u00e0 la petite maisonnette pour recueillir toutes les informations essentielles pour votre ballade. Une navette parcourt le circuit toute la journ\u00e9e. Location de VTT et de cano\u00eb possible.<\/p>\n<\/div><!-- Lightbox-blue -->\n\n<script>\njQuery(document).ready(function($) {\n\n      \n      $('a[href=\"#blue\"]').click(function(e){\n         \/\/ Close openend lightboxes\n         var delay = 0;\n         \n         if($.magnificPopup.open){\n            $.magnificPopup.close();\n            delay = 300;\n         }\n\n         \/\/ Start lightbox\n         setTimeout(function(){\n            $.magnificPopup.open({\n                  midClick: true,\n                  removalDelay: 300,\n                  items: {\n                    src: '#blue', \n                    type: 'inline'\n                  }\n            });\n          }, delay);\n\n        e.preventDefault();\n      });\n});\n<\/script>\n\n \n\n<div id=\"madeleine\" class=\"mfp-hide mfp-content-inner lightbox-white\" style=\"max-width:600px;padding:20px\">\n    <h3>Les Chutes de la Madeleine<\/h3>\n<p>(1h30 de Noum\u00e9a) (Ouverte de 7h30 \u00e0 17H, entr\u00e9e payante)<\/p>\n<p>Les chutes de la Madeleine se trouvent \u00e0 une vingtaine de kilom\u00e8tres du parc de la Rivi\u00e8re Bleue, en direction de la Plaine des Lacs. 95% de la v\u00e9g\u00e9tation du site est end\u00e9mique au sud de la Nouvelle Cal\u00e9donie. 168 esp\u00e8ces v\u00e9g\u00e9tales ont \u00e9t\u00e9 recens\u00e9es. Cette r\u00e9serve de 400 hectares a \u00e9t\u00e9 am\u00e9nag\u00e9e pour les promeneurs, avec un sentier botanique de 2 km, pour approcher de plus pr\u00e8s le maquis cal\u00e9donien.<\/p>\n<\/div><!-- Lightbox-madeleine -->\n\n<script>\njQuery(document).ready(function($) {\n\n      \n      $('a[href=\"#madeleine\"]').click(function(e){\n         \/\/ Close openend lightboxes\n         var delay = 0;\n         \n         if($.magnificPopup.open){\n            $.magnificPopup.close();\n            delay = 300;\n         }\n\n         \/\/ Start lightbox\n         setTimeout(function(){\n            $.magnificPopup.open({\n                  midClick: true,\n                  removalDelay: 300,\n                  items: {\n                    src: '#madeleine', \n                    type: 'inline'\n                  }\n            });\n          }, delay);\n\n        e.preventDefault();\n      });\n});\n<\/script>\n\n \n\n<div id=\"prony\" class=\"mfp-hide mfp-content-inner lightbox-white\" style=\"max-width:600px;padding:20px\">\n    <h3>Les Sources Thermales de Prony<\/h3>\n<p>C\u2019est en 1854 que le commandant Jean-Joseph de Brun rep\u00e8re les sources thermales dans le Grand Sud, dont 2 seront am\u00e9nag\u00e9es plus tard par l\u2019administration p\u00e9nitentiaire. 3 sites sont visibles\u00a0:<\/p>\n<ul>\n<li>La source des Kaoris (am\u00e9nag\u00e9e aujourd\u2019hui avec un deck en bois, et table de pique nique)<\/li>\n<li>La source du Car\u00e9nage (situ\u00e9e dans la mer et immerg\u00e9e \u00e0 mar\u00e9e haute)<\/li>\n<li>La source sous-marine de l\u2019Aiguille de la Baie de Prony.<\/li>\n<\/ul>\n<p>&nbsp;<\/p>\n<\/div><!-- Lightbox-prony -->\n\n<script>\njQuery(document).ready(function($) {\n\n      \n      $('a[href=\"#prony\"]').click(function(e){\n         \/\/ Close openend lightboxes\n         var delay = 0;\n         \n         if($.magnificPopup.open){\n            $.magnificPopup.close();\n            delay = 300;\n         }\n\n         \/\/ Start lightbox\n         setTimeout(function(){\n            $.magnificPopup.open({\n                  midClick: true,\n                  removalDelay: 300,\n                  items: {\n                    src: '#prony', \n                    type: 'inline'\n                  }\n            });\n          }, delay);\n\n        e.preventDefault();\n      });\n});\n<\/script>\n\n \n\n<div id=\"dam\" class=\"mfp-hide mfp-content-inner lightbox-white\" style=\"max-width:600px;padding:20px\">\n    <h3>Le Barrage de Yat\u00e9<\/h3>\n<p>Sa construction, qui a d\u00e9but\u00e9 en 1912 a \u00e9t\u00e9 interrompue en raison des guerres mondiales s\u2019est termin\u00e9e en 1925, mais rapidement, il a \u00e9t\u00e9 constat\u00e9 que sa hauteur n\u2019\u00e9tait pas suffisante. C\u2019est en 1956 que les travaux ont repris pour atteindre une hauteur de 60m et 641m de long. Aujourd\u2019hui, le barrage de Yat\u00e9 alimente l\u2019usine hydraulique de Yat\u00e9 permettant de recouvrir les besoins en \u00e9lectricit\u00e9 de 20% du territoire ainsi que ceux de l\u2019usine de nickel. Si vous souhaitez d\u00e9couvrir le site, empruntez le sentier qui m\u00e8ne du barrage au village de Yat\u00e9.<\/p>\n<\/div><!-- Lightbox-dam -->\n\n<script>\njQuery(document).ready(function($) {\n\n      \n      $('a[href=\"#dam\"]').click(function(e){\n         \/\/ Close openend lightboxes\n         var delay = 0;\n         \n         if($.magnificPopup.open){\n            $.magnificPopup.close();\n            delay = 300;\n         }\n\n         \/\/ Start lightbox\n         setTimeout(function(){\n            $.magnificPopup.open({\n                  midClick: true,\n                  removalDelay: 300,\n                  items: {\n                    src: '#dam', \n                    type: 'inline'\n                  }\n            });\n          }, delay);\n\n        e.preventDefault();\n      });\n});\n<\/script>\n\n \n\n<div id=\"hiking\" class=\"mfp-hide mfp-content-inner lightbox-white\" style=\"max-width:600px;padding:20px\">\n    <h3>Le Sentier de Randonn\u00e9e GR NC 1<\/h3>\n<p>La Province Sud a r\u00e9alis\u00e9 des am\u00e9nagements de sentiers de randonn\u00e9e p\u00e9destre afin de rendre accessible la d\u00e9couverte du territoire et de sa biodiversit\u00e9. Au total, c\u2019est 11 \u00e9tapes du GRNC1 et 24 PR (promenades et randonn\u00e9es) qui pourront \u00eatres parcourues. Possibilit\u00e9 de dormir en refuge.<\/p>\n<\/div><!-- Lightbox-hiking -->\n\n<script>\njQuery(document).ready(function($) {\n\n      \n      $('a[href=\"#hiking\"]').click(function(e){\n         \/\/ Close openend lightboxes\n         var delay = 0;\n         \n         if($.magnificPopup.open){\n            $.magnificPopup.close();\n            delay = 300;\n         }\n\n         \/\/ Start lightbox\n         setTimeout(function(){\n            $.magnificPopup.open({\n                  midClick: true,\n                  removalDelay: 300,\n                  items: {\n                    src: '#hiking', \n                    type: 'inline'\n                  }\n            });\n          }, delay);\n\n        e.preventDefault();\n      });\n});\n<\/script>\n\n \n\n<div id=\"forgotten\" class=\"mfp-hide mfp-content-inner lightbox-white\" style=\"max-width:600px;padding:20px\">\n    <h3>La C\u00f4t\u00e9 Oubli\u00e9e<\/h3>\n<p>La C\u00f4te Oubli\u00e9e se situe entre Yat\u00e9 et Thio, et porte son nom du fait qu\u2019elle ne soit pas fr\u00e9quent\u00e9e, \u00e9tant accessible uniquement par la mer. Comptez 4\/5 jours de randonn\u00e9e en cano\u00eb pour la parcourir. Au programme\u00a0: pagaie, bivouac, \u00eelot, paysages de r\u00eave, souvenirs garantis\u00a0!<\/p>\n<\/div><!-- Lightbox-forgotten -->\n\n<script>\njQuery(document).ready(function($) {\n\n      \n      $('a[href=\"#forgotten\"]').click(function(e){\n         \/\/ Close openend lightboxes\n         var delay = 0;\n         \n         if($.magnificPopup.open){\n            $.magnificPopup.close();\n            delay = 300;\n         }\n\n         \/\/ Start lightbox\n         setTimeout(function(){\n            $.magnificPopup.open({\n                  midClick: true,\n                  removalDelay: 300,\n                  items: {\n                    src: '#forgotten', \n                    type: 'inline'\n                  }\n            });\n          }, delay);\n\n        e.preventDefault();\n      });\n});\n<\/script>\n\n \n\n<div id=\"whale\" class=\"mfp-hide mfp-content-inner lightbox-white\" style=\"max-width:600px;padding:20px\">\n    <h3>Observation des Baleines (juillet \u00e0 septembre)<\/h3>\n<p>Rendez-vous \u00e0 la Baie de la Somme pour aller \u00e0 la rencontre des baleines \u00e0 bosse. Les sorties sont organis\u00e9es \u00e0 la journ\u00e9e.<\/p>\n<\/div><!-- Lightbox-whale -->\n\n<script>\njQuery(document).ready(function($) {\n\n      \n      $('a[href=\"#whale\"]').click(function(e){\n         \/\/ Close openend lightboxes\n         var delay = 0;\n         \n         if($.magnificPopup.open){\n            $.magnificPopup.close();\n            delay = 300;\n         }\n\n         \/\/ Start lightbox\n         setTimeout(function(){\n            $.magnificPopup.open({\n                  midClick: true,\n                  removalDelay: 300,\n                  items: {\n                    src: '#whale', \n                    type: 'inline'\n                  }\n            });\n          }, delay);\n\n        e.preventDefault();\n      });\n});\n<\/script>\n\n","protected":false},"excerpt":{"rendered":"<p>Yat\u00e9 tient son nom de la rivi\u00e8re du m\u00eame nom, et se situe tout au sud de la Nouvelle Cal\u00e9donie. Sa population est r\u00e9partie en 4 tribus\u00a0: Unia, Touaourou, Waho et Goro. La r\u00e9gion du Sud est tr\u00e8s populaire de juillet \u00e0 septembre en raison du passage des baleines. Les amoureux de la nature seront [&hellip;]\n","protected":false},"author":6,"featured_media":0,"parent":874,"menu_order":0,"comment_status":"closed","ping_status":"closed","template":"page-blank-container.php","meta":[],"_links":{"self":[{"href":"https:\/\/www.noumeadiscovery.com\/french\/wp-json\/wp\/v2\/pages\/949"}],"collection":[{"href":"https:\/\/www.noumeadiscovery.com\/french\/wp-json\/wp\/v2\/pages"}],"about":[{"href":"https:\/\/www.noumeadiscovery.com\/french\/wp-json\/wp\/v2\/types\/page"}],"author":[{"embeddable":true,"href":"https:\/\/www.noumeadiscovery.com\/french\/wp-json\/wp\/v2\/users\/6"}],"replies":[{"embeddable":true,"href":"https:\/\/www.noumeadiscovery.com\/french\/wp-json\/wp\/v2\/comments?post=949"}],"version-history":[{"count":24,"href":"https:\/\/www.noumeadiscovery.com\/french\/wp-json\/wp\/v2\/pages\/949\/revisions"}],"predecessor-version":[{"id":2685,"href":"https:\/\/www.noumeadiscovery.com\/french\/wp-json\/wp\/v2\/pages\/949\/revisions\/2685"}],"up":[{"embeddable":true,"href":"https:\/\/www.noumeadiscovery.com\/french\/wp-json\/wp\/v2\/pages\/874"}],"wp:attachment":[{"href":"https:\/\/www.noumeadiscovery.com\/french\/wp-json\/wp\/v2\/media?parent=949"}],"curies":[{"name":"wp","href":"https:\/\/api.w.org\/{rel}","templated":true}]}}