{"id":934,"date":"2016-03-18T14:32:36","date_gmt":"2016-03-18T04:32:36","guid":{"rendered":"http:\/\/noumea.respax.com.au\/?page_id=934"},"modified":"2016-11-02T10:09:28","modified_gmt":"2016-11-02T00:09:28","slug":"ouuvea","status":"publish","type":"page","link":"https:\/\/www.noumeadiscovery.com\/french\/destinations\/ouuvea\/","title":{"rendered":"Ouv\u00e9a"},"content":{"rendered":"   <div id=\"banner_1814127862\" class=\"ux_banner dark    \"  style=\"height:150px; \" data-height=\"150px\" role=\"banner\">\n                                  <div class=\"banner-bg \"  style=\"background-image:url('https:\/\/noumeadiscovery.com\/wp-content\/uploads\/2016\/03\/ouvea.jpg'); \"><img src=\"https:\/\/noumeadiscovery.com\/wp-content\/uploads\/2016\/03\/ouvea.jpg\"  alt=\"\" style=\"visibility:hidden;\" \/><\/div>\n                             <div class=\"row\" >\n          <div class=\"inner center text-center \"  style=\"width:70%;\">\n            <div class=\"inner-wrap animated fadeIn\" style=\" \">\n              <h1>Ouv\u00e9a &#8211; Iles Loyaut\u00e9<\/h1>\n            <\/div>\n          <\/div>  \n        <\/div>\n                     <\/div><!-- end .ux_banner -->\n\n<p>On l\u2019a surnomm\u00e9 \u00ab\u00a0l\u2019\u00eele la plus proche du Paradis\u00a0\u00bb car il y r\u00e8gne une douceur de vivre sans pareil. Paysages paradisiaques d\u00e9pourvus de pollution, les habitants vivent de la p\u00eache, de la culture de l\u2019huile de coco, et du tourisme. Un accueil unique vous y sera r\u00e9serv\u00e9.<\/p>\n<p>Du nord au sud, une seule route longe la c\u00f4t\u00e9. Pr\u00e8s de 4300 personnes qui peuplent l\u2019\u00eele, r\u00e9partie en 3 districts : Saint-Joseph, Fayaou\u00e9 et Mouli.<\/p>\n<h3>Les incontournables:<\/h3>\n\t<div  class=\"row container \">\n<div class=\"small-12    large-3  columns   \"  ><div class=\"column-inner\"  >\n<div class=\"imagebox\">   <div id=\"banner_1774733463\" class=\"ux_banner dark    \"  style=\"height:180px; \" data-height=\"180px\" role=\"banner\">\n      <a href=\"#shark\" >                            <div class=\"banner-bg \"  style=\"background-image:url('https:\/\/noumeadiscovery.com\/wp-content\/uploads\/2016\/04\/shark nursery.jpg'); \"><img src=\"https:\/\/noumeadiscovery.com\/wp-content\/uploads\/2016\/04\/shark nursery.jpg\"  alt=\"\" style=\"visibility:hidden;\" \/><\/div>\n                             <div class=\"row\" >\n          <div class=\"inner center text-center \"  style=\"width:70%;\">\n            <div class=\"inner-wrap animated fadeIn\" style=\" \">\n                          <\/div>\n          <\/div>  \n        <\/div>\n       <\/a>              <\/div><!-- end .ux_banner -->\n\n<div class=\"imagelabel\">\n<h3><a href=\"#shark\">La Nurserie de Requins<\/a><\/h3>\n<\/div>\n<\/div>\n<\/div><\/div>\n<div class=\"small-12    large-3  columns   \"  ><div class=\"column-inner\"  >\n<div class=\"imagebox\">   <div id=\"banner_1761525414\" class=\"ux_banner dark    \"  style=\"height:180px; \" data-height=\"180px\" role=\"banner\">\n      <a href=\"#mouli\" >                            <div class=\"banner-bg \"  style=\"background-image:url('https:\/\/noumeadiscovery.com\/wp-content\/uploads\/2016\/04\/mouli.jpg'); \"><img src=\"https:\/\/noumeadiscovery.com\/wp-content\/uploads\/2016\/04\/mouli.jpg\"  alt=\"\" style=\"visibility:hidden;\" \/><\/div>\n                             <div class=\"row\" >\n          <div class=\"inner center text-center \"  style=\"width:70%;\">\n            <div class=\"inner-wrap animated fadeIn\" style=\" \">\n                          <\/div>\n          <\/div>  \n        <\/div>\n       <\/a>              <\/div><!-- end .ux_banner -->\n\n<div class=\"imagelabel\">\n<h3><a href=\"#mouli\">Le Pont de Mouli<\/a><\/h3>\n<\/div>\n<\/div>\n<\/div><\/div>\n<div class=\"small-12    large-3  columns   \"  ><div class=\"column-inner\"  >\n<div class=\"imagebox\">   <div id=\"banner_226374572\" class=\"ux_banner dark    \"  style=\"height:180px; \" data-height=\"180px\" role=\"banner\">\n      <a href=\"#saint\" >                            <div class=\"banner-bg \"  style=\"background-image:url('https:\/\/noumeadiscovery.com\/wp-content\/uploads\/2016\/04\/saint joseph.jpg'); \"><img src=\"https:\/\/noumeadiscovery.com\/wp-content\/uploads\/2016\/04\/saint joseph.jpg\"  alt=\"\" style=\"visibility:hidden;\" \/><\/div>\n                             <div class=\"row\" >\n          <div class=\"inner center text-center \"  style=\"width:70%;\">\n            <div class=\"inner-wrap animated fadeIn\" style=\" \">\n                          <\/div>\n          <\/div>  \n        <\/div>\n       <\/a>              <\/div><!-- end .ux_banner -->\n\n<div class=\"imagelabel\">\n<h3><a href=\"#saint\">L&rsquo;Eglise Saint Joseph<\/a><\/h3>\n<\/div>\n<\/div>\n<\/div><\/div>\n<div class=\"small-12    large-3  columns   \"  ><div class=\"column-inner\"  >\n<div class=\"imagebox\">   <div id=\"banner_382709213\" class=\"ux_banner dark    \"  style=\"height:180px; \" data-height=\"180px\" role=\"banner\">\n      <a href=\"#hanawa\" >                            <div class=\"banner-bg \"  style=\"background-image:url('https:\/\/noumeadiscovery.com\/wp-content\/uploads\/2016\/04\/hanawa.jpg'); \"><img src=\"https:\/\/noumeadiscovery.com\/wp-content\/uploads\/2016\/04\/hanawa.jpg\"  alt=\"\" style=\"visibility:hidden;\" \/><\/div>\n                             <div class=\"row\" >\n          <div class=\"inner center text-center \"  style=\"width:70%;\">\n            <div class=\"inner-wrap animated fadeIn\" style=\" \">\n                          <\/div>\n          <\/div>  \n        <\/div>\n       <\/a>              <\/div><!-- end .ux_banner -->\n\n<div class=\"imagelabel\">\n<h3><a href=\"#hanawa\">Le Trou Bleu de Hanawa<\/a><\/h3>\n<\/div>\n<\/div><\/div><\/div>\n  \t<div  class=\"row container \">\n<\/div>\n<div class=\"small-12    large-3  columns   \"  ><div class=\"column-inner\"  >\n<div class=\"imagebox\">   <div id=\"banner_1439962510\" class=\"ux_banner dark    \"  style=\"height:180px; \" data-height=\"180px\" role=\"banner\">\n      <a href=\"#turtle\" >                            <div class=\"banner-bg \"  style=\"background-image:url('https:\/\/noumeadiscovery.com\/wp-content\/uploads\/2016\/04\/turtle hole.jpg'); \"><img src=\"https:\/\/noumeadiscovery.com\/wp-content\/uploads\/2016\/04\/turtle hole.jpg\"  alt=\"\" style=\"visibility:hidden;\" \/><\/div>\n                             <div class=\"row\" >\n          <div class=\"inner center text-center \"  style=\"width:70%;\">\n            <div class=\"inner-wrap animated fadeIn\" style=\" \">\n                          <\/div>\n          <\/div>  \n        <\/div>\n       <\/a>              <\/div><!-- end .ux_banner -->\n\n<div class=\"imagelabel\">\n<h3><a href=\"#turtle\">Le Trou aux Tortues<\/a><\/h3>\n<\/div>\n<\/div>\n<\/div><\/div>\n<div class=\"small-12    large-3  columns   \"  ><div class=\"column-inner\"  >\n<div class=\"imagebox\">   <div id=\"banner_951927337\" class=\"ux_banner dark    \"  style=\"height:180px; \" data-height=\"180px\" role=\"banner\">\n      <a href=\"#lekiny\" >                            <div class=\"banner-bg \"  style=\"background-image:url('https:\/\/noumeadiscovery.com\/wp-content\/uploads\/2016\/04\/lekiny.jpg'); \"><img src=\"https:\/\/noumeadiscovery.com\/wp-content\/uploads\/2016\/04\/lekiny.jpg\"  alt=\"\" style=\"visibility:hidden;\" \/><\/div>\n                             <div class=\"row\" >\n          <div class=\"inner center text-center \"  style=\"width:70%;\">\n            <div class=\"inner-wrap animated fadeIn\" style=\" \">\n                          <\/div>\n          <\/div>  \n        <\/div>\n       <\/a>              <\/div><!-- end .ux_banner -->\n\n<div class=\"imagelabel\">\n<h3><a href=\"#jokin\">Les Falaises de Lekiny<\/a><\/h3>\n<\/div>\n<\/div>\n<\/div><\/div>\n<div class=\"small-12    large-3  columns   \"  ><div class=\"column-inner\"  >\n<div class=\"imagebox\">   <div id=\"banner_28468070\" class=\"ux_banner dark    \"  style=\"height:180px; \" data-height=\"180px\" role=\"banner\">\n      <a href=\"#pleiades\" >                            <div class=\"banner-bg \"  style=\"background-image:url('https:\/\/noumeadiscovery.com\/wp-content\/uploads\/2016\/04\/pleiades.jpg'); \"><img src=\"https:\/\/noumeadiscovery.com\/wp-content\/uploads\/2016\/04\/pleiades.jpg\"  alt=\"\" style=\"visibility:hidden;\" \/><\/div>\n                             <div class=\"row\" >\n          <div class=\"inner center text-center \"  style=\"width:70%;\">\n            <div class=\"inner-wrap animated fadeIn\" style=\" \">\n                          <\/div>\n          <\/div>  \n        <\/div>\n       <\/a>              <\/div><!-- end .ux_banner -->\n\n<div class=\"imagelabel\">\n<h3><a href=\"#pleiades\">Les Pl\u00e9iades<\/a><\/h3>\n<\/div>\n<\/div>\n<\/div><\/div>\n<div class=\"small-12    large-3  columns   \"  ><div class=\"column-inner\"  >\n<div class=\"imagebox\">   <div id=\"banner_166446180\" class=\"ux_banner dark    \"  style=\"height:180px; \" data-height=\"180px\" role=\"banner\">\n      <a href=\"#fayaoue\" >                            <div class=\"banner-bg \"  style=\"background-image:url('https:\/\/www.noumeadiscovery.com\/french\/wp-content\/uploads\/2016\/06\/fayaoue.jpg'); \"><img src=\"https:\/\/www.noumeadiscovery.com\/french\/wp-content\/uploads\/2016\/06\/fayaoue.jpg\"  alt=\"\" style=\"visibility:hidden;\" \/><\/div>\n                             <div class=\"row\" >\n          <div class=\"inner center text-center \"  style=\"width:70%;\">\n            <div class=\"inner-wrap animated fadeIn\" style=\" \">\n                          <\/div>\n          <\/div>  \n        <\/div>\n       <\/a>              <\/div><!-- end .ux_banner -->\n\n<div class=\"imagelabel\">\n<h3><a href=\"#fayaoue\">La Plage de Fayaou\u00e9<\/a><\/h3>\n<\/div>\n<\/div>\n<\/div><\/div><\/div>\n  \t<div  class=\"row container \">\n<div class=\"small-12    large-3  columns   \"  ><div class=\"column-inner\"  >\n<div class=\"imagebox\">   <div id=\"banner_1942759520\" class=\"ux_banner dark    \"  style=\"height:180px; \" data-height=\"180px\" role=\"banner\">\n      <a href=\"#coconut\" >                            <div class=\"banner-bg \"  style=\"background-image:url('https:\/\/noumeadiscovery.com\/wp-content\/uploads\/2016\/04\/coconutoil and soap.jpg'); \"><img src=\"https:\/\/noumeadiscovery.com\/wp-content\/uploads\/2016\/04\/coconutoil and soap.jpg\"  alt=\"\" style=\"visibility:hidden;\" \/><\/div>\n                             <div class=\"row\" >\n          <div class=\"inner center text-center \"  style=\"width:70%;\">\n            <div class=\"inner-wrap animated fadeIn\" style=\" \">\n                          <\/div>\n          <\/div>  \n        <\/div>\n       <\/a>              <\/div><!-- end .ux_banner -->\n\n<div class=\"imagelabel\">\n<h3><a href=\"#coconut\">Savonnerie d&rsquo;Ouv\u00e9a<\/a><\/h3>\n<\/div>\n<\/div>\n<\/div><\/div>\n<div class=\"small-12    large-3  columns   \"  ><div class=\"column-inner\"  >\n<div class=\"imagebox\"><\/div>\n<\/div><\/div>\n<div class=\"small-12    large-3  columns   \"  ><div class=\"column-inner\"  >\n<div class=\"imagebox\"><\/div>\n<\/div><\/div>\n<div class=\"small-12    large-3  columns   \"  ><div class=\"column-inner\"  >\n<\/div><\/div>\n<\/div>\n  \n \n\n<div id=\"shark\" class=\"mfp-hide mfp-content-inner lightbox-white\" style=\"max-width:600px;padding:20px\">\n    <h3>La Nurserie de Requins<\/h3>\n<p>Rendez-vous avec Antoine pour cette excursion \u00e0 la d\u00e9couverte de la nurserie de requins. En chemin, votre guide vous expliquera les bienfaits de certaines plantes, notamment celles qui soignent la &lsquo;gratte&rsquo; et vous parlera des probl\u00e8me d\u2019\u00e9rosion de la plage, d\u00fb \u00e0 la mont\u00e9e des eaux. \u00a0A mar\u00e9e basse, vous traverserez le chenal ais\u00e9ment, l\u2019exp\u00e9rience sera un peu plus sportive \u00e0 mar\u00e9e haute. Pr\u00e9voyez de l\u2019eau \u00e0 boire.<\/p>\n<\/div><!-- Lightbox-shark -->\n\n<script>\njQuery(document).ready(function($) {\n\n      \n      $('a[href=\"#shark\"]').click(function(e){\n         \/\/ Close openend lightboxes\n         var delay = 0;\n         \n         if($.magnificPopup.open){\n            $.magnificPopup.close();\n            delay = 300;\n         }\n\n         \/\/ Start lightbox\n         setTimeout(function(){\n            $.magnificPopup.open({\n                  midClick: true,\n                  removalDelay: 300,\n                  items: {\n                    src: '#shark', \n                    type: 'inline'\n                  }\n            });\n          }, delay);\n\n        e.preventDefault();\n      });\n});\n<\/script>\n\n \n\n<div id=\"mouli\" class=\"mfp-hide mfp-content-inner lightbox-white\" style=\"max-width:600px;padding:20px\">\n    <h3>Le Pont de Mouli<\/h3>\n<p>Afin de relier l\u2019\u00eele principale \u00e0 l\u2019\u00eele de Mouli, le pont de Mouli a \u00e9t\u00e9 construit en 1984. Son point de vue est magnifique.<\/p>\n<\/div><!-- Lightbox-mouli -->\n\n<script>\njQuery(document).ready(function($) {\n\n      \n      $('a[href=\"#mouli\"]').click(function(e){\n         \/\/ Close openend lightboxes\n         var delay = 0;\n         \n         if($.magnificPopup.open){\n            $.magnificPopup.close();\n            delay = 300;\n         }\n\n         \/\/ Start lightbox\n         setTimeout(function(){\n            $.magnificPopup.open({\n                  midClick: true,\n                  removalDelay: 300,\n                  items: {\n                    src: '#mouli', \n                    type: 'inline'\n                  }\n            });\n          }, delay);\n\n        e.preventDefault();\n      });\n});\n<\/script>\n\n \n\n<div id=\"saint\" class=\"mfp-hide mfp-content-inner lightbox-white\" style=\"max-width:600px;padding:20px\">\n    <h3>L&rsquo;Eglise Saint Joseph<\/h3>\n<p>Construite en 1912, l\u2019\u00e9glise de Saint Joseph doit sa renomm\u00e9e \u00e0 son plafond en bois vo\u00fbt\u00e9, et son Christ sculpt\u00e9 en kaori noir drap\u00e9 d\u2019un manou.<\/p>\n<\/div><!-- Lightbox-saint -->\n\n<script>\njQuery(document).ready(function($) {\n\n      \n      $('a[href=\"#saint\"]').click(function(e){\n         \/\/ Close openend lightboxes\n         var delay = 0;\n         \n         if($.magnificPopup.open){\n            $.magnificPopup.close();\n            delay = 300;\n         }\n\n         \/\/ Start lightbox\n         setTimeout(function(){\n            $.magnificPopup.open({\n                  midClick: true,\n                  removalDelay: 300,\n                  items: {\n                    src: '#saint', \n                    type: 'inline'\n                  }\n            });\n          }, delay);\n\n        e.preventDefault();\n      });\n});\n<\/script>\n\n \n\n<div id=\"hanawa\" class=\"mfp-hide mfp-content-inner lightbox-white\" style=\"max-width:600px;padding:20px\">\n    <h3>Le Trou Bleu Hanawa<\/h3>\n<p>Hanawa se situe au nord de Wadrilla. Le trou bleu est en r\u00e9alit\u00e9 un trou d\u2019eau de mer o\u00f9 les jeunes des tribus viennent se baigner. L\u2019endroit est magnifique. Demandez l\u2019autorisation avant de vous y rendre.<\/p>\n<\/div><!-- Lightbox-hanawa -->\n\n<script>\njQuery(document).ready(function($) {\n\n      \n      $('a[href=\"#hanawa\"]').click(function(e){\n         \/\/ Close openend lightboxes\n         var delay = 0;\n         \n         if($.magnificPopup.open){\n            $.magnificPopup.close();\n            delay = 300;\n         }\n\n         \/\/ Start lightbox\n         setTimeout(function(){\n            $.magnificPopup.open({\n                  midClick: true,\n                  removalDelay: 300,\n                  items: {\n                    src: '#hanawa', \n                    type: 'inline'\n                  }\n            });\n          }, delay);\n\n        e.preventDefault();\n      });\n});\n<\/script>\n\n \n\n<div id=\"turtle\" class=\"mfp-hide mfp-content-inner lightbox-white\" style=\"max-width:600px;padding:20px\">\n    <h3>Le Trou aux Tortues<\/h3>\n<p>A proximit\u00e9 de Saint Joseph, vous apercevrez une \u00e9glise. La petite route sur la droite, qui la pr\u00e9c\u00e8de vous m\u00e8nera via un autre chemin (marqu\u00e9 par un petit poteau en fer) au trou aux tortues. Les tortues remontent \u00e0 la surface pour respirer quand le coin y est calme. Ce lieu est fr\u00e9quent\u00e9 des enfants des tribus aux alentours, qui viennent s\u2019y baigner. Il est n\u00e9cessaire de demander l\u2019autorisation avant de vous y aventurer.<\/p>\n<\/div><!-- Lightbox-turtle -->\n\n<script>\njQuery(document).ready(function($) {\n\n      \n      $('a[href=\"#turtle\"]').click(function(e){\n         \/\/ Close openend lightboxes\n         var delay = 0;\n         \n         if($.magnificPopup.open){\n            $.magnificPopup.close();\n            delay = 300;\n         }\n\n         \/\/ Start lightbox\n         setTimeout(function(){\n            $.magnificPopup.open({\n                  midClick: true,\n                  removalDelay: 300,\n                  items: {\n                    src: '#turtle', \n                    type: 'inline'\n                  }\n            });\n          }, delay);\n\n        e.preventDefault();\n      });\n});\n<\/script>\n\n \n\n<div id=\"lekiny\" class=\"mfp-hide mfp-content-inner lightbox-white\" style=\"max-width:600px;padding:20px\">\n    <h3>Les Falaises de L\u00e9kiny<\/h3>\n<p>Votre guide F\u00e9lix Alosio vous m\u00e8nera jusqu\u2019\u00e0 cette jusqu\u2019\u00e0 cette falaise. Une \u00e9chelle sur place vous permettra d\u2019acc\u00e9der au premier \u00e9tage de la falaise, o\u00f9 vous pourrez observer toute la baie de L\u00e9kiny. Prenez vos palmes, masque et tuba pour profiter de ses fonds marins. La visite se fait obligatoirement accompagn\u00e9e d\u2019un guide.<\/p>\n<\/div><!-- Lightbox-lekiny -->\n\n<script>\njQuery(document).ready(function($) {\n\n      \n      $('a[href=\"#lekiny\"]').click(function(e){\n         \/\/ Close openend lightboxes\n         var delay = 0;\n         \n         if($.magnificPopup.open){\n            $.magnificPopup.close();\n            delay = 300;\n         }\n\n         \/\/ Start lightbox\n         setTimeout(function(){\n            $.magnificPopup.open({\n                  midClick: true,\n                  removalDelay: 300,\n                  items: {\n                    src: '#lekiny', \n                    type: 'inline'\n                  }\n            });\n          }, delay);\n\n        e.preventDefault();\n      });\n});\n<\/script>\n\n \n\n<div id=\"pleiades\" class=\"mfp-hide mfp-content-inner lightbox-white\" style=\"max-width:600px;padding:20px\">\n    <h3>Les Pl\u00e9iades<\/h3>\n<p>Les Pl\u00e9iades, du nord et du sud, sont l\u2019ensemble des \u00eelots qui prolongent l\u2019\u00eele principale. Pour s\u2019y rendre, faites appel \u00e0 un guide qui organisera la sortie.<\/p>\n<\/div><!-- Lightbox-pleiades -->\n\n<script>\njQuery(document).ready(function($) {\n\n      \n      $('a[href=\"#pleiades\"]').click(function(e){\n         \/\/ Close openend lightboxes\n         var delay = 0;\n         \n         if($.magnificPopup.open){\n            $.magnificPopup.close();\n            delay = 300;\n         }\n\n         \/\/ Start lightbox\n         setTimeout(function(){\n            $.magnificPopup.open({\n                  midClick: true,\n                  removalDelay: 300,\n                  items: {\n                    src: '#pleiades', \n                    type: 'inline'\n                  }\n            });\n          }, delay);\n\n        e.preventDefault();\n      });\n});\n<\/script>\n\n \n\n<div id=\"fayaoue\" class=\"mfp-hide mfp-content-inner lightbox-white\" style=\"max-width:600px;padding:20px\">\n    <h3>La Plage de Fayaou\u00e9<\/h3>\n<p>Longue de 25 km, la plage de Fayaou\u00e9 s\u2019\u00e9tend de Hanawa jusqu\u2019au pont de Mouli. Vous aurez l\u2019impression d\u2019\u00eatre seul au monde en profitant de cette magnifique plage.<\/p>\n<\/div><!-- Lightbox-fayaoue -->\n\n<script>\njQuery(document).ready(function($) {\n\n      \n      $('a[href=\"#fayaoue\"]').click(function(e){\n         \/\/ Close openend lightboxes\n         var delay = 0;\n         \n         if($.magnificPopup.open){\n            $.magnificPopup.close();\n            delay = 300;\n         }\n\n         \/\/ Start lightbox\n         setTimeout(function(){\n            $.magnificPopup.open({\n                  midClick: true,\n                  removalDelay: 300,\n                  items: {\n                    src: '#fayaoue', \n                    type: 'inline'\n                  }\n            });\n          }, delay);\n\n        e.preventDefault();\n      });\n});\n<\/script>\n\n \n\n<div id=\"coconut\" class=\"mfp-hide mfp-content-inner lightbox-white\" style=\"max-width:600px;padding:20px\">\n    <h3>La Distillerie d&rsquo;huile de coco et Savonnerie d&rsquo;Ouv\u00e9a<\/h3>\n<p>C\u2019est en 1991 que l\u2019\u00eele s\u2019est lanc\u00e9e dans la production d\u2019huile de Coprah. Aujourd\u2019hui, la r\u00e9colte permet de r\u00e9aliser un biocarburant, utilis\u00e9 pour les les besoins en \u00e9lectricit\u00e9 de l\u2019\u00eele. La savonnerie d\u2019Ilaai fabrique depuis 2001 des savons parfum\u00e9s au niaouli. Visite gratuite : pr\u00e9sentez-vous le matin en semaine pr\u00e8s du quai de Wadrilla.<\/p>\n<\/div><!-- Lightbox-coconut -->\n\n<script>\njQuery(document).ready(function($) {\n\n      \n      $('a[href=\"#coconut\"]').click(function(e){\n         \/\/ Close openend lightboxes\n         var delay = 0;\n         \n         if($.magnificPopup.open){\n            $.magnificPopup.close();\n            delay = 300;\n         }\n\n         \/\/ Start lightbox\n         setTimeout(function(){\n            $.magnificPopup.open({\n                  midClick: true,\n                  removalDelay: 300,\n                  items: {\n                    src: '#coconut', \n                    type: 'inline'\n                  }\n            });\n          }, delay);\n\n        e.preventDefault();\n      });\n});\n<\/script>\n\n","protected":false},"excerpt":{"rendered":"<p>On l\u2019a surnomm\u00e9 \u00ab\u00a0l\u2019\u00eele la plus proche du Paradis\u00a0\u00bb car il y r\u00e8gne une douceur de vivre sans pareil. Paysages paradisiaques d\u00e9pourvus de pollution, les habitants vivent de la p\u00eache, de la culture de l\u2019huile de coco, et du tourisme. Un accueil unique vous y sera r\u00e9serv\u00e9. Du nord au sud, une seule route longe [&hellip;]\n","protected":false},"author":6,"featured_media":0,"parent":874,"menu_order":0,"comment_status":"closed","ping_status":"closed","template":"page-blank-container.php","meta":[],"_links":{"self":[{"href":"https:\/\/www.noumeadiscovery.com\/french\/wp-json\/wp\/v2\/pages\/934"}],"collection":[{"href":"https:\/\/www.noumeadiscovery.com\/french\/wp-json\/wp\/v2\/pages"}],"about":[{"href":"https:\/\/www.noumeadiscovery.com\/french\/wp-json\/wp\/v2\/types\/page"}],"author":[{"embeddable":true,"href":"https:\/\/www.noumeadiscovery.com\/french\/wp-json\/wp\/v2\/users\/6"}],"replies":[{"embeddable":true,"href":"https:\/\/www.noumeadiscovery.com\/french\/wp-json\/wp\/v2\/comments?post=934"}],"version-history":[{"count":24,"href":"https:\/\/www.noumeadiscovery.com\/french\/wp-json\/wp\/v2\/pages\/934\/revisions"}],"predecessor-version":[{"id":2184,"href":"https:\/\/www.noumeadiscovery.com\/french\/wp-json\/wp\/v2\/pages\/934\/revisions\/2184"}],"up":[{"embeddable":true,"href":"https:\/\/www.noumeadiscovery.com\/french\/wp-json\/wp\/v2\/pages\/874"}],"wp:attachment":[{"href":"https:\/\/www.noumeadiscovery.com\/french\/wp-json\/wp\/v2\/media?parent=934"}],"curies":[{"name":"wp","href":"https:\/\/api.w.org\/{rel}","templated":true}]}}