{"id":920,"date":"2016-03-18T13:34:45","date_gmt":"2016-03-18T03:34:45","guid":{"rendered":"http:\/\/noumea.respax.com.au\/?page_id=920"},"modified":"2016-11-02T09:09:52","modified_gmt":"2016-11-01T23:09:52","slug":"mare","status":"publish","type":"page","link":"https:\/\/www.noumeadiscovery.com\/french\/destinations\/mare\/","title":{"rendered":"Mar\u00e9"},"content":{"rendered":"   <div id=\"banner_1670510456\" class=\"ux_banner dark    \"  style=\"height:150px; \" data-height=\"150px\" role=\"banner\">\n                                  <div class=\"banner-bg \"  style=\"background-image:url('https:\/\/noumeadiscovery.com\/wp-content\/uploads\/2016\/04\/natural-aquarium.jpg'); \"><img src=\"https:\/\/noumeadiscovery.com\/wp-content\/uploads\/2016\/04\/natural-aquarium.jpg\"  alt=\"\" style=\"visibility:hidden;\" \/><\/div>\n                             <div class=\"row\" >\n          <div class=\"inner center text-center \"  style=\"width:70%;\">\n            <div class=\"inner-wrap animated fadeIn\" style=\" \">\n              <h1>Mar\u00e9 &#8211; Iles Loyaut\u00e9<\/h1>\n            <\/div>\n          <\/div>  \n        <\/div>\n                     <\/div><!-- end .ux_banner -->\n\n<p>Mar\u00e9, ou Nengone dans la langue locale, est la plus sauvage et myst\u00e9rieuse des trois \u00eeles Loyaut\u00e9. Sa beaut\u00e9 est enrichie de falaises, de criques myst\u00e9rieuses et de longues plages de sable blanc. Mar\u00e9 regorge de l\u00e9gendes li\u00e9es \u00e0 son paysage sauvage et color\u00e9. Aujourd&rsquo;hui, Mar\u00e9 est une \u00eele calme et pr\u00e9serv\u00e9e, reconnue pour sa tranquillit\u00e9, son hospitalit\u00e9, des fruits et l\u00e9gumes, plus particuli\u00e8rement ses avocats, \u00e0 qui l&rsquo;on d\u00e9dit un festival chaque ann\u00e9e !<\/p>\n<h3>Les incontournables:<\/h3>\n\t<div  class=\"row container \">\n<div class=\"small-12    large-3  columns   \"  ><div class=\"column-inner\"  >\n<div class=\"imagebox\">   <div id=\"banner_1344080094\" class=\"ux_banner dark    \"  style=\"height:180px; \" data-height=\"180px\" role=\"banner\">\n      <a href=\"#tadine\" >                            <div class=\"banner-bg \"  style=\"background-image:url('https:\/\/noumeadiscovery.com\/wp-content\/uploads\/2016\/04\/tadine.jpg'); \"><img src=\"https:\/\/noumeadiscovery.com\/wp-content\/uploads\/2016\/04\/tadine.jpg\"  alt=\"\" style=\"visibility:hidden;\" \/><\/div>\n                             <div class=\"row\" >\n          <div class=\"inner center text-center \"  style=\"width:70%;\">\n            <div class=\"inner-wrap animated fadeIn\" style=\" \">\n                          <\/div>\n          <\/div>  \n        <\/div>\n       <\/a>              <\/div><!-- end .ux_banner -->\n\n<div class=\"imagelabel\">\n<h3><a href=\"#tadine\">Tadine<\/a><\/h3>\n<\/div>\n<\/div>\n<\/div><\/div>\n<div class=\"small-12    large-3  columns   \"  ><div class=\"column-inner\"  >\n<div class=\"imagebox\">   <div id=\"banner_660839629\" class=\"ux_banner dark    \"  style=\"height:180px; \" data-height=\"180px\" role=\"banner\">\n      <a href=\"#cliff\" >                            <div class=\"banner-bg \"  style=\"background-image:url('https:\/\/noumeadiscovery.com\/wp-content\/uploads\/2016\/04\/warriorjumpcliff.jpg'); \"><img src=\"https:\/\/noumeadiscovery.com\/wp-content\/uploads\/2016\/04\/warriorjumpcliff.jpg\"  alt=\"\" style=\"visibility:hidden;\" \/><\/div>\n                             <div class=\"row\" >\n          <div class=\"inner center text-center \"  style=\"width:70%;\">\n            <div class=\"inner-wrap animated fadeIn\" style=\" \">\n                          <\/div>\n          <\/div>  \n        <\/div>\n       <\/a>              <\/div><!-- end .ux_banner -->\n\n<div class=\"imagelabel\">\n<h3><a href=\"#aquarium\">Le Saut du Guerrier<\/a><\/h3>\n<\/div>\n<\/div>\n<\/div><\/div>\n<div class=\"small-12    large-3  columns   \"  ><div class=\"column-inner\"  >\n<div class=\"imagebox\">   <div id=\"banner_989701334\" class=\"ux_banner dark    \"  style=\"height:180px; \" data-height=\"180px\" role=\"banner\">\n      <a href=\"#aquarium\" >                            <div class=\"banner-bg \"  style=\"background-image:url('https:\/\/noumeadiscovery.com\/wp-content\/uploads\/2016\/04\/natural aquarium.jpg'); \"><img src=\"https:\/\/noumeadiscovery.com\/wp-content\/uploads\/2016\/04\/natural aquarium.jpg\"  alt=\"\" style=\"visibility:hidden;\" \/><\/div>\n                             <div class=\"row\" >\n          <div class=\"inner center text-center \"  style=\"width:70%;\">\n            <div class=\"inner-wrap animated fadeIn\" style=\" \">\n                          <\/div>\n          <\/div>  \n        <\/div>\n       <\/a>              <\/div><!-- end .ux_banner -->\n\n<div class=\"imagelabel\">\n<h3><a href=\"#aquarium\">L&rsquo;Aquarium Naturel<\/a><\/h3>\n<\/div>\n<\/div>\n<\/div><\/div>\n<div class=\"small-12    large-3  columns   \"  ><div class=\"column-inner\"  >\n<div class=\"imagebox\">   <div id=\"banner_1744466315\" class=\"ux_banner dark    \"  style=\"height:180px; \" data-height=\"180px\" role=\"banner\">\n      <a href=\"#bone\" >                            <div class=\"banner-bg \"  style=\"background-image:url('https:\/\/noumeadiscovery.com\/wp-content\/uploads\/2016\/04\/bone hole.jpg'); \"><img src=\"https:\/\/noumeadiscovery.com\/wp-content\/uploads\/2016\/04\/bone hole.jpg\"  alt=\"\" style=\"visibility:hidden;\" \/><\/div>\n                             <div class=\"row\" >\n          <div class=\"inner center text-center \"  style=\"width:70%;\">\n            <div class=\"inner-wrap animated fadeIn\" style=\" \">\n                          <\/div>\n          <\/div>  \n        <\/div>\n       <\/a>              <\/div><!-- end .ux_banner -->\n\n<div class=\"imagelabel\">\n<h3><a href=\"#bone\">Le Trou de Bone<\/a><\/h3>\n<\/div>\n<\/div>\n<\/div><\/div><\/div>\n  \t<div  class=\"row container \">\n<div class=\"small-12    large-3  columns   \"  ><div class=\"column-inner\"  >\n<div class=\"imagebox\">   <div id=\"banner_1643128041\" class=\"ux_banner dark    \"  style=\"height:180px; \" data-height=\"180px\" role=\"banner\">\n      <a href=\"#shabadran\" >                            <div class=\"banner-bg \"  style=\"background-image:url('https:\/\/noumeadiscovery.com\/wp-content\/uploads\/2016\/04\/shabadran.jpg'); \"><img src=\"https:\/\/noumeadiscovery.com\/wp-content\/uploads\/2016\/04\/shabadran.jpg\"  alt=\"\" style=\"visibility:hidden;\" \/><\/div>\n                             <div class=\"row\" >\n          <div class=\"inner center text-center \"  style=\"width:70%;\">\n            <div class=\"inner-wrap animated fadeIn\" style=\" \">\n                          <\/div>\n          <\/div>  \n        <\/div>\n       <\/a>              <\/div><!-- end .ux_banner -->\n\n<div class=\"imagelabel\">\n<h3><a href=\"#shabadran\">Shabadran<\/a><\/h3>\n<\/div>\n<\/div>\n<\/div><\/div>\n<div class=\"small-12    large-3  columns   \"  ><div class=\"column-inner\"  >\n<div class=\"imagebox\">   <div id=\"banner_14238304\" class=\"ux_banner dark    \"  style=\"height:180px; \" data-height=\"180px\" role=\"banner\">\n      <a href=\"#asicen\" >                            <div class=\"banner-bg \"  style=\"background-image:url('https:\/\/noumeadiscovery.com\/wp-content\/uploads\/2016\/04\/asicen.jpg'); \"><img src=\"https:\/\/noumeadiscovery.com\/wp-content\/uploads\/2016\/04\/asicen.jpg\"  alt=\"\" style=\"visibility:hidden;\" \/><\/div>\n                             <div class=\"row\" >\n          <div class=\"inner center text-center \"  style=\"width:70%;\">\n            <div class=\"inner-wrap animated fadeIn\" style=\" \">\n                          <\/div>\n          <\/div>  \n        <\/div>\n       <\/a>              <\/div><!-- end .ux_banner -->\n\n<div class=\"imagelabel\">\n<h3><a href=\"#asicen\">Les Falaises de Asicen<\/a><\/h3>\n<\/div>\n<\/div>\n<\/div><\/div>\n<div class=\"small-12    large-3  columns   \"  ><div class=\"column-inner\"  >\n<div class=\"imagebox\">   <div id=\"banner_945061676\" class=\"ux_banner dark    \"  style=\"height:180px; \" data-height=\"180px\" role=\"banner\">\n      <a href=\"#vanilla\" >                            <div class=\"banner-bg \"  style=\"background-image:url('https:\/\/noumeadiscovery.com\/wp-content\/uploads\/2016\/04\/vannileraie.jpg'); \"><img src=\"https:\/\/noumeadiscovery.com\/wp-content\/uploads\/2016\/04\/vannileraie.jpg\"  alt=\"\" style=\"visibility:hidden;\" \/><\/div>\n                             <div class=\"row\" >\n          <div class=\"inner center text-center \"  style=\"width:70%;\">\n            <div class=\"inner-wrap animated fadeIn\" style=\" \">\n                          <\/div>\n          <\/div>  \n        <\/div>\n       <\/a>              <\/div><!-- end .ux_banner -->\n\n<div class=\"imagelabel\">\n<h3><a href=\"#vanilla\">Les Plantations de Vanille<\/a><\/h3>\n<\/div>\n<\/div>\n<\/div><\/div>\n<div class=\"small-12    large-3  columns   \"  ><div class=\"column-inner\"  >\n<div class=\"imagebox\"><\/div>\n<\/div><\/div>\n<\/div>\n  \n \n\n<div id=\"tadine\" class=\"mfp-hide mfp-content-inner lightbox-white\" style=\"max-width:600px;padding:20px\">\n    <h3>Tadine<\/h3>\n<p>Tadine, le chef lieu de Mar\u00e9 dont les activit\u00e9s et les animations sont rythm\u00e9es par le traditionnel calendrier de la nature est un excellent point de d\u00e9part pour visiter l\u2019\u00eele. Le march\u00e9\u00a0 a lieu les mardis et les vendredis, de 6h \u00e0 12h.<\/p>\n<\/div><!-- Lightbox-tadine -->\n\n<script>\njQuery(document).ready(function($) {\n\n      \n      $('a[href=\"#tadine\"]').click(function(e){\n         \/\/ Close openend lightboxes\n         var delay = 0;\n         \n         if($.magnificPopup.open){\n            $.magnificPopup.close();\n            delay = 300;\n         }\n\n         \/\/ Start lightbox\n         setTimeout(function(){\n            $.magnificPopup.open({\n                  midClick: true,\n                  removalDelay: 300,\n                  items: {\n                    src: '#tadine', \n                    type: 'inline'\n                  }\n            });\n          }, delay);\n\n        e.preventDefault();\n      });\n});\n<\/script>\n\n \n\n<div id=\"cliff\" class=\"mfp-hide mfp-content-inner lightbox-white\" style=\"max-width:600px;padding:20px\">\n    <h3>Le Saut du Guerrier, Wakone<\/h3>\n<p>Cette impressionnante crevasse est connue pour sa l\u00e9gende : un guerrier local, Hnor, du clan Si Hnathege \u00e9tait poursuivi par les Si Gurework, \u00a0et sauta, pour leur \u00e9chapper, la crevasse large de 7m. Ses ennemis tomb\u00e8rent du haut des falaises, \u00e0 30m plus bas.<\/p>\n<\/div><!-- Lightbox-cliff -->\n\n<script>\njQuery(document).ready(function($) {\n\n      \n      $('a[href=\"#cliff\"]').click(function(e){\n         \/\/ Close openend lightboxes\n         var delay = 0;\n         \n         if($.magnificPopup.open){\n            $.magnificPopup.close();\n            delay = 300;\n         }\n\n         \/\/ Start lightbox\n         setTimeout(function(){\n            $.magnificPopup.open({\n                  midClick: true,\n                  removalDelay: 300,\n                  items: {\n                    src: '#cliff', \n                    type: 'inline'\n                  }\n            });\n          }, delay);\n\n        e.preventDefault();\n      });\n});\n<\/script>\n\n \n\n<div id=\"aquarium\" class=\"mfp-hide mfp-content-inner lightbox-white\" style=\"max-width:600px;padding:20px\">\n    <h3>L&rsquo;Aquarium Naturel<\/h3>\n<p>Admirez les merveilles color\u00e9es de cette piscine naturelle, d\u2019eau de mer, o\u00f9 viennent trouver refuge les poissons tropicaux et les tortues en cas de cyclone. La baignade y est interdite. Le leader ind\u00e9pendant kanak, Yeiw\u00e9n\u00e9 Yeiw\u00e9n\u00e9, assassin\u00e9 en 1989 aux c\u00f4t\u00e9s de Tjibaou, y est enterr\u00e9 \u00e0 proximit\u00e9.<\/p>\n<\/div><!-- Lightbox-aquarium -->\n\n<script>\njQuery(document).ready(function($) {\n\n      \n      $('a[href=\"#aquarium\"]').click(function(e){\n         \/\/ Close openend lightboxes\n         var delay = 0;\n         \n         if($.magnificPopup.open){\n            $.magnificPopup.close();\n            delay = 300;\n         }\n\n         \/\/ Start lightbox\n         setTimeout(function(){\n            $.magnificPopup.open({\n                  midClick: true,\n                  removalDelay: 300,\n                  items: {\n                    src: '#aquarium', \n                    type: 'inline'\n                  }\n            });\n          }, delay);\n\n        e.preventDefault();\n      });\n});\n<\/script>\n\n \n\n<div id=\"bone\" class=\"mfp-hide mfp-content-inner lightbox-white\" style=\"max-width:600px;padding:20px\">\n    <h3>Le Trou de Bone<\/h3>\n<p>Vous distinguerez le d\u00e9part de cet endroit mythique par un rail de s\u00e9curit\u00e9 au bord de la route, entre Tenane et La Roche. Cet impressionnant gouffre profond de 40 m et large de 30m laisse appara\u00eetre un lac d\u2019eau douce entour\u00e9 de cavit\u00e9s cach\u00e9es. La v\u00e9g\u00e9tation tropicale y pousse, et les racines de banians s\u2019enfoncent dans la cavit\u00e9 pour y puiser de l\u2019eau.<\/p>\n<\/div><!-- Lightbox-bone -->\n\n<script>\njQuery(document).ready(function($) {\n\n      \n      $('a[href=\"#bone\"]').click(function(e){\n         \/\/ Close openend lightboxes\n         var delay = 0;\n         \n         if($.magnificPopup.open){\n            $.magnificPopup.close();\n            delay = 300;\n         }\n\n         \/\/ Start lightbox\n         setTimeout(function(){\n            $.magnificPopup.open({\n                  midClick: true,\n                  removalDelay: 300,\n                  items: {\n                    src: '#bone', \n                    type: 'inline'\n                  }\n            });\n          }, delay);\n\n        e.preventDefault();\n      });\n});\n<\/script>\n\n \n\n<div id=\"shabadran\" class=\"mfp-hide mfp-content-inner lightbox-white\" style=\"max-width:600px;padding:20px\">\n    <h3>Shabadran<\/h3>\n<p>C\u2019est l\u2019un des plus beaux endroits de Nouvelle Cal\u00e9donie. Apr\u00e8s une travers\u00e9e de la cocoteraie (3,5km), et une marche de 2 heures sur une corniche assez tranchante,\u00a0 vous arriverez \u00e0 la plage de Shabadran. Vous serez r\u00e9compens\u00e9 de cet effort, avec \u00e0 l\u2019arriv\u00e9e, la plage de Shabadran, absolument fabuleuse. Pr\u00e9voyez un maillot de bain et une bouteille d\u2019eau au minimum par personne. L\u2019excursion n\u00e9cessite l\u2019autorisation, aupr\u00e8s de la maison de Damas B\u00e9arun\u00e9, indiqu\u00e9e par un panneau. Avec ou sans guide, il est essentiel de vous manifester pour emprunter ce chemin.<\/p>\n<\/div><!-- Lightbox-shabadran -->\n\n<script>\njQuery(document).ready(function($) {\n\n      \n      $('a[href=\"#shabadran\"]').click(function(e){\n         \/\/ Close openend lightboxes\n         var delay = 0;\n         \n         if($.magnificPopup.open){\n            $.magnificPopup.close();\n            delay = 300;\n         }\n\n         \/\/ Start lightbox\n         setTimeout(function(){\n            $.magnificPopup.open({\n                  midClick: true,\n                  removalDelay: 300,\n                  items: {\n                    src: '#shabadran', \n                    type: 'inline'\n                  }\n            });\n          }, delay);\n\n        e.preventDefault();\n      });\n});\n<\/script>\n\n \n\n<div id=\"asicen\" class=\"mfp-hide mfp-content-inner lightbox-white\" style=\"max-width:600px;padding:20px\">\n    <h3>Les Falaises Asicen<\/h3>\n<p>Suivez votre guide \u00e0 travers le sentier qui vous m\u00e8nera aux falaises de la Asicen. 4km de marche pour en apprendre davantage sur les l\u00e9gendes locales. Vous profiterez d\u2019un point de vue au sommet.<\/p>\n<\/div><!-- Lightbox-asicen -->\n\n<script>\njQuery(document).ready(function($) {\n\n      \n      $('a[href=\"#asicen\"]').click(function(e){\n         \/\/ Close openend lightboxes\n         var delay = 0;\n         \n         if($.magnificPopup.open){\n            $.magnificPopup.close();\n            delay = 300;\n         }\n\n         \/\/ Start lightbox\n         setTimeout(function(){\n            $.magnificPopup.open({\n                  midClick: true,\n                  removalDelay: 300,\n                  items: {\n                    src: '#asicen', \n                    type: 'inline'\n                  }\n            });\n          }, delay);\n\n        e.preventDefault();\n      });\n});\n<\/script>\n\n \n\n<div id=\"vanilla\" class=\"mfp-hide mfp-content-inner lightbox-white\" style=\"max-width:600px;padding:20px\">\n    <h3>Les Plantations de Vanille<\/h3>\n<p>Ce sont pr\u00e8s de 60 plantations de vanille qui se trouvent \u00e0 Mar\u00e9. Vous d\u00e9couvrirez leur culture, et la fa\u00e7on dont leur ar\u00f4me est mari\u00e9 avec les produits locaux que vous retrouverez d\u2019ailleurs souvent dans les plats servis en g\u00eete, ou au restaurant.<\/p>\n<\/div><!-- Lightbox-vanilla -->\n\n<script>\njQuery(document).ready(function($) {\n\n      \n      $('a[href=\"#vanilla\"]').click(function(e){\n         \/\/ Close openend lightboxes\n         var delay = 0;\n         \n         if($.magnificPopup.open){\n            $.magnificPopup.close();\n            delay = 300;\n         }\n\n         \/\/ Start lightbox\n         setTimeout(function(){\n            $.magnificPopup.open({\n                  midClick: true,\n                  removalDelay: 300,\n                  items: {\n                    src: '#vanilla', \n                    type: 'inline'\n                  }\n            });\n          }, delay);\n\n        e.preventDefault();\n      });\n});\n<\/script>\n\n","protected":false},"excerpt":{"rendered":"<p>Mar\u00e9, ou Nengone dans la langue locale, est la plus sauvage et myst\u00e9rieuse des trois \u00eeles Loyaut\u00e9. Sa beaut\u00e9 est enrichie de falaises, de criques myst\u00e9rieuses et de longues plages de sable blanc. Mar\u00e9 regorge de l\u00e9gendes li\u00e9es \u00e0 son paysage sauvage et color\u00e9. Aujourd&rsquo;hui, Mar\u00e9 est une \u00eele calme et pr\u00e9serv\u00e9e, reconnue pour sa [&hellip;]\n","protected":false},"author":6,"featured_media":0,"parent":874,"menu_order":0,"comment_status":"closed","ping_status":"closed","template":"page-blank-container.php","meta":[],"_links":{"self":[{"href":"https:\/\/www.noumeadiscovery.com\/french\/wp-json\/wp\/v2\/pages\/920"}],"collection":[{"href":"https:\/\/www.noumeadiscovery.com\/french\/wp-json\/wp\/v2\/pages"}],"about":[{"href":"https:\/\/www.noumeadiscovery.com\/french\/wp-json\/wp\/v2\/types\/page"}],"author":[{"embeddable":true,"href":"https:\/\/www.noumeadiscovery.com\/french\/wp-json\/wp\/v2\/users\/6"}],"replies":[{"embeddable":true,"href":"https:\/\/www.noumeadiscovery.com\/french\/wp-json\/wp\/v2\/comments?post=920"}],"version-history":[{"count":37,"href":"https:\/\/www.noumeadiscovery.com\/french\/wp-json\/wp\/v2\/pages\/920\/revisions"}],"predecessor-version":[{"id":2167,"href":"https:\/\/www.noumeadiscovery.com\/french\/wp-json\/wp\/v2\/pages\/920\/revisions\/2167"}],"up":[{"embeddable":true,"href":"https:\/\/www.noumeadiscovery.com\/french\/wp-json\/wp\/v2\/pages\/874"}],"wp:attachment":[{"href":"https:\/\/www.noumeadiscovery.com\/french\/wp-json\/wp\/v2\/media?parent=920"}],"curies":[{"name":"wp","href":"https:\/\/api.w.org\/{rel}","templated":true}]}}