{"id":874,"date":"2016-03-11T12:39:38","date_gmt":"2016-03-11T02:39:38","guid":{"rendered":"http:\/\/noumea.respax.com.au\/?page_id=874"},"modified":"2016-11-08T16:13:31","modified_gmt":"2016-11-08T06:13:31","slug":"destinations","status":"publish","type":"page","link":"https:\/\/www.noumeadiscovery.com\/french\/destinations\/","title":{"rendered":"Destinations"},"content":{"rendered":"   <div id=\"banner_1717341278\" class=\"ux_banner dark    \"  style=\"height:150px; \" data-height=\"150px\" role=\"banner\">\n                                  <div class=\"banner-bg \"  style=\"background-image:url('https:\/\/noumeadiscovery.com\/wp-content\/uploads\/2016\/03\/amedee-island-large.jpg'); \"><img src=\"https:\/\/noumeadiscovery.com\/wp-content\/uploads\/2016\/03\/amedee-island-large.jpg\"  alt=\"\" style=\"visibility:hidden;\" \/><\/div>\n                             <div class=\"row\" >\n          <div class=\"inner center text-center \"  style=\"width:70%;\">\n            <div class=\"inner-wrap animated fadeIn\" style=\" \">\n              <h1>Destinations<\/h1>\n            <\/div>\n          <\/div>  \n        <\/div>\n                     <\/div><!-- end .ux_banner -->\n\n<p>Situ\u00e9e au coeur du Pacifique Sud, \u00e0 1500 km des c\u00f4tes australiennes et \u00e0 1700 km de la Nouvelle Z\u00e9lande, la Nouvelle Cal\u00e9donie est un large archipel de plus de 500 km de long, compos\u00e9 de son \u00eele principale, dite la &lsquo;Grande Terre&rsquo;, le l\u2019\u00eele des Pins et des \u00eeles loyaut\u00e9s (Mar\u00e9, Lifou et Ouv\u00e9a).<\/p>\n<p>Le climat, la diversit\u00e9 des paysages et les nombreuses infrastructures en Nouvelle Cal\u00e9donie permettent \u00e0 tous les visiteurs de passer un s\u00e9jour inoubliable. Il y en a pour tous les go\u00fbts &#8211; sports, relaxation, plage, nature &#8230;<\/p>\n<p>La soci\u00e9t\u00e9 Noumea Discovery est en activit\u00e9 \u00e0 Noum\u00e9a depuis 1984, elle est sp\u00e9cialis\u00e9e dans le r\u00e9ceptif, et plus particuli\u00e8rement sur le march\u00e9 des croisi\u00e9ristes. Chaque ann\u00e9e, ce sont plus de 120 000 touristes qui font appel \u00e0 nos services.<\/p>\n<!-- Chart Action CSS -->\r\n<style type=\"text\/css\">\r\n\t#imap_1 path[fill=\"#fcfcfc\"] { \n  display: none;\n}\n\t\n#imap_1 text {\n  font-family: FontAwesome;\n  fill: black;\n  text-shadow: 1px 1px 5px white;\n  font-family: Kaushan Script,helvetica,arial,sans-serif !important;\n}\n\n#imap_1 .google-visualization-tooltip {\n  border-radius: 15px;\n  box-shadow: 1px 1px 10px black;\n}\n\n\n#imap_1 {\n    overflow: hidden;\n    position: relative;\n    width: 100%;\n}\n\n\n\n#imap_1:after {\n    content: \"\";\n    display: block;\n    padding-top: 61.7%;\n}\n\n#imap_1 a {\nfont-family: Kaushan Script,helvetica,arial,sans-serif !important;\n}\n\n#imap_1 .map_wrap {\n    width: 300%;\n    height: 120%;\n    margin-left: -138%;\n    margin-top: -82%;\n  padding-bottom: -105%;\n    position: absolute;\n    left: 0;\n    top: 0;\n    bottom: 0;\n    right: 0;\n}\n\n#imap_1 .tool-tip {\nbackground: transparent;\n}<\/style>\r\n\r\n<!-- Chart Action HTML -->\r\n<div id=\"imap_1_click_value\">\n    \n<\/div>\n<div id=\"imap_1\">\n  <div class=\"map_wrap\">\n  <div class=\"interactive_map_finder\" id=\"interactive_map_1\" imap=\"1\"><\/div>  \n  <\/div>\n<\/div>\n\n<link href=\"\/\/maxcdn.bootstrapcdn.com\/font-awesome\/4.2.0\/css\/font-awesome.min.css\" rel=\"stylesheet\">\n","protected":false},"excerpt":{"rendered":"<p>Situ\u00e9e au coeur du Pacifique Sud, \u00e0 1500 km des c\u00f4tes australiennes et \u00e0 1700 km de la Nouvelle Z\u00e9lande, la Nouvelle Cal\u00e9donie est un large archipel de plus de 500 km de long, compos\u00e9 de son \u00eele principale, dite la &lsquo;Grande Terre&rsquo;, le l\u2019\u00eele des Pins et des \u00eeles loyaut\u00e9s (Mar\u00e9, Lifou et Ouv\u00e9a). [&hellip;]\n","protected":false},"author":6,"featured_media":0,"parent":0,"menu_order":0,"comment_status":"closed","ping_status":"closed","template":"page-blank-container.php","meta":[],"_links":{"self":[{"href":"https:\/\/www.noumeadiscovery.com\/french\/wp-json\/wp\/v2\/pages\/874"}],"collection":[{"href":"https:\/\/www.noumeadiscovery.com\/french\/wp-json\/wp\/v2\/pages"}],"about":[{"href":"https:\/\/www.noumeadiscovery.com\/french\/wp-json\/wp\/v2\/types\/page"}],"author":[{"embeddable":true,"href":"https:\/\/www.noumeadiscovery.com\/french\/wp-json\/wp\/v2\/users\/6"}],"replies":[{"embeddable":true,"href":"https:\/\/www.noumeadiscovery.com\/french\/wp-json\/wp\/v2\/comments?post=874"}],"version-history":[{"count":19,"href":"https:\/\/www.noumeadiscovery.com\/french\/wp-json\/wp\/v2\/pages\/874\/revisions"}],"predecessor-version":[{"id":2270,"href":"https:\/\/www.noumeadiscovery.com\/french\/wp-json\/wp\/v2\/pages\/874\/revisions\/2270"}],"wp:attachment":[{"href":"https:\/\/www.noumeadiscovery.com\/french\/wp-json\/wp\/v2\/media?parent=874"}],"curies":[{"name":"wp","href":"https:\/\/api.w.org\/{rel}","templated":true}]}}