{"id":65,"date":"2015-03-09T12:42:01","date_gmt":"2015-03-09T02:42:01","guid":{"rendered":"http:\/\/noumea.respax.com.au\/?page_id=65"},"modified":"2016-11-04T16:08:04","modified_gmt":"2016-11-04T06:08:04","slug":"noumea-transport","status":"publish","type":"page","link":"https:\/\/www.noumeadiscovery.com\/french\/noumea-transport\/","title":{"rendered":"Transports"},"content":{"rendered":"   <div id=\"banner_676926652\" class=\"ux_banner dark    \"  style=\"height:150px; \" data-height=\"150px\" role=\"banner\">\n                                  <div class=\"banner-bg \"  style=\"background-image:url('https:\/\/noumeadiscovery.com\/wp-content\/uploads\/2016\/01\/P1040907.jpg'); \"><img src=\"https:\/\/noumeadiscovery.com\/wp-content\/uploads\/2016\/01\/P1040907.jpg\"  alt=\"\" style=\"visibility:hidden;\" \/><\/div>\n                             <div class=\"row\" >\n          <div class=\"inner center text-center \"  style=\"width:70%;\">\n            <div class=\"inner-wrap animated fadeIn\" style=\" \">\n              <h1>Transports<\/h1>\n            <\/div>\n          <\/div>  \n        <\/div>\n                     <\/div><!-- end .ux_banner -->\n\n<p>&nbsp;<\/p>\n<p>Notre soci\u00e9t\u00e9 de transport en activit\u00e9 depuis 1984 ne se contente pas seulement de transporter les clients, mais est attach\u00e9e \u00e0 rendre leur voyage le plus r\u00e9ussit possible. Nous offrons une vari\u00e9t\u00e9 de services, allant du transfert a\u00e9roport aux circuits personnalis\u00e9s tout autour de la Nouvelle Cal\u00e9donie. En faisant le choix de voyager avec nous, vous aurez la garantie du prix, du service et du confort.<br \/>\nNotre flotte convient \u00e0 tous les besoins : du transport priv\u00e9 au transport de groupes, nos v\u00e9hicules sont modernes, climatis\u00e9s et spacieux. Avec un excellent service client, notre \u00e9quipe de chauffeurs vous assure un transport en toute s\u00e9curit\u00e9 sur toute la grande terre.<\/p>\n<div class=\"woocommerce columns-1 \"><\/div>\n","protected":false},"excerpt":{"rendered":"<p>&nbsp; Notre soci\u00e9t\u00e9 de transport en activit\u00e9 depuis 1984 ne se contente pas seulement de transporter les clients, mais est attach\u00e9e \u00e0 rendre leur voyage le plus r\u00e9ussit possible. Nous offrons une vari\u00e9t\u00e9 de services, allant du transfert a\u00e9roport aux circuits personnalis\u00e9s tout autour de la Nouvelle Cal\u00e9donie. En faisant le choix de voyager avec [&hellip;]\n","protected":false},"author":6,"featured_media":0,"parent":0,"menu_order":0,"comment_status":"closed","ping_status":"closed","template":"page-right-sidebar-notitle.php","meta":[],"_links":{"self":[{"href":"https:\/\/www.noumeadiscovery.com\/french\/wp-json\/wp\/v2\/pages\/65"}],"collection":[{"href":"https:\/\/www.noumeadiscovery.com\/french\/wp-json\/wp\/v2\/pages"}],"about":[{"href":"https:\/\/www.noumeadiscovery.com\/french\/wp-json\/wp\/v2\/types\/page"}],"author":[{"embeddable":true,"href":"https:\/\/www.noumeadiscovery.com\/french\/wp-json\/wp\/v2\/users\/6"}],"replies":[{"embeddable":true,"href":"https:\/\/www.noumeadiscovery.com\/french\/wp-json\/wp\/v2\/comments?post=65"}],"version-history":[{"count":24,"href":"https:\/\/www.noumeadiscovery.com\/french\/wp-json\/wp\/v2\/pages\/65\/revisions"}],"predecessor-version":[{"id":2225,"href":"https:\/\/www.noumeadiscovery.com\/french\/wp-json\/wp\/v2\/pages\/65\/revisions\/2225"}],"wp:attachment":[{"href":"https:\/\/www.noumeadiscovery.com\/french\/wp-json\/wp\/v2\/media?parent=65"}],"curies":[{"name":"wp","href":"https:\/\/api.w.org\/{rel}","templated":true}]}}