{"id":57,"date":"2015-03-09T12:15:46","date_gmt":"2015-03-09T02:15:46","guid":{"rendered":"http:\/\/noumea.respax.com.au\/?page_id=57"},"modified":"2017-07-25T13:52:17","modified_gmt":"2017-07-25T03:52:17","slug":"noumea-employment","status":"publish","type":"page","link":"https:\/\/www.noumeadiscovery.com\/french\/about-us\/noumea-employment\/","title":{"rendered":"Recrutement"},"content":{"rendered":"   <div id=\"banner_77836241\" class=\"ux_banner dark    \"  style=\"height:150px; \" data-height=\"150px\" role=\"banner\">\n                                  <div class=\"banner-bg \"  style=\"background-image:url('https:\/\/noumeadiscovery.com\/wp-content\/uploads\/2016\/01\/P1040339.jpg'); \"><img src=\"https:\/\/noumeadiscovery.com\/wp-content\/uploads\/2016\/01\/P1040339.jpg\"  alt=\"\" style=\"visibility:hidden;\" \/><\/div>\n                             <div class=\"row\" >\n          <div class=\"inner center text-center \"  style=\"width:70%;\">\n            <div class=\"inner-wrap animated fadeIn\" style=\" \">\n              <h1>Recrutement<\/h1>\n            <\/div>\n          <\/div>  \n        <\/div>\n                     <\/div><!-- end .ux_banner -->\n\n<div>\n<p>Vous souhaitez rejoindre une \u00e9quipe dynamique pour travailler dans le tourisme ? Nous sommes continuellement \u00e0 la recherche de guides, d&rsquo;agents de vente pour compl\u00e9ter notre \u00e9quipe. La ma\u00eetrise de l\u2019anglais est indispensable.<\/p>\n<p>Envoyez votre candidature \u00e0 l\u2019adresse suivante : <a href=\"mailto:rh@noumeadiscovery.nc\">rh@noumeadiscovery.nc<\/a><\/p>\n<\/div>\n<p>&nbsp;<\/p>\n<p>&nbsp;<\/p>\n","protected":false},"excerpt":{"rendered":"<p>Vous souhaitez rejoindre une \u00e9quipe dynamique pour travailler dans le tourisme ? Nous sommes continuellement \u00e0 la recherche de guides, d&rsquo;agents de vente pour compl\u00e9ter notre \u00e9quipe. La ma\u00eetrise de l\u2019anglais est indispensable. Envoyez votre candidature \u00e0 l\u2019adresse suivante : rh@noumeadiscovery.nc &nbsp; &nbsp;<\/p>\n","protected":false},"author":6,"featured_media":0,"parent":54,"menu_order":0,"comment_status":"closed","ping_status":"closed","template":"page-blank-container.php","meta":[],"_links":{"self":[{"href":"https:\/\/www.noumeadiscovery.com\/french\/wp-json\/wp\/v2\/pages\/57"}],"collection":[{"href":"https:\/\/www.noumeadiscovery.com\/french\/wp-json\/wp\/v2\/pages"}],"about":[{"href":"https:\/\/www.noumeadiscovery.com\/french\/wp-json\/wp\/v2\/types\/page"}],"author":[{"embeddable":true,"href":"https:\/\/www.noumeadiscovery.com\/french\/wp-json\/wp\/v2\/users\/6"}],"replies":[{"embeddable":true,"href":"https:\/\/www.noumeadiscovery.com\/french\/wp-json\/wp\/v2\/comments?post=57"}],"version-history":[{"count":15,"href":"https:\/\/www.noumeadiscovery.com\/french\/wp-json\/wp\/v2\/pages\/57\/revisions"}],"predecessor-version":[{"id":2631,"href":"https:\/\/www.noumeadiscovery.com\/french\/wp-json\/wp\/v2\/pages\/57\/revisions\/2631"}],"up":[{"embeddable":true,"href":"https:\/\/www.noumeadiscovery.com\/french\/wp-json\/wp\/v2\/pages\/54"}],"wp:attachment":[{"href":"https:\/\/www.noumeadiscovery.com\/french\/wp-json\/wp\/v2\/media?parent=57"}],"curies":[{"name":"wp","href":"https:\/\/api.w.org\/{rel}","templated":true}]}}