{"id":441,"date":"2016-02-19T12:23:10","date_gmt":"2016-02-19T02:23:10","guid":{"rendered":"http:\/\/noumea.respax.com.au\/?page_id=441"},"modified":"2018-01-18T16:31:32","modified_gmt":"2018-01-18T06:31:32","slug":"new-caledonia-accommodation","status":"publish","type":"page","link":"https:\/\/www.noumeadiscovery.com\/french\/new-caledonia-accommodation\/","title":{"rendered":"H\u00e9bergements &#8211; La Grande Terre"},"content":{"rendered":"   <div id=\"banner_1973476544\" class=\"ux_banner dark    \"  style=\"height:150px; \" data-height=\"150px\" role=\"banner\">\n                                  <div class=\"banner-bg \"  style=\"background-image:url('https:\/\/noumeadiscovery.com\/wp-content\/uploads\/2016\/01\/P1040339.jpg'); \"><img src=\"https:\/\/noumeadiscovery.com\/wp-content\/uploads\/2016\/01\/P1040339.jpg\"  alt=\"\" style=\"visibility:hidden;\" \/><\/div>\n                             <div class=\"row\" >\n          <div class=\"inner center text-center \"  style=\"width:70%;\">\n            <div class=\"inner-wrap animated fadeIn\" style=\" \">\n              <h1>H\u00e9bergements &#8211; La Grande Terre<\/h1>\n            <\/div>\n          <\/div>  \n        <\/div>\n                     <\/div><!-- end .ux_banner -->\n\n<div class=\"woocommerce columns-1 \"><div class=\"row\">\n\t<div class=\"large-12 columns\">\n\t<ul class=\"products small-block-grid-1 large-block-grid-1\">\n\n<li class=\"product-small  grid2 grid-boxed\">\n<a href=\"https:\/\/www.noumeadiscovery.com\/french\/produit\/ka-waboana-lodge\/\" class=\"woocommerce-LoopProduct-link woocommerce-loop-product__link\"><div class=\"inner-wrap\">\n<a href=\"https:\/\/www.noumeadiscovery.com\/french\/produit\/ka-waboana-lodge\/\">\n      <div class=\"product-image hover_fade_in_back\">\n      \t         <div class=\"front-image\"><img width=\"200\" height=\"165\" src=\"https:\/\/www.noumeadiscovery.com\/french\/wp-content\/uploads\/2016\/07\/wp398d1049_05_06-200x165.jpg\" class=\"attachment-shop_catalog size-shop_catalog wp-post-image\" alt=\"\" decoding=\"async\" loading=\"lazy\" \/><\/div>\n\t\t\t\t<div class=\"back-image back\"><img width=\"200\" height=\"165\" src=\"https:\/\/www.noumeadiscovery.com\/french\/wp-content\/uploads\/2016\/07\/wp9a95cc38_05_06-200x165.jpg\" class=\"attachment-shop_catalog size-shop_catalog\" alt=\"\" decoding=\"async\" loading=\"lazy\" \/><\/div>\t\t\t\t\n\t\t \n\t   \t\t\t\n\t\t      <\/div><!-- end product-image -->\n<\/a>      \t\n\n    <div class=\"info style-grid2\">\n\n\t \n          \n\n          <a href=\"https:\/\/www.noumeadiscovery.com\/french\/produit\/ka-waboana-lodge\/\"><p class=\"name\">Ka Waboana Lodge<\/p><\/a>\n          \n<div itemprop=\"description\" class=\"short-description\">\n\t<p>Ka Waboana Lodge est id\u00e9alement situ\u00e9 au centre du village d&rsquo;Hiengh\u00e8ne, \u00e0 2 pas des c\u00e9l\u00e8bres &lsquo;statues naturelles&rsquo; de la Poule et du Sphinx sculpt\u00e9s par l&rsquo;\u00e9rosion dans la roche, que vous pouvez admirer \u00e0 partir des nombreux points de vue ou par kayak.<\/p>\n<\/div>     \n\n     \t\t\n\t\n\t\t<\/div><!-- end info -->\t\n\n<\/div> <!-- .inner-wrap -->\n<\/a>\n<\/li><!-- li.product-small -->\n<li class=\"product-small  grid2 grid-boxed\">\n<a href=\"https:\/\/www.noumeadiscovery.com\/french\/produit\/tieti-hotel\/\" class=\"woocommerce-LoopProduct-link woocommerce-loop-product__link\"><div class=\"inner-wrap\">\n<a href=\"https:\/\/www.noumeadiscovery.com\/french\/produit\/tieti-hotel\/\">\n      <div class=\"product-image hover_fade_in_back\">\n      \t         <div class=\"front-image\"><img width=\"200\" height=\"165\" src=\"https:\/\/www.noumeadiscovery.com\/french\/wp-content\/uploads\/2016\/09\/Hotel-Tieti-swimming-pool-BD-200x165.jpg\" class=\"attachment-shop_catalog size-shop_catalog wp-post-image\" alt=\"\" decoding=\"async\" loading=\"lazy\" \/><\/div>\n\t\t\t\t<div class=\"back-image back\"><img width=\"200\" height=\"165\" src=\"https:\/\/www.noumeadiscovery.com\/french\/wp-content\/uploads\/2016\/09\/Twin-Bungalow-Tropical-Tieti_0021-200x165.jpg\" class=\"attachment-shop_catalog size-shop_catalog\" alt=\"\" decoding=\"async\" loading=\"lazy\" \/><\/div>\t\t\t\t\n\t\t \n\t   \t\t\t\n\t\t      <\/div><!-- end product-image -->\n<\/a>      \t\n\n    <div class=\"info style-grid2\">\n\n\t \n          \n\n          <a href=\"https:\/\/www.noumeadiscovery.com\/french\/produit\/tieti-hotel\/\"><p class=\"name\">Tieti Hotel ***<\/p><\/a>\n          \n<div itemprop=\"description\" class=\"short-description\">\n\t<p>L&rsquo;h\u00f4tel Tieti a \u00e9t\u00e9 cr\u00e9\u00e9 en respectant l&rsquo;architecture cal\u00e9donienne. Vous serez surpris par les d\u00e9tails et l&rsquo;atmosph\u00e8re authentique qui y r\u00e8gnent.<\/p>\n<\/div>     \n\n     \t\t\n\t\n\t\t<\/div><!-- end info -->\t\n\n<\/div> <!-- .inner-wrap -->\n<\/a>\n<\/li><!-- li.product-small -->\n<li class=\"product-small  grid2 grid-boxed\">\n<a href=\"https:\/\/www.noumeadiscovery.com\/french\/produit\/hibiscus\/\" class=\"woocommerce-LoopProduct-link woocommerce-loop-product__link\"><div class=\"inner-wrap\">\n<a href=\"https:\/\/www.noumeadiscovery.com\/french\/produit\/hibiscus\/\">\n      <div class=\"product-image hover_fade_in_back\">\n      \t         <div class=\"front-image\"><img width=\"200\" height=\"165\" src=\"https:\/\/www.noumeadiscovery.com\/french\/wp-content\/uploads\/2016\/03\/Hibiscus47043100-200x165.jpg\" class=\"attachment-shop_catalog size-shop_catalog wp-post-image\" alt=\"\" decoding=\"async\" loading=\"lazy\" \/><\/div>\n\t\t\t\t<div class=\"back-image back\"><img width=\"200\" height=\"165\" src=\"https:\/\/www.noumeadiscovery.com\/french\/wp-content\/uploads\/2016\/03\/Hibiscus47043186-200x165.jpg\" class=\"attachment-shop_catalog size-shop_catalog\" alt=\"\" decoding=\"async\" loading=\"lazy\" \/><\/div>\t\t\t\t\n\t\t \n\t   \t\t\t\n\t\t      <\/div><!-- end product-image -->\n<\/a>      \t\n\n    <div class=\"info style-grid2\">\n\n\t \n          \n\n          <a href=\"https:\/\/www.noumeadiscovery.com\/french\/produit\/hibiscus\/\"><p class=\"name\">Hibiscus ***<\/p><\/a>\n          \n<div itemprop=\"description\" class=\"short-description\">\n\t<p>Le charmant h\u00f4tel Hibiscus au c\u0153ur de Kon\u00e9 propose des chambres \u00e9quip\u00e9es et climatis\u00e9es, un jardin zen et une piscine ext\u00e9rieure.<\/p>\n<\/div>     \n\n     \t\t\n\t\n\t\t<\/div><!-- end info -->\t\n\n<\/div> <!-- .inner-wrap -->\n<\/a>\n<\/li><!-- li.product-small -->\n<li class=\"product-small  grid2 grid-boxed\">\n<a href=\"https:\/\/www.noumeadiscovery.com\/french\/produit\/kanua-tera-ecolodge-yate\/\" class=\"woocommerce-LoopProduct-link woocommerce-loop-product__link\"><div class=\"inner-wrap\">\n<a href=\"https:\/\/www.noumeadiscovery.com\/french\/produit\/kanua-tera-ecolodge-yate\/\">\n      <div class=\"product-image hover_fade_in_back\">\n      \t         <div class=\"front-image\"><img width=\"200\" height=\"165\" src=\"https:\/\/www.noumeadiscovery.com\/french\/wp-content\/uploads\/2016\/03\/ecogalerie-kanua-tera-ecolodge_5-200x165.jpg\" class=\"attachment-shop_catalog size-shop_catalog wp-post-image\" alt=\"\" decoding=\"async\" loading=\"lazy\" \/><\/div>\n\t\t\t\t<div class=\"back-image back\"><img width=\"200\" height=\"165\" src=\"https:\/\/www.noumeadiscovery.com\/french\/wp-content\/uploads\/2016\/03\/eco25192259-200x165.jpg\" class=\"attachment-shop_catalog size-shop_catalog\" alt=\"\" decoding=\"async\" loading=\"lazy\" \/><\/div>\t\t\t\t\n\t\t \n\t   \t\t\t\n\t\t      <\/div><!-- end product-image -->\n<\/a>      \t\n\n    <div class=\"info style-grid2\">\n\n\t \n          \n\n          <a href=\"https:\/\/www.noumeadiscovery.com\/french\/produit\/kanua-tera-ecolodge-yate\/\"><p class=\"name\">Kanua Tera Ecolodge &#8211; Yate ***<\/p><\/a>\n          \n<div itemprop=\"description\" class=\"short-description\">\n\t<p>Situ\u00e9 \u00e0 la baie Port Bois\u00e9, le Kanua Tera Eco-lodge est compos\u00e9 d&rsquo;h\u00e9bergements style &lsquo;case traditionnelle&rsquo; et dispose de sa propre plage priv\u00e9e.<\/p>\n<\/div>     \n\n     \t\t\n\t\n\t\t<\/div><!-- end info -->\t\n\n<\/div> <!-- .inner-wrap -->\n<\/a>\n<\/li><!-- li.product-small -->\n<li class=\"product-small  grid2 grid-boxed\">\n<a href=\"https:\/\/www.noumeadiscovery.com\/french\/produit\/koulnoue-village\/\" class=\"woocommerce-LoopProduct-link woocommerce-loop-product__link\"><div class=\"inner-wrap\">\n<a href=\"https:\/\/www.noumeadiscovery.com\/french\/produit\/koulnoue-village\/\">\n      <div class=\"product-image hover_fade_in_back\">\n      \t         <div class=\"front-image\"><img width=\"200\" height=\"165\" src=\"https:\/\/www.noumeadiscovery.com\/french\/wp-content\/uploads\/2016\/02\/pool-200x165.jpg\" class=\"attachment-shop_catalog size-shop_catalog wp-post-image\" alt=\"\" decoding=\"async\" loading=\"lazy\" \/><\/div>\n\t\t\t\t<div class=\"back-image back\"><img width=\"200\" height=\"165\" src=\"https:\/\/www.noumeadiscovery.com\/french\/wp-content\/uploads\/2016\/02\/KoulnouePool-200x165.jpg\" class=\"attachment-shop_catalog size-shop_catalog\" alt=\"\" decoding=\"async\" loading=\"lazy\" \/><\/div>\t\t\t\t\n\t\t \n\t   \t\t\t\n\t\t      <\/div><!-- end product-image -->\n<\/a>      \t\n\n    <div class=\"info style-grid2\">\n\n\t \n          \n\n          <a href=\"https:\/\/www.noumeadiscovery.com\/french\/produit\/koulnoue-village\/\"><p class=\"name\">Koulnoue Village ***<\/p><\/a>\n          \n<div itemprop=\"description\" class=\"short-description\">\n\t<p>Le charmant Koulnoue village propose le confort de 50 bungalows, chacun avec une terrasse priv\u00e9e qui donne sur le lagon et la mangrove. De plus, les nouveaux Premium Bungalows ont chacun une piscine priv\u00e9e! Vous pouvez \u00e9galement choisir une des 11 cases authentiques (jusqu&rsquo; \u00e0 8 personnes).<\/p>\n<\/div>     \n\n     \t\t\n\t\n\t\t<\/div><!-- end info -->\t\n\n<\/div> <!-- .inner-wrap -->\n<\/a>\n<\/li><!-- li.product-small -->\n<li class=\"product-small  grid2 grid-boxed\">\n<a href=\"https:\/\/www.noumeadiscovery.com\/french\/produit\/terre-de-soleil\/\" class=\"woocommerce-LoopProduct-link woocommerce-loop-product__link\"><div class=\"inner-wrap\">\n<a href=\"https:\/\/www.noumeadiscovery.com\/french\/produit\/terre-de-soleil\/\">\n      <div class=\"product-image hover_fade_in_back\">\n      \t         <div class=\"front-image\"><img width=\"200\" height=\"165\" src=\"https:\/\/www.noumeadiscovery.com\/french\/wp-content\/uploads\/2016\/09\/jacuzzi-2-TDS-200x165.jpg\" class=\"attachment-shop_catalog size-shop_catalog wp-post-image\" alt=\"\" decoding=\"async\" loading=\"lazy\" \/><\/div>\n\t\t\t\t<div class=\"back-image back\"><img width=\"200\" height=\"165\" src=\"https:\/\/www.noumeadiscovery.com\/french\/wp-content\/uploads\/2016\/09\/Sejour-2-TDS-200x165.jpg\" class=\"attachment-shop_catalog size-shop_catalog\" alt=\"\" decoding=\"async\" loading=\"lazy\" \/><\/div>\t\t\t\t\n\t\t \n\t   \t\t\t\n\t\t      <\/div><!-- end product-image -->\n<\/a>      \t\n\n    <div class=\"info style-grid2\">\n\n\t \n          \n\n          <a href=\"https:\/\/www.noumeadiscovery.com\/french\/produit\/terre-de-soleil\/\"><p class=\"name\">Terre de Soleil<\/p><\/a>\n          \n<div itemprop=\"description\" class=\"short-description\">\n\t<p>Terre de Soleil propose 4 lodges de qualit\u00e9, chacun avec un style diff\u00e9rent, situ\u00e9s dans un environnement naturel et paisible.<\/p>\n<\/div>     \n\n     \t\t\n\t\n\t\t<\/div><!-- end info -->\t\n\n<\/div> <!-- .inner-wrap -->\n<\/a>\n<\/li><!-- li.product-small -->\n<li class=\"product-small  grid2 grid-boxed\">\n<a href=\"https:\/\/www.noumeadiscovery.com\/french\/produit\/malabou-beach-hotel\/\" class=\"woocommerce-LoopProduct-link woocommerce-loop-product__link\"><div class=\"inner-wrap\">\n<a href=\"https:\/\/www.noumeadiscovery.com\/french\/produit\/malabou-beach-hotel\/\">\n      <div class=\"product-image hover_fade_in_back\">\n      \t         <div class=\"front-image\"><img width=\"200\" height=\"165\" src=\"https:\/\/www.noumeadiscovery.com\/french\/wp-content\/uploads\/2016\/09\/View-Aerial-Malabou-Beach-200x165.jpg\" class=\"attachment-shop_catalog size-shop_catalog wp-post-image\" alt=\"\" decoding=\"async\" loading=\"lazy\" \/><\/div>\n\t\t\t\t<div class=\"back-image back\"><img width=\"200\" height=\"165\" src=\"https:\/\/www.noumeadiscovery.com\/french\/wp-content\/uploads\/2016\/09\/Chef-Malabou-Beach-200x165.jpg\" class=\"attachment-shop_catalog size-shop_catalog\" alt=\"\" decoding=\"async\" loading=\"lazy\" \/><\/div>\t\t\t\t\n\t\t \n\t   \t\t\t\n\t\t      <\/div><!-- end product-image -->\n<\/a>      \t\n\n    <div class=\"info style-grid2\">\n\n\t \n          \n\n          <a href=\"https:\/\/www.noumeadiscovery.com\/french\/produit\/malabou-beach-hotel\/\"><p class=\"name\">Malabou Beach Hotel ***<\/p><\/a>\n          \n<div itemprop=\"description\" class=\"short-description\">\n\t<p>Situ\u00e9 tout au nord de la Nouvelle Cal\u00e9donie, l&rsquo;h\u00f4tel Malabou Beach est le lieu id\u00e9al pour un s\u00e9jour en famille, entre amis ou en amoureux !<\/p>\n<\/div>     \n\n     \t\t\n\t\n\t\t<\/div><!-- end info -->\t\n\n<\/div> <!-- .inner-wrap -->\n<\/a>\n<\/li><!-- li.product-small -->\n<li class=\"product-small  grid2 grid-boxed\">\n<a href=\"https:\/\/www.noumeadiscovery.com\/french\/produit\/betikure-lodge\/\" class=\"woocommerce-LoopProduct-link woocommerce-loop-product__link\"><div class=\"inner-wrap\">\n<a href=\"https:\/\/www.noumeadiscovery.com\/french\/produit\/betikure-lodge\/\">\n      <div class=\"product-image hover_fade_in_back\">\n      \t         <div class=\"front-image\"><img width=\"200\" height=\"165\" src=\"https:\/\/www.noumeadiscovery.com\/french\/wp-content\/uploads\/2016\/09\/sejour-betikure-200x165.jpg\" class=\"attachment-shop_catalog size-shop_catalog wp-post-image\" alt=\"\" decoding=\"async\" loading=\"lazy\" \/><\/div>\n\t\t\t\t<div class=\"back-image back\"><img width=\"200\" height=\"165\" src=\"https:\/\/www.noumeadiscovery.com\/french\/wp-content\/uploads\/2016\/07\/betikure-parc-lodge-200x165.jpg\" class=\"attachment-shop_catalog size-shop_catalog\" alt=\"\" decoding=\"async\" loading=\"lazy\" \/><\/div>\t\t\t\t\n\t\t \n\t   \t\t\t\n\t\t      <\/div><!-- end product-image -->\n<\/a>      \t\n\n    <div class=\"info style-grid2\">\n\n\t \n          \n\n          <a href=\"https:\/\/www.noumeadiscovery.com\/french\/produit\/betikure-lodge\/\"><p class=\"name\">Betikur\u00e9 Parc Lodge<\/p><\/a>\n          \n<div itemprop=\"description\" class=\"short-description\">\n\t<p>\u201cB\u00e9tikur\u00e9\u201d signifie dans la langue locale \u00ab\u00a0partager le pot\u00a0\u00bb &#8211; cet \u00e9co-lodge porte bien son nom \u00e9tant renomm\u00e9 pour son hospitalit\u00e9 et pour sa convivialit\u00e9.<\/p>\n<\/div>     \n\n     \t\t\n\t\n\t\t<\/div><!-- end info -->\t\n\n<\/div> <!-- .inner-wrap -->\n<\/a>\n<\/li><!-- li.product-small -->\n<li class=\"product-small  grid2 grid-boxed\">\n<a href=\"https:\/\/www.noumeadiscovery.com\/french\/produit\/sheraton-deva-resort-spa\/\" class=\"woocommerce-LoopProduct-link woocommerce-loop-product__link\"><div class=\"inner-wrap\">\n<a href=\"https:\/\/www.noumeadiscovery.com\/french\/produit\/sheraton-deva-resort-spa\/\">\n      <div class=\"product-image hover_fade_in_back\">\n      \t         <div class=\"front-image\"><img width=\"200\" height=\"165\" src=\"https:\/\/www.noumeadiscovery.com\/french\/wp-content\/uploads\/2016\/09\/Swimming-Pool-2-200x165.jpg\" class=\"attachment-shop_catalog size-shop_catalog wp-post-image\" alt=\"\" decoding=\"async\" loading=\"lazy\" \/><\/div>\n\t\t\t\t<div class=\"back-image back\"><img width=\"200\" height=\"165\" src=\"https:\/\/www.noumeadiscovery.com\/french\/wp-content\/uploads\/2016\/09\/Swimming-pool-200x165.jpg\" class=\"attachment-shop_catalog size-shop_catalog\" alt=\"\" decoding=\"async\" loading=\"lazy\" \/><\/div>\t\t\t\t\n\t\t \n\t   \t\t\t\n\t\t      <\/div><!-- end product-image -->\n<\/a>      \t\n\n    <div class=\"info style-grid2\">\n\n\t \n          \n\n          <a href=\"https:\/\/www.noumeadiscovery.com\/french\/produit\/sheraton-deva-resort-spa\/\"><p class=\"name\">Sheraton Deva Resort &#038; Spa *****<\/p><\/a>\n          \n<div itemprop=\"description\" class=\"short-description\">\n\t<p>Ce resort, dot\u00e9 de 180 chambres, suites et bungalows, ainsi que de deux restaurants et un bar vous ravira &#8211; que vous soyez de passage ou pour un s\u00e9jour en couple, entre amis ou en famille. Un espace kid&rsquo;s club accueillera vos enfants si vous le souhaitez. Que vous soyez amateurs de golf ou de bien \u00eatre, d\u00e9couvrez le Sheraton pour un moment de d\u00e9tente inoubliable.<\/p>\n<\/div>     \n\n     \t\t\n\t\n\t\t<\/div><!-- end info -->\t\n\n<\/div> <!-- .inner-wrap -->\n<\/a>\n<\/li><!-- li.product-small -->\n<li class=\"product-small  grid2 grid-boxed\">\n<a href=\"https:\/\/www.noumeadiscovery.com\/french\/produit\/poe-cote-lagon\/\" class=\"woocommerce-LoopProduct-link woocommerce-loop-product__link\"><div class=\"inner-wrap\">\n<a href=\"https:\/\/www.noumeadiscovery.com\/french\/produit\/poe-cote-lagon\/\">\n      <div class=\"product-image hover_fade_in_back\">\n      \t         <div class=\"front-image\"><img width=\"200\" height=\"165\" src=\"https:\/\/www.noumeadiscovery.com\/french\/wp-content\/uploads\/2016\/09\/image10-200x165.jpg\" class=\"attachment-shop_catalog size-shop_catalog wp-post-image\" alt=\"\" decoding=\"async\" loading=\"lazy\" \/><\/div>\n\t\t\t\t<div class=\"back-image back\"><img width=\"200\" height=\"165\" src=\"https:\/\/www.noumeadiscovery.com\/french\/wp-content\/uploads\/2016\/09\/image7-200x165.jpg\" class=\"attachment-shop_catalog size-shop_catalog\" alt=\"\" decoding=\"async\" loading=\"lazy\" \/><\/div>\t\t\t\t\n\t\t \n\t   \t\t\t\n\t\t      <\/div><!-- end product-image -->\n<\/a>      \t\n\n    <div class=\"info style-grid2\">\n\n\t \n          \n\n          <a href=\"https:\/\/www.noumeadiscovery.com\/french\/produit\/poe-cote-lagon\/\"><p class=\"name\">Po\u00e9 C\u00f4t\u00e9 Lagon<\/p><\/a>\n          \n<div itemprop=\"description\" class=\"short-description\">\n\t<p data-reactid=\".19byxug311c.0.0.0.0.3.f.1.1.0.0:$0.1.$1\"><span data-reactid=\".19byxug311c.0.0.0.0.3.f.1.1.0.0:$0.1.$1.$0\">Le g\u00eete &lsquo;Poe c\u00f4t\u00e9 lagon est situ\u00e9 sur un lieu exceptionnel face au lagon.<\/span><\/p>\n<p data-reactid=\".19byxug311c.0.0.0.0.3.f.1.1.0.0:$0.1.$1\">Cet h\u00e9bergement vous propose deux bungalows \u00e9quip\u00e9s et dispose d&rsquo;une piscine.<\/p>\n<\/div>     \n\n     \t\t\n\t\n\t\t<\/div><!-- end info -->\t\n\n<\/div> <!-- .inner-wrap -->\n<\/a>\n<\/li><!-- li.product-small -->\n<li class=\"product-small  grid2 grid-boxed\">\n<a href=\"https:\/\/www.noumeadiscovery.com\/french\/produit\/hotel-de-poe\/\" class=\"woocommerce-LoopProduct-link woocommerce-loop-product__link\"><div class=\"inner-wrap\">\n<a href=\"https:\/\/www.noumeadiscovery.com\/french\/produit\/hotel-de-poe\/\">\n      <div class=\"product-image hover_fade_in_back\">\n      \t         <div class=\"front-image\"><img width=\"200\" height=\"165\" src=\"https:\/\/www.noumeadiscovery.com\/french\/wp-content\/uploads\/2016\/07\/12640488_1004367206325034_5823597364318887642_o-200x165.jpg\" class=\"attachment-shop_catalog size-shop_catalog wp-post-image\" alt=\"\" decoding=\"async\" loading=\"lazy\" \/><\/div>\n\t\t\t\t<div class=\"back-image back\"><img width=\"200\" height=\"165\" src=\"https:\/\/www.noumeadiscovery.com\/french\/wp-content\/uploads\/2016\/07\/12695046_1004803412948080_1273848815008859043_o1-200x165.jpg\" class=\"attachment-shop_catalog size-shop_catalog\" alt=\"\" decoding=\"async\" loading=\"lazy\" \/><\/div>\t\t\t\t\n\t\t \n\t   \t\t\t\n\t\t      <\/div><!-- end product-image -->\n<\/a>      \t\n\n    <div class=\"info style-grid2\">\n\n\t \n          \n\n          <a href=\"https:\/\/www.noumeadiscovery.com\/french\/produit\/hotel-de-poe\/\"><p class=\"name\">H\u00f4tel de Po\u00e9<\/p><\/a>\n          \n<div itemprop=\"description\" class=\"short-description\">\n\t<p>L&rsquo;h\u00f4tel de Po\u00e9 a 14 bungalows climatis\u00e9s, chacun avec une capacit\u00e9 h\u00e9bergement de 6 personnes, juste \u00e0 c\u00f4t\u00e9 de la belle plage de sable blanc de Po\u00e9.<\/p>\n<\/div>     \n\n     \t\t\n\t\n\t\t<\/div><!-- end info -->\t\n\n<\/div> <!-- .inner-wrap -->\n<\/a>\n<\/li><!-- li.product-small --><\/ul>\n<\/div>\n<\/div><!-- .large-12 --><\/div>\n","protected":false},"excerpt":{"rendered":"","protected":false},"author":6,"featured_media":0,"parent":0,"menu_order":0,"comment_status":"closed","ping_status":"closed","template":"page-right-sidebar-notitle.php","meta":[],"_links":{"self":[{"href":"https:\/\/www.noumeadiscovery.com\/french\/wp-json\/wp\/v2\/pages\/441"}],"collection":[{"href":"https:\/\/www.noumeadiscovery.com\/french\/wp-json\/wp\/v2\/pages"}],"about":[{"href":"https:\/\/www.noumeadiscovery.com\/french\/wp-json\/wp\/v2\/types\/page"}],"author":[{"embeddable":true,"href":"https:\/\/www.noumeadiscovery.com\/french\/wp-json\/wp\/v2\/users\/6"}],"replies":[{"embeddable":true,"href":"https:\/\/www.noumeadiscovery.com\/french\/wp-json\/wp\/v2\/comments?post=441"}],"version-history":[{"count":6,"href":"https:\/\/www.noumeadiscovery.com\/french\/wp-json\/wp\/v2\/pages\/441\/revisions"}],"predecessor-version":[{"id":2799,"href":"https:\/\/www.noumeadiscovery.com\/french\/wp-json\/wp\/v2\/pages\/441\/revisions\/2799"}],"wp:attachment":[{"href":"https:\/\/www.noumeadiscovery.com\/french\/wp-json\/wp\/v2\/media?parent=441"}],"curies":[{"name":"wp","href":"https:\/\/api.w.org\/{rel}","templated":true}]}}