{"id":439,"date":"2016-02-19T12:22:34","date_gmt":"2016-02-19T02:22:34","guid":{"rendered":"http:\/\/noumea.respax.com.au\/?page_id=439"},"modified":"2016-11-04T14:00:16","modified_gmt":"2016-11-04T04:00:16","slug":"noumea-accommodation","status":"publish","type":"page","link":"https:\/\/www.noumeadiscovery.com\/french\/noumea-accommodation\/","title":{"rendered":"H\u00e9bergements &#8211; Noum\u00e9a"},"content":{"rendered":"   <div id=\"banner_511007360\" class=\"ux_banner dark    \"  style=\"height:150px; \" data-height=\"150px\" role=\"banner\">\n                                  <div class=\"banner-bg \"  style=\"background-image:url('https:\/\/noumeadiscovery.com\/wp-content\/uploads\/2016\/01\/P1040339.jpg'); \"><img src=\"https:\/\/noumeadiscovery.com\/wp-content\/uploads\/2016\/01\/P1040339.jpg\"  alt=\"\" style=\"visibility:hidden;\" \/><\/div>\n                             <div class=\"row\" >\n          <div class=\"inner center text-center \"  style=\"width:70%;\">\n            <div class=\"inner-wrap animated fadeIn\" style=\" \">\n              <h1>H\u00e9bergements &#8211; Noum\u00e9a<\/h1>\n            <\/div>\n          <\/div>  \n        <\/div>\n                     <\/div><!-- end .ux_banner -->\n\n<div class=\"woocommerce columns-1 \"><div class=\"row\">\n\t<div class=\"large-12 columns\">\n\t<ul class=\"products small-block-grid-1 large-block-grid-1\">\n\n<li class=\"product-small  grid2 grid-boxed\">\n<a href=\"https:\/\/www.noumeadiscovery.com\/french\/produit\/royal-tera\/\" class=\"woocommerce-LoopProduct-link woocommerce-loop-product__link\"><div class=\"inner-wrap\">\n<a href=\"https:\/\/www.noumeadiscovery.com\/french\/produit\/royal-tera\/\">\n      <div class=\"product-image hover_fade_in_back\">\n      \t         <div class=\"front-image\"><img width=\"200\" height=\"165\" src=\"https:\/\/www.noumeadiscovery.com\/french\/wp-content\/uploads\/2016\/02\/smHotel 6-200x165.jpg\" class=\"attachment-shop_catalog size-shop_catalog wp-post-image\" alt=\"\" decoding=\"async\" loading=\"lazy\" \/><\/div>\n\t\t\t\t<div class=\"back-image back\"><img width=\"200\" height=\"165\" src=\"https:\/\/www.noumeadiscovery.com\/french\/wp-content\/uploads\/2016\/02\/spas-200x165.jpg\" class=\"attachment-shop_catalog size-shop_catalog\" alt=\"\" decoding=\"async\" loading=\"lazy\" \/><\/div>\t\t\t\t\n\t\t \n\t   \t\t\t\n\t\t      <\/div><!-- end product-image -->\n<\/a>      \t\n\n    <div class=\"info style-grid2\">\n\n\t \n          \n\n          <a href=\"https:\/\/www.noumeadiscovery.com\/french\/produit\/royal-tera\/\"><p class=\"name\">Ch\u00e2teau Royal Beach Resort &#038; Spa ****<\/p><\/a>\n          \n<div itemprop=\"description\" class=\"short-description\">\n\t<p>Situ\u00e9 au bord d\u2019une plage de sable blanc, face au magnifique Lagon de Nouvelle Cal\u00e9donie, l\u2019h\u00f4tel Ch\u00e2teau Royal Beach Resort &amp; Spa vous ouvre ses portes pour un s\u00e9jour de r\u00eave.<\/p>\n<\/div>     \n\n     \t\t\n\t\n\t\t<\/div><!-- end info -->\t\n\n<\/div> <!-- .inner-wrap -->\n<\/a>\n<\/li><!-- li.product-small -->\n<li class=\"product-small  grid2 grid-boxed\">\n<a href=\"https:\/\/www.noumeadiscovery.com\/french\/produit\/le-lagon\/\" class=\"woocommerce-LoopProduct-link woocommerce-loop-product__link\"><div class=\"inner-wrap\">\n<a href=\"https:\/\/www.noumeadiscovery.com\/french\/produit\/le-lagon\/\">\n      <div class=\"product-image hover_fade_in_back\">\n      \t         <div class=\"front-image\"><img width=\"200\" height=\"165\" src=\"https:\/\/www.noumeadiscovery.com\/french\/wp-content\/uploads\/2016\/02\/espace bureau-200x165.jpg\" class=\"attachment-shop_catalog size-shop_catalog wp-post-image\" alt=\"\" decoding=\"async\" loading=\"lazy\" \/><\/div>\n\t\t\t\t<div class=\"back-image back\"><img width=\"200\" height=\"165\" src=\"https:\/\/www.noumeadiscovery.com\/french\/wp-content\/uploads\/2016\/02\/notrepiscineetsolarium-200x165.jpg\" class=\"attachment-shop_catalog size-shop_catalog\" alt=\"\" decoding=\"async\" loading=\"lazy\" \/><\/div>\t\t\t\t\n\t\t \n\t   \t\t\t\n\t\t      <\/div><!-- end product-image -->\n<\/a>      \t\n\n    <div class=\"info style-grid2\">\n\n\t \n          \n\n          <a href=\"https:\/\/www.noumeadiscovery.com\/french\/produit\/le-lagon\/\"><p class=\"name\">Le Lagon ***<\/p><\/a>\n          \n<div itemprop=\"description\" class=\"short-description\">\n\t<p>L&rsquo;H\u00f4tel Le Lagon est le seul h\u00f4t\u00e9l qui est une entreprise familiale \u00e0 Noum\u00e9a. Situ\u00e9 \u00e0 100m de la plage d&rsquo;Anse Vata, il est entour\u00e9 de commerces de proximit\u00e9 tels que boulangeries, restaurants, bars, \u00e9picieries. Vous trouverez deux arr\u00eats de bus pr\u00e8s de l&rsquo;h\u00f4tel pour vous d\u00e9placer \u00e0 Noum\u00e9a.<\/p>\n<\/div>     \n\n     \t\t\n\t\n\t\t<\/div><!-- end info -->\t\n\n<\/div> <!-- .inner-wrap -->\n<\/a>\n<\/li><!-- li.product-small -->\n<li class=\"product-small  grid2 grid-boxed\">\n<a href=\"https:\/\/www.noumeadiscovery.com\/french\/produit\/meridien\/\" class=\"woocommerce-LoopProduct-link woocommerce-loop-product__link\"><div class=\"inner-wrap\">\n<a href=\"https:\/\/www.noumeadiscovery.com\/french\/produit\/meridien\/\">\n      <div class=\"product-image hover_fade_in_back\">\n      \t         <div class=\"front-image\"><img width=\"200\" height=\"165\" src=\"https:\/\/www.noumeadiscovery.com\/french\/wp-content\/uploads\/2016\/02\/Swimmingpool-200x165.jpg\" class=\"attachment-shop_catalog size-shop_catalog wp-post-image\" alt=\"\" decoding=\"async\" loading=\"lazy\" \/><\/div>\n\t\t\t\t<div class=\"back-image back\"><img width=\"200\" height=\"165\" src=\"https:\/\/www.noumeadiscovery.com\/french\/wp-content\/uploads\/2016\/02\/Classic Twin Room-200x165.jpg\" class=\"attachment-shop_catalog size-shop_catalog\" alt=\"\" decoding=\"async\" loading=\"lazy\" \/><\/div>\t\t\t\t\n\t\t \n\t   \t\t\t\n\t\t      <\/div><!-- end product-image -->\n<\/a>      \t\n\n    <div class=\"info style-grid2\">\n\n\t \n          \n\n          <a href=\"https:\/\/www.noumeadiscovery.com\/french\/produit\/meridien\/\"><p class=\"name\">Le M\u00e9ridien Noum\u00e9a Resort &#038; Spa *****<\/p><\/a>\n          \n<div itemprop=\"description\" class=\"short-description\">\n\t<p>Le M\u00e9ridien Noum\u00e9a est un m\u00e9lange unique de sophistication \u00e0 la fran\u00e7aise et de la chaleureuse ambiance des \u00eeles du Pacifique.<\/p>\n<p>&nbsp;<\/p>\n<\/div>     \n\n     \t\t\n\t\n\t\t<\/div><!-- end info -->\t\n\n<\/div> <!-- .inner-wrap -->\n<\/a>\n<\/li><!-- li.product-small -->\n<li class=\"product-small  grid2 grid-boxed\">\n<a href=\"https:\/\/www.noumeadiscovery.com\/french\/produit\/escapade-ilot-maitre\/\" class=\"woocommerce-LoopProduct-link woocommerce-loop-product__link\"><div class=\"inner-wrap\">\n<a href=\"https:\/\/www.noumeadiscovery.com\/french\/produit\/escapade-ilot-maitre\/\">\n      <div class=\"product-image hover_fade_in_back\">\n      \t         <div class=\"front-image\"><img width=\"200\" height=\"165\" src=\"https:\/\/www.noumeadiscovery.com\/french\/wp-content\/uploads\/2016\/03\/escapade-Overwater-bungalows-200x165.jpg\" class=\"attachment-shop_catalog size-shop_catalog wp-post-image\" alt=\"\" decoding=\"async\" loading=\"lazy\" \/><\/div>\n\t\t\t\t<div class=\"back-image back\"><img width=\"200\" height=\"165\" src=\"https:\/\/www.noumeadiscovery.com\/french\/wp-content\/uploads\/2016\/03\/escapade2757313_21_z-200x165.jpg\" class=\"attachment-shop_catalog size-shop_catalog\" alt=\"\" decoding=\"async\" loading=\"lazy\" \/><\/div>\t\t\t\t\n\t\t \n\t   \t\t\t\n\t\t      <\/div><!-- end product-image -->\n<\/a>      \t\n\n    <div class=\"info style-grid2\">\n\n\t \n          \n\n          <a href=\"https:\/\/www.noumeadiscovery.com\/french\/produit\/escapade-ilot-maitre\/\"><p class=\"name\">Double Tree by Hilton Noumea Ilot Maitre ****<\/p><\/a>\n          \n<div itemprop=\"description\" class=\"short-description\">\n\t<p>La flore et la faune marine abondante, des couchers de soleil inoubliables, des plages de sable blanc et des eaux turquoises font de l&rsquo;Escapade de l&rsquo;ilot Ma\u00eetre un r\u00eave du Pacifique sud.<\/p>\n<\/div>     \n\n     \t\t\n\t\n\t\t<\/div><!-- end info -->\t\n\n<\/div> <!-- .inner-wrap -->\n<\/a>\n<\/li><!-- li.product-small -->\n<li class=\"product-small  grid2 grid-boxed\">\n<a href=\"https:\/\/www.noumeadiscovery.com\/french\/produit\/hilton\/\" class=\"woocommerce-LoopProduct-link woocommerce-loop-product__link\"><div class=\"inner-wrap\">\n<a href=\"https:\/\/www.noumeadiscovery.com\/french\/produit\/hilton\/\">\n      <div class=\"product-image hover_fade_in_back\">\n      \t         <div class=\"front-image\"><img width=\"200\" height=\"165\" src=\"https:\/\/www.noumeadiscovery.com\/french\/wp-content\/uploads\/2016\/03\/hiltonHILTON AERIAL VIEW-200x165.jpg\" class=\"attachment-shop_catalog size-shop_catalog wp-post-image\" alt=\"\" decoding=\"async\" loading=\"lazy\" \/><\/div>\n\t\t\t\t<div class=\"back-image back\"><img width=\"200\" height=\"165\" src=\"https:\/\/www.noumeadiscovery.com\/french\/wp-content\/uploads\/2016\/03\/hiltonNOULPHI_rooms_full02_apartkingbed01-200x165.jpg\" class=\"attachment-shop_catalog size-shop_catalog\" alt=\"\" decoding=\"async\" loading=\"lazy\" \/><\/div>\t\t\t\t\n\t\t \n\t   \t\t\t\n\t\t      <\/div><!-- end product-image -->\n<\/a>      \t\n\n    <div class=\"info style-grid2\">\n\n\t \n          \n\n          <a href=\"https:\/\/www.noumeadiscovery.com\/french\/produit\/hilton\/\"><p class=\"name\">Hilton La Promenade R\u00e9sidences ****<\/p><\/a>\n          \n<div itemprop=\"description\" class=\"short-description\">\n\t<p>Id\u00e9alement situ\u00e9 \u00e0 la baie d&rsquo;Anse Vata, le centre touristique de Noum\u00e9a, avec vue sur le lagon, le Hilton Noum\u00e9a La Promenade R\u00e9sidences est \u00e0 deux pas de nombreux restaurants, caf\u00e9s, bars, boutiques et centres d&rsquo;activit\u00e9s nautiques. Proposant un h\u00e9bergement moderne de type appartement avec une cuisine enti\u00e8rement \u00e9quip\u00e9e et une buanderie, le Hilton Noum\u00e9a est la solution id\u00e9ale pour des familles, des voyageurs d&rsquo;affaires, des couples et des groupes d&rsquo;amis.<\/p>\n<\/div>     \n\n     \t\t\n\t\n\t\t<\/div><!-- end info -->\t\n\n<\/div> <!-- .inner-wrap -->\n<\/a>\n<\/li><!-- li.product-small -->\n<li class=\"product-small  grid2 grid-boxed\">\n<a href=\"https:\/\/www.noumeadiscovery.com\/french\/produit\/nouvata\/\" class=\"woocommerce-LoopProduct-link woocommerce-loop-product__link\"><div class=\"inner-wrap\">\n<a href=\"https:\/\/www.noumeadiscovery.com\/french\/produit\/nouvata\/\">\n      <div class=\"product-image hover_fade_in_back\">\n      \t         <div class=\"front-image\"><img width=\"200\" height=\"165\" src=\"https:\/\/www.noumeadiscovery.com\/french\/wp-content\/uploads\/2016\/03\/nouvota_AUB6856-200x165.jpg\" class=\"attachment-shop_catalog size-shop_catalog wp-post-image\" alt=\"\" decoding=\"async\" loading=\"lazy\" \/><\/div>\n\t\t\t\t<div class=\"back-image back\"><img width=\"200\" height=\"165\" src=\"https:\/\/www.noumeadiscovery.com\/french\/wp-content\/uploads\/2016\/03\/nouvotaLe Pacifique-200x165.jpg\" class=\"attachment-shop_catalog size-shop_catalog\" alt=\"\" decoding=\"async\" loading=\"lazy\" \/><\/div>\t\t\t\t\n\t\t \n\t   \t\t\t\n\t\t      <\/div><!-- end product-image -->\n<\/a>      \t\n\n    <div class=\"info style-grid2\">\n\n\t \n          \n\n          <a href=\"https:\/\/www.noumeadiscovery.com\/french\/produit\/nouvata\/\"><p class=\"name\">Nouvata ***<\/p><\/a>\n          \n<div itemprop=\"description\" class=\"short-description\">\n\t<p>Id\u00e9alement situ\u00e9 en face de la plage \u00e0 Anse Vata, le centre touristique principal de Noum\u00e9a, Nouvata Parc H\u00f4tel est entour\u00e9 de nombreux restaurants, caf\u00e9s, boutiques et activit\u00e9s nautiques.<\/p>\n<\/div>     \n\n     \t\t\n\t\n\t\t<\/div><!-- end info -->\t\n\n<\/div> <!-- .inner-wrap -->\n<\/a>\n<\/li><!-- li.product-small -->\n<li class=\"product-small  grid2 grid-boxed\">\n<a href=\"https:\/\/www.noumeadiscovery.com\/french\/produit\/casa-del-sol\/\" class=\"woocommerce-LoopProduct-link woocommerce-loop-product__link\"><div class=\"inner-wrap\">\n<a href=\"https:\/\/www.noumeadiscovery.com\/french\/produit\/casa-del-sol\/\">\n      <div class=\"product-image hover_fade_in_back\">\n      \t         <div class=\"front-image\"><img width=\"200\" height=\"165\" src=\"https:\/\/www.noumeadiscovery.com\/french\/wp-content\/uploads\/2016\/casa\/casa2-200x165.jpg\" class=\"attachment-shop_catalog size-shop_catalog wp-post-image\" alt=\"\" decoding=\"async\" loading=\"lazy\" \/><\/div>\n\t\t\t\t<div class=\"back-image back\"><img width=\"200\" height=\"165\" src=\"https:\/\/www.noumeadiscovery.com\/french\/wp-content\/uploads\/2016\/casa\/casa4-200x165.jpg\" class=\"attachment-shop_catalog size-shop_catalog\" alt=\"\" decoding=\"async\" loading=\"lazy\" \/><\/div>\t\t\t\t\n\t\t \n\t   \t\t\t\n\t\t      <\/div><!-- end product-image -->\n<\/a>      \t\n\n    <div class=\"info style-grid2\">\n\n\t \n          \n\n          <a href=\"https:\/\/www.noumeadiscovery.com\/french\/produit\/casa-del-sol\/\"><p class=\"name\">Casa Del Sole **<\/p><\/a>\n          \n<div itemprop=\"description\" class=\"short-description\">\n\t<p>Casa del Sole propose 127 appartements, chacun avec une ou deux chambres, tout pr\u00e8s des deux plus belles plages de Noum\u00e9a \u00e0 Anse Vata.<\/p>\n<\/div>     \n\n     \t\t\n\t\n\t\t<\/div><!-- end info -->\t\n\n<\/div> <!-- .inner-wrap -->\n<\/a>\n<\/li><!-- li.product-small -->\n<li class=\"product-small  grid2 grid-boxed\">\n<a href=\"https:\/\/www.noumeadiscovery.com\/french\/produit\/beaurivage-hotel\/\" class=\"woocommerce-LoopProduct-link woocommerce-loop-product__link\"><div class=\"inner-wrap\">\n<a href=\"https:\/\/www.noumeadiscovery.com\/french\/produit\/beaurivage-hotel\/\">\n      <div class=\"product-image hover_fade_in_back\">\n      \t         <div class=\"front-image\"><img width=\"200\" height=\"165\" src=\"https:\/\/www.noumeadiscovery.com\/french\/wp-content\/uploads\/2016\/04\/Hotel-facade-Beaurivage-200x165.jpg\" class=\"attachment-shop_catalog size-shop_catalog wp-post-image\" alt=\"\" decoding=\"async\" loading=\"lazy\" \/><\/div>\n\t\t\t\t\t\t\t\t\n\t\t \n\t   \t\t\t\n\t\t      <\/div><!-- end product-image -->\n<\/a>      \t\n\n    <div class=\"info style-grid2\">\n\n\t \n          \n\n          <a href=\"https:\/\/www.noumeadiscovery.com\/french\/produit\/beaurivage-hotel\/\"><p class=\"name\">Beaurivage Hotel **<\/p><\/a>\n          \n<div itemprop=\"description\" class=\"short-description\">\n\t<p>Situ\u00e9 \u00e0 proximit\u00e9 de la plage, l\u2019h\u00f4tel Beaurivage propose le confort de 60 chambres r\u00e9nov\u00e9es aux cat\u00e9gories suivantes: Standard, Vue du Lagon, Deluxe Vue du Lagon, avec une chambre \u00e9quip\u00e9e d\u2019un acc\u00e8s pour des personnes \u00e0 mobilit\u00e9 r\u00e9duite.<\/p>\n<\/div>     \n\n     \t\t\n\t\n\t\t<\/div><!-- end info -->\t\n\n<\/div> <!-- .inner-wrap -->\n<\/a>\n<\/li><!-- li.product-small -->\n<li class=\"product-small  grid2 grid-boxed\">\n<a href=\"https:\/\/www.noumeadiscovery.com\/french\/produit\/ramada\/\" class=\"woocommerce-LoopProduct-link woocommerce-loop-product__link\"><div class=\"inner-wrap\">\n<a href=\"https:\/\/www.noumeadiscovery.com\/french\/produit\/ramada\/\">\n      <div class=\"product-image hover_fade_in_back\">\n      \t         <div class=\"front-image\"><img width=\"200\" height=\"165\" src=\"https:\/\/www.noumeadiscovery.com\/french\/wp-content\/uploads\/2016\/02\/ramada-pool-200x165.jpg\" class=\"attachment-shop_catalog size-shop_catalog wp-post-image\" alt=\"\" decoding=\"async\" loading=\"lazy\" \/><\/div>\n\t\t\t\t<div class=\"back-image back\"><img width=\"200\" height=\"165\" src=\"https:\/\/www.noumeadiscovery.com\/french\/wp-content\/uploads\/2016\/02\/ramada-bar-200x165.jpg\" class=\"attachment-shop_catalog size-shop_catalog\" alt=\"\" decoding=\"async\" loading=\"lazy\" \/><\/div>\t\t\t\t\n\t\t \n\t   \t\t\t\n\t\t      <\/div><!-- end product-image -->\n<\/a>      \t\n\n    <div class=\"info style-grid2\">\n\n\t \n          \n\n          <a href=\"https:\/\/www.noumeadiscovery.com\/french\/produit\/ramada\/\"><p class=\"name\">Ramada ***<\/p><\/a>\n          \n<div itemprop=\"description\" class=\"short-description\">\n\t<p>Un \u201cAparth\u00f4tel\u201d au c\u0153ur d&rsquo;Anse Vata, le Ramada vous attend avec son accueil chaleureux! Du studio aux appartements avec 3 chambres, les chambres et les suites du Ramada sont modernes, spacieuses, meubl\u00e9es avec une cuisine enti\u00e8rement \u00e9quip\u00e9e.<\/p>\n<p>&nbsp;<\/p>\n<\/div>     \n\n     \t\t\n\t\n\t\t<\/div><!-- end info -->\t\n\n<\/div> <!-- .inner-wrap -->\n<\/a>\n<\/li><!-- li.product-small --><\/ul>\n<\/div>\n<\/div><!-- .large-12 --><\/div>\n","protected":false},"excerpt":{"rendered":"","protected":false},"author":6,"featured_media":0,"parent":0,"menu_order":0,"comment_status":"closed","ping_status":"closed","template":"page-right-sidebar-notitle.php","meta":[],"_links":{"self":[{"href":"https:\/\/www.noumeadiscovery.com\/french\/wp-json\/wp\/v2\/pages\/439"}],"collection":[{"href":"https:\/\/www.noumeadiscovery.com\/french\/wp-json\/wp\/v2\/pages"}],"about":[{"href":"https:\/\/www.noumeadiscovery.com\/french\/wp-json\/wp\/v2\/types\/page"}],"author":[{"embeddable":true,"href":"https:\/\/www.noumeadiscovery.com\/french\/wp-json\/wp\/v2\/users\/6"}],"replies":[{"embeddable":true,"href":"https:\/\/www.noumeadiscovery.com\/french\/wp-json\/wp\/v2\/comments?post=439"}],"version-history":[{"count":6,"href":"https:\/\/www.noumeadiscovery.com\/french\/wp-json\/wp\/v2\/pages\/439\/revisions"}],"predecessor-version":[{"id":2214,"href":"https:\/\/www.noumeadiscovery.com\/french\/wp-json\/wp\/v2\/pages\/439\/revisions\/2214"}],"wp:attachment":[{"href":"https:\/\/www.noumeadiscovery.com\/french\/wp-json\/wp\/v2\/media?parent=439"}],"curies":[{"name":"wp","href":"https:\/\/api.w.org\/{rel}","templated":true}]}}