{"id":404,"date":"2016-02-18T15:49:21","date_gmt":"2016-02-18T05:49:21","guid":{"rendered":"http:\/\/noumea.respax.com.au\/?page_id=404"},"modified":"2016-07-29T10:10:04","modified_gmt":"2016-07-29T00:10:04","slug":"loyalty-islands-excursions","status":"publish","type":"page","link":"https:\/\/www.noumeadiscovery.com\/french\/loyalty-islands-excursions\/","title":{"rendered":"Excursions \u00celes Loyaut\u00e9"},"content":{"rendered":"   <div id=\"banner_771927380\" class=\"ux_banner dark    \"  style=\"height:150px; \" data-height=\"150px\" role=\"banner\">\n                                  <div class=\"banner-bg \"  style=\"background-image:url('https:\/\/noumeadiscovery.com\/wp-content\/uploads\/2016\/04\/natural-aquarium.jpg'); \"><img src=\"https:\/\/noumeadiscovery.com\/wp-content\/uploads\/2016\/04\/natural-aquarium.jpg\"  alt=\"\" style=\"visibility:hidden;\" \/><\/div>\n                             <div class=\"row\" >\n          <div class=\"inner center text-center \"  style=\"width:70%;\">\n            <div class=\"inner-wrap animated fadeIn\" style=\" \">\n              <h1>Excursions \u00celes Loyaut\u00e9<\/h1>\n            <\/div>\n          <\/div>  \n        <\/div>\n                     <\/div><!-- end .ux_banner -->\n\n<div class=\"woocommerce columns-1 \"><div class=\"row\">\n\t<div class=\"large-12 columns\">\n\t<ul class=\"products small-block-grid-1 large-block-grid-1\">\n\n<li class=\"product-small  grid2 grid-boxed\">\n<a href=\"https:\/\/www.noumeadiscovery.com\/french\/produit\/ouvea-guided-tour\/\" class=\"woocommerce-LoopProduct-link woocommerce-loop-product__link\"><div class=\"inner-wrap\">\n<a href=\"https:\/\/www.noumeadiscovery.com\/french\/produit\/ouvea-guided-tour\/\">\n      <div class=\"product-image hover_fade_in_back\">\n      \t         <div class=\"front-image\"><img width=\"200\" height=\"165\" src=\"https:\/\/www.noumeadiscovery.com\/french\/wp-content\/uploads\/2016\/04\/ouvea-200x165.jpg\" class=\"attachment-shop_catalog size-shop_catalog wp-post-image\" alt=\"\" decoding=\"async\" loading=\"lazy\" \/><\/div>\n\t\t\t\t\t\t\t\t\n\t\t \n\t   \t\t\t\n\t\t      <\/div><!-- end product-image -->\n<\/a>      \t\n\n    <div class=\"info style-grid2\">\n\n\t \n          \n\n          <a href=\"https:\/\/www.noumeadiscovery.com\/french\/produit\/ouvea-guided-tour\/\"><p class=\"name\">Tour de l&rsquo;\u00cele d&rsquo;Ouv\u00e9a<\/p><\/a>\n          \n<div itemprop=\"description\" class=\"short-description\">\n\t<p><strong>Dur\u00e9e : <\/strong>Une demi-journ\u00e9e<strong><br \/>\nD\u00e9part : <\/strong>Depuis Mouli<br \/>\n<strong>Difficult\u00e9 :<\/strong> Facile<br \/>\n<strong>Minimum :<\/strong> 4 personnes<br \/>\nD\u00e9couvrez l&rsquo;\u00eele d&rsquo;Ouv\u00e9a comme jamais lors de cette visite guid\u00e9e.<\/p>\n<\/div>     \n\n     \t\t\n\t\n\t\t<\/div><!-- end info -->\t\n\n<\/div> <!-- .inner-wrap -->\n<\/a>\n<\/li><!-- li.product-small -->\n<li class=\"product-small  grid2 grid-boxed\">\n<a href=\"https:\/\/www.noumeadiscovery.com\/french\/produit\/mare-guided-tour\/\" class=\"woocommerce-LoopProduct-link woocommerce-loop-product__link\"><div class=\"inner-wrap\">\n<a href=\"https:\/\/www.noumeadiscovery.com\/french\/produit\/mare-guided-tour\/\">\n      <div class=\"product-image hover_fade_in_back\">\n      \t         <div class=\"front-image\"><img width=\"200\" height=\"165\" src=\"https:\/\/www.noumeadiscovery.com\/french\/wp-content\/uploads\/2016\/04\/mare1-200x165.jpg\" class=\"attachment-shop_catalog size-shop_catalog wp-post-image\" alt=\"\" decoding=\"async\" loading=\"lazy\" \/><\/div>\n\t\t\t\t<div class=\"back-image back\"><img width=\"200\" height=\"165\" src=\"https:\/\/www.noumeadiscovery.com\/french\/wp-content\/uploads\/2016\/04\/mare4-200x165.jpg\" class=\"attachment-shop_catalog size-shop_catalog\" alt=\"\" decoding=\"async\" loading=\"lazy\" \/><\/div>\t\t\t\t\n\t\t \n\t   \t\t\t\n\t\t      <\/div><!-- end product-image -->\n<\/a>      \t\n\n    <div class=\"info style-grid2\">\n\n\t \n          \n\n          <a href=\"https:\/\/www.noumeadiscovery.com\/french\/produit\/mare-guided-tour\/\"><p class=\"name\">Tour de l&rsquo;\u00eele de Mar\u00e9<\/p><\/a>\n          \n<div itemprop=\"description\" class=\"short-description\">\n\t<p><strong>Dur\u00e9e :<\/strong> Demi-journ\u00e9e<strong><br \/>\nD\u00e9part :<\/strong> Tadine<strong><br \/>\nDifficult\u00e9 :<\/strong> Facile\/Familiale<strong><br \/>\nMinimum :<\/strong> 2 personnes<br \/>\nTour de l\u2019Ile pour d\u00e9couvrir les splendeurs de la plus sauvage des \u00eeles Loyaut\u00e9 !<\/p>\n<\/div>     \n\n     \t\t\n\t\n\t\t<\/div><!-- end info -->\t\n\n<\/div> <!-- .inner-wrap -->\n<\/a>\n<\/li><!-- li.product-small -->\n<li class=\"product-small  grid2 grid-boxed\">\n<a href=\"https:\/\/www.noumeadiscovery.com\/french\/produit\/lifou-guided-tour\/\" class=\"woocommerce-LoopProduct-link woocommerce-loop-product__link\"><div class=\"inner-wrap\">\n<a href=\"https:\/\/www.noumeadiscovery.com\/french\/produit\/lifou-guided-tour\/\">\n      <div class=\"product-image hover_fade_in_back\">\n      \t         <div class=\"front-image\"><img width=\"200\" height=\"165\" src=\"https:\/\/www.noumeadiscovery.com\/french\/wp-content\/uploads\/2016\/04\/lifou-1-200x165.jpg\" class=\"attachment-shop_catalog size-shop_catalog wp-post-image\" alt=\"\" decoding=\"async\" loading=\"lazy\" \/><\/div>\n\t\t\t\t<div class=\"back-image back\"><img width=\"200\" height=\"165\" src=\"https:\/\/www.noumeadiscovery.com\/french\/wp-content\/uploads\/2016\/loyalty\/Lifou - Vanille-200x165.jpg\" class=\"attachment-shop_catalog size-shop_catalog\" alt=\"\" decoding=\"async\" loading=\"lazy\" \/><\/div>\t\t\t\t\n\t\t \n\t   \t\t\t\n\t\t      <\/div><!-- end product-image -->\n<\/a>      \t\n\n    <div class=\"info style-grid2\">\n\n\t \n          \n\n          <a href=\"https:\/\/www.noumeadiscovery.com\/french\/produit\/lifou-guided-tour\/\"><p class=\"name\">Tour de l&rsquo;\u00eele de Lifou<\/p><\/a>\n          \n<div itemprop=\"description\" class=\"short-description\">\n\t<p><strong>Dur\u00e9e :<\/strong> Demi-journ\u00e9e<strong><br \/>\nD\u00e9part :<\/strong> W\u00e9<strong><br \/>\nDifficult\u00e9 :<\/strong> Facile\/Familial<strong><br \/>\nMinimum :<\/strong> 2 personnes<strong><br \/>\n<\/strong>Ce tour guid\u00e9 vous emm\u00e8nera \u00e0 la d\u00e9couverte des plus beaux sites de l&rsquo;\u00eele.<\/p>\n<\/div>     \n\n     \t\t\n\t\n\t\t<\/div><!-- end info -->\t\n\n<\/div> <!-- .inner-wrap -->\n<\/a>\n<\/li><!-- li.product-small -->\n<li class=\"product-small  grid2 grid-boxed\">\n<a href=\"https:\/\/www.noumeadiscovery.com\/french\/produit\/boat-excursion-ouvea\/\" class=\"woocommerce-LoopProduct-link woocommerce-loop-product__link\"><div class=\"inner-wrap\">\n<a href=\"https:\/\/www.noumeadiscovery.com\/french\/produit\/boat-excursion-ouvea\/\">\n      <div class=\"product-image hover_fade_in_back\">\n      \t         <div class=\"front-image\"><img width=\"200\" height=\"165\" src=\"https:\/\/www.noumeadiscovery.com\/french\/wp-content\/uploads\/2016\/04\/Ouv\u00e9a1-200x165.jpg\" class=\"attachment-shop_catalog size-shop_catalog wp-post-image\" alt=\"\" decoding=\"async\" loading=\"lazy\" \/><\/div>\n\t\t\t\t\t\t\t\t\n\t\t \n\t   \t\t\t\n\t\t      <\/div><!-- end product-image -->\n<\/a>      \t\n\n    <div class=\"info style-grid2\">\n\n\t \n          \n\n          <a href=\"https:\/\/www.noumeadiscovery.com\/french\/produit\/boat-excursion-ouvea\/\"><p class=\"name\">Excursion en Bateau \u2013 Ouv\u00e9a<\/p><\/a>\n          \n<div itemprop=\"description\" class=\"short-description\">\n\t<p><strong>Dur\u00e9e<\/strong> : De 9h \u00e0 15h<br \/>\n<strong>Difficult\u00e9 : <\/strong>Facile\/Familial<br \/>\nPartez \u00e0 la d\u00e9couverte des pl\u00e9iades du Sud o\u00f9 vous tomberez sous le charme de ce d\u00e9cor de r\u00eave et vous profiterez d\u2019un d\u00e9jeuner et d\u2019un moment de d\u00e9tente idyllique.<\/p>\n<\/div>     \n\n     \t\t\n\t\n\t\t<\/div><!-- end info -->\t\n\n<\/div> <!-- .inner-wrap -->\n<\/a>\n<\/li><!-- li.product-small --><\/ul>\n<\/div>\n<\/div><!-- .large-12 --><\/div>\n","protected":false},"excerpt":{"rendered":"","protected":false},"author":6,"featured_media":0,"parent":0,"menu_order":0,"comment_status":"closed","ping_status":"closed","template":"page-right-sidebar-notitle.php","meta":[],"_links":{"self":[{"href":"https:\/\/www.noumeadiscovery.com\/french\/wp-json\/wp\/v2\/pages\/404"}],"collection":[{"href":"https:\/\/www.noumeadiscovery.com\/french\/wp-json\/wp\/v2\/pages"}],"about":[{"href":"https:\/\/www.noumeadiscovery.com\/french\/wp-json\/wp\/v2\/types\/page"}],"author":[{"embeddable":true,"href":"https:\/\/www.noumeadiscovery.com\/french\/wp-json\/wp\/v2\/users\/6"}],"replies":[{"embeddable":true,"href":"https:\/\/www.noumeadiscovery.com\/french\/wp-json\/wp\/v2\/comments?post=404"}],"version-history":[{"count":4,"href":"https:\/\/www.noumeadiscovery.com\/french\/wp-json\/wp\/v2\/pages\/404\/revisions"}],"predecessor-version":[{"id":1849,"href":"https:\/\/www.noumeadiscovery.com\/french\/wp-json\/wp\/v2\/pages\/404\/revisions\/1849"}],"wp:attachment":[{"href":"https:\/\/www.noumeadiscovery.com\/french\/wp-json\/wp\/v2\/media?parent=404"}],"curies":[{"name":"wp","href":"https:\/\/api.w.org\/{rel}","templated":true}]}}