{"id":402,"date":"2016-02-18T15:48:56","date_gmt":"2016-02-18T05:48:56","guid":{"rendered":"http:\/\/noumea.respax.com.au\/?page_id=402"},"modified":"2016-07-29T10:08:54","modified_gmt":"2016-07-29T00:08:54","slug":"isle-of-pines-excursions","status":"publish","type":"page","link":"https:\/\/www.noumeadiscovery.com\/french\/isle-of-pines-excursions\/","title":{"rendered":"Excursions \u00cele des Pins"},"content":{"rendered":"   <div id=\"banner_1666209215\" class=\"ux_banner dark    \"  style=\"height:150px; \" data-height=\"150px\" role=\"banner\">\n                                  <div class=\"banner-bg \"  style=\"background-image:url('https:\/\/noumeadiscovery.com\/wp-content\/uploads\/2016\/01\/P1040339.jpg'); \"><img src=\"https:\/\/noumeadiscovery.com\/wp-content\/uploads\/2016\/01\/P1040339.jpg\"  alt=\"\" style=\"visibility:hidden;\" \/><\/div>\n                             <div class=\"row\" >\n          <div class=\"inner center text-center \"  style=\"width:70%;\">\n            <div class=\"inner-wrap animated fadeIn\" style=\" \">\n              <h1>Excursions \u00cele des Pins<\/h1>\n            <\/div>\n          <\/div>  \n        <\/div>\n                     <\/div><!-- end .ux_banner -->\n\n<div class=\"woocommerce columns-1 \"><div class=\"row\">\n\t<div class=\"large-12 columns\">\n\t<ul class=\"products small-block-grid-1 large-block-grid-1\">\n\n<li class=\"product-small  grid2 grid-boxed\">\n<a href=\"https:\/\/www.noumeadiscovery.com\/french\/produit\/nokanhui-atoll-day-trip\/\" class=\"woocommerce-LoopProduct-link woocommerce-loop-product__link\"><div class=\"inner-wrap\">\n<a href=\"https:\/\/www.noumeadiscovery.com\/french\/produit\/nokanhui-atoll-day-trip\/\">\n      <div class=\"product-image hover_fade_in_back\">\n      \t         <div class=\"front-image\"><img width=\"200\" height=\"165\" src=\"https:\/\/www.noumeadiscovery.com\/french\/wp-content\/uploads\/2016\/04\/ilot-brosse-2-200x165.jpg\" class=\"attachment-shop_catalog size-shop_catalog wp-post-image\" alt=\"\" decoding=\"async\" loading=\"lazy\" \/><\/div>\n\t\t\t\t<div class=\"back-image back\"><img width=\"200\" height=\"165\" src=\"https:\/\/www.noumeadiscovery.com\/french\/wp-content\/uploads\/2016\/07\/IMG_1938-1-200x165.jpg\" class=\"attachment-shop_catalog size-shop_catalog\" alt=\"\" decoding=\"async\" loading=\"lazy\" \/><\/div>\t\t\t\t\n\t\t \n\t   \t\t\t\n\t\t      <\/div><!-- end product-image -->\n<\/a>      \t\n\n    <div class=\"info style-grid2\">\n\n\t \n          \n\n          <a href=\"https:\/\/www.noumeadiscovery.com\/french\/produit\/nokanhui-atoll-day-trip\/\"><p class=\"name\">Excursion en bateau \u00e0 l&rsquo;Ilot Moro<\/p><\/a>\n          \n<div itemprop=\"description\" class=\"short-description\">\n\t<p><strong>Dur\u00e9e :<\/strong> environ 8h<br \/>\n<strong>Difficult\u00e9 :<\/strong> Facile<br \/>\n<strong>Inclus :<\/strong> Excursion &amp; D\u00e9jeuner<br \/>\nProfitez au maximum de ce paysage de carte postale lors de cette immersion compl\u00e8te au rythme des \u00eeles du pacifique.<\/p>\n<\/div>     \n\n     \t\t\n\t\n\t\t<\/div><!-- end info -->\t\n\n<\/div> <!-- .inner-wrap -->\n<\/a>\n<\/li><!-- li.product-small -->\n<li class=\"product-small  grid2 grid-boxed\">\n<a href=\"https:\/\/www.noumeadiscovery.com\/french\/produit\/journee-lile-des-pins\/\" class=\"woocommerce-LoopProduct-link woocommerce-loop-product__link\"><div class=\"inner-wrap\">\n<a href=\"https:\/\/www.noumeadiscovery.com\/french\/produit\/journee-lile-des-pins\/\">\n      <div class=\"product-image hover_fade_in_back\">\n      \t         <div class=\"front-image\"><img width=\"200\" height=\"165\" src=\"https:\/\/www.noumeadiscovery.com\/french\/wp-content\/uploads\/2016\/12\/oure-tera-2-200x165.jpg\" class=\"attachment-shop_catalog size-shop_catalog wp-post-image\" alt=\"\" decoding=\"async\" loading=\"lazy\" \/><\/div>\n\t\t\t\t<div class=\"back-image back\"><img width=\"200\" height=\"165\" src=\"https:\/\/www.noumeadiscovery.com\/french\/wp-content\/uploads\/2016\/12\/oure-tera-3-200x165.jpg\" class=\"attachment-shop_catalog size-shop_catalog\" alt=\"\" decoding=\"async\" loading=\"lazy\" \/><\/div>\t\t\t\t\n\t\t \n\t   \t\t\t\n\t\t      <\/div><!-- end product-image -->\n<\/a>      \t\n\n    <div class=\"info style-grid2\">\n\n\t \n          \n\n          <a href=\"https:\/\/www.noumeadiscovery.com\/french\/produit\/journee-lile-des-pins\/\"><p class=\"name\">Journ\u00e9e \u00e0 l&rsquo;Ile des Pins<\/p><\/a>\n          \n<div itemprop=\"description\" class=\"short-description\">\n\t<p>Prenez votre vol domestique et partez pour une journ\u00e9e sur l\u2019ile surnomm\u00e9e \u00ab\u00a0La plus proche du Paradis\u00a0\u00bb. C\u2019est un lieu unique qui offre un d\u00e9cor \u00e0 couper le souffle, dot\u00e9 de longue plages de sable blanches et d\u2019eaux turquoises. C\u2019est le moment parfait pour appr\u00e9cier et se relaxer.<\/p>\n<\/div>     \n\n     \t\t\n\t\n\t\t<\/div><!-- end info -->\t\n\n<\/div> <!-- .inner-wrap -->\n<\/a>\n<\/li><!-- li.product-small --><\/ul>\n<\/div>\n<\/div><!-- .large-12 --><\/div>\n","protected":false},"excerpt":{"rendered":"","protected":false},"author":6,"featured_media":0,"parent":0,"menu_order":0,"comment_status":"closed","ping_status":"closed","template":"page-right-sidebar-notitle.php","meta":[],"_links":{"self":[{"href":"https:\/\/www.noumeadiscovery.com\/french\/wp-json\/wp\/v2\/pages\/402"}],"collection":[{"href":"https:\/\/www.noumeadiscovery.com\/french\/wp-json\/wp\/v2\/pages"}],"about":[{"href":"https:\/\/www.noumeadiscovery.com\/french\/wp-json\/wp\/v2\/types\/page"}],"author":[{"embeddable":true,"href":"https:\/\/www.noumeadiscovery.com\/french\/wp-json\/wp\/v2\/users\/6"}],"replies":[{"embeddable":true,"href":"https:\/\/www.noumeadiscovery.com\/french\/wp-json\/wp\/v2\/comments?post=402"}],"version-history":[{"count":4,"href":"https:\/\/www.noumeadiscovery.com\/french\/wp-json\/wp\/v2\/pages\/402\/revisions"}],"predecessor-version":[{"id":1848,"href":"https:\/\/www.noumeadiscovery.com\/french\/wp-json\/wp\/v2\/pages\/402\/revisions\/1848"}],"wp:attachment":[{"href":"https:\/\/www.noumeadiscovery.com\/french\/wp-json\/wp\/v2\/media?parent=402"}],"curies":[{"name":"wp","href":"https:\/\/api.w.org\/{rel}","templated":true}]}}