{"id":399,"date":"2016-02-18T15:48:26","date_gmt":"2016-02-18T05:48:26","guid":{"rendered":"http:\/\/noumea.respax.com.au\/?page_id=399"},"modified":"2016-07-29T10:04:39","modified_gmt":"2016-07-29T00:04:39","slug":"new-caledonia-excursions","status":"publish","type":"page","link":"https:\/\/www.noumeadiscovery.com\/french\/new-caledonia-excursions\/","title":{"rendered":"Excursions Grande Terre"},"content":{"rendered":"   <div id=\"banner_1275352256\" class=\"ux_banner dark    \"  style=\"height:150px; \" data-height=\"150px\" role=\"banner\">\n                                  <div class=\"banner-bg \"  style=\"background-image:url('https:\/\/noumeadiscovery.com\/wp-content\/uploads\/2016\/01\/P1040339.jpg'); \"><img src=\"https:\/\/noumeadiscovery.com\/wp-content\/uploads\/2016\/01\/P1040339.jpg\"  alt=\"\" style=\"visibility:hidden;\" \/><\/div>\n                             <div class=\"row\" >\n          <div class=\"inner center text-center \"  style=\"width:70%;\">\n            <div class=\"inner-wrap animated fadeIn\" style=\" \">\n              <h1>Excursions Grande Terre<\/h1>\n            <\/div>\n          <\/div>  \n        <\/div>\n                     <\/div><!-- end .ux_banner -->\n\n<div class=\"woocommerce columns-1 \"><div class=\"row\">\n\t<div class=\"large-12 columns\">\n\t<ul class=\"products small-block-grid-1 large-block-grid-1\">\n\n<li class=\"product-small  grid2 grid-boxed\">\n<a href=\"https:\/\/www.noumeadiscovery.com\/french\/produit\/new-caledonian-southern-highlights-4wd\/\" class=\"woocommerce-LoopProduct-link woocommerce-loop-product__link\"><div class=\"inner-wrap\">\n<a href=\"https:\/\/www.noumeadiscovery.com\/french\/produit\/new-caledonian-southern-highlights-4wd\/\">\n      <div class=\"product-image hover_fade_in_back\">\n      \t         <div class=\"front-image\"><img width=\"200\" height=\"165\" src=\"https:\/\/www.noumeadiscovery.com\/french\/wp-content\/uploads\/2016\/excursions\/four-wheel-drive-200x165.jpg\" class=\"attachment-shop_catalog size-shop_catalog wp-post-image\" alt=\"\" decoding=\"async\" loading=\"lazy\" \/><\/div>\n\t\t\t\t<div class=\"back-image back\"><img width=\"200\" height=\"165\" src=\"https:\/\/www.noumeadiscovery.com\/french\/wp-content\/uploads\/2016\/excursions\/4wd-200x165.jpg\" class=\"attachment-shop_catalog size-shop_catalog\" alt=\"\" decoding=\"async\" loading=\"lazy\" \/><\/div>\t\t\t\t\n\t\t \n\t   \t\t\t\n\t\t      <\/div><!-- end product-image -->\n<\/a>      \t\n\n    <div class=\"info style-grid2\">\n\n\t \n          \n\n          <a href=\"https:\/\/www.noumeadiscovery.com\/french\/produit\/new-caledonian-southern-highlights-4wd\/\"><p class=\"name\">Le Sud de la Cal\u00e9donie : l\u2019Essentiel en 4&#215;4<\/p><\/a>\n          \n<div itemprop=\"description\" class=\"short-description\">\n\t<p><strong>Dur\u00e9e\u00a0:<\/strong> 6 h (de 8h00 \u00e0 14h00)<br \/>\n<strong>Distance :<\/strong> 150 km<br \/>\n<strong>Sites visit\u00e9s :<\/strong> Fontaine du col de Plum, Plaine du champs de bataille, Village de Prony, mine de fer, Chute de la Madeleine, pique-nique \u00e0 Netcha, lac de Yat\u00e9.<\/p>\n<\/div>     \n\n     \t\t\n\t\n\t\t<\/div><!-- end info -->\t\n\n<\/div> <!-- .inner-wrap -->\n<\/a>\n<\/li><!-- li.product-small -->\n<li class=\"product-small  grid2 grid-boxed\">\n<a href=\"https:\/\/www.noumeadiscovery.com\/french\/produit\/sea-trip-hienghene\/\" class=\"woocommerce-LoopProduct-link woocommerce-loop-product__link\"><div class=\"inner-wrap\">\n<a href=\"https:\/\/www.noumeadiscovery.com\/french\/produit\/sea-trip-hienghene\/\">\n      <div class=\"product-image hover_fade_in_back\">\n      \t         <div class=\"front-image\"><img width=\"200\" height=\"165\" src=\"https:\/\/www.noumeadiscovery.com\/french\/wp-content\/uploads\/2016\/07\/23-200x165.jpg\" class=\"attachment-shop_catalog size-shop_catalog wp-post-image\" alt=\"\" decoding=\"async\" loading=\"lazy\" \/><\/div>\n\t\t\t\t<div class=\"back-image back\"><img width=\"200\" height=\"165\" src=\"https:\/\/www.noumeadiscovery.com\/french\/wp-content\/uploads\/2016\/07\/1-200x165.jpg\" class=\"attachment-shop_catalog size-shop_catalog\" alt=\"\" decoding=\"async\" loading=\"lazy\" \/><\/div>\t\t\t\t\n\t\t \n\t   \t\t\t\n\t\t      <\/div><!-- end product-image -->\n<\/a>      \t\n\n    <div class=\"info style-grid2\">\n\n\t \n          \n\n          <a href=\"https:\/\/www.noumeadiscovery.com\/french\/produit\/sea-trip-hienghene\/\"><p class=\"name\">Sortie en mer &#8211; Hiengh\u00e8ne<\/p><\/a>\n          \n<div itemprop=\"description\" class=\"short-description\">\n\t<p><strong>Dur\u00e9e :<\/strong> De 14H \u00e0 16h<br \/>\n<strong>Difficult\u00e9 :<\/strong> Facile<br \/>\n<strong>Minimum requis : <\/strong>2 personnes &#8211; Max 10 pers<br \/>\n2 heures de circuit en bateau pour admirer les Roches de Lind\u00e9ralique, passer au pied de la fameuse poule couveuse et d\u00e9couvrir la baie et le village de Hiengh\u00e8ne<\/p>\n<\/div>     \n\n     \t\t\n\t\n\t\t<\/div><!-- end info -->\t\n\n<\/div> <!-- .inner-wrap -->\n<\/a>\n<\/li><!-- li.product-small -->\n<li class=\"product-small  grid2 grid-boxed\">\n<a href=\"https:\/\/www.noumeadiscovery.com\/french\/produit\/hienga-island-trip-hienghene\/\" class=\"woocommerce-LoopProduct-link woocommerce-loop-product__link\"><div class=\"inner-wrap\">\n<a href=\"https:\/\/www.noumeadiscovery.com\/french\/produit\/hienga-island-trip-hienghene\/\">\n      <div class=\"product-image hover_fade_in_back\">\n      \t         <div class=\"front-image\"><img width=\"200\" height=\"165\" src=\"https:\/\/www.noumeadiscovery.com\/french\/wp-content\/uploads\/2016\/09\/35-200x165.jpg\" class=\"attachment-shop_catalog size-shop_catalog wp-post-image\" alt=\"\" decoding=\"async\" loading=\"lazy\" \/><\/div>\n\t\t\t\t\t\t\t\t\n\t\t \n\t   \t\t\t\n\t\t      <\/div><!-- end product-image -->\n<\/a>      \t\n\n    <div class=\"info style-grid2\">\n\n\t \n          \n\n          <a href=\"https:\/\/www.noumeadiscovery.com\/french\/produit\/hienga-island-trip-hienghene\/\"><p class=\"name\">\u00celot Hienga &#8211; Hiengh\u00e8ne<\/p><\/a>\n          \n<div itemprop=\"description\" class=\"short-description\">\n\t<p><strong>Dur\u00e9e :<\/strong> De 7h45 \u00e0 13h30<br \/>\n<strong>Difficult\u00e9 :<\/strong> Facile<br \/>\n<strong>Minimum requis : <\/strong>2 personnes<br \/>\nD\u00e9couverte des \u00e9cosyst\u00e8mes marins et terrestres avec en compl\u00e9ment la d\u00e9couverte du sentier botanique de l\u2019\u00eelot.<\/p>\n<\/div>     \n\n     \t\t\n\t\n\t\t<\/div><!-- end info -->\t\n\n<\/div> <!-- .inner-wrap -->\n<\/a>\n<\/li><!-- li.product-small -->\n<li class=\"product-small  grid2 grid-boxed\">\n<a href=\"https:\/\/www.noumeadiscovery.com\/french\/produit\/scuba-dive-hienghene\/\" class=\"woocommerce-LoopProduct-link woocommerce-loop-product__link\"><div class=\"inner-wrap\">\n<a href=\"https:\/\/www.noumeadiscovery.com\/french\/produit\/scuba-dive-hienghene\/\">\n      <div class=\"product-image hover_fade_in_back\">\n      \t         <div class=\"front-image\"><img width=\"200\" height=\"165\" src=\"https:\/\/www.noumeadiscovery.com\/french\/wp-content\/uploads\/2016\/excursions\/7-0-200x165.jpg\" class=\"attachment-shop_catalog size-shop_catalog wp-post-image\" alt=\"\" decoding=\"async\" loading=\"lazy\" \/><\/div>\n\t\t\t\t<div class=\"back-image back\"><img width=\"200\" height=\"165\" src=\"https:\/\/www.noumeadiscovery.com\/french\/wp-content\/uploads\/2016\/excursions\/26-200x165.jpg\" class=\"attachment-shop_catalog size-shop_catalog\" alt=\"\" decoding=\"async\" loading=\"lazy\" \/><\/div>\t\t\t\t\n\t\t \n\t   \t\t\t\n\t\t      <\/div><!-- end product-image -->\n<\/a>      \t\n\n    <div class=\"info style-grid2\">\n\n\t \n          \n\n          <a href=\"https:\/\/www.noumeadiscovery.com\/french\/produit\/scuba-dive-hienghene\/\"><p class=\"name\">Plong\u00e9e d&rsquo;exploration &#8211; Hiengh\u00e8ne<\/p><\/a>\n          \n<div itemprop=\"description\" class=\"short-description\">\n\t<p><strong>Dur\u00e9e :<\/strong> De 7h30 \u00e0 13h30<br \/>\n<strong>Difficult\u00e9 :<\/strong> Facile<br \/>\n<strong>Minimum requis : <\/strong>4 personnes<br \/>\nLe niveau 1 de plong\u00e9e est n\u00e9cessaire pour participer. Au choix : 1 sortie d\u20191 plong\u00e9e d\u2019exploration, ou 1 sortie de 2 plong\u00e9es d\u2019exploration.<\/p>\n<\/div>     \n\n     \t\t\n\t\n\t\t<\/div><!-- end info -->\t\n\n<\/div> <!-- .inner-wrap -->\n<\/a>\n<\/li><!-- li.product-small -->\n<li class=\"product-small  grid2 grid-boxed\">\n<a href=\"https:\/\/www.noumeadiscovery.com\/french\/produit\/beginners-scuba-dive-hienghene\/\" class=\"woocommerce-LoopProduct-link woocommerce-loop-product__link\"><div class=\"inner-wrap\">\n<a href=\"https:\/\/www.noumeadiscovery.com\/french\/produit\/beginners-scuba-dive-hienghene\/\">\n      <div class=\"product-image hover_fade_in_back\">\n      \t         <div class=\"front-image\"><img width=\"200\" height=\"165\" src=\"https:\/\/www.noumeadiscovery.com\/french\/wp-content\/uploads\/2016\/excursions\/22-200x165.jpg\" class=\"attachment-shop_catalog size-shop_catalog wp-post-image\" alt=\"\" decoding=\"async\" loading=\"lazy\" \/><\/div>\n\t\t\t\t<div class=\"back-image back\"><img width=\"200\" height=\"165\" src=\"https:\/\/www.noumeadiscovery.com\/french\/wp-content\/uploads\/2016\/excursions\/scuba2-200x165.jpg\" class=\"attachment-shop_catalog size-shop_catalog\" alt=\"\" decoding=\"async\" loading=\"lazy\" \/><\/div>\t\t\t\t\n\t\t \n\t   \t\t\t\n\t\t      <\/div><!-- end product-image -->\n<\/a>      \t\n\n    <div class=\"info style-grid2\">\n\n\t \n          \n\n          <a href=\"https:\/\/www.noumeadiscovery.com\/french\/produit\/beginners-scuba-dive-hienghene\/\"><p class=\"name\">Bapt\u00eame de Plong\u00e9e &#8211; Hiengh\u00e8ne<\/p><\/a>\n          \n<div itemprop=\"description\" class=\"short-description\">\n\t<p><strong>Dur\u00e9e :<\/strong> 3h30 &#8211; de 14h \u00e0 17h30<br \/>\n<strong>Difficult\u00e9 :<\/strong> Facile<br \/>\n<strong>Minimum requis : <\/strong>2 personnes<br \/>\nParfait pour les d\u00e9butants. Plong\u00e9e en bouteille dans les magnifiques gorgones, corail en forme d&rsquo;\u00e9ventail et de couleur vive, de la c\u00f4te Est.<\/p>\n<\/div>     \n\n     \t\t\n\t\n\t\t<\/div><!-- end info -->\t\n\n<\/div> <!-- .inner-wrap -->\n<\/a>\n<\/li><!-- li.product-small --><\/ul>\n<\/div>\n<\/div><!-- .large-12 --><\/div>\n","protected":false},"excerpt":{"rendered":"","protected":false},"author":6,"featured_media":0,"parent":0,"menu_order":0,"comment_status":"closed","ping_status":"closed","template":"page-right-sidebar-notitle.php","meta":[],"_links":{"self":[{"href":"https:\/\/www.noumeadiscovery.com\/french\/wp-json\/wp\/v2\/pages\/399"}],"collection":[{"href":"https:\/\/www.noumeadiscovery.com\/french\/wp-json\/wp\/v2\/pages"}],"about":[{"href":"https:\/\/www.noumeadiscovery.com\/french\/wp-json\/wp\/v2\/types\/page"}],"author":[{"embeddable":true,"href":"https:\/\/www.noumeadiscovery.com\/french\/wp-json\/wp\/v2\/users\/6"}],"replies":[{"embeddable":true,"href":"https:\/\/www.noumeadiscovery.com\/french\/wp-json\/wp\/v2\/comments?post=399"}],"version-history":[{"count":3,"href":"https:\/\/www.noumeadiscovery.com\/french\/wp-json\/wp\/v2\/pages\/399\/revisions"}],"predecessor-version":[{"id":1846,"href":"https:\/\/www.noumeadiscovery.com\/french\/wp-json\/wp\/v2\/pages\/399\/revisions\/1846"}],"wp:attachment":[{"href":"https:\/\/www.noumeadiscovery.com\/french\/wp-json\/wp\/v2\/media?parent=399"}],"curies":[{"name":"wp","href":"https:\/\/api.w.org\/{rel}","templated":true}]}}