{"id":1225,"date":"2016-04-11T11:14:55","date_gmt":"2016-04-11T01:14:55","guid":{"rendered":"http:\/\/noumea.respax.com.au\/?page_id=1225"},"modified":"2017-09-07T08:27:38","modified_gmt":"2017-09-06T22:27:38","slug":"general-visitor-information","status":"publish","type":"page","link":"https:\/\/www.noumeadiscovery.com\/french\/general-visitor-information\/","title":{"rendered":"Informations visiteurs"},"content":{"rendered":"   <div id=\"banner_1592986733\" class=\"ux_banner dark    \"  style=\"height:150px; \" data-height=\"150px\" role=\"banner\">\n                                  <div class=\"banner-bg \"  style=\"background-image:url('https:\/\/www.noumeadiscovery.com\/french\/wp-content\/uploads\/2016\/03\/noumea-new-caledonia.jpg'); \"><img src=\"https:\/\/www.noumeadiscovery.com\/french\/wp-content\/uploads\/2016\/03\/noumea-new-caledonia.jpg\"  alt=\"\" style=\"visibility:hidden;\" \/><\/div>\n                             <div class=\"row\" >\n          <div class=\"inner center text-center \"  style=\"width:70%;\">\n            <div class=\"inner-wrap animated fadeIn\" style=\" \">\n              <h1>Informations visiteurs<\/h1>\n            <\/div>\n          <\/div>  \n        <\/div>\n                     <\/div><!-- end .ux_banner -->\n\n<h3>G\u00e9ographie<\/h3>\n<p>La Nouvelle Cal\u00e9donie est compos\u00e9e de l\u2019\u00eele principale &#8211; la Grande Terre (400 X 50kms) appel\u00e9e parfois \u2018le Caillou\u2019 \u2013 et de plusieurs autres \u00eeles, notamment les Iles Loyaut\u00e9 (Mar\u00e9, Ouvea and Lifou) situ\u00e9es \u00e0 l\u2019est, et l\u2019Ile des Pins, 60kms au sud-est de la Grande Terre.\u00a0 Ce territoire d\u2019Outre-Mer se trouve \u00e0 17 000kms de Paris, \u00e0 1 950kms de Sydney, \u00e0 1 800kms d\u2019Auckland et \u00e0 7 000kms de Tokyo.<\/p>\n<h3>Formalit\u00e9s d\u2019Entr\u00e9e &amp; de Visa<\/h3>\n<p>Les Fran\u00e7ais n\u2019ont pas besoin de visa \u2013 simplement un passeport valable 6 mois apr\u00e8s leur d\u00e9part. Les ressortissants des pays de l\u2019Union Europ\u00e9enne, de la Suisse, de l\u2019Argentine, de l\u2019Australie, de la Nouvelle Z\u00e9lande, du Canada et du Japon n\u2019ont pas besoin de visa non plus et peuvent s\u00e9journer 3 mois. La preuve du billet retour peut \u00eatre exig\u00e9e.<\/p>\n<h3>Monnaie<\/h3>\n<p>La monnaie cal\u00e9donienne est le franc pacifique \u2013 CPF\/XPF. Les billets se composent en d\u00e9nominations de 10,000, 5,000, 1,000 and 500. Les pi\u00e8ces se coupent en 100, 50, 20, 10, 5, 2 and 1. La Nouvelle Cal\u00e9donie fait partie du syst\u00e8me mon\u00e9taire fran\u00e7ais \u2013 le taux d\u2019\u00e9change est fixe avec un 1 EURO \u00e0 119.33 CFP. Des dollars australiens et n\u00e9o-z\u00e9landais sont g\u00e9n\u00e9ralement accept\u00e9s dans certains magasins, h\u00f4tels et restaurants, notamment \u00e0 Noum\u00e9a.<\/p>\n<h3>Banques<\/h3>\n<p>Les banques sont ouvertes du lundi au vendredi, en g\u00e9n\u00e9ral de 7h30 \u00e0 15h45. Des distributeurs sont disponibles \u00e0 travers tout le pays. Des cartes de cr\u00e9dit sont accept\u00e9es en g\u00e9n\u00e9ral mais il vaut mieux se munir des esp\u00e8ces en allant dans certains coins recul\u00e9s en tribu et dans les \u00eeles. NB Des banques cal\u00e9doniennes n\u2019acceptent plus les travelers ch\u00e8ques. Il peut s\u2019av\u00e9rer difficile de procurer des esp\u00e8ces CFP en m\u00e9tropole mais vous pourrez toujours faire le change \u00e0 l\u2019a\u00e9roport international de Tontouta quelle que soit l\u2019heure de votre arriv\u00e9e.<\/p>\n<h3>D\u00e9calage Horaire<\/h3>\n<p>L\u2019heure locale est GMT + 11 heures et ne change pas en \u00e9t\u00e9 par rapport \u00e0 l\u2019hiver. Concr\u00e8tement cela veut dire + 9 heures en \u00e9t\u00e9 (en\u00a0 m\u00e9tropole) et + 10 heures en hiver. En saison chaude (de d\u00e9cembre \u00e0 mars) il fait jour de 4h30 \u00e0 19h et en saison fra\u00eeche, (de juin \u00e0 septembre), de 6h30 \u00e0 17h30.<\/p>\n<h3>Conduite<\/h3>\n<p>Comme en m\u00e9tropole la conduite est \u00e0 droite. Bien que la plupart des routes soit en bon \u00e9tat certaines pistes ne sont pas goudronn\u00e9es et il y a certains risques \u2013 notamment li\u00e9s \u00e0 l\u2019ivresse au volant, surtout le weekend. Prudence la nuit \u00e9galement car vous risquez de croiser des personnes habill\u00e9es en v\u00eatements sombres, sans lumi\u00e8re, parfois m\u00eame allong\u00e9es sur la route ! En dehors de Noum\u00e9a, attention au b\u00e9tail et aux cerfs qui peuvent traverser la route sans pr\u00e9venir ! N\u2019oubliez pas d\u2019obtenir une autorisation pour traverser des propri\u00e9t\u00e9s priv\u00e9es.<\/p>\n<h3>\u00c9lectricit\u00e9<\/h3>\n<p>Le courant \u00e9lectrique est de 220V. Il alimente toute la Nouvelle Cal\u00e9donie y compris les \u00eeles. Cependant dans certains lieux isol\u00e9s des groupes \u00e9lectrog\u00e8nes sont utilis\u00e9s pour fournir de l\u2019\u00e9lectricit\u00e9 \u00e0 certains moments de la journ\u00e9e. Les prises \u00e9lectriques sont les m\u00eames qu\u2019en m\u00e9tropole.<\/p>\n<h3>Jours F\u00e9ries<\/h3>\n<p>1er janvier \/ lundi de P\u00e2ques \/ 1er mai \/ 8 mai \/ jeudi de l\u2019Ascension \/ lundi de Pentec\u00f4te \/ 14 juillet \/ 15 ao\u00fbt \/ 24 septembre \/ 1er novembre \/ 11 novembre \/ 25 d\u00e9cembre. Les grandes vacances d\u2019\u00e9t\u00e9 sont de mi-d\u00e9cembre \u00e0 mi-f\u00e9vrier.<\/p>\n<h3>Climat &amp; V\u00eatements<\/h3>\n<p>La Nouvelle Cal\u00e9donie est appel\u00e9 &lsquo;l\u2019\u00eele du printemps \u00e9ternel&rsquo; o\u00f9 2 saisons dominent : la saison chaude (\u00e9t\u00e9) et la saison fra\u00eeche (hiver). La premi\u00e8re est d\u2019octobre \u00e0 mars\/avril avec la p\u00e9riode des pluies entre janvier et mars. La deuxi\u00e8me est de mai \u00e0 septembre, mais les temp\u00e9ratures descendent rarement en dessous de 20\u00b0C. Pr\u00e9voir des v\u00eatements l\u00e9gers (short, T shirt) en saison chaude et des v\u00eatements plus chauds (pull, pantalon, veste) en saison fra\u00eeche. La nudit\u00e9 et le monokini sont strictement interdits, m\u00eame dans des lieux touristiques.<\/p>\n<h3>Langue<\/h3>\n<p>Le fran\u00e7ais, \u00e9tant la langue officielle, est parl\u00e9 partout. Une trentaine de dialectes kanak sont \u00e9galement pr\u00e9sents \u00e0 travers le pays. L\u2019anglais est de plus en plus pratiqu\u00e9 dans des h\u00f4tels et des sites touristiques.<\/p>\n<h3>Sant\u00e9<\/h3>\n<p>Bien que la Nouvelle Cal\u00e9donie soit un lieu plut\u00f4t sain, elle est sujette \u00e0 certaines maladies transmises par des animaux locaux, notamment par des moustiques et des rongeurs: la dengue, le chikungunya et leptospirose. Il faut s\u2019habiller en cons\u00e9quence et utiliser r\u00e9guli\u00e8rement du produit anti-moustiques. Certains poissons qui mangent du corail mort peut aussi transmettre la ciguatera ou la \u2018gratte\u2019. Avant de partir v\u00e9rifier que vous avez une couverture m\u00e9dicale suffisante pour compl\u00e9ter celle de base de la S\u00e9curit\u00e9 Sociale fran\u00e7aise.<\/p>\n<h3>T\u00e9l\u00e9phone<\/h3>\n<p>L\u2019indicatif de la Nouvelle Cal\u00e9donie est le 687. Le r\u00e9seau des t\u00e9l\u00e9phones mobiles s\u2019appelle Mobilis &#8211; il fonctionne avec des t\u00e9l\u00e9phones portables fran\u00e7ais mais il vaut mieux vous renseigner sur les co\u00fbts et les modalit\u00e9s avant de partir. Des cartes pr\u00e9pay\u00e9es sont disponibles dans les bureaux de poste (OPT) et dans des stations-service. La 3G est g\u00e9n\u00e9ralement disponible partout en Nouvelle Cal\u00e9donie et la 4G arrive progressivement. Pour plus de renseignements appeler le 1000.<\/p>\n<h3>Internet<\/h3>\n<p>L\u2019ADSL est disponible presque partout avec le wifi gratuit propos\u00e9 par de nombreux h\u00f4tels et bars.<\/p>\n<h3>Contacts Utiles<\/h3>\n<ul>\n<li>SAMU \/ SOS M\u00e9decins: 15<\/li>\n<li>SECOURS EN MER: 16<\/li>\n<li>POLICE SECOURS : 17<\/li>\n<li>POMPIERS 18<\/li>\n<li>H\u00f4pital Gaston Bourret \u00e0 Noum\u00e9a : 256 666<\/li>\n<\/ul>\n<h3>\u2018La Coutume\u2019<\/h3>\n<p>Beaucoup de coutumes, parfois complexes, existent dans les clans et les tribus kanak. Chaque parcelle de terre kanak, qui appartient forc\u00e9ment \u00e0 quelqu\u2019un, est souvent impr\u00e9gn\u00e9e de l\u00e9gendes, de tabous ou d\u2019autres pratiques sacr\u00e9es. II est donc important une fois que vous vous \u00e9loignez des endroits touristiques de respecter ces lieux et les coutumes locales en offrant un petit cadeau avec votre bonjour en annon\u00e7ant la raison de votre visite avec le sourire!<\/p>\n<p>&nbsp;<\/p>\n","protected":false},"excerpt":{"rendered":"<p>G\u00e9ographie La Nouvelle Cal\u00e9donie est compos\u00e9e de l\u2019\u00eele principale &#8211; la Grande Terre (400 X 50kms) appel\u00e9e parfois \u2018le Caillou\u2019 \u2013 et de plusieurs autres \u00eeles, notamment les Iles Loyaut\u00e9 (Mar\u00e9, Ouvea and Lifou) situ\u00e9es \u00e0 l\u2019est, et l\u2019Ile des Pins, 60kms au sud-est de la Grande Terre.\u00a0 Ce territoire d\u2019Outre-Mer se trouve \u00e0 17 [&hellip;]\n","protected":false},"author":6,"featured_media":0,"parent":0,"menu_order":0,"comment_status":"closed","ping_status":"closed","template":"page-blank-container.php","meta":[],"_links":{"self":[{"href":"https:\/\/www.noumeadiscovery.com\/french\/wp-json\/wp\/v2\/pages\/1225"}],"collection":[{"href":"https:\/\/www.noumeadiscovery.com\/french\/wp-json\/wp\/v2\/pages"}],"about":[{"href":"https:\/\/www.noumeadiscovery.com\/french\/wp-json\/wp\/v2\/types\/page"}],"author":[{"embeddable":true,"href":"https:\/\/www.noumeadiscovery.com\/french\/wp-json\/wp\/v2\/users\/6"}],"replies":[{"embeddable":true,"href":"https:\/\/www.noumeadiscovery.com\/french\/wp-json\/wp\/v2\/comments?post=1225"}],"version-history":[{"count":14,"href":"https:\/\/www.noumeadiscovery.com\/french\/wp-json\/wp\/v2\/pages\/1225\/revisions"}],"predecessor-version":[{"id":2686,"href":"https:\/\/www.noumeadiscovery.com\/french\/wp-json\/wp\/v2\/pages\/1225\/revisions\/2686"}],"wp:attachment":[{"href":"https:\/\/www.noumeadiscovery.com\/french\/wp-json\/wp\/v2\/media?parent=1225"}],"curies":[{"name":"wp","href":"https:\/\/api.w.org\/{rel}","templated":true}]}}