{"id":1171,"date":"2016-04-07T14:10:58","date_gmt":"2016-04-07T04:10:58","guid":{"rendered":"http:\/\/noumea.respax.com.au\/?page_id=1171"},"modified":"2016-11-08T15:01:20","modified_gmt":"2016-11-08T05:01:20","slug":"la-foa","status":"publish","type":"page","link":"https:\/\/www.noumeadiscovery.com\/french\/destinations\/la-foa\/","title":{"rendered":"La Foa"},"content":{"rendered":"   <div id=\"banner_985771481\" class=\"ux_banner dark    \"  style=\"height:150px; \" data-height=\"150px\" role=\"banner\">\n                                  <div class=\"banner-bg \"  style=\"background-image:url('https:\/\/noumeadiscovery.com\/wp-content\/uploads\/2016\/04\/LaFoa.jpg'); \"><img src=\"https:\/\/noumeadiscovery.com\/wp-content\/uploads\/2016\/04\/LaFoa.jpg\"  alt=\"\" style=\"visibility:hidden;\" \/><\/div>\n                             <div class=\"row\" >\n          <div class=\"inner center text-center \"  style=\"width:70%;\">\n            <div class=\"inner-wrap animated fadeIn\" style=\" \">\n              <h1>La Foa<\/h1>\n            <\/div>\n          <\/div>  \n        <\/div>\n                     <\/div><!-- end .ux_banner -->\n\n<p>La Foa et sa r\u00e9gion (comprenant \u00e9galement Farino, Moindou et Sarram\u00e9a) est connue comme \u00e9tant une destination verte, o\u00f9 \u00e9cotourisme, grands espaces naturels, faune et flore end\u00e9miques&#8230; font la joie des visiteurs. Son immense Parc des Grandes Foug\u00e8res, sa mangrove ultra pr\u00e9serv\u00e9e et son lagon class\u00e9 au patrimoine mondial de l\u2019Unesco sont les exemples-phare d\u2019un univers riche en vie et en biodiversit\u00e9. L\u2019histoire n\u2019est pas en reste avec un pass\u00e9 fortement li\u00e9 \u00e0 la colonisation p\u00e9nale, et le Fort Teremba permet, via son mus\u00e9e et son site en bord de mer, de mieux comprendre la Nouvelle-Cal\u00e9donie d\u2019hier et d\u2019aujourd\u2019hui. Le tourisme est l\u2019un des points forts de l\u2019\u00e9conomie r\u00e9gionale depuis de nombreuses ann\u00e9es et les habitants ont su d\u00e9velopper une offre vari\u00e9e, que ce soit en terme d\u2019h\u00e9bergement, de restauration ou d\u2019activit\u00e9s. D\u2019ailleurs, sur ce dernier point, que vous d\u00e9siriez d\u00e9couvrir la r\u00e9gion par l&rsquo;air, la terre ou encore les eaux, vous trouverez \u00e0 coup s\u00fbr votre bonheur.<\/p>\n<h3>Les incontournables\u00a0:<\/h3>\n\t<div  class=\"row container \">\n<div class=\"small-12    large-3  columns   \"  ><div class=\"column-inner\"  >\n<div class=\"imagebox\">   <div id=\"banner_1458523485\" class=\"ux_banner dark    \"  style=\"height:180px; \" data-height=\"180px\" role=\"banner\">\n      <a href=\"#ouano\" >                            <div class=\"banner-bg \"  style=\"background-image:url('https:\/\/noumeadiscovery.com\/wp-content\/uploads\/2016\/04\/ouano beach.jpg'); \"><img src=\"https:\/\/noumeadiscovery.com\/wp-content\/uploads\/2016\/04\/ouano beach.jpg\"  alt=\"\" style=\"visibility:hidden;\" \/><\/div>\n                             <div class=\"row\" >\n          <div class=\"inner center text-center \"  style=\"width:70%;\">\n            <div class=\"inner-wrap animated fadeIn\" style=\" \">\n                          <\/div>\n          <\/div>  \n        <\/div>\n       <\/a>              <\/div><!-- end .ux_banner -->\n\n<div class=\"imagelabel\">\n<h3><a href=\"#ouano\">La Plage de Ouano<\/a><\/h3>\n<\/div>\n<\/div>\n<\/div><\/div>\n<div class=\"small-12    large-3  columns   \"  ><div class=\"column-inner\"  >\n<div class=\"imagebox\">   <div id=\"banner_211223847\" class=\"ux_banner dark    \"  style=\"height:180px; \" data-height=\"180px\" role=\"banner\">\n      <a href=\"#ferns\" >                            <div class=\"banner-bg \"  style=\"background-image:url('https:\/\/www.noumeadiscovery.com\/wp-content\/uploads\/2016\/04\/fern-park.jpg'); \"><img src=\"https:\/\/www.noumeadiscovery.com\/wp-content\/uploads\/2016\/04\/fern-park.jpg\"  alt=\"\" style=\"visibility:hidden;\" \/><\/div>\n                             <div class=\"row\" >\n          <div class=\"inner center text-center \"  style=\"width:70%;\">\n            <div class=\"inner-wrap animated fadeIn\" style=\" \">\n                          <\/div>\n          <\/div>  \n        <\/div>\n       <\/a>              <\/div><!-- end .ux_banner -->\n\n<div class=\"imagelabel\">\n<h3><a href=\"#ferns\">Le Parc des Grandes Fougeres<\/a><\/h3>\n<\/div>\n<\/div>\n<\/div><\/div>\n<div class=\"small-12    large-3  columns   \"  ><div class=\"column-inner\"  >\n<div class=\"imagebox\">   <div id=\"banner_107352404\" class=\"ux_banner dark    \"  style=\"height:180px; \" data-height=\"180px\" role=\"banner\">\n      <a href=\"#worms\" >                            <div class=\"banner-bg \"  style=\"background-image:url('https:\/\/noumeadiscovery.com\/wp-content\/uploads\/2016\/04\/verbancoule.jpg'); \"><img src=\"https:\/\/noumeadiscovery.com\/wp-content\/uploads\/2016\/04\/verbancoule.jpg\"  alt=\"\" style=\"visibility:hidden;\" \/><\/div>\n                             <div class=\"row\" >\n          <div class=\"inner center text-center \"  style=\"width:70%;\">\n            <div class=\"inner-wrap animated fadeIn\" style=\" \">\n                          <\/div>\n          <\/div>  \n        <\/div>\n       <\/a>              <\/div><!-- end .ux_banner -->\n\n<div class=\"imagelabel\">\n<h3><a href=\"#worms\">Degustation des Vers de Bancoule<\/a><\/h3>\n<\/div>\n<\/div>\n<\/div><\/div>\n<div class=\"small-12    large-3  columns   \"  ><div class=\"column-inner\"  >\n<div class=\"imagebox\">   <div id=\"banner_1039185341\" class=\"ux_banner dark    \"  style=\"height:180px; \" data-height=\"180px\" role=\"banner\">\n      <a href=\"#markets\" >                            <div class=\"banner-bg \"  style=\"background-image:url('https:\/\/noumeadiscovery.com\/wp-content\/uploads\/2016\/04\/market farino.jpg'); \"><img src=\"https:\/\/noumeadiscovery.com\/wp-content\/uploads\/2016\/04\/market farino.jpg\"  alt=\"\" style=\"visibility:hidden;\" \/><\/div>\n                             <div class=\"row\" >\n          <div class=\"inner center text-center \"  style=\"width:70%;\">\n            <div class=\"inner-wrap animated fadeIn\" style=\" \">\n                          <\/div>\n          <\/div>  \n        <\/div>\n       <\/a>              <\/div><!-- end .ux_banner -->\n\n<div class=\"imagelabel\">\n<h3><a href=\"#markets\">Le Marche de Farino<\/a><\/h3>\n<\/div>\n<\/div>\n<\/div><\/div><\/div>\n  \t<div  class=\"row container \">\n<div class=\"small-12    large-3  columns   \"  ><div class=\"column-inner\"  >\n<div class=\"imagebox\">   <div id=\"banner_1438262901\" class=\"ux_banner dark    \"  style=\"height:180px; \" data-height=\"180px\" role=\"banner\">\n      <a href=\"#plateau\" >                            <div class=\"banner-bg \"  style=\"background-image:url('https:\/\/noumeadiscovery.com\/wp-content\/uploads\/2016\/04\/Embouchure LaFoa.jpg'); \"><img src=\"https:\/\/noumeadiscovery.com\/wp-content\/uploads\/2016\/04\/Embouchure LaFoa.jpg\"  alt=\"\" style=\"visibility:hidden;\" \/><\/div>\n                             <div class=\"row\" >\n          <div class=\"inner center text-center \"  style=\"width:70%;\">\n            <div class=\"inner-wrap animated fadeIn\" style=\" \">\n                          <\/div>\n          <\/div>  \n        <\/div>\n       <\/a>              <\/div><!-- end .ux_banner -->\n\n<div class=\"imagelabel\">\n<h3><a href=\"#plateau\">Le Plateau De Dogny<\/a><\/h3>\n<\/div>\n<\/div>\n<\/div><\/div>\n<div class=\"small-12    large-3  columns   \"  ><div class=\"column-inner\"  >\n<div class=\"imagebox\">   <div id=\"banner_773756158\" class=\"ux_banner dark    \"  style=\"height:180px; \" data-height=\"180px\" role=\"banner\">\n      <a href=\"#hole\" >                            <div class=\"banner-bg \"  style=\"background-image:url('https:\/\/www.noumeadiscovery.com\/french\/wp-content\/uploads\/2016\/packages\/feuillet-hole.jpg'); \"><img src=\"https:\/\/www.noumeadiscovery.com\/french\/wp-content\/uploads\/2016\/packages\/feuillet-hole.jpg\"  alt=\"\" style=\"visibility:hidden;\" \/><\/div>\n                             <div class=\"row\" >\n          <div class=\"inner center text-center \"  style=\"width:70%;\">\n            <div class=\"inner-wrap animated fadeIn\" style=\" \">\n                          <\/div>\n          <\/div>  \n        <\/div>\n       <\/a>              <\/div><!-- end .ux_banner -->\n\n<div class=\"imagelabel\">\n<h3><a href=\"#hole\">Le Trou Feuillet<\/a><\/h3>\n<\/div>\n<\/div>\n<\/div><\/div>\n<div class=\"small-12    large-3  columns   \"  ><div class=\"column-inner\"  >\n<div class=\"imagebox\">   <div id=\"banner_1701785343\" class=\"ux_banner dark    \"  style=\"height:180px; \" data-height=\"180px\" role=\"banner\">\n      <a href=\"#fort\" >                            <div class=\"banner-bg \"  style=\"background-image:url('https:\/\/www.noumeadiscovery.com\/french\/wp-content\/uploads\/2016\/06\/Fort-Teremba@fort-teremba.jpg'); \"><img src=\"https:\/\/www.noumeadiscovery.com\/french\/wp-content\/uploads\/2016\/06\/Fort-Teremba@fort-teremba.jpg\"  alt=\"\" style=\"visibility:hidden;\" \/><\/div>\n                             <div class=\"row\" >\n          <div class=\"inner center text-center \"  style=\"width:70%;\">\n            <div class=\"inner-wrap animated fadeIn\" style=\" \">\n                          <\/div>\n          <\/div>  \n        <\/div>\n       <\/a>              <\/div><!-- end .ux_banner -->\n\n<div class=\"imagelabel\">\n<h3><a href=\"#fort\">Le Fort Teremba<\/a><\/h3>\n<\/div>\n<\/div>\n<\/div><\/div>\n<div class=\"small-12    large-3  columns   \"  ><div class=\"column-inner\"  >\n<div class=\"imagebox\">   <div id=\"banner_487492982\" class=\"ux_banner dark    \"  style=\"height:180px; \" data-height=\"180px\" role=\"banner\">\n      <a href=\"#bridge\" >                            <div class=\"banner-bg \"  style=\"background-image:url('https:\/\/www.noumeadiscovery.com\/wp-content\/uploads\/2016\/04\/bridge.jpg'); \"><img src=\"https:\/\/www.noumeadiscovery.com\/wp-content\/uploads\/2016\/04\/bridge.jpg\"  alt=\"\" style=\"visibility:hidden;\" \/><\/div>\n                             <div class=\"row\" >\n          <div class=\"inner center text-center \"  style=\"width:70%;\">\n            <div class=\"inner-wrap animated fadeIn\" style=\" \">\n                          <\/div>\n          <\/div>  \n        <\/div>\n       <\/a>              <\/div><!-- end .ux_banner -->\n\n<div class=\"imagelabel\">\n<h3><a href=\"#bridge\">La Passerelle Marguerite<\/a><\/h3>\n<\/div>\n<\/div>\n<\/div><\/div>\n<\/div>\n  \n \n\n<div id=\"ouano\" class=\"mfp-hide mfp-content-inner lightbox-white\" style=\"max-width:600px;padding:20px\">\n    <h3>La Plage de Ouano<\/h3>\n<p>Tr\u00e8s pris\u00e9e des surfeurs et des amateurs de sports nautiques, la Plage de Ouano est en acc\u00e8s libre, mais dispose d\u2019am\u00e9nagement d\u00e9pendant du Surf Camp de Ouano. Il est n\u00e9cessaire de vous adresser au Surf Camp pour profiter de ces installations.<\/p>\n<\/div><!-- Lightbox-ouano -->\n\n<script>\njQuery(document).ready(function($) {\n\n      \n      $('a[href=\"#ouano\"]').click(function(e){\n         \/\/ Close openend lightboxes\n         var delay = 0;\n         \n         if($.magnificPopup.open){\n            $.magnificPopup.close();\n            delay = 300;\n         }\n\n         \/\/ Start lightbox\n         setTimeout(function(){\n            $.magnificPopup.open({\n                  midClick: true,\n                  removalDelay: 300,\n                  items: {\n                    src: '#ouano', \n                    type: 'inline'\n                  }\n            });\n          }, delay);\n\n        e.preventDefault();\n      });\n});\n<\/script>\n\n \n\n<div id=\"bridge\" class=\"mfp-hide mfp-content-inner lightbox-white\" style=\"max-width:600px;padding:20px\">\n    <h3>La Passerelle Marguerite<\/h3>\n<p>A l\u2019origine, la premi\u00e8re passerelle construite a \u00e9t\u00e9 r\u00e9alis\u00e9e par les bagnards afin de franchir la rivi\u00e8re La Foa. En 1909, une seconde construction, longue de 48m, large de 3m, et plus solide, l\u2019a remplac\u00e9e : la passerelle Marguerite &#8211; elle porte le nom de l\u2019\u00e9pouse du Gouverneur de la Nouvelle-Cal\u00e9donie, qui, le jour de l\u2019inauguration du pont, coupa le ruban. Aujourd\u2019hui, cette passerelle n\u2019est accessible qu\u2019aux pi\u00e9tons et est class\u00e9e au titre des monuments historiques.<\/p>\n<\/div><!-- Lightbox-bridge -->\n\n<script>\njQuery(document).ready(function($) {\n\n      \n      $('a[href=\"#bridge\"]').click(function(e){\n         \/\/ Close openend lightboxes\n         var delay = 0;\n         \n         if($.magnificPopup.open){\n            $.magnificPopup.close();\n            delay = 300;\n         }\n\n         \/\/ Start lightbox\n         setTimeout(function(){\n            $.magnificPopup.open({\n                  midClick: true,\n                  removalDelay: 300,\n                  items: {\n                    src: '#bridge', \n                    type: 'inline'\n                  }\n            });\n          }, delay);\n\n        e.preventDefault();\n      });\n});\n<\/script>\n\n \n\n<div id=\"markets\" class=\"mfp-hide mfp-content-inner lightbox-white\" style=\"max-width:600px;padding:20px\">\n    <h3>Le March\u00e9 de Farino<\/h3>\n<p>Rendez-vous le deuxi\u00e8me dimanche du mois pour vous procurer des produits du terroir. Le march\u00e9 de Farino est \u00e9galement l\u2019occasion de participer \u00e0 des animations, jeux et concours.<br \/>\nVous trouverez des stands de restauration sur place.<\/p>\n<\/div><!-- Lightbox-markets -->\n\n<script>\njQuery(document).ready(function($) {\n\n      \n      $('a[href=\"#markets\"]').click(function(e){\n         \/\/ Close openend lightboxes\n         var delay = 0;\n         \n         if($.magnificPopup.open){\n            $.magnificPopup.close();\n            delay = 300;\n         }\n\n         \/\/ Start lightbox\n         setTimeout(function(){\n            $.magnificPopup.open({\n                  midClick: true,\n                  removalDelay: 300,\n                  items: {\n                    src: '#markets', \n                    type: 'inline'\n                  }\n            });\n          }, delay);\n\n        e.preventDefault();\n      });\n});\n<\/script>\n\n \n\n<div id=\"worms\" class=\"mfp-hide mfp-content-inner lightbox-white\" style=\"max-width:600px;padding:20px\">\n    <h3>D\u00e9gustation des Vers de Bancoule<\/h3>\n<p>Ce gros ver blanc vient de la famille des Cerambyciedae et peut mesurer jusqu\u2019\u00e0 8 cm. Il se nourrit du bois de bancoulier. Chaque ann\u00e9e est c\u00e9l\u00e9br\u00e9e la f\u00eate du ver de Bancoule, \u00e0 Farino, o\u00f9 le ver se d\u00e9guste sous toutes ses formes\u00a0: cru, flamb\u00e9 au pastis, au beurre, nature, grill\u00e9\u2026.<\/p>\n<\/div><!-- Lightbox-worms -->\n\n<script>\njQuery(document).ready(function($) {\n\n      \n      $('a[href=\"#worms\"]').click(function(e){\n         \/\/ Close openend lightboxes\n         var delay = 0;\n         \n         if($.magnificPopup.open){\n            $.magnificPopup.close();\n            delay = 300;\n         }\n\n         \/\/ Start lightbox\n         setTimeout(function(){\n            $.magnificPopup.open({\n                  midClick: true,\n                  removalDelay: 300,\n                  items: {\n                    src: '#worms', \n                    type: 'inline'\n                  }\n            });\n          }, delay);\n\n        e.preventDefault();\n      });\n});\n<\/script>\n\n \n\n<div id=\"ferns\" class=\"mfp-hide mfp-content-inner lightbox-white\" style=\"max-width:600px;padding:20px\">\n    <h3>Le Parc des Grandes Foug\u00e8res (ferm\u00e9 le mardi)<\/h3>\n<p>Le Parc des Grandes Foug\u00e8res s\u2019\u00e9tale sur les trois communes de Sarram\u00e9a, Moindou et Farino. Parcourez les sentiers de ce parc \u00e0 pied ou en v\u00e9lo, o\u00f9 vous d\u00e9couvrirez des esp\u00e8ces botaniques end\u00e9miques \u00e0 la Nouvelle Cal\u00e9donie. Un plan vous sera remis \u00e0 l\u2019entr\u00e9e du parc. Entr\u00e9e payante.<\/p>\n<\/div><!-- Lightbox-ferns -->\n\n<script>\njQuery(document).ready(function($) {\n\n      \n      $('a[href=\"#ferns\"]').click(function(e){\n         \/\/ Close openend lightboxes\n         var delay = 0;\n         \n         if($.magnificPopup.open){\n            $.magnificPopup.close();\n            delay = 300;\n         }\n\n         \/\/ Start lightbox\n         setTimeout(function(){\n            $.magnificPopup.open({\n                  midClick: true,\n                  removalDelay: 300,\n                  items: {\n                    src: '#ferns', \n                    type: 'inline'\n                  }\n            });\n          }, delay);\n\n        e.preventDefault();\n      });\n});\n<\/script>\n\n \n\n<div id=\"plateau\" class=\"mfp-hide mfp-content-inner lightbox-white\" style=\"max-width:600px;padding:20px\">\n    <h3>Le Plateau de Dogny<\/h3>\n<p>Sa cr\u00e9ation r\u00e9sulte d\u2019une volont\u00e9 de c\u00e9l\u00e9brer une messe \u00e0 l\u2019occasion d\u2019un grand rassemblement des tribus des c\u00f4tes est et ouest le 1er janvier 1958. En chemin vers le plateau, vous admirerez de nouveau la flore et la faune locale. Une fois arriv\u00e9s sur le plateau, vous profiterez d\u2019un superbe panorama. Le d\u00e9part de la randonn\u00e9e se fait \u00e0 partir de l\u2019h\u00f4tel Evasion \u00e0 Sarram\u00e9a. (Pr\u00e9voir 5 heures de marche environ).<\/p>\n<\/div><!-- Lightbox-plateau -->\n\n<script>\njQuery(document).ready(function($) {\n\n      \n      $('a[href=\"#plateau\"]').click(function(e){\n         \/\/ Close openend lightboxes\n         var delay = 0;\n         \n         if($.magnificPopup.open){\n            $.magnificPopup.close();\n            delay = 300;\n         }\n\n         \/\/ Start lightbox\n         setTimeout(function(){\n            $.magnificPopup.open({\n                  midClick: true,\n                  removalDelay: 300,\n                  items: {\n                    src: '#plateau', \n                    type: 'inline'\n                  }\n            });\n          }, delay);\n\n        e.preventDefault();\n      });\n});\n<\/script>\n\n \n\n<div id=\"fort\" class=\"mfp-hide mfp-content-inner lightbox-white\" style=\"max-width:600px;padding:20px\">\n    <h3>Le Fort Teremba<\/h3>\n<p>Le Fort Teremba vous accueille tous les jours de 9h \u00e0 16h pour vous faire d\u00e9couvrir l\u2019histoire des bagnards de Nouvelle Cal\u00e9donie et l\u2019insurrection de 1878. La visite se fait de fa\u00e7on ludique\u00a0: on en apprend davantage sur les premiers convois de for\u00e7ats, leurs conditions de d\u00e9tention et leur quotidien.<\/p>\n<\/div><!-- Lightbox-fort -->\n\n<script>\njQuery(document).ready(function($) {\n\n      \n      $('a[href=\"#fort\"]').click(function(e){\n         \/\/ Close openend lightboxes\n         var delay = 0;\n         \n         if($.magnificPopup.open){\n            $.magnificPopup.close();\n            delay = 300;\n         }\n\n         \/\/ Start lightbox\n         setTimeout(function(){\n            $.magnificPopup.open({\n                  midClick: true,\n                  removalDelay: 300,\n                  items: {\n                    src: '#fort', \n                    type: 'inline'\n                  }\n            });\n          }, delay);\n\n        e.preventDefault();\n      });\n});\n<\/script>\n\n \n\n<div id=\"hole\" class=\"mfp-hide mfp-content-inner lightbox-white\" style=\"max-width:600px;padding:20px\">\n    <h3>Le Trou Feuillet<\/h3>\n<p>Situ\u00e9 \u00e0 Sarram\u00e9a, le Trou Feuillet est l\u2019endroit id\u00e9al pour une petite baignade. A l\u2019\u00e9poque de la colonisation, le gouverneur Feuillet avait plaisir de s\u2019y rendre. L\u2019endroit a \u00e9t\u00e9 baptis\u00e9 de son nom. Pour s\u2019y rendre, emprunter \u00e0 pied le chemin au d\u00e9part de l\u2019h\u00f4tel Evasion pendant 300m.<\/p>\n<\/div><!-- Lightbox-hole -->\n\n<script>\njQuery(document).ready(function($) {\n\n      \n      $('a[href=\"#hole\"]').click(function(e){\n         \/\/ Close openend lightboxes\n         var delay = 0;\n         \n         if($.magnificPopup.open){\n            $.magnificPopup.close();\n            delay = 300;\n         }\n\n         \/\/ Start lightbox\n         setTimeout(function(){\n            $.magnificPopup.open({\n                  midClick: true,\n                  removalDelay: 300,\n                  items: {\n                    src: '#hole', \n                    type: 'inline'\n                  }\n            });\n          }, delay);\n\n        e.preventDefault();\n      });\n});\n<\/script>\n\n","protected":false},"excerpt":{"rendered":"<p>La Foa et sa r\u00e9gion (comprenant \u00e9galement Farino, Moindou et Sarram\u00e9a) est connue comme \u00e9tant une destination verte, o\u00f9 \u00e9cotourisme, grands espaces naturels, faune et flore end\u00e9miques&#8230; font la joie des visiteurs. Son immense Parc des Grandes Foug\u00e8res, sa mangrove ultra pr\u00e9serv\u00e9e et son lagon class\u00e9 au patrimoine mondial de l\u2019Unesco sont les exemples-phare d\u2019un [&hellip;]\n","protected":false},"author":6,"featured_media":0,"parent":874,"menu_order":0,"comment_status":"closed","ping_status":"closed","template":"page-blank-container.php","meta":[],"_links":{"self":[{"href":"https:\/\/www.noumeadiscovery.com\/french\/wp-json\/wp\/v2\/pages\/1171"}],"collection":[{"href":"https:\/\/www.noumeadiscovery.com\/french\/wp-json\/wp\/v2\/pages"}],"about":[{"href":"https:\/\/www.noumeadiscovery.com\/french\/wp-json\/wp\/v2\/types\/page"}],"author":[{"embeddable":true,"href":"https:\/\/www.noumeadiscovery.com\/french\/wp-json\/wp\/v2\/users\/6"}],"replies":[{"embeddable":true,"href":"https:\/\/www.noumeadiscovery.com\/french\/wp-json\/wp\/v2\/comments?post=1171"}],"version-history":[{"count":18,"href":"https:\/\/www.noumeadiscovery.com\/french\/wp-json\/wp\/v2\/pages\/1171\/revisions"}],"predecessor-version":[{"id":2262,"href":"https:\/\/www.noumeadiscovery.com\/french\/wp-json\/wp\/v2\/pages\/1171\/revisions\/2262"}],"up":[{"embeddable":true,"href":"https:\/\/www.noumeadiscovery.com\/french\/wp-json\/wp\/v2\/pages\/874"}],"wp:attachment":[{"href":"https:\/\/www.noumeadiscovery.com\/french\/wp-json\/wp\/v2\/media?parent=1171"}],"curies":[{"name":"wp","href":"https:\/\/api.w.org\/{rel}","templated":true}]}}