{"id":1160,"date":"2016-04-07T13:54:48","date_gmt":"2016-04-07T03:54:48","guid":{"rendered":"http:\/\/noumea.respax.com.au\/?page_id=1160"},"modified":"2017-07-27T14:10:38","modified_gmt":"2017-07-27T04:10:38","slug":"poum","status":"publish","type":"page","link":"https:\/\/www.noumeadiscovery.com\/french\/destinations\/poum\/","title":{"rendered":"Poum"},"content":{"rendered":"   <div id=\"banner_1527353156\" class=\"ux_banner dark    \"  style=\"height:150px; \" data-height=\"150px\" role=\"banner\">\n                                  <div class=\"banner-bg \"  style=\"background-image:url('https:\/\/www.noumeadiscovery.com\/french\/wp-content\/uploads\/2016\/04\/nenon.jpg'); \"><img src=\"https:\/\/www.noumeadiscovery.com\/french\/wp-content\/uploads\/2016\/04\/nenon.jpg\"  alt=\"\" style=\"visibility:hidden;\" \/><\/div>\n                             <div class=\"row\" >\n          <div class=\"inner center text-center \"  style=\"width:70%;\">\n            <div class=\"inner-wrap animated fadeIn\" style=\" \">\n              <h1>Poum<\/h1>\n            <\/div>\n          <\/div>  \n        <\/div>\n                     <\/div><!-- end .ux_banner -->\n\n<p>La ville de Poum est situ\u00e9e tout au nord de la Grande Terre et compte 1973 habitants. Ces derni\u00e8res ann\u00e9es, Poum a \u00e9largi son offre en terme d\u2019accueil de tourisme, en proposant plus de gites.Quant aux activit\u00e9s il y a \u00e9galement plus d\u2019options pour les visiteurs (parcours de ballade diversifi\u00e9s, activit\u00e9s nautiques). En mai, les habitants de Poum c\u00e9l\u00e8brent la f\u00eate de la mer &#8211; c\u2019est alors l\u2019occasion de se retrouver autour de festivit\u00e9s populaires.<\/p>\n<h3>Les incontournables:<\/h3>\n\t<div  class=\"row container \">\n<div class=\"small-12    large-3  columns   \"  ><div class=\"column-inner\"  >\n<div class=\"imagebox\">   <div id=\"banner_1723681439\" class=\"ux_banner dark    \"  style=\"height:180px; \" data-height=\"180px\" role=\"banner\">\n      <a href=\"#mine\" >                            <div class=\"banner-bg \"  style=\"background-image:url('https:\/\/noumeadiscovery.com\/wp-content\/uploads\/2016\/04\/pilou mine.jpg'); \"><img src=\"https:\/\/noumeadiscovery.com\/wp-content\/uploads\/2016\/04\/pilou mine.jpg\"  alt=\"\" style=\"visibility:hidden;\" \/><\/div>\n                             <div class=\"row\" >\n          <div class=\"inner center text-center \"  style=\"width:70%;\">\n            <div class=\"inner-wrap animated fadeIn\" style=\" \">\n                          <\/div>\n          <\/div>  \n        <\/div>\n       <\/a>              <\/div><!-- end .ux_banner -->\n\n<div class=\"imagelabel\">\n<h3><a href=\"#mine\">La Mine Pilou<\/a><\/h3>\n<\/div>\n<\/div>\n<\/div><\/div>\n<div class=\"small-12    large-3  columns   \"  ><div class=\"column-inner\"  >\n<div class=\"imagebox\">   <div id=\"banner_285510018\" class=\"ux_banner dark    \"  style=\"height:180px; \" data-height=\"180px\" role=\"banner\">\n      <a href=\"#nenon\" >                            <div class=\"banner-bg \"  style=\"background-image:url('https:\/\/noumeadiscovery.com\/wp-content\/uploads\/2016\/04\/nenon.jpg'); \"><img src=\"https:\/\/noumeadiscovery.com\/wp-content\/uploads\/2016\/04\/nenon.jpg\"  alt=\"\" style=\"visibility:hidden;\" \/><\/div>\n                             <div class=\"row\" >\n          <div class=\"inner center text-center \"  style=\"width:70%;\">\n            <div class=\"inner-wrap animated fadeIn\" style=\" \">\n                          <\/div>\n          <\/div>  \n        <\/div>\n       <\/a>              <\/div><!-- end .ux_banner -->\n\n<div class=\"imagelabel\">\n<h3><a href=\"#nenon\">Plage Nenon<\/a><\/h3>\n<\/div>\n<\/div>\n<\/div><\/div>\n<div class=\"small-12    large-3  columns   \"  ><div class=\"column-inner\"  >\n<div class=\"imagebox\">   <div id=\"banner_1276434545\" class=\"ux_banner dark    \"  style=\"height:180px; \" data-height=\"180px\" role=\"banner\">\n      <a href=\"#hiking\" >                            <div class=\"banner-bg \"  style=\"background-image:url('https:\/\/noumeadiscovery.com\/wp-content\/uploads\/2016\/04\/arama.jpg'); \"><img src=\"https:\/\/noumeadiscovery.com\/wp-content\/uploads\/2016\/04\/arama.jpg\"  alt=\"\" style=\"visibility:hidden;\" \/><\/div>\n                             <div class=\"row\" >\n          <div class=\"inner center text-center \"  style=\"width:70%;\">\n            <div class=\"inner-wrap animated fadeIn\" style=\" \">\n                          <\/div>\n          <\/div>  \n        <\/div>\n       <\/a>              <\/div><!-- end .ux_banner -->\n\n<div class=\"imagelabel\">\n<h3><a href=\"#hiking\">Sentier de Randonn\u00e9e<\/a><\/h3>\n<\/div>\n<\/div>\n<\/div><\/div>\n<div class=\"small-12    large-3  columns   \"  ><div class=\"column-inner\"  >\n<div class=\"imagebox\">   <div id=\"banner_1543825128\" class=\"ux_banner dark    \"  style=\"height:180px; \" data-height=\"180px\" role=\"banner\">\n      <a href=\"#village\" >                            <div class=\"banner-bg \"  style=\"background-image:url('https:\/\/noumeadiscovery.com\/wp-content\/uploads\/2016\/04\/aramavillage.jpg'); \"><img src=\"https:\/\/noumeadiscovery.com\/wp-content\/uploads\/2016\/04\/aramavillage.jpg\"  alt=\"\" style=\"visibility:hidden;\" \/><\/div>\n                             <div class=\"row\" >\n          <div class=\"inner center text-center \"  style=\"width:70%;\">\n            <div class=\"inner-wrap animated fadeIn\" style=\" \">\n                          <\/div>\n          <\/div>  \n        <\/div>\n       <\/a>              <\/div><!-- end .ux_banner -->\n\n<div class=\"imagelabel\">\n<h3><a href=\"#village\">Le Village d&rsquo;Arama<\/a><\/h3>\n<\/div>\n<\/div>\n<\/div><\/div><\/div>\n  \t<div  class=\"row container \"><div class=\"small-12    large-3  columns   \"  ><div class=\"column-inner\"  >\n<div class=\"imagebox\">   <div id=\"banner_1805710071\" class=\"ux_banner dark    \"  style=\"height:180px; \" data-height=\"180px\" role=\"banner\">\n      <a href=\"#boat\" >                            <div class=\"banner-bg \"  style=\"background-image:url('https:\/\/noumeadiscovery.com\/wp-content\/uploads\/2016\/04\/boatpass.jpg'); \"><img src=\"https:\/\/noumeadiscovery.com\/wp-content\/uploads\/2016\/04\/boatpass.jpg\"  alt=\"\" style=\"visibility:hidden;\" \/><\/div>\n                             <div class=\"row\" >\n          <div class=\"inner center text-center \"  style=\"width:70%;\">\n            <div class=\"inner-wrap animated fadeIn\" style=\" \">\n                          <\/div>\n          <\/div>  \n        <\/div>\n       <\/a>              <\/div><!-- end .ux_banner -->\n\n<div class=\"imagelabel\">\n<h3><a href=\"#boat\">Boat Pass<\/a><\/h3>\n<\/div>\n<\/div>\n<\/div><\/div><div class=\"small-12    large-3  columns   \"  ><div class=\"column-inner\"  ><\/div><\/div><div class=\"small-12    large-3  columns   \"  ><div class=\"column-inner\"  ><\/div><\/div><div class=\"small-12    large-3  columns   \"  ><div class=\"column-inner\"  ><\/div><\/div><\/div>\n  \n \n\n<div id=\"village\" class=\"mfp-hide mfp-content-inner lightbox-white\" style=\"max-width:600px;padding:20px\">\n    <h3>Le Village d&rsquo;Arama<\/h3>\n<p>Ce sont pr\u00e8s de 446 personnes qui vivent dans le district d\u2019Arama, r\u00e9partis en 3 tribus\u00a0: Bouarou, Penga\u00ef et Nara\u00ef.<\/p>\n<\/div><!-- Lightbox-village -->\n\n<script>\njQuery(document).ready(function($) {\n\n      \n      $('a[href=\"#village\"]').click(function(e){\n         \/\/ Close openend lightboxes\n         var delay = 0;\n         \n         if($.magnificPopup.open){\n            $.magnificPopup.close();\n            delay = 300;\n         }\n\n         \/\/ Start lightbox\n         setTimeout(function(){\n            $.magnificPopup.open({\n                  midClick: true,\n                  removalDelay: 300,\n                  items: {\n                    src: '#village', \n                    type: 'inline'\n                  }\n            });\n          }, delay);\n\n        e.preventDefault();\n      });\n});\n<\/script>\n\n \n\n<div id=\"hiking\" class=\"mfp-hide mfp-content-inner lightbox-white\" style=\"max-width:600px;padding:20px\">\n    <h3>Sentier de Randonn\u00e9e<\/h3>\n<p>La balade botanique; am\u00e9nag\u00e9e par le Relais de Poingam, traversent les cr\u00eates d\u2019Arama avec des vues magnifiques.<\/p>\n<\/div><!-- Lightbox-hiking -->\n\n<script>\njQuery(document).ready(function($) {\n\n      \n      $('a[href=\"#hiking\"]').click(function(e){\n         \/\/ Close openend lightboxes\n         var delay = 0;\n         \n         if($.magnificPopup.open){\n            $.magnificPopup.close();\n            delay = 300;\n         }\n\n         \/\/ Start lightbox\n         setTimeout(function(){\n            $.magnificPopup.open({\n                  midClick: true,\n                  removalDelay: 300,\n                  items: {\n                    src: '#hiking', \n                    type: 'inline'\n                  }\n            });\n          }, delay);\n\n        e.preventDefault();\n      });\n});\n<\/script>\n\n \n\n<div id=\"nenon\" class=\"mfp-hide mfp-content-inner lightbox-white\" style=\"max-width:600px;padding:20px\">\n    <h3>Plage Nenon<\/h3>\n<p>Consid\u00e9r\u00e9e comme l\u2019une des plus belles plages de la Grande Terre, elle est am\u00e9nag\u00e9e pour une pause pique-nique. Un petit panneau vous indique le chemin \u00e0 suivre (environ 12km au Sud du carrefour de Poum).<\/p>\n<\/div><!-- Lightbox-nenon -->\n\n<script>\njQuery(document).ready(function($) {\n\n      \n      $('a[href=\"#nenon\"]').click(function(e){\n         \/\/ Close openend lightboxes\n         var delay = 0;\n         \n         if($.magnificPopup.open){\n            $.magnificPopup.close();\n            delay = 300;\n         }\n\n         \/\/ Start lightbox\n         setTimeout(function(){\n            $.magnificPopup.open({\n                  midClick: true,\n                  removalDelay: 300,\n                  items: {\n                    src: '#nenon', \n                    type: 'inline'\n                  }\n            });\n          }, delay);\n\n        e.preventDefault();\n      });\n});\n<\/script>\n\n \n\n<div id=\"mine\" class=\"mfp-hide mfp-content-inner lightbox-white\" style=\"max-width:600px;padding:20px\">\n    <h3>La Mine Pilou<\/h3>\n<p>Cette mine, dont le gisement a \u00e9t\u00e9 d\u00e9couvert en octobre 1884, a \u00e9t\u00e9 exploit\u00e9e par M. Higginson. Il employa les \u00ab\u00a0for\u00e7ats de Balade\u00a0\u00bb pour extraire le minerai et travailler le cuivre jusqu\u2019en 1891. Il venda ensuite ses parts aux Anglais, pour un second souffle de la mine pilou, jusqu\u2019en 1902, date \u00e0 laquelle, l\u2019entreprise est une nouvelle fois en d\u00e9ficit, et liquid\u00e9e. S\u2019en suivront deux tentatives de relancer l\u2019activit\u00e9 de la mine Pilou, mais avec, \u00e0 chaque fois, la m\u00eame conclusion\u00a0: le cout d\u2019exploitation est plus \u00e9lev\u00e9 que le rendement. D\u2019autres mines dans le monde sont bien plus int\u00e9ressantes en terme de r\u00e9serve et de cout de production.<\/p>\n<\/div><!-- Lightbox-mine -->\n\n<script>\njQuery(document).ready(function($) {\n\n      \n      $('a[href=\"#mine\"]').click(function(e){\n         \/\/ Close openend lightboxes\n         var delay = 0;\n         \n         if($.magnificPopup.open){\n            $.magnificPopup.close();\n            delay = 300;\n         }\n\n         \/\/ Start lightbox\n         setTimeout(function(){\n            $.magnificPopup.open({\n                  midClick: true,\n                  removalDelay: 300,\n                  items: {\n                    src: '#mine', \n                    type: 'inline'\n                  }\n            });\n          }, delay);\n\n        e.preventDefault();\n      });\n});\n<\/script>\n\n \n\n<div id=\"boat\" class=\"mfp-hide mfp-content-inner lightbox-white\" style=\"max-width:600px;padding:20px\">\n    <h3>Boat Pass<\/h3>\n<p>C\u2019est la pointe nord de la Grande Terre, le point le plus au nord du Caillou. La route pour y acc\u00e9der n\u00e9cessite de s\u2019y aventurer en 4X4, surtout en cas de pluie. Une fois arriv\u00e9s, admirez le paysage\u00a0!<\/p>\n<\/div><!-- Lightbox-boat -->\n\n<script>\njQuery(document).ready(function($) {\n\n      \n      $('a[href=\"#boat\"]').click(function(e){\n         \/\/ Close openend lightboxes\n         var delay = 0;\n         \n         if($.magnificPopup.open){\n            $.magnificPopup.close();\n            delay = 300;\n         }\n\n         \/\/ Start lightbox\n         setTimeout(function(){\n            $.magnificPopup.open({\n                  midClick: true,\n                  removalDelay: 300,\n                  items: {\n                    src: '#boat', \n                    type: 'inline'\n                  }\n            });\n          }, delay);\n\n        e.preventDefault();\n      });\n});\n<\/script>\n\n","protected":false},"excerpt":{"rendered":"<p>La ville de Poum est situ\u00e9e tout au nord de la Grande Terre et compte 1973 habitants. Ces derni\u00e8res ann\u00e9es, Poum a \u00e9largi son offre en terme d\u2019accueil de tourisme, en proposant plus de gites.Quant aux activit\u00e9s il y a \u00e9galement plus d\u2019options pour les visiteurs (parcours de ballade diversifi\u00e9s, activit\u00e9s nautiques). En mai, les [&hellip;]\n","protected":false},"author":6,"featured_media":0,"parent":874,"menu_order":0,"comment_status":"closed","ping_status":"closed","template":"page-blank-container.php","meta":[],"_links":{"self":[{"href":"https:\/\/www.noumeadiscovery.com\/french\/wp-json\/wp\/v2\/pages\/1160"}],"collection":[{"href":"https:\/\/www.noumeadiscovery.com\/french\/wp-json\/wp\/v2\/pages"}],"about":[{"href":"https:\/\/www.noumeadiscovery.com\/french\/wp-json\/wp\/v2\/types\/page"}],"author":[{"embeddable":true,"href":"https:\/\/www.noumeadiscovery.com\/french\/wp-json\/wp\/v2\/users\/6"}],"replies":[{"embeddable":true,"href":"https:\/\/www.noumeadiscovery.com\/french\/wp-json\/wp\/v2\/comments?post=1160"}],"version-history":[{"count":20,"href":"https:\/\/www.noumeadiscovery.com\/french\/wp-json\/wp\/v2\/pages\/1160\/revisions"}],"predecessor-version":[{"id":2642,"href":"https:\/\/www.noumeadiscovery.com\/french\/wp-json\/wp\/v2\/pages\/1160\/revisions\/2642"}],"up":[{"embeddable":true,"href":"https:\/\/www.noumeadiscovery.com\/french\/wp-json\/wp\/v2\/pages\/874"}],"wp:attachment":[{"href":"https:\/\/www.noumeadiscovery.com\/french\/wp-json\/wp\/v2\/media?parent=1160"}],"curies":[{"name":"wp","href":"https:\/\/api.w.org\/{rel}","templated":true}]}}