{"id":1002,"date":"2016-03-31T11:08:20","date_gmt":"2016-03-31T01:08:20","guid":{"rendered":"http:\/\/noumea.respax.com.au\/?page_id=1002"},"modified":"2017-07-27T14:19:10","modified_gmt":"2017-07-27T04:19:10","slug":"pondimie","status":"publish","type":"page","link":"https:\/\/www.noumeadiscovery.com\/french\/destinations\/pondimie\/","title":{"rendered":"Poindimi\u00e9"},"content":{"rendered":"   <div id=\"banner_1545361018\" class=\"ux_banner dark    \"  style=\"height:150px; \" data-height=\"150px\" role=\"banner\">\n                                  <div class=\"banner-bg \"  style=\"background-image:url('https:\/\/www.noumeadiscovery.com\/french\/wp-content\/uploads\/2016\/03\/ty\u00e9.jpg'); \"><img src=\"https:\/\/www.noumeadiscovery.com\/french\/wp-content\/uploads\/2016\/03\/ty\u00e9.jpg\"  alt=\"\" style=\"visibility:hidden;\" \/><\/div>\n                             <div class=\"row\" >\n          <div class=\"inner center text-center \"  style=\"width:70%;\">\n            <div class=\"inner-wrap animated fadeIn\" style=\" \">\n              <h1>Poindimi\u00e9<\/h1>\n            <\/div>\n          <\/div>  \n        <\/div>\n                     <\/div><!-- end .ux_banner -->\n\n<p>Poindimi\u00e9, chef-lieu de la c\u00f4te-est est tr\u00e8s appr\u00e9ci\u00e9e des visiteurs en raison de ses vall\u00e9es luxuriantes et de ses \u00eelots. Situ\u00e9e \u00e0 309 km de Noum\u00e9a, cette commune de pr\u00e8s de 6200 habitants fait partie de l\u2019aire coutumi\u00e8re de Paici-Camuki. Randonn\u00e9e, plong\u00e9e, ballade ou farniente, profitez, vous \u00eates \u00e0 Poindimi\u00e9\u00a0!<\/p>\n<h3>Les incontournables :<\/h3>\n\t<div  class=\"row container \">\n<div class=\"small-12    large-3  columns   \"  ><div class=\"column-inner\"  >\n<div class=\"imagebox\">   <div id=\"banner_2049645841\" class=\"ux_banner dark    \"  style=\"height:180px; \" data-height=\"180px\" role=\"banner\">\n      <a href=\"#tibarama\" >                            <div class=\"banner-bg \"  style=\"background-image:url('https:\/\/noumeadiscovery.com\/wp-content\/uploads\/2016\/04\/tibarama.jpg'); \"><img src=\"https:\/\/noumeadiscovery.com\/wp-content\/uploads\/2016\/04\/tibarama.jpg\"  alt=\"\" style=\"visibility:hidden;\" \/><\/div>\n                             <div class=\"row\" >\n          <div class=\"inner center text-center \"  style=\"width:70%;\">\n            <div class=\"inner-wrap animated fadeIn\" style=\" \">\n                          <\/div>\n          <\/div>  \n        <\/div>\n       <\/a>              <\/div><!-- end .ux_banner -->\n\n<div class=\"imagelabel\">\n<h3><a href=\"#hiking\">L&rsquo;Ilot Tibarama<\/a><\/h3>\n<\/div>\n<\/div>\n<\/div><\/div>\n<div class=\"small-12    large-3  columns   \"  ><div class=\"column-inner\"  >\n<div class=\"imagebox\">   <div id=\"banner_1626073165\" class=\"ux_banner dark    \"  style=\"height:180px; \" data-height=\"180px\" role=\"banner\">\n      <a href=\"#hiking\" >                            <div class=\"banner-bg \"  style=\"background-image:url('https:\/\/noumeadiscovery.com\/wp-content\/uploads\/2016\/04\/hiking poindimie.jpg'); \"><img src=\"https:\/\/noumeadiscovery.com\/wp-content\/uploads\/2016\/04\/hiking poindimie.jpg\"  alt=\"\" style=\"visibility:hidden;\" \/><\/div>\n                             <div class=\"row\" >\n          <div class=\"inner center text-center \"  style=\"width:70%;\">\n            <div class=\"inner-wrap animated fadeIn\" style=\" \">\n                          <\/div>\n          <\/div>  \n        <\/div>\n       <\/a>              <\/div><!-- end .ux_banner -->\n\n<div class=\"imagelabel\">\n<h3><a href=\"#hiking\">Randonn\u00e9es dans les Vall\u00e9es<\/a><\/h3>\n<\/div>\n<\/div>\n<\/div><\/div>\n<div class=\"small-12    large-3  columns   \"  ><div class=\"column-inner\"  >\n<div class=\"imagebox\">   <div id=\"banner_814761293\" class=\"ux_banner dark    \"  style=\"height:180px; \" data-height=\"180px\" role=\"banner\">\n      <a href=\"#church\" >                            <div class=\"banner-bg \"  style=\"background-image:url('https:\/\/www.noumeadiscovery.com\/wp-content\/uploads\/2016\/03\/tye-church.jpg'); \"><img src=\"https:\/\/www.noumeadiscovery.com\/wp-content\/uploads\/2016\/03\/tye-church.jpg\"  alt=\"\" style=\"visibility:hidden;\" \/><\/div>\n                             <div class=\"row\" >\n          <div class=\"inner center text-center \"  style=\"width:70%;\">\n            <div class=\"inner-wrap animated fadeIn\" style=\" \">\n                          <\/div>\n          <\/div>  \n        <\/div>\n       <\/a>              <\/div><!-- end .ux_banner -->\n\n<div class=\"imagelabel\">\n<h3><a href=\"#church\">L&rsquo;Eglise de Ty\u00e9<\/a><\/h3>\n<\/div>\n<\/div>\n<\/div><\/div>\n<div class=\"small-12    large-3  columns   \"  ><div class=\"column-inner\"  >\n<div class=\"imagebox\">   <div id=\"banner_1301584382\" class=\"ux_banner dark    \"  style=\"height:180px; \" data-height=\"180px\" role=\"banner\">\n      <a href=\"#saint\" >                            <div class=\"banner-bg \"  style=\"background-image:url('https:\/\/noumeadiscovery.com\/wp-content\/uploads\/2016\/04\/saint paul.jpg'); \"><img src=\"https:\/\/noumeadiscovery.com\/wp-content\/uploads\/2016\/04\/saint paul.jpg\"  alt=\"\" style=\"visibility:hidden;\" \/><\/div>\n                             <div class=\"row\" >\n          <div class=\"inner center text-center \"  style=\"width:70%;\">\n            <div class=\"inner-wrap animated fadeIn\" style=\" \">\n                          <\/div>\n          <\/div>  \n        <\/div>\n       <\/a>              <\/div><!-- end .ux_banner -->\n\n<div class=\"imagelabel\">\n<h3><a href=\"#saint\">L&rsquo;Eglise Saint Paul<\/a><\/h3>\n<\/div>\n<\/div>\n<\/div><\/div><\/div>\n  \t<div  class=\"row container \">\n<div class=\"small-12    large-3  columns   \"  ><div class=\"column-inner\"  >\n<div class=\"imagebox\">   <div id=\"banner_2040206000\" class=\"ux_banner dark    \"  style=\"height:180px; \" data-height=\"180px\" role=\"banner\">\n      <a href=\"#path\" >                            <div class=\"banner-bg \"  style=\"background-image:url('https:\/\/noumeadiscovery.com\/wp-content\/uploads\/2016\/04\/koyaboa.jpg'); \"><img src=\"https:\/\/noumeadiscovery.com\/wp-content\/uploads\/2016\/04\/koyaboa.jpg\"  alt=\"\" style=\"visibility:hidden;\" \/><\/div>\n                             <div class=\"row\" >\n          <div class=\"inner center text-center \"  style=\"width:70%;\">\n            <div class=\"inner-wrap animated fadeIn\" style=\" \">\n                          <\/div>\n          <\/div>  \n        <\/div>\n       <\/a>              <\/div><!-- end .ux_banner -->\n\n<div class=\"imagelabel\">\n<h3><a href=\"#path\">Sentier du Koyaboa<\/a><\/h3>\n<\/div>\n<\/div>\n<\/div><\/div>\n<div class=\"small-12    large-3  columns   \"  ><div class=\"column-inner\"  >\n<div class=\"imagebox\">   <div id=\"banner_412159882\" class=\"ux_banner dark    \"  style=\"height:180px; \" data-height=\"180px\" role=\"banner\">\n      <a href=\"#beach\" >                            <div class=\"banner-bg \"  style=\"background-image:url('https:\/\/www.noumeadiscovery.com\/french\/wp-content\/uploads\/2016\/03\/poindimie-la-plage-devant-lhotel-tieti.jpg'); \"><img src=\"https:\/\/www.noumeadiscovery.com\/french\/wp-content\/uploads\/2016\/03\/poindimie-la-plage-devant-lhotel-tieti.jpg\"  alt=\"\" style=\"visibility:hidden;\" \/><\/div>\n                             <div class=\"row\" >\n          <div class=\"inner center text-center \"  style=\"width:70%;\">\n            <div class=\"inner-wrap animated fadeIn\" style=\" \">\n                          <\/div>\n          <\/div>  \n        <\/div>\n       <\/a>              <\/div><!-- end .ux_banner -->\n\n<div class=\"imagelabel\">\n<h3><a href=\"#beach\">La Plage de Tieti<\/a><\/h3>\n<\/div>\n<\/div><\/div>\n<\/div>\n  \n \n\n<div id=\"tibarama\" class=\"mfp-hide mfp-content-inner lightbox-white\" style=\"max-width:600px;padding:20px\">\n    <h3>Ilot Tibarama<\/h3>\n<p>Il est consid\u00e9r\u00e9 comme le plus bel \u00eelot de la Grande Terre. Face \u00e0 Poindimi\u00e9 et accessible en kayak ou en bateau, vous pourrez vous y rendre pour passer une journ\u00e9e de d\u00e9tente, ou observer ses fonds marins.<\/p>\n<\/div><!-- Lightbox-tibarama -->\n\n<script>\njQuery(document).ready(function($) {\n\n      \n      $('a[href=\"#tibarama\"]').click(function(e){\n         \/\/ Close openend lightboxes\n         var delay = 0;\n         \n         if($.magnificPopup.open){\n            $.magnificPopup.close();\n            delay = 300;\n         }\n\n         \/\/ Start lightbox\n         setTimeout(function(){\n            $.magnificPopup.open({\n                  midClick: true,\n                  removalDelay: 300,\n                  items: {\n                    src: '#tibarama', \n                    type: 'inline'\n                  }\n            });\n          }, delay);\n\n        e.preventDefault();\n      });\n});\n<\/script>\n\n \n\n<div id=\"hiking\" class=\"mfp-hide mfp-content-inner lightbox-white\" style=\"max-width:600px;padding:20px\">\n    <h3>Randonn\u00e9es dans les Vall\u00e9es<\/h3>\n<ul>\n<li>Vall\u00e9e de la Tchamba\u00a0: apr\u00e8s le pont de la rivi\u00e8re \u00ab\u00a0Tchamba\u00a0\u00bb prenez la piste sur la droite (pr\u00e8s de l\u2019arr\u00eat de bus)<\/li>\n<li>Vall\u00e9e de Napo\u00e9mien\u00a0: tournez \u00e0 droite apr\u00e8s la banque (en centre-ville), puis encore \u00e0 droite.<\/li>\n<li>Vall\u00e9e d\u2019Ina\u00a0: empruntez le chemin situ\u00e9 juste avant le pont \u00e0 la sortie de la ville.<\/li>\n<li>Vall\u00e9e de N\u00e9vaho\u00a0: prenez la route situ\u00e9e juste avant le pont de la rivi\u00e8re Eewe et continuez sur la route caillouteuse.<\/li>\n<\/ul>\n<\/div><!-- Lightbox-hiking -->\n\n<script>\njQuery(document).ready(function($) {\n\n      \n      $('a[href=\"#hiking\"]').click(function(e){\n         \/\/ Close openend lightboxes\n         var delay = 0;\n         \n         if($.magnificPopup.open){\n            $.magnificPopup.close();\n            delay = 300;\n         }\n\n         \/\/ Start lightbox\n         setTimeout(function(){\n            $.magnificPopup.open({\n                  midClick: true,\n                  removalDelay: 300,\n                  items: {\n                    src: '#hiking', \n                    type: 'inline'\n                  }\n            });\n          }, delay);\n\n        e.preventDefault();\n      });\n});\n<\/script>\n\n \n\n<div id=\"church\" class=\"mfp-hide mfp-content-inner lightbox-white\" style=\"max-width:600px;padding:20px\">\n    <h3>L&rsquo;Eglise de Ty\u00e9<\/h3>\n<p>Situ\u00e9e au nord de la commune l\u2019\u00e9glise, construite en 1865, est class\u00e9e monument historique.<\/p>\n<\/div><!-- Lightbox-church -->\n\n<script>\njQuery(document).ready(function($) {\n\n      \n      $('a[href=\"#church\"]').click(function(e){\n         \/\/ Close openend lightboxes\n         var delay = 0;\n         \n         if($.magnificPopup.open){\n            $.magnificPopup.close();\n            delay = 300;\n         }\n\n         \/\/ Start lightbox\n         setTimeout(function(){\n            $.magnificPopup.open({\n                  midClick: true,\n                  removalDelay: 300,\n                  items: {\n                    src: '#church', \n                    type: 'inline'\n                  }\n            });\n          }, delay);\n\n        e.preventDefault();\n      });\n});\n<\/script>\n\n \n\n<div id=\"saint\" class=\"mfp-hide mfp-content-inner lightbox-white\" style=\"max-width:600px;padding:20px\">\n    <h3>L&rsquo;Eglise Saint Paul<\/h3>\n<p>Cette \u00e9glise, situ\u00e9e dans la tribu de Pambou, est compos\u00e9e de galets assembl\u00e9s \u00e0 la chaux.<\/p>\n<\/div><!-- Lightbox-saint -->\n\n<script>\njQuery(document).ready(function($) {\n\n      \n      $('a[href=\"#saint\"]').click(function(e){\n         \/\/ Close openend lightboxes\n         var delay = 0;\n         \n         if($.magnificPopup.open){\n            $.magnificPopup.close();\n            delay = 300;\n         }\n\n         \/\/ Start lightbox\n         setTimeout(function(){\n            $.magnificPopup.open({\n                  midClick: true,\n                  removalDelay: 300,\n                  items: {\n                    src: '#saint', \n                    type: 'inline'\n                  }\n            });\n          }, delay);\n\n        e.preventDefault();\n      });\n});\n<\/script>\n\n \n\n<div id=\"path\" class=\"mfp-hide mfp-content-inner lightbox-white\" style=\"max-width:600px;padding:20px\">\n    <h3>Le Sentier du Koyaboa<\/h3>\n<p>Plusieurs sentiers de randonn\u00e9es sont balis\u00e9s, dont celui de Koyaboa, o\u00f9 vous profiterez d\u2019une belle vue de Poindimi\u00e9 et de ses \u00eelots durant la ballade.<\/p>\n<\/div><!-- Lightbox-path -->\n\n<script>\njQuery(document).ready(function($) {\n\n      \n      $('a[href=\"#path\"]').click(function(e){\n         \/\/ Close openend lightboxes\n         var delay = 0;\n         \n         if($.magnificPopup.open){\n            $.magnificPopup.close();\n            delay = 300;\n         }\n\n         \/\/ Start lightbox\n         setTimeout(function(){\n            $.magnificPopup.open({\n                  midClick: true,\n                  removalDelay: 300,\n                  items: {\n                    src: '#path', \n                    type: 'inline'\n                  }\n            });\n          }, delay);\n\n        e.preventDefault();\n      });\n});\n<\/script>\n\n \n\n<div id=\"beach\" class=\"mfp-hide mfp-content-inner lightbox-white\" style=\"max-width:600px;padding:20px\">\n    <h3>La Plage de Tieti<\/h3>\n<p>Consid\u00e9r\u00e9e comme l\u2019une des plus belles plages de la c\u00f4tes Est, elle est l\u2019endroit id\u00e9al pour un pique-nique. Situ\u00e9e \u00e0 c\u00f4t\u00e9 de l&rsquo;h\u00f4tel Tieti.<\/p>\n<\/div><!-- Lightbox-beach -->\n\n<script>\njQuery(document).ready(function($) {\n\n      \n      $('a[href=\"#beach\"]').click(function(e){\n         \/\/ Close openend lightboxes\n         var delay = 0;\n         \n         if($.magnificPopup.open){\n            $.magnificPopup.close();\n            delay = 300;\n         }\n\n         \/\/ Start lightbox\n         setTimeout(function(){\n            $.magnificPopup.open({\n                  midClick: true,\n                  removalDelay: 300,\n                  items: {\n                    src: '#beach', \n                    type: 'inline'\n                  }\n            });\n          }, delay);\n\n        e.preventDefault();\n      });\n});\n<\/script>\n\n<p>&nbsp;<\/p>\n<p>&nbsp;<\/p>\n<\/div>\n","protected":false},"excerpt":{"rendered":"<p>Poindimi\u00e9, chef-lieu de la c\u00f4te-est est tr\u00e8s appr\u00e9ci\u00e9e des visiteurs en raison de ses vall\u00e9es luxuriantes et de ses \u00eelots. Situ\u00e9e \u00e0 309 km de Noum\u00e9a, cette commune de pr\u00e8s de 6200 habitants fait partie de l\u2019aire coutumi\u00e8re de Paici-Camuki. Randonn\u00e9e, plong\u00e9e, ballade ou farniente, profitez, vous \u00eates \u00e0 Poindimi\u00e9\u00a0! Les incontournables : &nbsp; &nbsp;<\/p>\n","protected":false},"author":6,"featured_media":0,"parent":874,"menu_order":0,"comment_status":"closed","ping_status":"closed","template":"page-blank-container.php","meta":[],"_links":{"self":[{"href":"https:\/\/www.noumeadiscovery.com\/french\/wp-json\/wp\/v2\/pages\/1002"}],"collection":[{"href":"https:\/\/www.noumeadiscovery.com\/french\/wp-json\/wp\/v2\/pages"}],"about":[{"href":"https:\/\/www.noumeadiscovery.com\/french\/wp-json\/wp\/v2\/types\/page"}],"author":[{"embeddable":true,"href":"https:\/\/www.noumeadiscovery.com\/french\/wp-json\/wp\/v2\/users\/6"}],"replies":[{"embeddable":true,"href":"https:\/\/www.noumeadiscovery.com\/french\/wp-json\/wp\/v2\/comments?post=1002"}],"version-history":[{"count":21,"href":"https:\/\/www.noumeadiscovery.com\/french\/wp-json\/wp\/v2\/pages\/1002\/revisions"}],"predecessor-version":[{"id":2644,"href":"https:\/\/www.noumeadiscovery.com\/french\/wp-json\/wp\/v2\/pages\/1002\/revisions\/2644"}],"up":[{"embeddable":true,"href":"https:\/\/www.noumeadiscovery.com\/french\/wp-json\/wp\/v2\/pages\/874"}],"wp:attachment":[{"href":"https:\/\/www.noumeadiscovery.com\/french\/wp-json\/wp\/v2\/media?parent=1002"}],"curies":[{"name":"wp","href":"https:\/\/api.w.org\/{rel}","templated":true}]}}